{"id":996,"date":"2025-11-20T20:18:10","date_gmt":"2025-11-20T20:18:10","guid":{"rendered":"https:\/\/optimalbiolabs.com\/?post_type=product&#038;p=996"},"modified":"2026-03-20T20:06:37","modified_gmt":"2026-03-21T03:06:37","slug":"glow-70mg","status":"publish","type":"product","link":"https:\/\/optimalbiolabs.com\/es\/product\/glow-70mg\/","title":{"rendered":"GLOW: BPC-157+TB-500+GHK-Cu 10\/10\/50mg | 70mg (Solo Investigaci\u00f3n)"},"content":{"rendered":"<h3 data-start=\"1391\" data-end=\"1407\">Descripci\u00f3n general de GLOW<\/h3>\n<p data-path-to-node=\"2,0\"><b data-path-to-node=\"2,0\" data-index-in-node=\"1\">BRILLO<\/b> es una formulaci\u00f3n de investigaci\u00f3n multicomponente que incorpora <b data-path-to-node=\"2,0\" data-index-in-node=\"62\">BPC-157, TB-500 y GHK-Cu<\/b>, dise\u00f1ado para respaldar la evaluaci\u00f3n experimental de <b data-path-to-node=\"2,0\" data-index-in-node=\"138\">se\u00f1alizaci\u00f3n integrada para la renovaci\u00f3n de tejidos.<\/b> En modelos de laboratorio, los investigadores utilizan esta mezcla sin\u00e9rgica para estudiar c\u00f3mo interact\u00faan distintos mecanismos pept\u00eddicos para influir <b data-path-to-node=\"2,0\" data-index-in-node=\"299\">vigor de renovaci\u00f3n celular<\/b>, marcadores de citoprotecci\u00f3n y <b data-path-to-node=\"2,0\" data-index-in-node=\"352\">Remodelaci\u00f3n integral de la matriz.<\/b><\/p>\n<p data-path-to-node=\"2,1\">La investigaci\u00f3n cient\u00edfica se centra en <b data-path-to-node=\"2,1\" data-index-in-node=\"36\">coordinaci\u00f3n de la v\u00eda completa<\/b> relacionado con la estructura del tejido conectivo, <b data-path-to-node=\"2,1\" data-index-in-node=\"103\">agilidad de se\u00f1alizaci\u00f3n angiog\u00e9nica<\/b>, y modulaci\u00f3n de la respuesta sist\u00e9mica. Al combinar p\u00e9ptidos con perfiles complementarios, esta formulaci\u00f3n permite a los investigadores observar interacciones biol\u00f3gicas complejas relevantes para <b data-path-to-node=\"2,1\" data-index-in-node=\"309\">resiliencia d\u00e9rmica y adaptaci\u00f3n estructural<\/b> en entornos precl\u00ednicos.<\/p>\n<p data-path-to-node=\"2,2\">Los estudios actuales utilizan GLOW para mapear el <b data-path-to-node=\"2,2\" data-index-in-node=\"40\">redes de se\u00f1alizaci\u00f3n interconectadas<\/b> que rigen la integridad del tejido. Esta herramienta multip\u00e9ptido proporciona un marco s\u00f3lido para investigar c\u00f3mo <b data-path-to-node=\"2,2\" data-index-in-node=\"178\">coordinaci\u00f3n de triple v\u00eda<\/b> apoya la armon\u00eda biol\u00f3gica, ofreciendo una mirada m\u00e1s profunda a <b data-path-to-node=\"2,2\" data-index-in-node=\"258\">revitalizaci\u00f3n molecular<\/b> sin centrarse en la recuperaci\u00f3n cl\u00ednica o los resultados de rejuvenecimiento.<\/p>\n<hr data-start=\"2179\" data-end=\"2182\" \/>\n<h3 data-start=\"2184\" data-end=\"2201\">Estructura GLOW<\/h3>\n<h3 data-start=\"2203\" data-end=\"2263\">1) <strong data-start=\"2210\" data-end=\"2221\">BPC-157<\/strong> (Fragmento de compuesto de protecci\u00f3n corporal de 15 amino\u00e1cidos)<\/h3>\n<ul>\n<li data-start=\"2266\" data-end=\"2295\"><strong data-start=\"2266\" data-end=\"2281\">N\u00famero CAS:<\/strong> 137525-51-0<\/li>\n<li data-start=\"2298\" data-end=\"2335\"><strong data-start=\"2298\" data-end=\"2320\">F\u00f3rmula molecular:<\/strong> C\u2086\u2082H\u2089\u2088N\u2081\u2086O\u2082\u2082<\/li>\n<li data-start=\"2338\" data-end=\"2375\"><strong data-start=\"2338\" data-end=\"2359\">Peso molecular:<\/strong> ~1419,5 g\/mol<\/li>\n<li data-start=\"2378\" data-end=\"2460\"><strong data-start=\"2378\" data-end=\"2398\">Compuesto padre:<\/strong> Compuesto de protecci\u00f3n corporal (pentadecap\u00e9ptido derivado del est\u00f3mago)<\/li>\n<li data-start=\"2463\" data-end=\"2499\"><strong data-start=\"2463\" data-end=\"2485\">Masa monoisot\u00f3pica:<\/strong> ~1418,70 Da<\/li>\n<li data-start=\"2502\" data-end=\"2561\"><strong data-start=\"2502\" data-end=\"2515\">Sin\u00f3nimos:<\/strong> BPC-157, PL-14736, pentadecap\u00e9ptido g\u00e1strico<\/li>\n<\/ul>\n<p data-start=\"2563\" data-end=\"2588\"><strong data-start=\"2563\" data-end=\"2588\">\u00c1reas de enfoque de la investigaci\u00f3n:<\/strong><\/p>\n<ul data-start=\"2589\" data-end=\"2685\">\n<li data-start=\"2589\" data-end=\"2620\">\n<p data-start=\"2591\" data-end=\"2620\">Se\u00f1alizaci\u00f3n del tejido conectivo<\/p>\n<\/li>\n<li data-start=\"2621\" data-end=\"2648\">\n<p data-start=\"2623\" data-end=\"2648\">V\u00edas de citoprotecci\u00f3n<\/p>\n<\/li>\n<li data-start=\"2649\" data-end=\"2685\">\n<p data-start=\"2651\" data-end=\"2685\">Modulaci\u00f3n de la respuesta inflamatoria<\/p>\n<\/li>\n<\/ul>\n<hr data-start=\"2687\" data-end=\"2690\" \/>\n<h3 data-start=\"2692\" data-end=\"2738\">2) <strong data-start=\"2699\" data-end=\"2709\">TB-500<\/strong> (Fragmento 17\u201323 de la timosina \u03b24)<\/h3>\n<ul>\n<li data-start=\"2741\" data-end=\"2770\"><strong data-start=\"2741\" data-end=\"2756\">N\u00famero CAS:<\/strong> 885340-08-9<\/li>\n<li data-start=\"2773\" data-end=\"2810\"><strong data-start=\"2773\" data-end=\"2795\">F\u00f3rmula molecular:<\/strong> C\u2083\u2088H\u2085\u2086N\u2081\u2080O\u2081\u2084<\/li>\n<li data-start=\"2813\" data-end=\"2850\"><strong data-start=\"2813\" data-end=\"2834\">Peso molecular:<\/strong> ~889,02 g\/mol<\/li>\n<li data-start=\"2853\" data-end=\"2909\"><strong data-start=\"2853\" data-end=\"2873\">Compuesto padre:<\/strong> Timosina \u03b24 (p\u00e9ptido de longitud completa)<\/li>\n<li data-start=\"2912\" data-end=\"2947\"><strong data-start=\"2912\" data-end=\"2934\">Masa monoisot\u00f3pica:<\/strong> ~888,49 Da<\/li>\n<li data-start=\"2950\" data-end=\"3006\"><strong data-start=\"2950\" data-end=\"2963\">Sin\u00f3nimos:<\/strong> TB-500, fragmento de timosina \u03b24, Ac-LKKTETQ<\/li>\n<\/ul>\n<p data-start=\"3008\" data-end=\"3033\"><strong data-start=\"3008\" data-end=\"3033\">\u00c1reas de enfoque de la investigaci\u00f3n:<\/strong><\/p>\n<ul data-start=\"3034\" data-end=\"3141\">\n<li data-start=\"3034\" data-end=\"3074\">\n<p data-start=\"3036\" data-end=\"3074\">Uni\u00f3n a la actina y migraci\u00f3n celular<\/p>\n<\/li>\n<li data-start=\"3075\" data-end=\"3107\">\n<p data-start=\"3077\" data-end=\"3107\">marcadores de se\u00f1alizaci\u00f3n angiog\u00e9nica<\/p>\n<\/li>\n<li data-start=\"3108\" data-end=\"3141\">\n<p data-start=\"3110\" data-end=\"3141\">Modelos estructurales de tejidos blandos<\/p>\n<\/li>\n<\/ul>\n<hr data-start=\"3143\" data-end=\"3146\" \/>\n<h3 data-start=\"3148\" data-end=\"3193\">3) <strong data-start=\"3155\" data-end=\"3165\">GHK-Cu<\/strong> (Complejo de trip\u00e9ptido de cobre)<\/h3>\n<ul>\n<li data-start=\"3196\" data-end=\"3224\"><strong data-start=\"3196\" data-end=\"3211\">N\u00famero CAS:<\/strong> 49557-75-7<\/li>\n<li data-start=\"3227\" data-end=\"3264\"><strong data-start=\"3227\" data-end=\"3249\">F\u00f3rmula molecular:<\/strong> C\u2081\u2084H\u2082\u2084CuN\u2086O\u2084<\/li>\n<li data-start=\"3267\" data-end=\"3303\"><strong data-start=\"3267\" data-end=\"3288\">Peso molecular:<\/strong> ~403,9 g\/mol<\/li>\n<li data-start=\"3306\" data-end=\"3355\"><strong data-start=\"3306\" data-end=\"3326\">Compuesto padre:<\/strong> Complejo de cobre Gly-His-Lys<\/li>\n<li data-start=\"3358\" data-end=\"3393\"><strong data-start=\"3358\" data-end=\"3380\">Masa monoisot\u00f3pica:<\/strong> ~403,12 Da<\/li>\n<li data-start=\"3396\" data-end=\"3446\"><strong data-start=\"3396\" data-end=\"3409\">Sin\u00f3nimos:<\/strong> Trip\u00e9ptido de cobre-1 (INCI), Cu-GHK<\/li>\n<\/ul>\n<p data-start=\"3448\" data-end=\"3473\"><strong data-start=\"3448\" data-end=\"3473\">\u00c1reas de enfoque de la investigaci\u00f3n:<\/strong><\/p>\n<ul data-start=\"3474\" data-end=\"3598\">\n<li data-start=\"3474\" data-end=\"3506\">\n<p data-start=\"3476\" data-end=\"3506\">Se\u00f1alizaci\u00f3n de la s\u00edntesis de col\u00e1geno<\/p>\n<\/li>\n<li data-start=\"3507\" data-end=\"3551\">\n<p data-start=\"3509\" data-end=\"3551\">Investigaci\u00f3n sobre la matriz d\u00e9rmica y extracelular<\/p>\n<\/li>\n<li data-start=\"3552\" data-end=\"3598\">\n<p data-start=\"3554\" data-end=\"3598\">Modelos de comunicaci\u00f3n vascular y celular<\/p>\n<\/li>\n<\/ul>\n<hr data-start=\"3600\" data-end=\"3603\" \/>\n<h3 data-start=\"3605\" data-end=\"3628\">\u00c1reas de investigaci\u00f3n combinadas<\/h3>\n<ul data-start=\"3629\" data-end=\"3894\">\n<li data-start=\"3629\" data-end=\"3665\">\n<p data-start=\"3631\" data-end=\"3665\">Modelos de se\u00f1alizaci\u00f3n tisular sist\u00e9mica<\/p>\n<\/li>\n<li data-start=\"3666\" data-end=\"3701\">\n<p data-start=\"3668\" data-end=\"3701\">Remodelaci\u00f3n de la matriz extracelular<\/p>\n<\/li>\n<li data-start=\"3702\" data-end=\"3737\">\n<p data-start=\"3704\" data-end=\"3737\">Regulaci\u00f3n de la v\u00eda inflamatoria<\/p>\n<\/li>\n<li data-start=\"3738\" data-end=\"3788\">\n<p data-start=\"3740\" data-end=\"3788\">Investigaci\u00f3n sobre el sistema musculoesquel\u00e9tico y el tejido conectivo<\/p>\n<\/li>\n<li data-start=\"3789\" data-end=\"3834\">\n<p data-start=\"3791\" data-end=\"3834\">Estudios de se\u00f1alizaci\u00f3n angiog\u00e9nica y vascular<\/p>\n<\/li>\n<li data-start=\"3835\" data-end=\"3894\">\n<p data-start=\"3837\" data-end=\"3894\">Marcadores de expresi\u00f3n gen\u00e9tica relacionados con la integridad estructural<\/p>\n<\/li>\n<\/ul>\n<hr data-start=\"3896\" data-end=\"3899\" \/>\n<h3 data-start=\"3901\" data-end=\"3930\">Resumen condensado de la investigaci\u00f3n<\/h3>\n<p data-start=\"3931\" data-end=\"4232\"><b data-path-to-node=\"2,0\" data-index-in-node=\"1\">BRILLO<\/b> es una mezcla de investigaci\u00f3n multicomponente utilizada en entornos de laboratorio para estudiar <b data-path-to-node=\"2,0\" data-index-in-node=\"83\">se\u00f1alizaci\u00f3n integrada para la regeneraci\u00f3n de tejidos y resiliencia estructural sin\u00e9rgica.<\/b> Los investigadores se centran en c\u00f3mo influyen los mecanismos pept\u00eddicos coordinados. <b data-path-to-node=\"2,0\" data-index-in-node=\"224\">marcadores de remodelaci\u00f3n de la matriz<\/b>, agilidad de se\u00f1alizaci\u00f3n angiog\u00e9nica y <b data-path-to-node=\"2,0\" data-index-in-node=\"285\">vigor de renovaci\u00f3n celular<\/b> dentro de modelos experimentales. Estos estudios exploratorios trazan el cronograma de <b data-path-to-node=\"2,0\" data-index-in-node=\"381\">interacciones de m\u00faltiples v\u00edas<\/b>, proporcionando datos t\u00e9cnicos sobre c\u00f3mo las se\u00f1ales combinadas respaldan <b data-path-to-node=\"2,0\" data-index-in-node=\"466\">armon\u00eda biol\u00f3gica<\/b> sin centrarse en la recuperaci\u00f3n cl\u00ednica ni en los resultados de rejuvenecimiento.<\/p>\n<hr data-start=\"4234\" data-end=\"4237\" \/>\n<p data-start=\"4239\" data-end=\"4408\"><strong data-start=\"4239\" data-end=\"4262\">Nota solo para fines de investigaci\u00f3n: <\/strong>GLOW es <strong data-start=\"4273\" data-end=\"4293\">no est\u00e1 aprobado por la FDA<\/strong> para uso terap\u00e9utico. Los efectos publicados son <strong data-start=\"4337\" data-end=\"4368\">precl\u00ednico y exploratorio<\/strong>. Solo para fines de investigaci\u00f3n de laboratorio.<\/p>","protected":false},"excerpt":{"rendered":"<p>Contenido: BPC-157 (10 mg) + TB-500 (10 mg) + GHK-Cu (50 mg)<\/p>\n<p>Formato: Polvo liofilizado<br \/>\nPureza<strong>:<\/strong> <strong>\u2265 99%<\/strong> <strong>Probado en EE. UU.<\/strong>, Pureza Verificada (Probada mediante HPLC)<br \/>\nVerificaci\u00f3n: <strong>Certificados de Autenticidad Verificables<\/strong> (<strong>(Emparejados por Lote)<\/strong><\/p>\n<p><strong><u>Nuevas evidencias de investigaci\u00f3n:<\/u><\/strong><\/p>\n<p>Esta mezcla de tres analitos se utiliza en la investigaci\u00f3n de laboratorio para examinar <b data-path-to-node=\"2,0\" data-index-in-node=\"70\">se\u00f1alizaci\u00f3n integrada de renovaci\u00f3n tisular, resiliencia estructural<\/b>, y la din\u00e1mica de la matriz extracelular. Los investigadores estudian esta combinaci\u00f3n para evaluar <b data-path-to-node=\"2,0\" data-index-in-node=\"214\">marcadores de remodelaci\u00f3n de la matriz, vigor de la renovaci\u00f3n celular<\/b>, y la agilidad de la se\u00f1alizaci\u00f3n microvascular en modelos de investigaci\u00f3n regenerativa. La formulaci\u00f3n respalda la investigaci\u00f3n controlada de <b data-path-to-node=\"2,0\" data-index-in-node=\"388\">interacciones de se\u00f1alizaci\u00f3n de m\u00faltiples v\u00edas<\/b> y la armon\u00eda biol\u00f3gica en condiciones experimentales.<\/p>\n<p>Mantener el producto en un lugar fresco y oscuro.<br \/>\nSolo para Uso en Investigaci\u00f3n \/ No Regulado por la FDA<\/p>\n<p><strong>Inventario Verificado por Lotes.<\/strong>. Ver 3<sup>rd<\/sup> Ver COA de 3\u00aa Parte.<\/p>","protected":false},"featured_media":2729,"template":"","meta":{"_acf_changed":false},"product_brand":[],"product_cat":[29,207],"product_tag":[186,183,52,185,184],"class_list":{"0":"post-996","1":"product","2":"type-product","3":"status-publish","4":"has-post-thumbnail","6":"product_cat-blends","7":"product_cat-x-feed-sales","8":"product_tag-cellular-regeneration-models","9":"product_tag-collagen-synthesis-study","10":"product_tag-inflammatory-response-study","11":"product_tag-tissue-repair-research","12":"product_tag-vascular-signaling-research","14":"first","15":"instock","16":"taxable","17":"shipping-taxable","18":"purchasable","19":"product-type-simple"},"acf":[],"yoast_head":"<!-- This site is optimized with the Yoast SEO plugin v27.2 - https:\/\/yoast.com\/product\/yoast-seo-wordpress\/ -->\n<title>GLOW: BPC-157+TB-500+GHK-Cu 10\/10\/50mg | 70mg (Research Only)<\/title>\n<meta name=\"description\" content=\"Research blend combining BPC-157, TB-500, &amp; GHK-Cu to study collagen synthesis, tissue signaling, &amp; inflammatory pathways in laboratory models.\" \/>\n<meta name=\"robots\" content=\"index, follow, max-snippet:-1, max-image-preview:large, max-video-preview:-1\" \/>\n<link rel=\"canonical\" href=\"https:\/\/optimalbiolabs.com\/es\/producto\/glow-70mg\/\" \/>\n<meta property=\"og:locale\" content=\"es_MX\" \/>\n<meta property=\"og:type\" content=\"article\" \/>\n<meta property=\"og:title\" content=\"GLOW | Researching Multi-Pathway Synergy\" \/>\n<meta property=\"og:description\" content=\"Study the power of BPC-157, TB-500, and GHK-Cu combined. Explore the signals behind integrated tissue-refresh and cellular turnover vigor.\" \/>\n<meta property=\"og:url\" content=\"https:\/\/optimalbiolabs.com\/es\/producto\/glow-70mg\/\" \/>\n<meta property=\"og:site_name\" content=\"Optimal Bio Labs LLC\" \/>\n<meta property=\"article:modified_time\" content=\"2026-03-21T03:06:37+00:00\" \/>\n<meta property=\"og:image\" content=\"https:\/\/optimalbiolabs.com\/wp-content\/uploads\/2026\/01\/49.jpg\" \/>\n\t<meta property=\"og:image:width\" content=\"2000\" \/>\n\t<meta property=\"og:image:height\" content=\"1414\" \/>\n\t<meta property=\"og:image:type\" content=\"image\/jpeg\" \/>\n<meta name=\"twitter:card\" content=\"summary_large_image\" \/>\n<meta name=\"twitter:title\" content=\"GLOW: The Science of Synergistic Refresh\" \/>\n<meta name=\"twitter:description\" content=\"Researching tissue-matrix pathways? Explore the GLOW blend for data on multi-pathway coordination and structural resilience.\" \/>\n<meta name=\"twitter:image\" content=\"https:\/\/optimalbiolabs.com\/wp-content\/uploads\/2026\/01\/49.jpg\" \/>\n<meta name=\"twitter:label1\" content=\"Tiempo de lectura\" \/>\n\t<meta name=\"twitter:data1\" content=\"2 minutos\" \/>\n<script type=\"application\/ld+json\" class=\"yoast-schema-graph\">{\"@context\":\"https:\/\/schema.org\",\"@graph\":[{\"@type\":\"WebPage\",\"@id\":\"https:\/\/optimalbiolabs.com\/product\/glow-70mg\/\",\"url\":\"https:\/\/optimalbiolabs.com\/product\/glow-70mg\/\",\"name\":\"GLOW: BPC-157+TB-500+GHK-Cu 10\/10\/50mg | 70mg (Research Only)\",\"isPartOf\":{\"@id\":\"https:\/\/optimalbiolabs.com\/#website\"},\"primaryImageOfPage\":{\"@id\":\"https:\/\/optimalbiolabs.com\/product\/glow-70mg\/#primaryimage\"},\"image\":{\"@id\":\"https:\/\/optimalbiolabs.com\/product\/glow-70mg\/#primaryimage\"},\"thumbnailUrl\":\"https:\/\/optimalbiolabs.com\/wp-content\/uploads\/2026\/01\/49.jpg\",\"datePublished\":\"2025-11-20T20:18:10+00:00\",\"dateModified\":\"2026-03-21T03:06:37+00:00\",\"description\":\"Research blend combining BPC-157, TB-500, & GHK-Cu to study collagen synthesis, tissue signaling, & inflammatory pathways in laboratory models.\",\"breadcrumb\":{\"@id\":\"https:\/\/optimalbiolabs.com\/product\/glow-70mg\/#breadcrumb\"},\"inLanguage\":\"es\",\"potentialAction\":[{\"@type\":\"ReadAction\",\"target\":[\"https:\/\/optimalbiolabs.com\/product\/glow-70mg\/\"]}]},{\"@type\":\"ImageObject\",\"inLanguage\":\"es\",\"@id\":\"https:\/\/optimalbiolabs.com\/product\/glow-70mg\/#primaryimage\",\"url\":\"https:\/\/optimalbiolabs.com\/wp-content\/uploads\/2026\/01\/49.jpg\",\"contentUrl\":\"https:\/\/optimalbiolabs.com\/wp-content\/uploads\/2026\/01\/49.jpg\",\"width\":2000,\"height\":1414,\"caption\":\"GLOW 70mg Blend Research Peptide Vial\"},{\"@type\":\"BreadcrumbList\",\"@id\":\"https:\/\/optimalbiolabs.com\/product\/glow-70mg\/#breadcrumb\",\"itemListElement\":[{\"@type\":\"ListItem\",\"position\":1,\"name\":\"Home\",\"item\":\"https:\/\/optimalbiolabs.com\/\"},{\"@type\":\"ListItem\",\"position\":2,\"name\":\"Browse\",\"item\":\"https:\/\/optimalbiolabs.com\/browse\/\"},{\"@type\":\"ListItem\",\"position\":3,\"name\":\"GLOW: BPC-157+TB-500+GHK-Cu 10\/10\/50mg | 70mg (Research Only)\"}]},{\"@type\":\"WebSite\",\"@id\":\"https:\/\/optimalbiolabs.com\/#website\",\"url\":\"https:\/\/optimalbiolabs.com\/\",\"name\":\"Optimal Bio Labs LLC\",\"description\":\"Premium US-based research compounds. Third-party verified for 99% purity. High-grade laboratory supplies you can trust. Proudly owned and operated in the USA\",\"publisher\":{\"@id\":\"https:\/\/optimalbiolabs.com\/#organization\"},\"alternateName\":\"Optimal Bio Labs\",\"potentialAction\":[{\"@type\":\"SearchAction\",\"target\":{\"@type\":\"EntryPoint\",\"urlTemplate\":\"https:\/\/optimalbiolabs.com\/?s={search_term_string}\"},\"query-input\":{\"@type\":\"PropertyValueSpecification\",\"valueRequired\":true,\"valueName\":\"search_term_string\"}}],\"inLanguage\":\"es\"},{\"@type\":\"Organization\",\"@id\":\"https:\/\/optimalbiolabs.com\/#organization\",\"name\":\"Optimal Bio Labs LLC\",\"url\":\"https:\/\/optimalbiolabs.com\/\",\"logo\":{\"@type\":\"ImageObject\",\"inLanguage\":\"es\",\"@id\":\"https:\/\/optimalbiolabs.com\/#\/schema\/logo\/image\/\",\"url\":\"https:\/\/optimalbiolabs.com\/wp-content\/uploads\/2025\/12\/BIO-LABS.png\",\"contentUrl\":\"https:\/\/optimalbiolabs.com\/wp-content\/uploads\/2025\/12\/BIO-LABS.png\",\"width\":720,\"height\":720,\"caption\":\"Optimal Bio Labs LLC\"},\"image\":{\"@id\":\"https:\/\/optimalbiolabs.com\/#\/schema\/logo\/image\/\"}}]}<\/script>\n<!-- \/ Yoast SEO plugin. -->","yoast_head_json":{"title":"GLOW: BPC-157+TB-500+GHK-Cu 10\/10\/50mg | 70mg (Research Only)","description":"Research blend combining BPC-157, TB-500, & GHK-Cu to study collagen synthesis, tissue signaling, & inflammatory pathways in laboratory models.","robots":{"index":"index","follow":"follow","max-snippet":"max-snippet:-1","max-image-preview":"max-image-preview:large","max-video-preview":"max-video-preview:-1"},"canonical":"https:\/\/optimalbiolabs.com\/es\/producto\/glow-70mg\/","og_locale":"es_MX","og_type":"article","og_title":"GLOW | Researching Multi-Pathway Synergy","og_description":"Study the power of BPC-157, TB-500, and GHK-Cu combined. Explore the signals behind integrated tissue-refresh and cellular turnover vigor.","og_url":"https:\/\/optimalbiolabs.com\/es\/producto\/glow-70mg\/","og_site_name":"Optimal Bio Labs LLC","article_modified_time":"2026-03-21T03:06:37+00:00","og_image":[{"width":2000,"height":1414,"url":"https:\/\/optimalbiolabs.com\/wp-content\/uploads\/2026\/01\/49.jpg","type":"image\/jpeg"}],"twitter_card":"summary_large_image","twitter_title":"GLOW: The Science of Synergistic Refresh","twitter_description":"Researching tissue-matrix pathways? Explore the GLOW blend for data on multi-pathway coordination and structural resilience.","twitter_image":"https:\/\/optimalbiolabs.com\/wp-content\/uploads\/2026\/01\/49.jpg","twitter_misc":{"Tiempo de lectura":"2 minutos"},"schema":{"@context":"https:\/\/schema.org","@graph":[{"@type":"WebPage","@id":"https:\/\/optimalbiolabs.com\/product\/glow-70mg\/","url":"https:\/\/optimalbiolabs.com\/product\/glow-70mg\/","name":"GLOW: BPC-157+TB-500+GHK-Cu 10\/10\/50mg | 70mg (Research Only)","isPartOf":{"@id":"https:\/\/optimalbiolabs.com\/#website"},"primaryImageOfPage":{"@id":"https:\/\/optimalbiolabs.com\/product\/glow-70mg\/#primaryimage"},"image":{"@id":"https:\/\/optimalbiolabs.com\/product\/glow-70mg\/#primaryimage"},"thumbnailUrl":"https:\/\/optimalbiolabs.com\/wp-content\/uploads\/2026\/01\/49.jpg","datePublished":"2025-11-20T20:18:10+00:00","dateModified":"2026-03-21T03:06:37+00:00","description":"Research blend combining BPC-157, TB-500, & GHK-Cu to study collagen synthesis, tissue signaling, & inflammatory pathways in laboratory models.","breadcrumb":{"@id":"https:\/\/optimalbiolabs.com\/product\/glow-70mg\/#breadcrumb"},"inLanguage":"es","potentialAction":[{"@type":"ReadAction","target":["https:\/\/optimalbiolabs.com\/product\/glow-70mg\/"]}]},{"@type":"ImageObject","inLanguage":"es","@id":"https:\/\/optimalbiolabs.com\/product\/glow-70mg\/#primaryimage","url":"https:\/\/optimalbiolabs.com\/wp-content\/uploads\/2026\/01\/49.jpg","contentUrl":"https:\/\/optimalbiolabs.com\/wp-content\/uploads\/2026\/01\/49.jpg","width":2000,"height":1414,"caption":"GLOW 70mg Blend Research Peptide Vial"},{"@type":"BreadcrumbList","@id":"https:\/\/optimalbiolabs.com\/product\/glow-70mg\/#breadcrumb","itemListElement":[{"@type":"ListItem","position":1,"name":"Home","item":"https:\/\/optimalbiolabs.com\/"},{"@type":"ListItem","position":2,"name":"Browse","item":"https:\/\/optimalbiolabs.com\/browse\/"},{"@type":"ListItem","position":3,"name":"GLOW: BPC-157+TB-500+GHK-Cu 10\/10\/50mg | 70mg (Research Only)"}]},{"@type":"WebSite","@id":"https:\/\/optimalbiolabs.com\/#website","url":"https:\/\/optimalbiolabs.com\/","name":"Laboratorios Biol\u00f3gicos \u00d3ptimos LLC","description":"Compuestos de investigaci\u00f3n de primera calidad fabricados en EE. UU. Pureza 99% verificada por terceros. Suministros de laboratorio de alta calidad en los que puede confiar. Empresa orgullosamente estadounidense.","publisher":{"@id":"https:\/\/optimalbiolabs.com\/#organization"},"alternateName":"Optimal Bio Labs","potentialAction":[{"@type":"SearchAction","target":{"@type":"EntryPoint","urlTemplate":"https:\/\/optimalbiolabs.com\/?s={search_term_string}"},"query-input":{"@type":"PropertyValueSpecification","valueRequired":true,"valueName":"search_term_string"}}],"inLanguage":"es"},{"@type":"Organization","@id":"https:\/\/optimalbiolabs.com\/#organization","name":"Laboratorios Biol\u00f3gicos \u00d3ptimos LLC","url":"https:\/\/optimalbiolabs.com\/","logo":{"@type":"ImageObject","inLanguage":"es","@id":"https:\/\/optimalbiolabs.com\/#\/schema\/logo\/image\/","url":"https:\/\/optimalbiolabs.com\/wp-content\/uploads\/2025\/12\/BIO-LABS.png","contentUrl":"https:\/\/optimalbiolabs.com\/wp-content\/uploads\/2025\/12\/BIO-LABS.png","width":720,"height":720,"caption":"Optimal Bio Labs LLC"},"image":{"@id":"https:\/\/optimalbiolabs.com\/#\/schema\/logo\/image\/"}}]}},"jetpack_sharing_enabled":true,"_links":{"self":[{"href":"https:\/\/optimalbiolabs.com\/es\/wp-json\/wp\/v2\/product\/996","targetHints":{"allow":["GET"]}}],"collection":[{"href":"https:\/\/optimalbiolabs.com\/es\/wp-json\/wp\/v2\/product"}],"about":[{"href":"https:\/\/optimalbiolabs.com\/es\/wp-json\/wp\/v2\/types\/product"}],"wp:featuredmedia":[{"embeddable":true,"href":"https:\/\/optimalbiolabs.com\/es\/wp-json\/wp\/v2\/media\/2729"}],"wp:attachment":[{"href":"https:\/\/optimalbiolabs.com\/es\/wp-json\/wp\/v2\/media?parent=996"}],"wp:term":[{"taxonomy":"product_brand","embeddable":true,"href":"https:\/\/optimalbiolabs.com\/es\/wp-json\/wp\/v2\/product_brand?post=996"},{"taxonomy":"product_cat","embeddable":true,"href":"https:\/\/optimalbiolabs.com\/es\/wp-json\/wp\/v2\/product_cat?post=996"},{"taxonomy":"product_tag","embeddable":true,"href":"https:\/\/optimalbiolabs.com\/es\/wp-json\/wp\/v2\/product_tag?post=996"}],"curies":[{"name":"wp","href":"https:\/\/api.w.org\/{rel}","templated":true}]}}