{"id":993,"date":"2025-11-20T20:18:09","date_gmt":"2025-11-20T20:18:09","guid":{"rendered":"https:\/\/optimalbiolabs.com\/?post_type=product&#038;p=993"},"modified":"2026-04-03T16:37:32","modified_gmt":"2026-04-03T23:37:32","slug":"cjc-1295-ipamorelin","status":"publish","type":"product","link":"https:\/\/optimalbiolabs.com\/es\/product\/cjc-1295-ipamorelin\/","title":{"rendered":"CJC-1295 + Ipamorelin 10 mg (Solo Investigaci\u00f3n)"},"content":{"rendered":"<h3 data-start=\"1512\" data-end=\"1550\"><strong data-start=\"1516\" data-end=\"1550\">Descripci\u00f3n general de CJC-1295 + Ipamorelina<\/strong><\/h3>\n<p data-path-to-node=\"2,0\">El <b data-path-to-node=\"2,0\" data-index-in-node=\"5\">Mezcla de CJC-1295 e Ipamorelina<\/b> es una herramienta de investigaci\u00f3n de doble acci\u00f3n que se utiliza para investigar c\u00f3mo se coordinan dos v\u00edas distintas <b data-path-to-node=\"2,0\" data-index-in-node=\"121\">din\u00e1mica de se\u00f1alizaci\u00f3n del crecimiento.<\/b> A menudo se le denomina el <b data-path-to-node=\"2,0\" data-index-in-node=\"173\">\u2018&#039;Pulso y Flujo&#039;\u2019<\/b> Esta sinergia, gracias a esta combinaci\u00f3n, permite a los investigadores elaborar un perfil endocrino m\u00e1s completo. <b data-path-to-node=\"2,0\" data-index-in-node=\"284\">CJC-1295 (El Flujo)<\/b> se estudia por su capacidad de proporcionar una interacci\u00f3n constante y sostenida con el receptor, mientras que <b data-path-to-node=\"2,0\" data-index-in-node=\"387\">Ipamorelina (El Pulso)<\/b> Se analiza su capacidad para activar de forma selectiva y r\u00edtmica las v\u00edas de se\u00f1alizaci\u00f3n.<\/p>\n<p data-path-to-node=\"2,1\">Cuando se eval\u00faa en conjunto, esta combinaci\u00f3n ofrece un marco \u00fanico para la observaci\u00f3n. <b data-path-to-node=\"2,1\" data-index-in-node=\"76\">amplitud y frecuencia de la se\u00f1al<\/b> sin una amplia interferencia hormonal. Los investigadores utilizan este d\u00fao para examinar c\u00f3mo <b data-path-to-node=\"2,1\" data-index-in-node=\"188\">comunicaci\u00f3n celular coordinada<\/b> impacta el mantenimiento estructural-tisular y la se\u00f1alizaci\u00f3n metab\u00f3lica en modelos no cl\u00ednicos. Esta mezcla est\u00e1 destinada estrictamente a <b data-path-to-node=\"2,1\" data-index-in-node=\"345\">investigaci\u00f3n de laboratorio<\/b> para comprender la integraci\u00f3n de las cascadas reguladoras mediadas por p\u00e9ptidos<\/p>\n<hr data-start=\"2200\" data-end=\"2203\" \/>\n<h3 data-start=\"2205\" data-end=\"2267\"><strong data-start=\"2209\" data-end=\"2267\">CJC-1295 con estructura de Ipamorelina (GRF-1-29 modificado)<\/strong><\/h3>\n<p data-start=\"2269\" data-end=\"2536\"><strong data-start=\"2269\" data-end=\"2284\">N\u00famero CAS:<\/strong> Generalmente aparece listado como 863288-34-0 (su uso var\u00eda seg\u00fan el proveedor).<br data-start=\"2342\" data-end=\"2345\" \/><strong data-start=\"2345\" data-end=\"2367\">F\u00f3rmula molecular:<\/strong> C\u2081\u2085\u2082H\u2082\u2085\u2082N\u2084\u2084O\u2084\u2082<br data-start=\"2382\" data-end=\"2385\" \/><strong data-start=\"2385\" data-end=\"2412\">Peso molecular (promedio):<\/strong> ~3367,95 g\/mol<br data-start=\"2427\" data-end=\"2430\" \/><strong data-start=\"2430\" data-end=\"2452\">Masa monoisot\u00f3pica:<\/strong> ~3365,8936 Da (calculado)<br data-start=\"2477\" data-end=\"2480\" \/><strong data-start=\"2480\" data-end=\"2500\">Compuesto padre:<\/strong> GHRH (1-29) \/ An\u00e1logo de la sermorelina<\/p>\n<p data-start=\"2538\" data-end=\"2553\"><strong data-start=\"2538\" data-end=\"2551\">Sin\u00f3nimos:<\/strong><\/p>\n<ul>\n<li data-start=\"2556\" data-end=\"2572\">GRF modificado (1-29)<\/li>\n<li data-start=\"2575\" data-end=\"2592\">CJC-1295 sin DAC<\/li>\n<li data-start=\"2595\" data-end=\"2624\">GRF tetrasustituido (1-29)<\/li>\n<\/ul>\n<hr data-start=\"2626\" data-end=\"2629\" \/>\n<h3 data-start=\"2631\" data-end=\"2659\"><strong data-start=\"2635\" data-end=\"2659\">Estructura de la ipamorelina<\/strong><\/h3>\n<p data-start=\"2661\" data-end=\"2869\"><strong data-start=\"2661\" data-end=\"2676\">N\u00famero CAS:<\/strong> 170851-70-4<br data-start=\"2688\" data-end=\"2691\" \/><strong data-start=\"2691\" data-end=\"2713\">F\u00f3rmula molecular:<\/strong> C\u2083\u2088H\u2084\u2089N\u2089O\u2085<br data-start=\"2724\" data-end=\"2727\" \/><strong data-start=\"2727\" data-end=\"2754\">Peso molecular (promedio):<\/strong> ~711,87 g\/mol<br data-start=\"2768\" data-end=\"2771\" \/><strong data-start=\"2771\" data-end=\"2793\">Masa monoisot\u00f3pica:<\/strong> ~711,3857 Da<br data-start=\"2806\" data-end=\"2809\" \/><strong data-start=\"2809\" data-end=\"2829\">Compuesto padre:<\/strong> Clase de agonistas del receptor de grelina (GHSR)<\/p>\n<p data-start=\"2871\" data-end=\"2886\"><strong data-start=\"2871\" data-end=\"2884\">Sin\u00f3nimos:<\/strong><\/p>\n<ul>\n<li data-start=\"2889\" data-end=\"2902\">NNC-26-0161<\/li>\n<li data-start=\"2905\" data-end=\"2936\">Aib-His-D-2-Nal-D-Phe-Lys-NH\u2082<\/li>\n<\/ul>\n<hr data-start=\"2938\" data-end=\"2941\" \/>\n<h3 data-start=\"2943\" data-end=\"2965\"><strong data-start=\"2947\" data-end=\"2965\">\u00c1reas de Investigaci\u00f3n<\/strong><\/h3>\n<ul data-start=\"2967\" data-end=\"3217\">\n<li data-start=\"2967\" data-end=\"3012\">\n<p data-start=\"2969\" data-end=\"3012\">An\u00e1lisis de la v\u00eda de se\u00f1alizaci\u00f3n de la hormona del crecimiento<\/p>\n<\/li>\n<li data-start=\"3013\" data-end=\"3062\">\n<p data-start=\"3015\" data-end=\"3062\">Sincronizaci\u00f3n endocrina y modelado de la frecuencia de pulso<\/p>\n<\/li>\n<li data-start=\"3063\" data-end=\"3115\">\n<p data-start=\"3065\" data-end=\"3115\">Se\u00f1alizaci\u00f3n descendente relacionada con IGF (observacional)<\/p>\n<\/li>\n<li data-start=\"3116\" data-end=\"3171\">\n<p data-start=\"3118\" data-end=\"3171\">Marcadores de regeneraci\u00f3n celular y s\u00edntesis de prote\u00ednas<\/p>\n<\/li>\n<li data-start=\"3172\" data-end=\"3217\">\n<p data-start=\"3174\" data-end=\"3217\">Investigaci\u00f3n sobre las v\u00edas de se\u00f1alizaci\u00f3n asociadas a la edad<\/p>\n<\/li>\n<\/ul>\n<hr data-start=\"3219\" data-end=\"3222\" \/>\n<p data-start=\"3224\" data-end=\"3439\"><strong data-start=\"3224\" data-end=\"3247\">Nota solo para fines de investigaci\u00f3n: <\/strong>CJC-1295 + Ipamorelina es <strong data-start=\"3275\" data-end=\"3315\">No aprobado por la FDA para uso terap\u00e9utico.<\/strong>. Los efectos publicados son <strong data-start=\"3339\" data-end=\"3370\">precl\u00ednico y exploratorio<\/strong>, y este compuesto est\u00e1 destinado <strong data-start=\"3402\" data-end=\"3438\">Solo para uso en investigaci\u00f3n de laboratorio.<\/strong>.<\/p>","protected":false},"excerpt":{"rendered":"<p>CJC-1295: Hormona liberadora de la hormona del crecimiento (GHRH)<br \/>\nIpamorelina: P\u00e9ptido liberador de la hormona del crecimiento (GHRP)<\/p>\n<p>Contenido: 5 mg de CJC-1295 + 5 mg de Ipamorelina<\/p>\n<p>Formato: Polvo liofilizado<br \/>\nPureza<strong>:<\/strong>\u00a0<strong>\u2265 99%<\/strong>\u00a0<strong>Probado en EE. UU.<\/strong>, Pureza Verificada (Probada mediante HPLC)<br \/>\nVerificaci\u00f3n:\u00a0<strong>Certificados de autenticidad verificables<\/strong>\u00a0(<strong>(Emparejados por Lote)<\/strong><\/p>\n<p><strong><u>Nuevas evidencias de investigaci\u00f3n:<\/u><\/strong><\/p>\n<p data-start=\"105\" data-end=\"451\"><b data-path-to-node=\"2,0\" data-index-in-node=\"1\">CJC-1295 + Ipamorelina<\/b> es una mezcla de p\u00e9ptidos duales que se utiliza para mapear el <b data-path-to-node=\"2,0\" data-index-in-node=\"63\">se\u00f1ales sincronizadas<\/b> entre dos v\u00edas distintas de la hormona del crecimiento. A menudo se estudia como la <b data-path-to-node=\"2,0\" data-index-in-node=\"151\">\u2018&#039;Pulso y Flujo&#039;\u2019<\/b> herramienta, esta combinaci\u00f3n permite a los investigadores observar c\u00f3mo <b data-path-to-node=\"2,0\" data-index-in-node=\"223\">interacci\u00f3n constante del receptor<\/b> y <b data-path-to-node=\"2,0\" data-index-in-node=\"254\">se\u00f1alizaci\u00f3n r\u00edtmica<\/b> trabajan juntos para gestionar la comunicaci\u00f3n metab\u00f3lica. En los modelos de laboratorio, esta mezcla es el est\u00e1ndar para analizar <b data-path-to-node=\"2,0\" data-index-in-node=\"385\">Sincronizaci\u00f3n y frecuencia de la se\u00f1al<\/b> dentro de marcos endocrinos complejos, proporcionando un plan integral para la investigaci\u00f3n de la se\u00f1alizaci\u00f3n celular.<\/p>\n<p>Mantener el producto en un lugar fresco y oscuro.<br \/>\nSolo para Uso en Investigaci\u00f3n \/ No Regulado por la FDA<\/p>\n<p><strong>Inventario Verificado por Lotes.<\/strong>. Ver 3<sup>rd<\/sup>\u00a0Ver COA de 3\u00aa Parte.<\/p>","protected":false},"featured_media":2720,"template":"","meta":{"_acf_changed":false},"product_brand":[],"product_cat":[29,207],"product_tag":[153,181,52,182],"class_list":{"0":"post-993","1":"product","2":"type-product","3":"status-publish","4":"has-post-thumbnail","6":"product_cat-blends","7":"product_cat-x-feed-sales","8":"product_tag-cellular-aging-pathways","9":"product_tag-growth-hormone-signaling-research","10":"product_tag-inflammatory-response-study","11":"product_tag-metabolic-pathway-research","13":"first","14":"instock","15":"taxable","16":"shipping-taxable","17":"purchasable","18":"product-type-simple"},"acf":[],"yoast_head":"<!-- This site is optimized with the Yoast SEO plugin v27.2 - https:\/\/yoast.com\/product\/yoast-seo-wordpress\/ -->\n<title>CJC-1295 + Ipamorelin 10 mg (Research Only)<\/title>\n<meta name=\"description\" content=\"Explore the CJC-1295 + Ipamorelin Blend: The &#039;Pulse &amp; Flow&#039; tool for mapping dual-pathway growth signaling and receptor engagement. Research Use Only.\" \/>\n<meta name=\"robots\" content=\"index, follow, max-snippet:-1, max-image-preview:large, max-video-preview:-1\" \/>\n<link rel=\"canonical\" href=\"https:\/\/optimalbiolabs.com\/es\/producto\/cjc-1295-ipamorelin\/\" \/>\n<meta property=\"og:locale\" content=\"es_MX\" \/>\n<meta property=\"og:type\" content=\"article\" \/>\n<meta property=\"og:title\" content=\"CJC-1295 + Ipamorelin | The Pulse &amp; Flow Synergy\" \/>\n<meta property=\"og:description\" content=\"Discover the power of dual-pathway mapping. This research blend explores how &quot;Pulse&quot; and &quot;Flow&quot; signals coordinate for comprehensive endocrine signaling research.\" \/>\n<meta property=\"og:url\" content=\"https:\/\/optimalbiolabs.com\/es\/producto\/cjc-1295-ipamorelin\/\" \/>\n<meta property=\"og:site_name\" content=\"Optimal Bio Labs LLC\" \/>\n<meta property=\"article:modified_time\" content=\"2026-04-03T23:37:32+00:00\" \/>\n<meta property=\"og:image\" content=\"https:\/\/optimalbiolabs.com\/wp-content\/uploads\/2026\/01\/53.jpg\" \/>\n\t<meta property=\"og:image:width\" content=\"2000\" \/>\n\t<meta property=\"og:image:height\" content=\"1414\" \/>\n\t<meta property=\"og:image:type\" content=\"image\/jpeg\" \/>\n<meta name=\"twitter:card\" content=\"summary_large_image\" \/>\n<meta name=\"twitter:title\" content=\"CJC-1295 + Ipamorelin: The Science of Signal Frequency\" \/>\n<meta name=\"twitter:description\" content=\"Researching growth-signaling dynamics? Explore the &quot;Pulse &amp; Flow&quot; blend to map sustained receptor engagement and signal amplitude.\" \/>\n<meta name=\"twitter:image\" content=\"https:\/\/optimalbiolabs.com\/wp-content\/uploads\/2026\/01\/53.jpg\" \/>\n<meta name=\"twitter:label1\" content=\"Tiempo de lectura\" \/>\n\t<meta name=\"twitter:data1\" content=\"2 minutos\" \/>\n<script type=\"application\/ld+json\" class=\"yoast-schema-graph\">{\"@context\":\"https:\/\/schema.org\",\"@graph\":[{\"@type\":\"WebPage\",\"@id\":\"https:\/\/optimalbiolabs.com\/product\/cjc-1295-ipamorelin\/\",\"url\":\"https:\/\/optimalbiolabs.com\/product\/cjc-1295-ipamorelin\/\",\"name\":\"CJC-1295 + Ipamorelin 10 mg (Research Only)\",\"isPartOf\":{\"@id\":\"https:\/\/optimalbiolabs.com\/#website\"},\"primaryImageOfPage\":{\"@id\":\"https:\/\/optimalbiolabs.com\/product\/cjc-1295-ipamorelin\/#primaryimage\"},\"image\":{\"@id\":\"https:\/\/optimalbiolabs.com\/product\/cjc-1295-ipamorelin\/#primaryimage\"},\"thumbnailUrl\":\"https:\/\/optimalbiolabs.com\/wp-content\/uploads\/2026\/01\/53.jpg\",\"datePublished\":\"2025-11-20T20:18:09+00:00\",\"dateModified\":\"2026-04-03T23:37:32+00:00\",\"description\":\"Explore the CJC-1295 + Ipamorelin Blend: The 'Pulse & Flow' tool for mapping dual-pathway growth signaling and receptor engagement. Research Use Only.\",\"breadcrumb\":{\"@id\":\"https:\/\/optimalbiolabs.com\/product\/cjc-1295-ipamorelin\/#breadcrumb\"},\"inLanguage\":\"es\",\"potentialAction\":[{\"@type\":\"ReadAction\",\"target\":[\"https:\/\/optimalbiolabs.com\/product\/cjc-1295-ipamorelin\/\"]}]},{\"@type\":\"ImageObject\",\"inLanguage\":\"es\",\"@id\":\"https:\/\/optimalbiolabs.com\/product\/cjc-1295-ipamorelin\/#primaryimage\",\"url\":\"https:\/\/optimalbiolabs.com\/wp-content\/uploads\/2026\/01\/53.jpg\",\"contentUrl\":\"https:\/\/optimalbiolabs.com\/wp-content\/uploads\/2026\/01\/53.jpg\",\"width\":2000,\"height\":1414,\"caption\":\"CJC-1295 + Ipamorelin 10mg Research Peptide Vial\"},{\"@type\":\"BreadcrumbList\",\"@id\":\"https:\/\/optimalbiolabs.com\/product\/cjc-1295-ipamorelin\/#breadcrumb\",\"itemListElement\":[{\"@type\":\"ListItem\",\"position\":1,\"name\":\"Home\",\"item\":\"https:\/\/optimalbiolabs.com\/\"},{\"@type\":\"ListItem\",\"position\":2,\"name\":\"Browse\",\"item\":\"https:\/\/optimalbiolabs.com\/browse\/\"},{\"@type\":\"ListItem\",\"position\":3,\"name\":\"CJC-1295 + Ipamorelin 10 mg (Research Only)\"}]},{\"@type\":\"WebSite\",\"@id\":\"https:\/\/optimalbiolabs.com\/#website\",\"url\":\"https:\/\/optimalbiolabs.com\/\",\"name\":\"Optimal Bio Labs LLC\",\"description\":\"Premium US-based research compounds. Third-party verified for 99% purity. High-grade laboratory supplies you can trust. Proudly owned and operated in the USA\",\"publisher\":{\"@id\":\"https:\/\/optimalbiolabs.com\/#organization\"},\"alternateName\":\"Optimal Bio Labs\",\"potentialAction\":[{\"@type\":\"SearchAction\",\"target\":{\"@type\":\"EntryPoint\",\"urlTemplate\":\"https:\/\/optimalbiolabs.com\/?s={search_term_string}\"},\"query-input\":{\"@type\":\"PropertyValueSpecification\",\"valueRequired\":true,\"valueName\":\"search_term_string\"}}],\"inLanguage\":\"es\"},{\"@type\":\"Organization\",\"@id\":\"https:\/\/optimalbiolabs.com\/#organization\",\"name\":\"Optimal Bio Labs LLC\",\"url\":\"https:\/\/optimalbiolabs.com\/\",\"logo\":{\"@type\":\"ImageObject\",\"inLanguage\":\"es\",\"@id\":\"https:\/\/optimalbiolabs.com\/#\/schema\/logo\/image\/\",\"url\":\"https:\/\/optimalbiolabs.com\/wp-content\/uploads\/2025\/12\/BIO-LABS.png\",\"contentUrl\":\"https:\/\/optimalbiolabs.com\/wp-content\/uploads\/2025\/12\/BIO-LABS.png\",\"width\":720,\"height\":720,\"caption\":\"Optimal Bio Labs LLC\"},\"image\":{\"@id\":\"https:\/\/optimalbiolabs.com\/#\/schema\/logo\/image\/\"}}]}<\/script>\n<!-- \/ Yoast SEO plugin. -->","yoast_head_json":{"title":"CJC-1295 + Ipamorelin 10 mg (Solo Investigaci\u00f3n)","description":"Explore the CJC-1295 + Ipamorelin Blend: The 'Pulse & Flow' tool for mapping dual-pathway growth signaling and receptor engagement. Research Use Only.","robots":{"index":"index","follow":"follow","max-snippet":"max-snippet:-1","max-image-preview":"max-image-preview:large","max-video-preview":"max-video-preview:-1"},"canonical":"https:\/\/optimalbiolabs.com\/es\/producto\/cjc-1295-ipamorelin\/","og_locale":"es_MX","og_type":"article","og_title":"CJC-1295 + Ipamorelin | The Pulse & Flow Synergy","og_description":"Discover the power of dual-pathway mapping. This research blend explores how \"Pulse\" and \"Flow\" signals coordinate for comprehensive endocrine signaling research.","og_url":"https:\/\/optimalbiolabs.com\/es\/producto\/cjc-1295-ipamorelin\/","og_site_name":"Optimal Bio Labs LLC","article_modified_time":"2026-04-03T23:37:32+00:00","og_image":[{"width":2000,"height":1414,"url":"https:\/\/optimalbiolabs.com\/wp-content\/uploads\/2026\/01\/53.jpg","type":"image\/jpeg"}],"twitter_card":"summary_large_image","twitter_title":"CJC-1295 + Ipamorelin: The Science of Signal Frequency","twitter_description":"Researching growth-signaling dynamics? Explore the \"Pulse & Flow\" blend to map sustained receptor engagement and signal amplitude.","twitter_image":"https:\/\/optimalbiolabs.com\/wp-content\/uploads\/2026\/01\/53.jpg","twitter_misc":{"Tiempo de lectura":"2 minutos"},"schema":{"@context":"https:\/\/schema.org","@graph":[{"@type":"WebPage","@id":"https:\/\/optimalbiolabs.com\/product\/cjc-1295-ipamorelin\/","url":"https:\/\/optimalbiolabs.com\/product\/cjc-1295-ipamorelin\/","name":"CJC-1295 + Ipamorelin 10 mg (Solo Investigaci\u00f3n)","isPartOf":{"@id":"https:\/\/optimalbiolabs.com\/#website"},"primaryImageOfPage":{"@id":"https:\/\/optimalbiolabs.com\/product\/cjc-1295-ipamorelin\/#primaryimage"},"image":{"@id":"https:\/\/optimalbiolabs.com\/product\/cjc-1295-ipamorelin\/#primaryimage"},"thumbnailUrl":"https:\/\/optimalbiolabs.com\/wp-content\/uploads\/2026\/01\/53.jpg","datePublished":"2025-11-20T20:18:09+00:00","dateModified":"2026-04-03T23:37:32+00:00","description":"Explore the CJC-1295 + Ipamorelin Blend: The 'Pulse & Flow' tool for mapping dual-pathway growth signaling and receptor engagement. Research Use Only.","breadcrumb":{"@id":"https:\/\/optimalbiolabs.com\/product\/cjc-1295-ipamorelin\/#breadcrumb"},"inLanguage":"es","potentialAction":[{"@type":"ReadAction","target":["https:\/\/optimalbiolabs.com\/product\/cjc-1295-ipamorelin\/"]}]},{"@type":"ImageObject","inLanguage":"es","@id":"https:\/\/optimalbiolabs.com\/product\/cjc-1295-ipamorelin\/#primaryimage","url":"https:\/\/optimalbiolabs.com\/wp-content\/uploads\/2026\/01\/53.jpg","contentUrl":"https:\/\/optimalbiolabs.com\/wp-content\/uploads\/2026\/01\/53.jpg","width":2000,"height":1414,"caption":"CJC-1295 + Ipamorelin 10mg Research Peptide Vial"},{"@type":"BreadcrumbList","@id":"https:\/\/optimalbiolabs.com\/product\/cjc-1295-ipamorelin\/#breadcrumb","itemListElement":[{"@type":"ListItem","position":1,"name":"Home","item":"https:\/\/optimalbiolabs.com\/"},{"@type":"ListItem","position":2,"name":"Browse","item":"https:\/\/optimalbiolabs.com\/browse\/"},{"@type":"ListItem","position":3,"name":"CJC-1295 + Ipamorelin 10 mg (Research Only)"}]},{"@type":"WebSite","@id":"https:\/\/optimalbiolabs.com\/#website","url":"https:\/\/optimalbiolabs.com\/","name":"Laboratorios Biol\u00f3gicos \u00d3ptimos LLC","description":"Compuestos de investigaci\u00f3n de primera calidad fabricados en EE. UU. Pureza 99% verificada por terceros. Suministros de laboratorio de alta calidad en los que puede confiar. Empresa orgullosamente estadounidense.","publisher":{"@id":"https:\/\/optimalbiolabs.com\/#organization"},"alternateName":"Optimal Bio Labs","potentialAction":[{"@type":"SearchAction","target":{"@type":"EntryPoint","urlTemplate":"https:\/\/optimalbiolabs.com\/?s={search_term_string}"},"query-input":{"@type":"PropertyValueSpecification","valueRequired":true,"valueName":"search_term_string"}}],"inLanguage":"es"},{"@type":"Organization","@id":"https:\/\/optimalbiolabs.com\/#organization","name":"Laboratorios Biol\u00f3gicos \u00d3ptimos LLC","url":"https:\/\/optimalbiolabs.com\/","logo":{"@type":"ImageObject","inLanguage":"es","@id":"https:\/\/optimalbiolabs.com\/#\/schema\/logo\/image\/","url":"https:\/\/optimalbiolabs.com\/wp-content\/uploads\/2025\/12\/BIO-LABS.png","contentUrl":"https:\/\/optimalbiolabs.com\/wp-content\/uploads\/2025\/12\/BIO-LABS.png","width":720,"height":720,"caption":"Optimal Bio Labs LLC"},"image":{"@id":"https:\/\/optimalbiolabs.com\/#\/schema\/logo\/image\/"}}]}},"jetpack_sharing_enabled":true,"_links":{"self":[{"href":"https:\/\/optimalbiolabs.com\/es\/wp-json\/wp\/v2\/product\/993","targetHints":{"allow":["GET"]}}],"collection":[{"href":"https:\/\/optimalbiolabs.com\/es\/wp-json\/wp\/v2\/product"}],"about":[{"href":"https:\/\/optimalbiolabs.com\/es\/wp-json\/wp\/v2\/types\/product"}],"wp:featuredmedia":[{"embeddable":true,"href":"https:\/\/optimalbiolabs.com\/es\/wp-json\/wp\/v2\/media\/2720"}],"wp:attachment":[{"href":"https:\/\/optimalbiolabs.com\/es\/wp-json\/wp\/v2\/media?parent=993"}],"wp:term":[{"taxonomy":"product_brand","embeddable":true,"href":"https:\/\/optimalbiolabs.com\/es\/wp-json\/wp\/v2\/product_brand?post=993"},{"taxonomy":"product_cat","embeddable":true,"href":"https:\/\/optimalbiolabs.com\/es\/wp-json\/wp\/v2\/product_cat?post=993"},{"taxonomy":"product_tag","embeddable":true,"href":"https:\/\/optimalbiolabs.com\/es\/wp-json\/wp\/v2\/product_tag?post=993"}],"curies":[{"name":"wp","href":"https:\/\/api.w.org\/{rel}","templated":true}]}}