{"id":992,"date":"2025-11-20T20:18:09","date_gmt":"2025-11-20T20:18:09","guid":{"rendered":"https:\/\/optimalbiolabs.com\/?post_type=product&#038;p=992"},"modified":"2026-03-20T20:06:38","modified_gmt":"2026-03-21T03:06:38","slug":"cjc-1295-with-dac-5mg","status":"publish","type":"product","link":"https:\/\/optimalbiolabs.com\/es\/product\/cjc-1295-with-dac-5mg\/","title":{"rendered":"CJC-1295 w\/DAC 5 mg (Solo Investigaci\u00f3n)"},"content":{"rendered":"<p><strong>Descripci\u00f3n general del CJC-1295 con DAC<\/strong><\/p>\n<p data-path-to-node=\"2,0\"><b data-path-to-node=\"2,0\" data-index-in-node=\"1\">CJC-1295 con DAC<\/b> es un p\u00e9ptido de se\u00f1alizaci\u00f3n en investigaci\u00f3n utilizado en modelos de laboratorio para estudiar <b data-path-to-node=\"2,0\" data-index-in-node=\"94\">din\u00e1mica sostenida de liberaci\u00f3n de la hormona del crecimiento.<\/b> A menudo se le denomina el <b data-path-to-node=\"2,0\" data-index-in-node=\"164\">\u2018&#039;Piloto de se\u00f1al duradera&#039;\u2019<\/b> Esta versi\u00f3n incluye la <b data-path-to-node=\"2,0\" data-index-in-node=\"215\">Complejo de afinidad farmacol\u00f3gica (DAC)<\/b>, que los investigadores utilizan para extender la estabilidad de los compuestos dentro de sistemas experimentales. Esto permite la observaci\u00f3n de <b data-path-to-node=\"2,0\" data-index-in-node=\"364\">se\u00f1alizaci\u00f3n de largo alcance<\/b> y la interacci\u00f3n con los receptores durante per\u00edodos mucho m\u00e1s prolongados que los an\u00e1logos est\u00e1ndar.<\/p>\n<p data-path-to-node=\"2,1\">En entornos de laboratorio, este compuesto es una herramienta clave para el mapeo. <b data-path-to-node=\"2,1\" data-index-in-node=\"64\">Regulaci\u00f3n neuroendocrina y coordinaci\u00f3n metab\u00f3lica.<\/b> Los investigadores lo utilizan para analizar c\u00f3mo una se\u00f1al de &quot;estado estacionario&quot; influye <b data-path-to-node=\"2,1\" data-index-in-node=\"191\">Adaptaci\u00f3n celular y v\u00edas estructurales-tisulares.<\/b> Al proporcionar una ventana prolongada a <b data-path-to-node=\"2,1\" data-index-in-node=\"280\">se\u00f1alizaci\u00f3n somatotr\u00f3pica<\/b>, Este p\u00e9ptido ayuda a los investigadores a comprender c\u00f3mo responden las c\u00e9lulas a una comunicaci\u00f3n constante y a largo plazo sin la r\u00e1pida degradaci\u00f3n que se observa en los modelos tradicionales. Este producto est\u00e1 destinado exclusivamente a <b data-path-to-node=\"2,1\" data-index-in-node=\"501\">investigaci\u00f3n precl\u00ednica<\/b> y no est\u00e1 aprobado para uso humano.<\/p>\n<hr data-start=\"3415\" data-end=\"3418\" \/>\n<h4 data-start=\"3420\" data-end=\"3454\"><strong data-start=\"3423\" data-end=\"3454\">CJC-1295 con estructura DAC<\/strong><\/h4>\n<ul>\n<li data-start=\"3458\" data-end=\"3487\"><strong data-start=\"3458\" data-end=\"3473\">N\u00famero CAS:<\/strong> 446262-90-4<\/li>\n<li data-start=\"3490\" data-end=\"3529\"><strong data-start=\"3490\" data-end=\"3512\">F\u00f3rmula molecular:<\/strong> C\u2081\u2086\u2085H\u2082\u2086\u2089N\u2084\u2087O\u2084\u2086<\/li>\n<li data-start=\"3532\" data-end=\"3568\"><strong data-start=\"3532\" data-end=\"3553\">Peso molecular:<\/strong> ~3.648 g\/mol<\/li>\n<li data-start=\"3571\" data-end=\"3607\"><strong data-start=\"3571\" data-end=\"3593\">Masa monoisot\u00f3pica:<\/strong> ~3.645,0 Da<\/li>\n<li data-start=\"3610\" data-end=\"3654\"><strong data-start=\"3610\" data-end=\"3630\">Compuesto padre:<\/strong> Sermorelina (hGHRH 1-29)<\/li>\n<\/ul>\n<hr data-start=\"3656\" data-end=\"3659\" \/>\n<h4 data-start=\"3661\" data-end=\"3676\"><strong data-start=\"3664\" data-end=\"3676\">Sin\u00f3nimos<\/strong><\/h4>\n<ul>\n<li data-start=\"3680\" data-end=\"3699\">CJC-1295 con DAC<\/li>\n<li data-start=\"3702\" data-end=\"3711\">DAC-GRF<\/li>\n<li data-start=\"3714\" data-end=\"3756\">Conjugado de GHRH (1-29)-MPA tetrasustituido<\/li>\n<\/ul>\n<hr data-start=\"3758\" data-end=\"3761\" \/>\n<h4 data-start=\"3763\" data-end=\"3784\"><strong data-start=\"3766\" data-end=\"3784\">\u00c1reas de Investigaci\u00f3n<\/strong><\/h4>\n<ul data-start=\"3786\" data-end=\"4620\">\n<li data-start=\"3786\" data-end=\"3959\">\n<p data-start=\"3788\" data-end=\"3959\"><strong data-start=\"3788\" data-end=\"3832\">Investigaci\u00f3n sobre la v\u00eda de se\u00f1alizaci\u00f3n somatotr\u00f3pica:<\/strong><br data-start=\"3832\" data-end=\"3835\" \/>Investigaci\u00f3n de la activaci\u00f3n del receptor de GHRH, la transducci\u00f3n de se\u00f1ales posterior y la regulaci\u00f3n del eje endocrino en modelos de laboratorio.<\/p>\n<\/li>\n<li data-start=\"3961\" data-end=\"4116\">\n<p data-start=\"3963\" data-end=\"4116\"><strong data-start=\"3963\" data-end=\"4001\">Estudios sobre la regulaci\u00f3n neuroendocrina:<\/strong><br data-start=\"4001\" data-end=\"4004\" \/>Examen de la coordinaci\u00f3n de la se\u00f1alizaci\u00f3n hipotal\u00e1mico-hipofisaria y las respuestas de biomarcadores en sistemas de investigaci\u00f3n controlados.<\/p>\n<\/li>\n<li data-start=\"4118\" data-end=\"4278\">\n<p data-start=\"4120\" data-end=\"4278\"><strong data-start=\"4120\" data-end=\"4151\">Modelos de se\u00f1alizaci\u00f3n metab\u00f3lica:<\/strong><br data-start=\"4151\" data-end=\"4154\" \/>Estudio de las v\u00edas de regulaci\u00f3n de la energ\u00eda celular y la adaptaci\u00f3n de la se\u00f1alizaci\u00f3n metab\u00f3lica asociada con la actividad prolongada de los p\u00e9ptidos.<\/p>\n<\/li>\n<li data-start=\"4280\" data-end=\"4460\">\n<p data-start=\"4282\" data-end=\"4460\"><strong data-start=\"4282\" data-end=\"4323\">Investigaci\u00f3n sobre la se\u00f1alizaci\u00f3n estructural de los tejidos:<\/strong><br data-start=\"4323\" data-end=\"4326\" \/>Evaluaci\u00f3n de los mecanismos de respuesta celular relacionados con las v\u00edas de se\u00f1alizaci\u00f3n del tejido conectivo, muscular y esquel\u00e9tico en modelos precl\u00ednicos.<\/p>\n<\/li>\n<li data-start=\"4462\" data-end=\"4620\">\n<p data-start=\"4464\" data-end=\"4620\"><strong data-start=\"4464\" data-end=\"4508\">Investigaci\u00f3n sobre ritmos circadianos y sincronizaci\u00f3n de se\u00f1ales:<\/strong><br data-start=\"4508\" data-end=\"4511\" \/>Investigaci\u00f3n de las relaciones entre los patrones de se\u00f1alizaci\u00f3n endocrina y la actividad de biomarcadores regulada por el ritmo circadiano.<\/p>\n<\/li>\n<\/ul>\n<hr data-start=\"4622\" data-end=\"4625\" \/>\n<h2 data-start=\"4627\" data-end=\"4660\"><strong data-start=\"4630\" data-end=\"4660\">Resumen condensado de la investigaci\u00f3n<\/strong><\/h2>\n<p data-start=\"4662\" data-end=\"4978\">La investigaci\u00f3n actual utiliza CJC-1295 con DAC como herramienta para examinar <strong data-start=\"4730\" data-end=\"4775\">Din\u00e1mica de se\u00f1alizaci\u00f3n mediada por GHRH extendida<\/strong> dentro de modelos de investigaci\u00f3n neuroendocrina y metab\u00f3lica. Los estudios se centran en <strong data-start=\"4846\" data-end=\"4915\">Regulaci\u00f3n de v\u00edas metab\u00f3licas, activaci\u00f3n de receptores y modulaci\u00f3n de biomarcadores.<\/strong>, con todos los hallazgos a\u00fan <strong data-start=\"4945\" data-end=\"4977\">precl\u00ednico y exploratorio<\/strong>.<\/p>\n<p><strong>Nota solo para fines de investigaci\u00f3n:<\/strong> CJC-1295 con DAC es <strong>no est\u00e1 aprobado por la FDA<\/strong> para uso terap\u00e9utico; los efectos publicados son principalmente precl\u00ednicos y exploratorios.<\/p>","protected":false},"excerpt":{"rendered":"<p>Hormona liberadora de la hormona del crecimiento (GHRH)<\/p>\n<p>Contenido: 5 mg de CJC-1295 + DAC<\/p>\n<p>Formato: Polvo liofilizado<br \/>\nPureza<strong>:<\/strong> <strong>\u2265 99%<\/strong> <strong>Probado en EE. UU.<\/strong>, Pureza Verificada (Probada mediante HPLC)<br \/>\nVerificaci\u00f3n: <strong>Certificados de Autenticidad Verificables<\/strong> (<strong>(Emparejados por Lote)<\/strong><\/p>\n<p><strong><u>Nuevas evidencias de investigaci\u00f3n:<\/u><\/strong><\/p>\n<p data-path-to-node=\"0\">Investigaci\u00f3n sobre <b data-path-to-node=\"2,0\" data-index-in-node=\"13\">CJC-1295 con DAC<\/b> examina la se\u00f1alizaci\u00f3n somatotr\u00f3pica dentro de modelos precl\u00ednicos, centr\u00e1ndose en <b data-path-to-node=\"2,0\" data-index-in-node=\"103\">Activaci\u00f3n del receptor de GHRH.<\/b> Los cient\u00edficos utilizan el componente DAC para estudiar un <b data-path-to-node=\"2,0\" data-index-in-node=\"178\">\u2018&#039;Expansi\u00f3n&#039; de se\u00f1ales celulares<\/b>, observando c\u00f3mo la duraci\u00f3n prolongada afecta las v\u00edas estructurales, tisulares y metab\u00f3licas. Estas investigaciones mapean <b data-path-to-node=\"2,0\" data-index-in-node=\"326\">respuestas celulares adaptativas<\/b> y la coordinaci\u00f3n de se\u00f1ales en entornos controlados, priorizando los datos de las v\u00edas metab\u00f3licas sobre cualquier aplicaci\u00f3n cl\u00ednica.<\/p>\n<p>Mantener el producto en un lugar fresco y oscuro.<br \/>\nSolo para Uso en Investigaci\u00f3n \/ No Regulado por la FDA<\/p>\n<p><strong>Inventario Verificado por Lotes.<\/strong>. Ver 3<sup>rd<\/sup> Ver COA de 3\u00aa Parte.<\/p>","protected":false},"featured_media":2702,"template":"","meta":{"_acf_changed":false},"product_brand":[],"product_cat":[20],"product_tag":[59,166,168,167],"class_list":{"0":"post-992","1":"product","2":"type-product","3":"status-publish","4":"has-post-thumbnail","6":"product_cat-research-compounds","7":"product_tag-connective-tissue-synthesis","8":"product_tag-metabolic-signaling-research","9":"product_tag-neuroendocrine-signaling-models","10":"product_tag-somatotropic-signaling-research","12":"first","13":"instock","14":"taxable","15":"shipping-taxable","16":"purchasable","17":"product-type-simple"},"acf":[],"yoast_head":"<!-- This site is optimized with the Yoast SEO plugin v27.2 - https:\/\/yoast.com\/product\/yoast-seo-wordpress\/ -->\n<title>CJC -1295 with DAC 5mg (Research Only)<\/title>\n<meta name=\"description\" content=\"Explore CJC-1295 with DAC: The &#039;Enduring Signal Pilot&#039; for mapping sustained growth-hormone-releasing dynamics and long-range signaling. Research Use Only.\" \/>\n<meta name=\"robots\" content=\"index, follow, max-snippet:-1, max-image-preview:large, max-video-preview:-1\" \/>\n<link rel=\"canonical\" href=\"https:\/\/optimalbiolabs.com\/es\/producto\/cjc-1295-with-dac-5mg\/\" \/>\n<meta property=\"og:locale\" content=\"es_MX\" \/>\n<meta property=\"og:type\" content=\"article\" \/>\n<meta property=\"og:title\" content=\"CJC-1295 with DAC | The Enduring Signal Pilot\" \/>\n<meta property=\"og:description\" content=\"Go the distance in your research. Learn how the &quot;Enduring Signal Pilot&quot; uses DAC technology to map long-range neuroendocrine and metabolic signaling.\" \/>\n<meta property=\"og:url\" content=\"https:\/\/optimalbiolabs.com\/es\/producto\/cjc-1295-with-dac-5mg\/\" \/>\n<meta property=\"og:site_name\" content=\"Optimal Bio Labs LLC\" \/>\n<meta property=\"article:modified_time\" content=\"2026-03-21T03:06:38+00:00\" \/>\n<meta property=\"og:image\" content=\"https:\/\/optimalbiolabs.com\/wp-content\/uploads\/2026\/01\/6-1.jpg\" \/>\n\t<meta property=\"og:image:width\" content=\"2000\" \/>\n\t<meta property=\"og:image:height\" content=\"1414\" \/>\n\t<meta property=\"og:image:type\" content=\"image\/jpeg\" \/>\n<meta name=\"twitter:card\" content=\"summary_large_image\" \/>\n<meta name=\"twitter:title\" content=\"CJC-1295 with DAC: Long-Range Research\" \/>\n<meta name=\"twitter:description\" content=\"Studying sustained signals? Explore how CJC-1295 with DAC provides an extended window into receptor engagement and cellular adaptation.\" \/>\n<meta name=\"twitter:image\" content=\"https:\/\/optimalbiolabs.com\/wp-content\/uploads\/2026\/01\/6-1.jpg\" \/>\n<meta name=\"twitter:label1\" content=\"Tiempo de lectura\" \/>\n\t<meta name=\"twitter:data1\" content=\"2 minutos\" \/>\n<script type=\"application\/ld+json\" class=\"yoast-schema-graph\">{\"@context\":\"https:\/\/schema.org\",\"@graph\":[{\"@type\":\"WebPage\",\"@id\":\"https:\/\/optimalbiolabs.com\/product\/cjc-1295-with-dac-5mg\/\",\"url\":\"https:\/\/optimalbiolabs.com\/product\/cjc-1295-with-dac-5mg\/\",\"name\":\"CJC -1295 with DAC 5mg (Research Only)\",\"isPartOf\":{\"@id\":\"https:\/\/optimalbiolabs.com\/#website\"},\"primaryImageOfPage\":{\"@id\":\"https:\/\/optimalbiolabs.com\/product\/cjc-1295-with-dac-5mg\/#primaryimage\"},\"image\":{\"@id\":\"https:\/\/optimalbiolabs.com\/product\/cjc-1295-with-dac-5mg\/#primaryimage\"},\"thumbnailUrl\":\"https:\/\/optimalbiolabs.com\/wp-content\/uploads\/2026\/01\/6-1.jpg\",\"datePublished\":\"2025-11-20T20:18:09+00:00\",\"dateModified\":\"2026-03-21T03:06:38+00:00\",\"description\":\"Explore CJC-1295 with DAC: The 'Enduring Signal Pilot' for mapping sustained growth-hormone-releasing dynamics and long-range signaling. Research Use Only.\",\"breadcrumb\":{\"@id\":\"https:\/\/optimalbiolabs.com\/product\/cjc-1295-with-dac-5mg\/#breadcrumb\"},\"inLanguage\":\"es\",\"potentialAction\":[{\"@type\":\"ReadAction\",\"target\":[\"https:\/\/optimalbiolabs.com\/product\/cjc-1295-with-dac-5mg\/\"]}]},{\"@type\":\"ImageObject\",\"inLanguage\":\"es\",\"@id\":\"https:\/\/optimalbiolabs.com\/product\/cjc-1295-with-dac-5mg\/#primaryimage\",\"url\":\"https:\/\/optimalbiolabs.com\/wp-content\/uploads\/2026\/01\/6-1.jpg\",\"contentUrl\":\"https:\/\/optimalbiolabs.com\/wp-content\/uploads\/2026\/01\/6-1.jpg\",\"width\":2000,\"height\":1414,\"caption\":\"CJC-1295 with DAC 5mg Research Peptide Vial\"},{\"@type\":\"BreadcrumbList\",\"@id\":\"https:\/\/optimalbiolabs.com\/product\/cjc-1295-with-dac-5mg\/#breadcrumb\",\"itemListElement\":[{\"@type\":\"ListItem\",\"position\":1,\"name\":\"Home\",\"item\":\"https:\/\/optimalbiolabs.com\/\"},{\"@type\":\"ListItem\",\"position\":2,\"name\":\"Browse\",\"item\":\"https:\/\/optimalbiolabs.com\/browse\/\"},{\"@type\":\"ListItem\",\"position\":3,\"name\":\"CJC -1295 with DAC 5mg (Research Only)\"}]},{\"@type\":\"WebSite\",\"@id\":\"https:\/\/optimalbiolabs.com\/#website\",\"url\":\"https:\/\/optimalbiolabs.com\/\",\"name\":\"Optimal Bio Labs LLC\",\"description\":\"Premium US-based research compounds. Third-party verified for 99% purity. High-grade laboratory supplies you can trust. Proudly owned and operated in the USA\",\"publisher\":{\"@id\":\"https:\/\/optimalbiolabs.com\/#organization\"},\"alternateName\":\"Optimal Bio Labs\",\"potentialAction\":[{\"@type\":\"SearchAction\",\"target\":{\"@type\":\"EntryPoint\",\"urlTemplate\":\"https:\/\/optimalbiolabs.com\/?s={search_term_string}\"},\"query-input\":{\"@type\":\"PropertyValueSpecification\",\"valueRequired\":true,\"valueName\":\"search_term_string\"}}],\"inLanguage\":\"es\"},{\"@type\":\"Organization\",\"@id\":\"https:\/\/optimalbiolabs.com\/#organization\",\"name\":\"Optimal Bio Labs LLC\",\"url\":\"https:\/\/optimalbiolabs.com\/\",\"logo\":{\"@type\":\"ImageObject\",\"inLanguage\":\"es\",\"@id\":\"https:\/\/optimalbiolabs.com\/#\/schema\/logo\/image\/\",\"url\":\"https:\/\/optimalbiolabs.com\/wp-content\/uploads\/2025\/12\/BIO-LABS.png\",\"contentUrl\":\"https:\/\/optimalbiolabs.com\/wp-content\/uploads\/2025\/12\/BIO-LABS.png\",\"width\":720,\"height\":720,\"caption\":\"Optimal Bio Labs LLC\"},\"image\":{\"@id\":\"https:\/\/optimalbiolabs.com\/#\/schema\/logo\/image\/\"}}]}<\/script>\n<!-- \/ Yoast SEO plugin. -->","yoast_head_json":{"title":"CJC-1295 w\/DAC 5 mg (Solo Investigaci\u00f3n)","description":"Explore CJC-1295 with DAC: The 'Enduring Signal Pilot' for mapping sustained growth-hormone-releasing dynamics and long-range signaling. Research Use Only.","robots":{"index":"index","follow":"follow","max-snippet":"max-snippet:-1","max-image-preview":"max-image-preview:large","max-video-preview":"max-video-preview:-1"},"canonical":"https:\/\/optimalbiolabs.com\/es\/producto\/cjc-1295-with-dac-5mg\/","og_locale":"es_MX","og_type":"article","og_title":"CJC-1295 with DAC | The Enduring Signal Pilot","og_description":"Go the distance in your research. Learn how the \"Enduring Signal Pilot\" uses DAC technology to map long-range neuroendocrine and metabolic signaling.","og_url":"https:\/\/optimalbiolabs.com\/es\/producto\/cjc-1295-with-dac-5mg\/","og_site_name":"Optimal Bio Labs LLC","article_modified_time":"2026-03-21T03:06:38+00:00","og_image":[{"width":2000,"height":1414,"url":"https:\/\/optimalbiolabs.com\/wp-content\/uploads\/2026\/01\/6-1.jpg","type":"image\/jpeg"}],"twitter_card":"summary_large_image","twitter_title":"CJC-1295 with DAC: Long-Range Research","twitter_description":"Studying sustained signals? Explore how CJC-1295 with DAC provides an extended window into receptor engagement and cellular adaptation.","twitter_image":"https:\/\/optimalbiolabs.com\/wp-content\/uploads\/2026\/01\/6-1.jpg","twitter_misc":{"Tiempo de lectura":"2 minutos"},"schema":{"@context":"https:\/\/schema.org","@graph":[{"@type":"WebPage","@id":"https:\/\/optimalbiolabs.com\/product\/cjc-1295-with-dac-5mg\/","url":"https:\/\/optimalbiolabs.com\/product\/cjc-1295-with-dac-5mg\/","name":"CJC-1295 w\/DAC 5 mg (Solo Investigaci\u00f3n)","isPartOf":{"@id":"https:\/\/optimalbiolabs.com\/#website"},"primaryImageOfPage":{"@id":"https:\/\/optimalbiolabs.com\/product\/cjc-1295-with-dac-5mg\/#primaryimage"},"image":{"@id":"https:\/\/optimalbiolabs.com\/product\/cjc-1295-with-dac-5mg\/#primaryimage"},"thumbnailUrl":"https:\/\/optimalbiolabs.com\/wp-content\/uploads\/2026\/01\/6-1.jpg","datePublished":"2025-11-20T20:18:09+00:00","dateModified":"2026-03-21T03:06:38+00:00","description":"Explore CJC-1295 with DAC: The 'Enduring Signal Pilot' for mapping sustained growth-hormone-releasing dynamics and long-range signaling. Research Use Only.","breadcrumb":{"@id":"https:\/\/optimalbiolabs.com\/product\/cjc-1295-with-dac-5mg\/#breadcrumb"},"inLanguage":"es","potentialAction":[{"@type":"ReadAction","target":["https:\/\/optimalbiolabs.com\/product\/cjc-1295-with-dac-5mg\/"]}]},{"@type":"ImageObject","inLanguage":"es","@id":"https:\/\/optimalbiolabs.com\/product\/cjc-1295-with-dac-5mg\/#primaryimage","url":"https:\/\/optimalbiolabs.com\/wp-content\/uploads\/2026\/01\/6-1.jpg","contentUrl":"https:\/\/optimalbiolabs.com\/wp-content\/uploads\/2026\/01\/6-1.jpg","width":2000,"height":1414,"caption":"CJC-1295 with DAC 5mg Research Peptide Vial"},{"@type":"BreadcrumbList","@id":"https:\/\/optimalbiolabs.com\/product\/cjc-1295-with-dac-5mg\/#breadcrumb","itemListElement":[{"@type":"ListItem","position":1,"name":"Home","item":"https:\/\/optimalbiolabs.com\/"},{"@type":"ListItem","position":2,"name":"Browse","item":"https:\/\/optimalbiolabs.com\/browse\/"},{"@type":"ListItem","position":3,"name":"CJC -1295 with DAC 5mg (Research Only)"}]},{"@type":"WebSite","@id":"https:\/\/optimalbiolabs.com\/#website","url":"https:\/\/optimalbiolabs.com\/","name":"Laboratorios Biol\u00f3gicos \u00d3ptimos LLC","description":"Compuestos de investigaci\u00f3n de primera calidad fabricados en EE. UU. Pureza 99% verificada por terceros. Suministros de laboratorio de alta calidad en los que puede confiar. Empresa orgullosamente estadounidense.","publisher":{"@id":"https:\/\/optimalbiolabs.com\/#organization"},"alternateName":"Optimal Bio Labs","potentialAction":[{"@type":"SearchAction","target":{"@type":"EntryPoint","urlTemplate":"https:\/\/optimalbiolabs.com\/?s={search_term_string}"},"query-input":{"@type":"PropertyValueSpecification","valueRequired":true,"valueName":"search_term_string"}}],"inLanguage":"es"},{"@type":"Organization","@id":"https:\/\/optimalbiolabs.com\/#organization","name":"Laboratorios Biol\u00f3gicos \u00d3ptimos LLC","url":"https:\/\/optimalbiolabs.com\/","logo":{"@type":"ImageObject","inLanguage":"es","@id":"https:\/\/optimalbiolabs.com\/#\/schema\/logo\/image\/","url":"https:\/\/optimalbiolabs.com\/wp-content\/uploads\/2025\/12\/BIO-LABS.png","contentUrl":"https:\/\/optimalbiolabs.com\/wp-content\/uploads\/2025\/12\/BIO-LABS.png","width":720,"height":720,"caption":"Optimal Bio Labs LLC"},"image":{"@id":"https:\/\/optimalbiolabs.com\/#\/schema\/logo\/image\/"}}]}},"jetpack_sharing_enabled":true,"_links":{"self":[{"href":"https:\/\/optimalbiolabs.com\/es\/wp-json\/wp\/v2\/product\/992","targetHints":{"allow":["GET"]}}],"collection":[{"href":"https:\/\/optimalbiolabs.com\/es\/wp-json\/wp\/v2\/product"}],"about":[{"href":"https:\/\/optimalbiolabs.com\/es\/wp-json\/wp\/v2\/types\/product"}],"wp:featuredmedia":[{"embeddable":true,"href":"https:\/\/optimalbiolabs.com\/es\/wp-json\/wp\/v2\/media\/2702"}],"wp:attachment":[{"href":"https:\/\/optimalbiolabs.com\/es\/wp-json\/wp\/v2\/media?parent=992"}],"wp:term":[{"taxonomy":"product_brand","embeddable":true,"href":"https:\/\/optimalbiolabs.com\/es\/wp-json\/wp\/v2\/product_brand?post=992"},{"taxonomy":"product_cat","embeddable":true,"href":"https:\/\/optimalbiolabs.com\/es\/wp-json\/wp\/v2\/product_cat?post=992"},{"taxonomy":"product_tag","embeddable":true,"href":"https:\/\/optimalbiolabs.com\/es\/wp-json\/wp\/v2\/product_tag?post=992"}],"curies":[{"name":"wp","href":"https:\/\/api.w.org\/{rel}","templated":true}]}}