{"id":988,"date":"2025-11-20T20:18:09","date_gmt":"2025-11-20T20:18:09","guid":{"rendered":"https:\/\/optimalbiolabs.com\/?post_type=product&#038;p=988"},"modified":"2026-04-03T16:37:32","modified_gmt":"2026-04-03T23:37:32","slug":"hospira-bacteriostatic-water-9-benzyl-alcohol","status":"publish","type":"product","link":"https:\/\/optimalbiolabs.com\/es\/product\/hospira-bacteriostatic-water-9-benzyl-alcohol\/","title":{"rendered":"Agua bacteriost\u00e1tica HOSPIRA .9% Alcohol benc\u00edlico (Solo Investigaci\u00f3n)"},"content":{"rendered":"<h3 data-start=\"1265\" data-end=\"1301\"><strong data-start=\"1268\" data-end=\"1301\">Descripci\u00f3n general del agua bacteriost\u00e1tica<\/strong><\/h3>\n<p data-start=\"1302\" data-end=\"1645\">El agua bacteriost\u00e1tica HOSPIRA es una soluci\u00f3n acuosa est\u00e9ril conservada con <strong data-start=\"1376\" data-end=\"1399\">0,9% alcohol benc\u00edlico<\/strong>, fabricado para su uso en entornos controlados de laboratorio y an\u00e1lisis. Cuando se manipula utilizando la t\u00e9cnica as\u00e9ptica adecuada, el conservante ayuda a limitar el crecimiento microbiano despu\u00e9s de la perforaci\u00f3n inicial del vial, lo que contribuye a <strong data-start=\"1607\" data-end=\"1644\">flujos de trabajo de laboratorio de acceso m\u00faltiple<\/strong>.<\/p>\n<p data-start=\"1647\" data-end=\"1860\">Este producto est\u00e1 destinado exclusivamente a <strong data-start=\"1685\" data-end=\"1716\">investigaci\u00f3n y uso anal\u00edtico<\/strong>. No est\u00e1 formulado para fines diagn\u00f3sticos, terap\u00e9uticos o de administraci\u00f3n cl\u00ednica, y no es espec\u00edfico de ning\u00fan p\u00e9ptido o compuesto vendido en este sitio.<\/p>\n<hr data-start=\"1862\" data-end=\"1865\" \/>\n<h3 data-start=\"1867\" data-end=\"1886\"><strong data-start=\"1870\" data-end=\"1886\">Caracter\u00edsticas principales<\/strong><\/h3>\n<ul data-start=\"1887\" data-end=\"2181\">\n<li data-start=\"1887\" data-end=\"1989\">\n<p data-start=\"1889\" data-end=\"1989\"><strong data-start=\"1889\" data-end=\"1920\">Soluci\u00f3n est\u00e9ril conservada:<\/strong> El alcohol benc\u00edlico ayuda a inhibir el crecimiento microbiano despu\u00e9s del acceso inicial.<\/p>\n<\/li>\n<li data-start=\"1990\" data-end=\"2087\">\n<p data-start=\"1992\" data-end=\"2087\"><strong data-start=\"1992\" data-end=\"2019\">Comodidad en el laboratorio:<\/strong> Adecuado para manipulaci\u00f3n controlada de m\u00faltiples usos seg\u00fan los procedimientos operativos est\u00e1ndar institucionales.<\/p>\n<\/li>\n<li data-start=\"2088\" data-end=\"2181\">\n<p data-start=\"2090\" data-end=\"2181\"><strong data-start=\"2090\" data-end=\"2114\">Amplia aplicabilidad:<\/strong> Se utiliza habitualmente en procesos de investigaci\u00f3n, an\u00e1lisis y formulaci\u00f3n.<\/p>\n<\/li>\n<\/ul>\n<hr data-start=\"2183\" data-end=\"2186\" \/>\n<h3 data-start=\"2188\" data-end=\"2206\"><strong data-start=\"2191\" data-end=\"2206\">Composici\u00f3n<\/strong><\/h3>\n<ul>\n<li data-start=\"2209\" data-end=\"2224\">Agua est\u00e9ril<\/li>\n<li data-start=\"2227\" data-end=\"2254\">Alcohol benc\u00edlico 0,9% (p\/v)<\/li>\n<\/ul>\n<hr data-start=\"2256\" data-end=\"2259\" \/>\n<h2 data-start=\"2261\" data-end=\"2286\"><strong data-start=\"2264\" data-end=\"2286\">Manipulaci\u00f3n y almacenamiento<\/strong><\/h2>\n<ul>\n<li data-start=\"2289\" data-end=\"2325\">Utilice siempre una t\u00e9cnica as\u00e9ptica.<\/li>\n<li data-start=\"2328\" data-end=\"2377\">Almacenar seg\u00fan las instrucciones de la etiqueta y proteger de la contaminaci\u00f3n.<\/li>\n<li data-start=\"2380\" data-end=\"2460\">Deseche la soluci\u00f3n si se vuelve turbia, cambia de color o contiene part\u00edculas.<\/li>\n<li data-start=\"2463\" data-end=\"2515\">No lo utilice si el precinto del vial est\u00e1 roto antes de recibirlo.<\/li>\n<\/ul>\n<hr data-start=\"2517\" data-end=\"2520\" \/>\n<h2 data-start=\"2522\" data-end=\"2546\"><strong data-start=\"2525\" data-end=\"2546\">Seguridad y advertencias<\/strong><\/h2>\n<ul>\n<li data-start=\"2549\" data-end=\"2578\">Contiene <strong data-start=\"2558\" data-end=\"2576\">alcohol benc\u00edlico<\/strong><\/li>\n<li data-start=\"2581\" data-end=\"2626\"><strong data-start=\"2581\" data-end=\"2624\">No utilizar en reci\u00e9n nacidos ni lactantes.<\/strong><\/li>\n<li data-start=\"2629\" data-end=\"2691\">No apto para personas con sensibilidad al alcohol benc\u00edlico.<\/li>\n<li data-start=\"2694\" data-end=\"2735\">Solo para personal de laboratorio cualificado<\/li>\n<li data-start=\"2738\" data-end=\"2814\">No se proporcionan instrucciones para la dosificaci\u00f3n, reconstituci\u00f3n o administraci\u00f3n.<\/li>\n<\/ul>\n<hr data-start=\"2816\" data-end=\"2819\" \/>\n<h3 data-start=\"2821\" data-end=\"2855\"><strong data-start=\"2825\" data-end=\"2855\">Declaraci\u00f3n reglamentaria y de uso<\/strong><\/h3>\n<p data-start=\"2856\" data-end=\"3100\">El agua bacteriost\u00e1tica HOSPIRA se vende como un <strong data-start=\"2898\" data-end=\"2966\">Diluyente de laboratorio general para materiales destinados exclusivamente a investigaci\u00f3n (RUO).<\/strong>. No est\u00e1 destinado a uso m\u00e9dico, diagn\u00f3stico ni terap\u00e9utico. No se proporcionan instrucciones de preparaci\u00f3n, dosificaci\u00f3n ni administraci\u00f3n.<\/p>\n<p data-start=\"3102\" data-end=\"3268\"><strong data-start=\"3102\" data-end=\"3120\">Declaraci\u00f3n de la FDA:<\/strong><br data-start=\"3120\" data-end=\"3123\" \/>Estos productos no han sido evaluados por la Administraci\u00f3n de Alimentos y Medicamentos (FDA) y no est\u00e1n destinados a diagnosticar, tratar, curar ni prevenir ninguna enfermedad.<\/p>\n<p data-start=\"3270\" data-end=\"3472\"><strong data-start=\"3270\" data-end=\"3299\">Responsabilidad del comprador:<\/strong><br data-start=\"3299\" data-end=\"3302\" \/>Al realizar la compra, el comprador confirma que est\u00e1 cualificado para manipular materiales RUO y que los utilizar\u00e1 de conformidad con las leyes, reglamentos y pol\u00edticas institucionales aplicables.<\/p>","protected":false},"excerpt":{"rendered":"<p>Contenido: Agua est\u00e9ril + 0,91 TP3T de alcohol benc\u00edlico<\/p>\n<p>Formato: L\u00edquido<br \/>\nPureza: \u2265 99% puro<\/p>\n<p><strong>Nota de compatibilidad:<\/strong> Verifique la compatibilidad del alcohol benc\u00edlico con los materiales de investigaci\u00f3n espec\u00edficos antes de su uso.<\/p>\n<p><u style=\"font-weight: bold;\">Nuevas evidencias de investigaci\u00f3n:<\/u><\/p>\n<p>El agua bacteriost\u00e1tica Hospira que contiene 0,9% de alcohol benc\u00edlico se utiliza com\u00fanmente en entornos de laboratorio como un <strong data-start=\"1027\" data-end=\"1062\">diluyente est\u00e9ril de uso general<\/strong>. Los investigadores utilizan esta soluci\u00f3n para <strong data-start=\"1098\" data-end=\"1189\">preparaci\u00f3n de muestras, flujos de trabajo anal\u00edticos y diluci\u00f3n controlada de materiales de investigaci\u00f3n<\/strong> donde se requiere la inhibici\u00f3n del crecimiento microbiano despu\u00e9s del acceso al vial.<\/p>\n<p>Mantener el producto en un lugar fresco y oscuro.<br \/>\nSolo para Uso en Investigaci\u00f3n \/ No Regulado por la FDA<\/p>","protected":false},"featured_media":3039,"template":"","meta":{"_acf_changed":false},"product_brand":[75],"product_cat":[119,207],"product_tag":[74,193,195,194],"class_list":{"0":"post-988","1":"product","2":"type-product","3":"status-publish","4":"has-post-thumbnail","6":"product_brand-hospira","7":"product_cat-sterile-water","8":"product_cat-x-feed-sales","9":"product_tag-hospira","10":"product_tag-laboratory-diluent","11":"product_tag-research-materials","12":"product_tag-sterile-solutions","14":"first","15":"instock","16":"featured","17":"taxable","18":"shipping-taxable","19":"purchasable","20":"product-type-simple"},"acf":[],"yoast_head":"<!-- This site is optimized with the Yoast SEO plugin v27.2 - https:\/\/yoast.com\/product\/yoast-seo-wordpress\/ -->\n<title>HOSPIRA Bacteriostatic Water .9% Benzyl Alcohol (Research Only)<\/title>\n<meta name=\"description\" content=\"Hospira bacteriostatic water with 0.9% benzyl alcohol for laboratory dilution, sample preparation, and analytical research workflows. Research Use Only.\" \/>\n<meta name=\"robots\" content=\"index, follow, max-snippet:-1, max-image-preview:large, max-video-preview:-1\" \/>\n<link rel=\"canonical\" href=\"https:\/\/optimalbiolabs.com\/es\/producto\/hospira-bacteriostatic-water-9-benzyl-alcohol\/\" \/>\n<meta property=\"og:locale\" content=\"es_MX\" \/>\n<meta property=\"og:type\" content=\"article\" \/>\n<meta property=\"og:title\" content=\"HOSPIRA Bacteriostatic Water .9% Benzyl Alcohol (Research Only)\" \/>\n<meta property=\"og:description\" content=\"Hospira bacteriostatic water with 0.9% benzyl alcohol for laboratory dilution, sample preparation, and analytical research workflows. Research Use Only.\" \/>\n<meta property=\"og:url\" content=\"https:\/\/optimalbiolabs.com\/es\/producto\/hospira-bacteriostatic-water-9-benzyl-alcohol\/\" \/>\n<meta property=\"og:site_name\" content=\"Optimal Bio Labs LLC\" \/>\n<meta property=\"article:modified_time\" content=\"2026-04-03T23:37:32+00:00\" \/>\n<meta property=\"og:image\" content=\"https:\/\/optimalbiolabs.com\/wp-content\/uploads\/2025\/11\/1-1.jpg\" \/>\n\t<meta property=\"og:image:width\" content=\"2000\" \/>\n\t<meta property=\"og:image:height\" content=\"1414\" \/>\n\t<meta property=\"og:image:type\" content=\"image\/jpeg\" \/>\n<meta name=\"twitter:card\" content=\"summary_large_image\" \/>\n<meta name=\"twitter:label1\" content=\"Tiempo de lectura\" \/>\n\t<meta name=\"twitter:data1\" content=\"2 minutos\" \/>\n<script type=\"application\/ld+json\" class=\"yoast-schema-graph\">{\"@context\":\"https:\/\/schema.org\",\"@graph\":[{\"@type\":\"WebPage\",\"@id\":\"https:\/\/optimalbiolabs.com\/product\/hospira-bacteriostatic-water-9-benzyl-alcohol\/\",\"url\":\"https:\/\/optimalbiolabs.com\/product\/hospira-bacteriostatic-water-9-benzyl-alcohol\/\",\"name\":\"HOSPIRA Bacteriostatic Water .9% Benzyl Alcohol (Research Only)\",\"isPartOf\":{\"@id\":\"https:\/\/optimalbiolabs.com\/#website\"},\"primaryImageOfPage\":{\"@id\":\"https:\/\/optimalbiolabs.com\/product\/hospira-bacteriostatic-water-9-benzyl-alcohol\/#primaryimage\"},\"image\":{\"@id\":\"https:\/\/optimalbiolabs.com\/product\/hospira-bacteriostatic-water-9-benzyl-alcohol\/#primaryimage\"},\"thumbnailUrl\":\"https:\/\/optimalbiolabs.com\/wp-content\/uploads\/2025\/11\/1-1.jpg\",\"datePublished\":\"2025-11-20T20:18:09+00:00\",\"dateModified\":\"2026-04-03T23:37:32+00:00\",\"description\":\"Hospira bacteriostatic water with 0.9% benzyl alcohol for laboratory dilution, sample preparation, and analytical research workflows. Research Use Only.\",\"breadcrumb\":{\"@id\":\"https:\/\/optimalbiolabs.com\/product\/hospira-bacteriostatic-water-9-benzyl-alcohol\/#breadcrumb\"},\"inLanguage\":\"es\",\"potentialAction\":[{\"@type\":\"ReadAction\",\"target\":[\"https:\/\/optimalbiolabs.com\/product\/hospira-bacteriostatic-water-9-benzyl-alcohol\/\"]}]},{\"@type\":\"ImageObject\",\"inLanguage\":\"es\",\"@id\":\"https:\/\/optimalbiolabs.com\/product\/hospira-bacteriostatic-water-9-benzyl-alcohol\/#primaryimage\",\"url\":\"https:\/\/optimalbiolabs.com\/wp-content\/uploads\/2025\/11\/1-1.jpg\",\"contentUrl\":\"https:\/\/optimalbiolabs.com\/wp-content\/uploads\/2025\/11\/1-1.jpg\",\"width\":2000,\"height\":1414,\"caption\":\"Hospira Bacteriostatic Water 30ml\"},{\"@type\":\"BreadcrumbList\",\"@id\":\"https:\/\/optimalbiolabs.com\/product\/hospira-bacteriostatic-water-9-benzyl-alcohol\/#breadcrumb\",\"itemListElement\":[{\"@type\":\"ListItem\",\"position\":1,\"name\":\"Home\",\"item\":\"https:\/\/optimalbiolabs.com\/\"},{\"@type\":\"ListItem\",\"position\":2,\"name\":\"Browse\",\"item\":\"https:\/\/optimalbiolabs.com\/browse\/\"},{\"@type\":\"ListItem\",\"position\":3,\"name\":\"HOSPIRA Bacteriostatic Water .9% Benzyl Alcohol (Research Only)\"}]},{\"@type\":\"WebSite\",\"@id\":\"https:\/\/optimalbiolabs.com\/#website\",\"url\":\"https:\/\/optimalbiolabs.com\/\",\"name\":\"Optimal Bio Labs LLC\",\"description\":\"Premium US-based research compounds. Third-party verified for 99% purity. High-grade laboratory supplies you can trust. Proudly owned and operated in the USA\",\"publisher\":{\"@id\":\"https:\/\/optimalbiolabs.com\/#organization\"},\"alternateName\":\"Optimal Bio Labs\",\"potentialAction\":[{\"@type\":\"SearchAction\",\"target\":{\"@type\":\"EntryPoint\",\"urlTemplate\":\"https:\/\/optimalbiolabs.com\/?s={search_term_string}\"},\"query-input\":{\"@type\":\"PropertyValueSpecification\",\"valueRequired\":true,\"valueName\":\"search_term_string\"}}],\"inLanguage\":\"es\"},{\"@type\":\"Organization\",\"@id\":\"https:\/\/optimalbiolabs.com\/#organization\",\"name\":\"Optimal Bio Labs LLC\",\"url\":\"https:\/\/optimalbiolabs.com\/\",\"logo\":{\"@type\":\"ImageObject\",\"inLanguage\":\"es\",\"@id\":\"https:\/\/optimalbiolabs.com\/#\/schema\/logo\/image\/\",\"url\":\"https:\/\/optimalbiolabs.com\/wp-content\/uploads\/2025\/12\/BIO-LABS.png\",\"contentUrl\":\"https:\/\/optimalbiolabs.com\/wp-content\/uploads\/2025\/12\/BIO-LABS.png\",\"width\":720,\"height\":720,\"caption\":\"Optimal Bio Labs LLC\"},\"image\":{\"@id\":\"https:\/\/optimalbiolabs.com\/#\/schema\/logo\/image\/\"}}]}<\/script>\n<!-- \/ Yoast SEO plugin. -->","yoast_head_json":{"title":"Agua bacteriost\u00e1tica HOSPIRA .9% Alcohol benc\u00edlico (Solo Investigaci\u00f3n)","description":"Hospira bacteriostatic water with 0.9% benzyl alcohol for laboratory dilution, sample preparation, and analytical research workflows. Research Use Only.","robots":{"index":"index","follow":"follow","max-snippet":"max-snippet:-1","max-image-preview":"max-image-preview:large","max-video-preview":"max-video-preview:-1"},"canonical":"https:\/\/optimalbiolabs.com\/es\/producto\/hospira-bacteriostatic-water-9-benzyl-alcohol\/","og_locale":"es_MX","og_type":"article","og_title":"HOSPIRA Bacteriostatic Water .9% Benzyl Alcohol (Research Only)","og_description":"Hospira bacteriostatic water with 0.9% benzyl alcohol for laboratory dilution, sample preparation, and analytical research workflows. Research Use Only.","og_url":"https:\/\/optimalbiolabs.com\/es\/producto\/hospira-bacteriostatic-water-9-benzyl-alcohol\/","og_site_name":"Optimal Bio Labs LLC","article_modified_time":"2026-04-03T23:37:32+00:00","og_image":[{"width":2000,"height":1414,"url":"https:\/\/optimalbiolabs.com\/wp-content\/uploads\/2025\/11\/1-1.jpg","type":"image\/jpeg"}],"twitter_card":"summary_large_image","twitter_misc":{"Tiempo de lectura":"2 minutos"},"schema":{"@context":"https:\/\/schema.org","@graph":[{"@type":"WebPage","@id":"https:\/\/optimalbiolabs.com\/product\/hospira-bacteriostatic-water-9-benzyl-alcohol\/","url":"https:\/\/optimalbiolabs.com\/product\/hospira-bacteriostatic-water-9-benzyl-alcohol\/","name":"Agua bacteriost\u00e1tica HOSPIRA .9% Alcohol benc\u00edlico (Solo Investigaci\u00f3n)","isPartOf":{"@id":"https:\/\/optimalbiolabs.com\/#website"},"primaryImageOfPage":{"@id":"https:\/\/optimalbiolabs.com\/product\/hospira-bacteriostatic-water-9-benzyl-alcohol\/#primaryimage"},"image":{"@id":"https:\/\/optimalbiolabs.com\/product\/hospira-bacteriostatic-water-9-benzyl-alcohol\/#primaryimage"},"thumbnailUrl":"https:\/\/optimalbiolabs.com\/wp-content\/uploads\/2025\/11\/1-1.jpg","datePublished":"2025-11-20T20:18:09+00:00","dateModified":"2026-04-03T23:37:32+00:00","description":"Hospira bacteriostatic water with 0.9% benzyl alcohol for laboratory dilution, sample preparation, and analytical research workflows. Research Use Only.","breadcrumb":{"@id":"https:\/\/optimalbiolabs.com\/product\/hospira-bacteriostatic-water-9-benzyl-alcohol\/#breadcrumb"},"inLanguage":"es","potentialAction":[{"@type":"ReadAction","target":["https:\/\/optimalbiolabs.com\/product\/hospira-bacteriostatic-water-9-benzyl-alcohol\/"]}]},{"@type":"ImageObject","inLanguage":"es","@id":"https:\/\/optimalbiolabs.com\/product\/hospira-bacteriostatic-water-9-benzyl-alcohol\/#primaryimage","url":"https:\/\/optimalbiolabs.com\/wp-content\/uploads\/2025\/11\/1-1.jpg","contentUrl":"https:\/\/optimalbiolabs.com\/wp-content\/uploads\/2025\/11\/1-1.jpg","width":2000,"height":1414,"caption":"Hospira Bacteriostatic Water 30ml"},{"@type":"BreadcrumbList","@id":"https:\/\/optimalbiolabs.com\/product\/hospira-bacteriostatic-water-9-benzyl-alcohol\/#breadcrumb","itemListElement":[{"@type":"ListItem","position":1,"name":"Home","item":"https:\/\/optimalbiolabs.com\/"},{"@type":"ListItem","position":2,"name":"Browse","item":"https:\/\/optimalbiolabs.com\/browse\/"},{"@type":"ListItem","position":3,"name":"HOSPIRA Bacteriostatic Water .9% Benzyl Alcohol (Research Only)"}]},{"@type":"WebSite","@id":"https:\/\/optimalbiolabs.com\/#website","url":"https:\/\/optimalbiolabs.com\/","name":"Laboratorios Biol\u00f3gicos \u00d3ptimos LLC","description":"Compuestos de investigaci\u00f3n de primera calidad fabricados en EE. UU. Pureza 99% verificada por terceros. Suministros de laboratorio de alta calidad en los que puede confiar. Empresa orgullosamente estadounidense.","publisher":{"@id":"https:\/\/optimalbiolabs.com\/#organization"},"alternateName":"Optimal Bio Labs","potentialAction":[{"@type":"SearchAction","target":{"@type":"EntryPoint","urlTemplate":"https:\/\/optimalbiolabs.com\/?s={search_term_string}"},"query-input":{"@type":"PropertyValueSpecification","valueRequired":true,"valueName":"search_term_string"}}],"inLanguage":"es"},{"@type":"Organization","@id":"https:\/\/optimalbiolabs.com\/#organization","name":"Laboratorios Biol\u00f3gicos \u00d3ptimos LLC","url":"https:\/\/optimalbiolabs.com\/","logo":{"@type":"ImageObject","inLanguage":"es","@id":"https:\/\/optimalbiolabs.com\/#\/schema\/logo\/image\/","url":"https:\/\/optimalbiolabs.com\/wp-content\/uploads\/2025\/12\/BIO-LABS.png","contentUrl":"https:\/\/optimalbiolabs.com\/wp-content\/uploads\/2025\/12\/BIO-LABS.png","width":720,"height":720,"caption":"Optimal Bio Labs LLC"},"image":{"@id":"https:\/\/optimalbiolabs.com\/#\/schema\/logo\/image\/"}}]}},"jetpack_sharing_enabled":true,"_links":{"self":[{"href":"https:\/\/optimalbiolabs.com\/es\/wp-json\/wp\/v2\/product\/988","targetHints":{"allow":["GET"]}}],"collection":[{"href":"https:\/\/optimalbiolabs.com\/es\/wp-json\/wp\/v2\/product"}],"about":[{"href":"https:\/\/optimalbiolabs.com\/es\/wp-json\/wp\/v2\/types\/product"}],"wp:featuredmedia":[{"embeddable":true,"href":"https:\/\/optimalbiolabs.com\/es\/wp-json\/wp\/v2\/media\/3039"}],"wp:attachment":[{"href":"https:\/\/optimalbiolabs.com\/es\/wp-json\/wp\/v2\/media?parent=988"}],"wp:term":[{"taxonomy":"product_brand","embeddable":true,"href":"https:\/\/optimalbiolabs.com\/es\/wp-json\/wp\/v2\/product_brand?post=988"},{"taxonomy":"product_cat","embeddable":true,"href":"https:\/\/optimalbiolabs.com\/es\/wp-json\/wp\/v2\/product_cat?post=988"},{"taxonomy":"product_tag","embeddable":true,"href":"https:\/\/optimalbiolabs.com\/es\/wp-json\/wp\/v2\/product_tag?post=988"}],"curies":[{"name":"wp","href":"https:\/\/api.w.org\/{rel}","templated":true}]}}