{"id":985,"date":"2025-11-20T20:18:09","date_gmt":"2025-11-20T20:18:09","guid":{"rendered":"https:\/\/optimalbiolabs.com\/?post_type=product&#038;p=985"},"modified":"2026-04-08T18:46:27","modified_gmt":"2026-04-09T01:46:27","slug":"aod-9604-5mg","status":"publish","type":"product","link":"https:\/\/optimalbiolabs.com\/es\/product\/aod-9604-5mg\/","title":{"rendered":"AOD-9604 5 mg (Solo Investigaci\u00f3n)"},"content":{"rendered":"<p><strong>Nuevas Evidencias de Investigaci\u00f3n \u2014 AOD-9604:<\/strong><\/p>\n<p data-path-to-node=\"3,0\"><b data-path-to-node=\"3,0\" data-index-in-node=\"1\">AOD-9604<\/b> se estudia en modelos de laboratorio como un <b data-path-to-node=\"3,0\" data-index-in-node=\"57\">\u2018&#039;Escultor metab\u00f3lico&#039;\u2019<\/b> para mapear se\u00f1ales involucradas en v\u00edas de liberaci\u00f3n y almacenamiento de energ\u00eda. La investigaci\u00f3n se centra en su perfil metab\u00f3lico neutro en glucosa y su papel en la coordinaci\u00f3n de <b data-path-to-node=\"3,0\" data-index-in-node=\"256\">se\u00f1ales de liberaci\u00f3n de energ\u00eda<\/b> dentro de sistemas de mantenimiento \u00f3seo y cart\u00edlago. <b data-path-to-node=\"3,0\" data-index-in-node=\"362\">Perfil metab\u00f3lico neutro en glucosa:<\/b>estas investigaciones priorizan la comprensi\u00f3n de patrones de comunicaci\u00f3n molecular m\u00e1s que resultados f\u00edsicos o cl\u00ednicos.<\/p>\n<p data-path-to-node=\"3,1\">M\u00e1s all\u00e1 de la se\u00f1alizaci\u00f3n energ\u00e9tica, se investiga el papel de AOD-9604 en la <b data-path-to-node=\"3,1\" data-index-in-node=\"70\">\u2018'Plano Estructural'\u2019<\/b> del cuerpo. Los modelos de investigaci\u00f3n lo utilizan para examinar <b data-path-to-node=\"3,1\" data-index-in-node=\"140\">se\u00f1ales de mantenimiento del cart\u00edlago<\/b> y las v\u00edas responsables de la estabilidad de la densidad \u00f3sea. Esto la convierte en una herramienta de doble prop\u00f3sito para estudiar <b data-path-to-node=\"3,1\" data-index-in-node=\"279\">eficiencia metab\u00f3lica y envejecimiento estructural<\/b> dentro de sistemas de investigaci\u00f3n controlados, centr\u00e1ndose estrictamente en la comunicaci\u00f3n molecular en lugar del peso f\u00edsico o los resultados de salud.<\/p>\n<p><strong>Estructura del AOD-9604<\/strong><\/p>\n<p><strong>N\u00famero CAS:<\/strong> 221231-10-3<\/p>\n<p><strong>F\u00f3rmula molecular:<\/strong> C\u2087\u2088H\u2081\u2082\u2083N\u2082\u2083O\u2082\u2083S\u2082<\/p>\n<p><strong>Peso molecular (promedio):<\/strong> \u2248 1815,1 g\/mol<\/p>\n<p><strong>Masa monoisot\u00f3pica (exacta):<\/strong> \u2248 1813,8604 Da<\/p>\n<p><strong>Compuesto de origen:<\/strong> Hormona del crecimiento humana (hGH), fragmento C-terminal 176\u2013191 (modificado con tirosina)<\/p>\n<p><strong>Sin\u00f3nimos <\/strong><\/p>\n<ul>\n<li>AOD-9604<\/li>\n<li>AOD9604<\/li>\n<li>Fragmento 176\u2013191 de hGH (modificado con tirosina)<\/li>\n<li>Abreviatura de secuencia pept\u00eddica YLRIVQCRSVEGSCGF<\/li>\n<\/ul>\n<h3 data-start=\"3884\" data-end=\"3906\"><strong data-start=\"3888\" data-end=\"3906\">\u00c1reas de Investigaci\u00f3n<\/strong><\/h3>\n<ul>\n<li data-start=\"3910\" data-end=\"3957\">Modelos de se\u00f1alizaci\u00f3n y lip\u00f3lisis del tejido adiposo<\/li>\n<li data-start=\"3960\" data-end=\"4002\">Investigaci\u00f3n de v\u00edas metab\u00f3licas (precl\u00ednica)<\/li>\n<li data-start=\"4005\" data-end=\"4050\">Estudios de se\u00f1alizaci\u00f3n metab\u00f3lica neutra en glucosa<\/li>\n<li data-start=\"4053\" data-end=\"4099\">Modelos de se\u00f1alizaci\u00f3n relacionados con el hueso y el cart\u00edlago<\/li>\n<li data-start=\"4102\" data-end=\"4147\">Investigaci\u00f3n sobre la interacci\u00f3n de la se\u00f1alizaci\u00f3n \u03b2-adren\u00e9rgica<\/li>\n<li data-start=\"4150\" data-end=\"4223\">Modelos de investigaci\u00f3n sobre regeneraci\u00f3n de cart\u00edlago y osteoartritis (a menudo con \u00e1cido hialur\u00f3nico)<\/li>\n<\/ul>\n<h3>Resumen condensado de la investigaci\u00f3n<\/h3>\n<p><b data-path-to-node=\"2\" data-index-in-node=\"0\">AOD-9604<\/b> se utiliza como una herramienta de precisi\u00f3n de <b data-path-to-node=\"2\" data-index-in-node=\"36\">mapeo de investigaci\u00f3n<\/b> para estudiar las v\u00edas del \"Escultor Metab\u00f3lico\" que coordinan el <b data-path-to-node=\"2\" data-index-in-node=\"112\">almacenamiento de energ\u00eda y la integridad estructural.<\/b> En entornos de laboratorio, este p\u00e9ptido permite a los investigadores rastrear el flujo de <b data-path-to-node=\"2\" data-index-in-node=\"230\">se\u00f1ales de liberaci\u00f3n de energ\u00eda<\/b> mientras se mantiene un entorno metab\u00f3licamente neutro en glucosa. <b data-path-to-node=\"2\" data-index-in-node=\"340\">Estas investigaciones se centran en el mapeo de la comunicaci\u00f3n celular<\/b> dentro de los sistemas metab\u00f3lico y esquel\u00e9tico, espec\u00edficamente el mantenimiento del cart\u00edlago, sin hacer referencia a la p\u00e9rdida de peso, el rendimiento f\u00edsico o los resultados cl\u00ednicos.<\/p>\n<p><strong>Nota solo para fines de investigaci\u00f3n:<\/strong> AOD-9604 <strong>no est\u00e1 aprobado por la FDA<\/strong> para uso terap\u00e9utico; los efectos publicados son principalmente precl\u00ednicos y exploratorios.<\/p>","protected":false},"excerpt":{"rendered":"<p>Contenido: 5 mg de AOD-9604<\/p>\n<p>Formato: Polvo liofilizado<br \/>\nPureza<strong>:<\/strong> <strong>\u2265 99%<\/strong> <strong>Probado en EE. UU.<\/strong>, Pureza Verificada (Probada mediante HPLC)<br \/>\nVerificaci\u00f3n: <strong>Certificados de Autenticidad Verificables<\/strong> (<strong>(Emparejados por Lote)<\/strong><\/p>\n<p><strong><u>Nuevas evidencias de investigaci\u00f3n:<\/u><\/strong><\/p>\n<p>AOD-9604 se estudia en modelos de laboratorio como un <b data-path-to-node=\"2,0\" data-index-in-node=\"47\">\u2018&#039;Escultor metab\u00f3lico&#039;\u2019<\/b> para mapear las se\u00f1ales involucradas en <b data-path-to-node=\"2,0\" data-index-in-node=\"99\">V\u00edas de liberaci\u00f3n y almacenamiento de energ\u00eda.<\/b> El enfoque de la investigaci\u00f3n se centra en su <b data-path-to-node=\"2,0\" data-index-in-node=\"166\">perfil metab\u00f3lico neutro en glucosa<\/b> y su papel en la coordinaci\u00f3n <b data-path-to-node=\"2,0\" data-index-in-node=\"229\">se\u00f1ales de integridad estructural<\/b> dentro de los sistemas de mantenimiento de huesos y cart\u00edlagos. Estas investigaciones priorizan la comprensi\u00f3n <b data-path-to-node=\"2,0\" data-index-in-node=\"351\">patrones de comunicaci\u00f3n molecular<\/b> m\u00e1s que la p\u00e9rdida de peso f\u00edsica o los resultados cl\u00ednicos.<\/p>\n<p>Mantener el producto en un lugar fresco y oscuro.<br \/>\nSolo para Uso en Investigaci\u00f3n \/ No Regulado por la FDA<\/p>\n<p><strong>Inventario Verificado por Lotes.<\/strong>. Ver 3<sup>rd<\/sup> Ver COA de 3\u00aa Parte.<\/p>","protected":false},"featured_media":2709,"template":"","meta":{"_acf_changed":false},"product_brand":[],"product_cat":[20],"product_tag":[71,70,72],"class_list":{"0":"post-985","1":"product","2":"type-product","3":"status-publish","4":"has-post-thumbnail","6":"product_cat-research-compounds","7":"product_tag-adipose-tissue-modulation","8":"product_tag-lipolytic-research","9":"product_tag-osteogenic-signaling","11":"first","12":"instock","13":"taxable","14":"shipping-taxable","15":"purchasable","16":"product-type-simple"},"acf":[],"yoast_head":"<!-- This site is optimized with the Yoast SEO plugin v27.2 - https:\/\/yoast.com\/product\/yoast-seo-wordpress\/ -->\n<title>AOD-9604 5mg (Research Only)<\/title>\n<meta name=\"description\" content=\"Explore AOD-9604: The &#039;Metabolic Sculptor.&#039; A research map for energy-release signals and structural cartilage maintenance pathways. Research Use Only.\" \/>\n<meta name=\"robots\" content=\"index, follow, max-snippet:-1, max-image-preview:large, max-video-preview:-1\" \/>\n<link rel=\"canonical\" href=\"https:\/\/optimalbiolabs.com\/es\/producto\/aod-9604-5mg\/\" \/>\n<meta property=\"og:locale\" content=\"es_MX\" \/>\n<meta property=\"og:type\" content=\"article\" \/>\n<meta property=\"og:title\" content=\"AOD-9604 | Mapping Metabolic Signals\" \/>\n<meta property=\"og:description\" content=\"Study the &quot;Metabolic Sculptor.&quot; AOD-9604 allows researchers to track energy-release signaling and structural pathways without impacting glucose.\" \/>\n<meta property=\"og:url\" content=\"https:\/\/optimalbiolabs.com\/es\/producto\/aod-9604-5mg\/\" \/>\n<meta property=\"og:site_name\" content=\"Optimal Bio Labs LLC\" \/>\n<meta property=\"article:modified_time\" content=\"2026-04-09T01:46:27+00:00\" \/>\n<meta property=\"og:image\" content=\"https:\/\/optimalbiolabs.com\/wp-content\/uploads\/2026\/01\/1-1.jpg\" \/>\n\t<meta property=\"og:image:width\" content=\"2000\" \/>\n\t<meta property=\"og:image:height\" content=\"1414\" \/>\n\t<meta property=\"og:image:type\" content=\"image\/jpeg\" \/>\n<meta name=\"twitter:card\" content=\"summary_large_image\" \/>\n<meta name=\"twitter:title\" content=\"AOD-9604: The Science of Metabolic Sculpting\" \/>\n<meta name=\"twitter:description\" content=\"Researching energy storage? Explore AOD-9604 for data on glucose-neutral signaling and cartilage maintenance pathways.\" \/>\n<meta name=\"twitter:image\" content=\"https:\/\/optimalbiolabs.com\/wp-content\/uploads\/2026\/01\/1-1.jpg\" \/>\n<meta name=\"twitter:label1\" content=\"Tiempo de lectura\" \/>\n\t<meta name=\"twitter:data1\" content=\"2 minutos\" \/>\n<script type=\"application\/ld+json\" class=\"yoast-schema-graph\">{\"@context\":\"https:\/\/schema.org\",\"@graph\":[{\"@type\":\"WebPage\",\"@id\":\"https:\/\/optimalbiolabs.com\/product\/aod-9604-5mg\/\",\"url\":\"https:\/\/optimalbiolabs.com\/product\/aod-9604-5mg\/\",\"name\":\"AOD-9604 5mg (Research Only)\",\"isPartOf\":{\"@id\":\"https:\/\/optimalbiolabs.com\/#website\"},\"primaryImageOfPage\":{\"@id\":\"https:\/\/optimalbiolabs.com\/product\/aod-9604-5mg\/#primaryimage\"},\"image\":{\"@id\":\"https:\/\/optimalbiolabs.com\/product\/aod-9604-5mg\/#primaryimage\"},\"thumbnailUrl\":\"https:\/\/optimalbiolabs.com\/wp-content\/uploads\/2026\/01\/1-1.jpg\",\"datePublished\":\"2025-11-20T20:18:09+00:00\",\"dateModified\":\"2026-04-09T01:46:27+00:00\",\"description\":\"Explore AOD-9604: The 'Metabolic Sculptor.' A research map for energy-release signals and structural cartilage maintenance pathways. Research Use Only.\",\"breadcrumb\":{\"@id\":\"https:\/\/optimalbiolabs.com\/product\/aod-9604-5mg\/#breadcrumb\"},\"inLanguage\":\"es\",\"potentialAction\":[{\"@type\":\"ReadAction\",\"target\":[\"https:\/\/optimalbiolabs.com\/product\/aod-9604-5mg\/\"]}]},{\"@type\":\"ImageObject\",\"inLanguage\":\"es\",\"@id\":\"https:\/\/optimalbiolabs.com\/product\/aod-9604-5mg\/#primaryimage\",\"url\":\"https:\/\/optimalbiolabs.com\/wp-content\/uploads\/2026\/01\/1-1.jpg\",\"contentUrl\":\"https:\/\/optimalbiolabs.com\/wp-content\/uploads\/2026\/01\/1-1.jpg\",\"width\":2000,\"height\":1414,\"caption\":\"AOD-9604 5mg Research Peptide Vial\"},{\"@type\":\"BreadcrumbList\",\"@id\":\"https:\/\/optimalbiolabs.com\/product\/aod-9604-5mg\/#breadcrumb\",\"itemListElement\":[{\"@type\":\"ListItem\",\"position\":1,\"name\":\"Home\",\"item\":\"https:\/\/optimalbiolabs.com\/\"},{\"@type\":\"ListItem\",\"position\":2,\"name\":\"Browse\",\"item\":\"https:\/\/optimalbiolabs.com\/browse\/\"},{\"@type\":\"ListItem\",\"position\":3,\"name\":\"AOD-9604 5mg (Research Only)\"}]},{\"@type\":\"WebSite\",\"@id\":\"https:\/\/optimalbiolabs.com\/#website\",\"url\":\"https:\/\/optimalbiolabs.com\/\",\"name\":\"Optimal Bio Labs LLC\",\"description\":\"Premium US-based research compounds. Third-party verified for 99% purity. High-grade laboratory supplies you can trust. Proudly owned and operated in the USA\",\"publisher\":{\"@id\":\"https:\/\/optimalbiolabs.com\/#organization\"},\"alternateName\":\"Optimal Bio Labs\",\"potentialAction\":[{\"@type\":\"SearchAction\",\"target\":{\"@type\":\"EntryPoint\",\"urlTemplate\":\"https:\/\/optimalbiolabs.com\/?s={search_term_string}\"},\"query-input\":{\"@type\":\"PropertyValueSpecification\",\"valueRequired\":true,\"valueName\":\"search_term_string\"}}],\"inLanguage\":\"es\"},{\"@type\":\"Organization\",\"@id\":\"https:\/\/optimalbiolabs.com\/#organization\",\"name\":\"Optimal Bio Labs LLC\",\"url\":\"https:\/\/optimalbiolabs.com\/\",\"logo\":{\"@type\":\"ImageObject\",\"inLanguage\":\"es\",\"@id\":\"https:\/\/optimalbiolabs.com\/#\/schema\/logo\/image\/\",\"url\":\"https:\/\/optimalbiolabs.com\/wp-content\/uploads\/2025\/12\/BIO-LABS.png\",\"contentUrl\":\"https:\/\/optimalbiolabs.com\/wp-content\/uploads\/2025\/12\/BIO-LABS.png\",\"width\":720,\"height\":720,\"caption\":\"Optimal Bio Labs LLC\"},\"image\":{\"@id\":\"https:\/\/optimalbiolabs.com\/#\/schema\/logo\/image\/\"}}]}<\/script>\n<!-- \/ Yoast SEO plugin. -->","yoast_head_json":{"title":"AOD-9604 5 mg (Solo Investigaci\u00f3n)","description":"Explore AOD-9604: The 'Metabolic Sculptor.' A research map for energy-release signals and structural cartilage maintenance pathways. Research Use Only.","robots":{"index":"index","follow":"follow","max-snippet":"max-snippet:-1","max-image-preview":"max-image-preview:large","max-video-preview":"max-video-preview:-1"},"canonical":"https:\/\/optimalbiolabs.com\/es\/producto\/aod-9604-5mg\/","og_locale":"es_MX","og_type":"article","og_title":"AOD-9604 | Mapping Metabolic Signals","og_description":"Study the \"Metabolic Sculptor.\" AOD-9604 allows researchers to track energy-release signaling and structural pathways without impacting glucose.","og_url":"https:\/\/optimalbiolabs.com\/es\/producto\/aod-9604-5mg\/","og_site_name":"Optimal Bio Labs LLC","article_modified_time":"2026-04-09T01:46:27+00:00","og_image":[{"width":2000,"height":1414,"url":"https:\/\/optimalbiolabs.com\/wp-content\/uploads\/2026\/01\/1-1.jpg","type":"image\/jpeg"}],"twitter_card":"summary_large_image","twitter_title":"AOD-9604: The Science of Metabolic Sculpting","twitter_description":"Researching energy storage? Explore AOD-9604 for data on glucose-neutral signaling and cartilage maintenance pathways.","twitter_image":"https:\/\/optimalbiolabs.com\/wp-content\/uploads\/2026\/01\/1-1.jpg","twitter_misc":{"Tiempo de lectura":"2 minutos"},"schema":{"@context":"https:\/\/schema.org","@graph":[{"@type":"WebPage","@id":"https:\/\/optimalbiolabs.com\/product\/aod-9604-5mg\/","url":"https:\/\/optimalbiolabs.com\/product\/aod-9604-5mg\/","name":"AOD-9604 5 mg (Solo Investigaci\u00f3n)","isPartOf":{"@id":"https:\/\/optimalbiolabs.com\/#website"},"primaryImageOfPage":{"@id":"https:\/\/optimalbiolabs.com\/product\/aod-9604-5mg\/#primaryimage"},"image":{"@id":"https:\/\/optimalbiolabs.com\/product\/aod-9604-5mg\/#primaryimage"},"thumbnailUrl":"https:\/\/optimalbiolabs.com\/wp-content\/uploads\/2026\/01\/1-1.jpg","datePublished":"2025-11-20T20:18:09+00:00","dateModified":"2026-04-09T01:46:27+00:00","description":"Explore AOD-9604: The 'Metabolic Sculptor.' A research map for energy-release signals and structural cartilage maintenance pathways. Research Use Only.","breadcrumb":{"@id":"https:\/\/optimalbiolabs.com\/product\/aod-9604-5mg\/#breadcrumb"},"inLanguage":"es","potentialAction":[{"@type":"ReadAction","target":["https:\/\/optimalbiolabs.com\/product\/aod-9604-5mg\/"]}]},{"@type":"ImageObject","inLanguage":"es","@id":"https:\/\/optimalbiolabs.com\/product\/aod-9604-5mg\/#primaryimage","url":"https:\/\/optimalbiolabs.com\/wp-content\/uploads\/2026\/01\/1-1.jpg","contentUrl":"https:\/\/optimalbiolabs.com\/wp-content\/uploads\/2026\/01\/1-1.jpg","width":2000,"height":1414,"caption":"AOD-9604 5mg Research Peptide Vial"},{"@type":"BreadcrumbList","@id":"https:\/\/optimalbiolabs.com\/product\/aod-9604-5mg\/#breadcrumb","itemListElement":[{"@type":"ListItem","position":1,"name":"Home","item":"https:\/\/optimalbiolabs.com\/"},{"@type":"ListItem","position":2,"name":"Browse","item":"https:\/\/optimalbiolabs.com\/browse\/"},{"@type":"ListItem","position":3,"name":"AOD-9604 5mg (Research Only)"}]},{"@type":"WebSite","@id":"https:\/\/optimalbiolabs.com\/#website","url":"https:\/\/optimalbiolabs.com\/","name":"Laboratorios Biol\u00f3gicos \u00d3ptimos LLC","description":"Compuestos de investigaci\u00f3n de primera calidad fabricados en EE. UU. Pureza 99% verificada por terceros. Suministros de laboratorio de alta calidad en los que puede confiar. Empresa orgullosamente estadounidense.","publisher":{"@id":"https:\/\/optimalbiolabs.com\/#organization"},"alternateName":"Optimal Bio Labs","potentialAction":[{"@type":"SearchAction","target":{"@type":"EntryPoint","urlTemplate":"https:\/\/optimalbiolabs.com\/?s={search_term_string}"},"query-input":{"@type":"PropertyValueSpecification","valueRequired":true,"valueName":"search_term_string"}}],"inLanguage":"es"},{"@type":"Organization","@id":"https:\/\/optimalbiolabs.com\/#organization","name":"Laboratorios Biol\u00f3gicos \u00d3ptimos LLC","url":"https:\/\/optimalbiolabs.com\/","logo":{"@type":"ImageObject","inLanguage":"es","@id":"https:\/\/optimalbiolabs.com\/#\/schema\/logo\/image\/","url":"https:\/\/optimalbiolabs.com\/wp-content\/uploads\/2025\/12\/BIO-LABS.png","contentUrl":"https:\/\/optimalbiolabs.com\/wp-content\/uploads\/2025\/12\/BIO-LABS.png","width":720,"height":720,"caption":"Optimal Bio Labs LLC"},"image":{"@id":"https:\/\/optimalbiolabs.com\/#\/schema\/logo\/image\/"}}]}},"jetpack_sharing_enabled":true,"_links":{"self":[{"href":"https:\/\/optimalbiolabs.com\/es\/wp-json\/wp\/v2\/product\/985","targetHints":{"allow":["GET"]}}],"collection":[{"href":"https:\/\/optimalbiolabs.com\/es\/wp-json\/wp\/v2\/product"}],"about":[{"href":"https:\/\/optimalbiolabs.com\/es\/wp-json\/wp\/v2\/types\/product"}],"wp:featuredmedia":[{"embeddable":true,"href":"https:\/\/optimalbiolabs.com\/es\/wp-json\/wp\/v2\/media\/2709"}],"wp:attachment":[{"href":"https:\/\/optimalbiolabs.com\/es\/wp-json\/wp\/v2\/media?parent=985"}],"wp:term":[{"taxonomy":"product_brand","embeddable":true,"href":"https:\/\/optimalbiolabs.com\/es\/wp-json\/wp\/v2\/product_brand?post=985"},{"taxonomy":"product_cat","embeddable":true,"href":"https:\/\/optimalbiolabs.com\/es\/wp-json\/wp\/v2\/product_cat?post=985"},{"taxonomy":"product_tag","embeddable":true,"href":"https:\/\/optimalbiolabs.com\/es\/wp-json\/wp\/v2\/product_tag?post=985"}],"curies":[{"name":"wp","href":"https:\/\/api.w.org\/{rel}","templated":true}]}}