{"id":3380,"date":"2026-04-07T14:19:07","date_gmt":"2026-04-07T21:19:07","guid":{"rendered":"https:\/\/optimalbiolabs.com\/?post_type=product&#038;p=3380"},"modified":"2026-04-07T14:19:07","modified_gmt":"2026-04-07T21:19:07","slug":"5-amino-1mq-10mg","status":"publish","type":"product","link":"https:\/\/optimalbiolabs.com\/es\/product\/5-amino-1mq-10mg\/","title":{"rendered":"5-Amino-1MQ 10 mg"},"content":{"rendered":"<p><strong>5-Amino-1MQ <\/strong><strong>Descripci\u00f3n general<\/strong><\/p>\n<p data-start=\"28\" data-end=\"293\"><strong data-start=\"28\" data-end=\"48\">5-Amino-1MQ 10 mg<\/strong> is a <strong data-start=\"54\" data-end=\"90\">small-molecule research compound<\/strong> studied in <strong data-start=\"102\" data-end=\"136\">modelos de laboratorio precl\u00ednicos<\/strong> for its involvement in <strong data-start=\"160\" data-end=\"192\">metabolic signaling pathways<\/strong>, <strong data-start=\"194\" data-end=\"224\">cellular energy regulation<\/strong>, and <strong data-start=\"230\" data-end=\"252\">actividad enzim\u00e1tica<\/strong> associated with <strong data-start=\"269\" data-end=\"292\">cellular metabolism<\/strong>.<\/p>\n<p data-start=\"295\" data-end=\"658\">Laboratory investigations commonly examine <strong data-start=\"338\" data-end=\"412\">5-Amino-1MQ\u2019s interaction with nicotinamide N-methyltransferase (NNMT)<\/strong>, an enzyme involved in <strong data-start=\"436\" data-end=\"468\">cellular methylation balance<\/strong> y <strong data-start=\"473\" data-end=\"505\">metabolic signaling networks<\/strong>. These <strong data-start=\"513\" data-end=\"532\">research models<\/strong> are designed to evaluate <strong data-start=\"558\" data-end=\"590\">biochemical pathway activity<\/strong> y <strong data-start=\"595\" data-end=\"627\">cellular signaling responses<\/strong>, <strong data-start=\"629\" data-end=\"657\">not therapeutic outcomes<\/strong>.<\/p>\n<p data-start=\"660\" data-end=\"1063\">Additional experimental models explore how <strong data-start=\"703\" data-end=\"731\">NNMT-associated pathways<\/strong> influence <strong data-start=\"742\" data-end=\"773\">cellular energy utilization<\/strong>, <strong data-start=\"775\" data-end=\"803\">lipid-handling signaling<\/strong>, and <strong data-start=\"809\" data-end=\"851\">metabolic-related biomarker expression<\/strong> in <strong data-start=\"855\" data-end=\"893\">controlled laboratory environments<\/strong>. Researchers use these systems to better understand how <strong data-start=\"950\" data-end=\"982\">cellular energy coordination<\/strong> y <strong data-start=\"987\" data-end=\"1019\">metabolic signaling pathways<\/strong> interact under <strong data-start=\"1035\" data-end=\"1062\">experimental conditions<\/strong>.<\/p>\n<p data-start=\"1065\" data-end=\"1391\"><strong data-start=\"1065\" data-end=\"1080\">5-Amino-1MQ<\/strong> is also utilized in <strong data-start=\"1101\" data-end=\"1151\">adipocyte and metabolic tissue research models<\/strong>, where investigators study <strong data-start=\"1179\" data-end=\"1217\">cellular differentiation signaling<\/strong>, <strong data-start=\"1219\" data-end=\"1256\">mitochondrial-associated pathways<\/strong>, and <strong data-start=\"1262\" data-end=\"1294\">metabolic-efficiency markers<\/strong>. These studies focus on <strong data-start=\"1319\" data-end=\"1353\">biochemical signaling behavior<\/strong> rather than <strong data-start=\"1366\" data-end=\"1390\">clinical application<\/strong>.<\/p>\n<p data-start=\"1393\" data-end=\"1651\">Additional laboratory investigations examine <strong data-start=\"1438\" data-end=\"1479\">cellular methylation-related pathways<\/strong> y <strong data-start=\"1484\" data-end=\"1520\">NAD-associated signaling systems<\/strong>, which play a role in <strong data-start=\"1543\" data-end=\"1571\">cellular energy dynamics<\/strong> y <strong data-start=\"1576\" data-end=\"1610\">metabolic pathway coordination<\/strong> in <strong data-start=\"1614\" data-end=\"1650\">controlled experimental settings<\/strong>.<\/p>\n<p data-start=\"1653\" data-end=\"1868\">All current findings remain <strong data-start=\"1681\" data-end=\"1713\">precl\u00ednico y exploratorio<\/strong>, with <strong data-start=\"1720\" data-end=\"1740\">ongoing research<\/strong> aimed at better\u00a0understanding <strong data-start=\"1771\" data-end=\"1793\">5-Amino-1MQ\u2019s role<\/strong> como un <strong data-start=\"1799\" data-end=\"1816\">research tool<\/strong> for <strong data-start=\"1821\" data-end=\"1867\">metabolic and enzymatic signaling analysis<\/strong>.<\/p>\n<hr data-start=\"1870\" data-end=\"1873\" \/>\n<p data-start=\"1875\" data-end=\"1902\"><strong data-start=\"1875\" data-end=\"1900\">5-Amino-1MQ Structure<\/strong><\/p>\n<ul>\n<li><strong data-start=\"1904\" data-end=\"1919\">N\u00famero CAS:<\/strong> 42464-96-0<\/li>\n<li><strong data-start=\"1933\" data-end=\"1955\">F\u00f3rmula molecular:<\/strong> C\u2087H\u2089N\u2083O<\/li>\n<li><strong data-start=\"1966\" data-end=\"1993\">Peso molecular (promedio):<\/strong> ~151.17 g\/mol<\/li>\n<li><strong data-start=\"2010\" data-end=\"2032\">Masa monoisot\u00f3pica:<\/strong> 151.07456 Da<\/li>\n<li><strong data-start=\"2048\" data-end=\"2068\">Compuesto padre:<\/strong> Nicotinamide analog<\/li>\n<\/ul>\n<hr data-start=\"2094\" data-end=\"2097\" \/>\n<p data-start=\"2099\" data-end=\"2113\"><strong data-start=\"2099\" data-end=\"2111\">Sin\u00f3nimos<\/strong><\/p>\n<ul>\n<li data-start=\"2115\" data-end=\"2274\">5-Amino-1MQ<\/li>\n<li data-start=\"2115\" data-end=\"2274\">5-Amino-1-Methylquinolinium<\/li>\n<li data-start=\"2115\" data-end=\"2274\">5-Amino-1-Methylquinolinium Iodide (research salt form)<\/li>\n<li data-start=\"2115\" data-end=\"2274\">5-Amino-1-Methylquinolinium Chloride (research salt form)<\/li>\n<\/ul>\n<hr data-start=\"3844\" data-end=\"3847\" \/>\n<p data-start=\"2281\" data-end=\"2301\"><strong data-start=\"2281\" data-end=\"2299\">\u00c1reas de Investigaci\u00f3n<\/strong><\/p>\n<ul>\n<li data-start=\"2303\" data-end=\"2514\"><strong data-start=\"2303\" data-end=\"2344\">Metabolic signaling pathway research:<\/strong><br data-start=\"2344\" data-end=\"2347\" \/>Investigating <strong data-start=\"2361\" data-end=\"2399\">NNMT-associated signaling networks<\/strong>, <strong data-start=\"2401\" data-end=\"2432\">cellular energy utilization<\/strong>, and <strong data-start=\"2438\" data-end=\"2472\">metabolic pathway coordination<\/strong> in <strong data-start=\"2476\" data-end=\"2514\">controlled laboratory environments<\/strong><\/li>\n<li data-start=\"2516\" data-end=\"2680\"><strong data-start=\"2516\" data-end=\"2556\">Cellular methylation pathway models:<\/strong><br data-start=\"2556\" data-end=\"2559\" \/>Studying <strong data-start=\"2568\" data-end=\"2592\">methyl-donor balance<\/strong>, <strong data-start=\"2594\" data-end=\"2616\">actividad enzim\u00e1tica<\/strong>, and <strong data-start=\"2622\" data-end=\"2644\">signaling behavior<\/strong> related to <strong data-start=\"2656\" data-end=\"2680\">metabolic regulation<\/strong><\/li>\n<li data-start=\"2682\" data-end=\"2876\"><strong data-start=\"2682\" data-end=\"2715\">Adipocyte signaling research:<\/strong><br data-start=\"2715\" data-end=\"2718\" \/>Examining <strong data-start=\"2728\" data-end=\"2765\">cellular differentiation pathways<\/strong>, <strong data-start=\"2767\" data-end=\"2795\">lipid-handling signaling<\/strong>, and <strong data-start=\"2801\" data-end=\"2835\">metabolic biomarker expression<\/strong> in <strong data-start=\"2839\" data-end=\"2876\">adipose-related laboratory models<\/strong><\/li>\n<li data-start=\"2878\" data-end=\"3039\"><strong data-start=\"2878\" data-end=\"2921\">Mitochondrial &amp; cellular energy models:<\/strong><br data-start=\"2921\" data-end=\"2924\" \/>Evaluating <strong data-start=\"2935\" data-end=\"2966\">energy-associated signaling<\/strong>, <strong data-start=\"2968\" data-end=\"3001\">cellular respiration pathways<\/strong>, and <strong data-start=\"3007\" data-end=\"3039\">metabolic efficiency markers<\/strong><\/li>\n<li data-start=\"3041\" data-end=\"3203\"><strong data-start=\"3041\" data-end=\"3079\">NAD-associated signaling pathways:<\/strong><br data-start=\"3079\" data-end=\"3082\" \/>Investigating relationships between <strong data-start=\"3118\" data-end=\"3141\">enzymatic signaling<\/strong>, <strong data-start=\"3143\" data-end=\"3169\">metabolic coordination<\/strong>, and <strong data-start=\"3175\" data-end=\"3203\">cellular energy dynamics<\/strong><\/li>\n<\/ul>\n<hr data-start=\"3205\" data-end=\"3208\" \/>\n<p data-start=\"3210\" data-end=\"3242\"><strong data-start=\"3210\" data-end=\"3240\">Resumen condensado de la investigaci\u00f3n<\/strong><\/p>\n<p data-start=\"3244\" data-end=\"3581\"><strong data-start=\"3244\" data-end=\"3259\">5-Amino-1MQ<\/strong> is utilized as a <strong data-start=\"3277\" data-end=\"3298\">research compound<\/strong> for studying <strong data-start=\"3312\" data-end=\"3344\">metabolic signaling pathways<\/strong>, <strong data-start=\"3346\" data-end=\"3384\">NNMT-associated enzymatic activity<\/strong>, and <strong data-start=\"3390\" data-end=\"3429\">cellular energy regulation networks<\/strong>. Research remains <strong data-start=\"3448\" data-end=\"3484\">pre-clinical and investigational<\/strong>, focused on understanding <strong data-start=\"3511\" data-end=\"3543\">molecular signaling behavior<\/strong> rather than <strong data-start=\"3556\" data-end=\"3580\">clinical application<\/strong>.<\/p>\n<hr data-start=\"3583\" data-end=\"3586\" \/>\n<p data-start=\"3588\" data-end=\"3731\" data-is-last-node=\"\" data-is-only-node=\"\"><strong data-start=\"3588\" data-end=\"3611\">Nota solo para fines de investigaci\u00f3n:<\/strong> <strong data-start=\"3612\" data-end=\"3731\" data-is-last-node=\"\">5-Amino-1MQ is not FDA-approved for therapeutic use; published findings are primarily pre-clinical and exploratory.<\/strong><\/p>","protected":false},"excerpt":{"rendered":"<p>Contents: 10mg of 5-Amino-1MQ<\/p>\n<p>Formato: Polvo liofilizado<br \/>\nPureza<strong>:<\/strong>\u00a0<strong>\u2265 99%<\/strong>\u00a0<strong>Probado en EE. UU.<\/strong>, Pureza Verificada (Probada mediante HPLC)<br \/>\nVerificaci\u00f3n:\u00a0<strong>Certificados de autenticidad verificables<\/strong>\u00a0(<strong>(Emparejados por Lote)<\/strong><\/p>\n<p data-start=\"0\" data-end=\"33\"><strong data-start=\"0\" data-end=\"31\">Nuevas evidencias de investigaci\u00f3n:<\/strong><\/p>\n<p data-start=\"35\" data-end=\"682\" data-is-last-node=\"\" data-is-only-node=\"\"><strong data-start=\"35\" data-end=\"55\">5-Amino-1MQ 10 mg<\/strong> is researched to investigate <strong data-start=\"85\" data-end=\"121\" data-is-only-node=\"\">metabolic signaling coordination<\/strong> y <strong data-start=\"126\" data-end=\"165\">cellular energy-regulation pathways<\/strong>. Laboratory models examine <strong data-start=\"193\" data-end=\"231\">NNMT-associated signaling networks<\/strong>, allowing researchers to observe how <strong data-start=\"269\" data-end=\"301\">cellular resource allocation<\/strong>, <strong data-start=\"303\" data-end=\"331\">lipid-handling signaling<\/strong>, and <strong data-start=\"337\" data-end=\"369\">metabolic-efficiency markers<\/strong> interact across <strong data-start=\"386\" data-end=\"415\">complex metabolic systems<\/strong>. Research also focuses on <strong data-start=\"442\" data-end=\"480\">cellular energy-management signals<\/strong> y <strong data-start=\"485\" data-end=\"520\">methylation-associated pathways<\/strong>, providing a broadened framework for understanding how <strong data-start=\"576\" data-end=\"608\">metabolic signaling networks<\/strong> support <strong data-start=\"617\" data-end=\"646\">cellular-level efficiency<\/strong> at a <strong data-start=\"652\" data-end=\"681\">molecular signaling level<\/strong>.<\/p>\n<p>Mantener el producto en un lugar fresco y oscuro.<br \/>\nSolo para Uso en Investigaci\u00f3n \/ No Regulado por la FDA<\/p>\n<p><strong>Inventario Verificado por Lotes.<\/strong>. Ver 3<sup>rd<\/sup>\u00a0Party COA<\/p>","protected":false},"featured_media":3471,"template":"","meta":{"_acf_changed":false},"product_brand":[],"product_cat":[20],"product_tag":[],"class_list":{"0":"post-3380","1":"product","2":"type-product","3":"status-publish","4":"has-post-thumbnail","6":"product_cat-research-compounds","8":"first","9":"instock","10":"taxable","11":"shipping-taxable","12":"purchasable","13":"product-type-simple"},"acf":[],"yoast_head":"<!-- This site is optimized with the Yoast SEO plugin v27.2 - https:\/\/yoast.com\/product\/yoast-seo-wordpress\/ -->\n<title>5-Amino-1MQ 10mg | Metabolic Signaling Research Compound<\/title>\n<meta name=\"description\" content=\"5-Amino-1MQ 10mg studied for metabolic signaling, NNMT pathway research, and cellular energy coordination in controlled laboratory environments.\" \/>\n<meta name=\"robots\" content=\"index, follow, max-snippet:-1, max-image-preview:large, max-video-preview:-1\" \/>\n<link rel=\"canonical\" href=\"https:\/\/optimalbiolabs.com\/es\/producto\/5-amino-1mq-10mg\/\" \/>\n<meta property=\"og:locale\" content=\"es_MX\" \/>\n<meta property=\"og:type\" content=\"article\" \/>\n<meta property=\"og:title\" content=\"5-Amino-1MQ 10mg | Metabolic Pathway Research\" \/>\n<meta property=\"og:description\" content=\"Studied for NNMT signaling, metabolic coordination, and cellular energy pathway research.\" \/>\n<meta property=\"og:url\" content=\"https:\/\/optimalbiolabs.com\/es\/producto\/5-amino-1mq-10mg\/\" \/>\n<meta property=\"og:site_name\" content=\"Optimal Bio Labs LLC\" \/>\n<meta property=\"og:image\" content=\"https:\/\/optimalbiolabs.com\/wp-content\/uploads\/2026\/04\/5-Amino-1MQ-10mg.jpg\" \/>\n\t<meta property=\"og:image:width\" content=\"2000\" \/>\n\t<meta property=\"og:image:height\" content=\"1414\" \/>\n\t<meta property=\"og:image:type\" content=\"image\/jpeg\" \/>\n<meta name=\"twitter:card\" content=\"summary_large_image\" \/>\n<meta name=\"twitter:title\" content=\"5-Amino-1MQ 10mg | NNMT Signaling Research\" \/>\n<meta name=\"twitter:description\" content=\"Research compound studied for NNMT pathways, metabolic signaling, and cellular energy coordination.\" \/>\n<meta name=\"twitter:image\" content=\"https:\/\/optimalbiolabs.com\/wp-content\/uploads\/2026\/04\/5-Amino-1MQ-10mg.jpg\" \/>\n<meta name=\"twitter:label1\" content=\"Tiempo de lectura\" \/>\n\t<meta name=\"twitter:data1\" content=\"2 minutos\" \/>\n<script type=\"application\/ld+json\" class=\"yoast-schema-graph\">{\"@context\":\"https:\/\/schema.org\",\"@graph\":[{\"@type\":\"WebPage\",\"@id\":\"https:\/\/optimalbiolabs.com\/product\/5-amino-1mq-10mg\/\",\"url\":\"https:\/\/optimalbiolabs.com\/product\/5-amino-1mq-10mg\/\",\"name\":\"5-Amino-1MQ 10mg | Metabolic Signaling Research Compound\",\"isPartOf\":{\"@id\":\"https:\/\/optimalbiolabs.com\/#website\"},\"primaryImageOfPage\":{\"@id\":\"https:\/\/optimalbiolabs.com\/product\/5-amino-1mq-10mg\/#primaryimage\"},\"image\":{\"@id\":\"https:\/\/optimalbiolabs.com\/product\/5-amino-1mq-10mg\/#primaryimage\"},\"thumbnailUrl\":\"https:\/\/optimalbiolabs.com\/wp-content\/uploads\/2026\/04\/5-Amino-1MQ-10mg.jpg\",\"datePublished\":\"2026-04-07T21:19:07+00:00\",\"description\":\"5-Amino-1MQ 10mg studied for metabolic signaling, NNMT pathway research, and cellular energy coordination in controlled laboratory environments.\",\"breadcrumb\":{\"@id\":\"https:\/\/optimalbiolabs.com\/product\/5-amino-1mq-10mg\/#breadcrumb\"},\"inLanguage\":\"es\",\"potentialAction\":[{\"@type\":\"ReadAction\",\"target\":[\"https:\/\/optimalbiolabs.com\/product\/5-amino-1mq-10mg\/\"]}]},{\"@type\":\"ImageObject\",\"inLanguage\":\"es\",\"@id\":\"https:\/\/optimalbiolabs.com\/product\/5-amino-1mq-10mg\/#primaryimage\",\"url\":\"https:\/\/optimalbiolabs.com\/wp-content\/uploads\/2026\/04\/5-Amino-1MQ-10mg.jpg\",\"contentUrl\":\"https:\/\/optimalbiolabs.com\/wp-content\/uploads\/2026\/04\/5-Amino-1MQ-10mg.jpg\",\"width\":2000,\"height\":1414,\"caption\":\"5-Amino-1MQ 10mg\"},{\"@type\":\"BreadcrumbList\",\"@id\":\"https:\/\/optimalbiolabs.com\/product\/5-amino-1mq-10mg\/#breadcrumb\",\"itemListElement\":[{\"@type\":\"ListItem\",\"position\":1,\"name\":\"Home\",\"item\":\"https:\/\/optimalbiolabs.com\/\"},{\"@type\":\"ListItem\",\"position\":2,\"name\":\"Browse\",\"item\":\"https:\/\/optimalbiolabs.com\/browse\/\"},{\"@type\":\"ListItem\",\"position\":3,\"name\":\"5-Amino-1MQ 10mg\"}]},{\"@type\":\"WebSite\",\"@id\":\"https:\/\/optimalbiolabs.com\/#website\",\"url\":\"https:\/\/optimalbiolabs.com\/\",\"name\":\"Optimal Bio Labs LLC\",\"description\":\"Premium US-based research compounds. Third-party verified for 99% purity. High-grade laboratory supplies you can trust. Proudly owned and operated in the USA\",\"publisher\":{\"@id\":\"https:\/\/optimalbiolabs.com\/#organization\"},\"alternateName\":\"Optimal Bio Labs\",\"potentialAction\":[{\"@type\":\"SearchAction\",\"target\":{\"@type\":\"EntryPoint\",\"urlTemplate\":\"https:\/\/optimalbiolabs.com\/?s={search_term_string}\"},\"query-input\":{\"@type\":\"PropertyValueSpecification\",\"valueRequired\":true,\"valueName\":\"search_term_string\"}}],\"inLanguage\":\"es\"},{\"@type\":\"Organization\",\"@id\":\"https:\/\/optimalbiolabs.com\/#organization\",\"name\":\"Optimal Bio Labs LLC\",\"url\":\"https:\/\/optimalbiolabs.com\/\",\"logo\":{\"@type\":\"ImageObject\",\"inLanguage\":\"es\",\"@id\":\"https:\/\/optimalbiolabs.com\/#\/schema\/logo\/image\/\",\"url\":\"https:\/\/optimalbiolabs.com\/wp-content\/uploads\/2025\/12\/BIO-LABS.png\",\"contentUrl\":\"https:\/\/optimalbiolabs.com\/wp-content\/uploads\/2025\/12\/BIO-LABS.png\",\"width\":720,\"height\":720,\"caption\":\"Optimal Bio Labs LLC\"},\"image\":{\"@id\":\"https:\/\/optimalbiolabs.com\/#\/schema\/logo\/image\/\"}}]}<\/script>\n<!-- \/ Yoast SEO plugin. -->","yoast_head_json":{"title":"5-Amino-1MQ 10mg | Metabolic Signaling Research Compound","description":"5-Amino-1MQ 10mg studied for metabolic signaling, NNMT pathway research, and cellular energy coordination in controlled laboratory environments.","robots":{"index":"index","follow":"follow","max-snippet":"max-snippet:-1","max-image-preview":"max-image-preview:large","max-video-preview":"max-video-preview:-1"},"canonical":"https:\/\/optimalbiolabs.com\/es\/producto\/5-amino-1mq-10mg\/","og_locale":"es_MX","og_type":"article","og_title":"5-Amino-1MQ 10mg | Metabolic Pathway Research","og_description":"Studied for NNMT signaling, metabolic coordination, and cellular energy pathway research.","og_url":"https:\/\/optimalbiolabs.com\/es\/producto\/5-amino-1mq-10mg\/","og_site_name":"Optimal Bio Labs LLC","og_image":[{"width":2000,"height":1414,"url":"https:\/\/optimalbiolabs.com\/wp-content\/uploads\/2026\/04\/5-Amino-1MQ-10mg.jpg","type":"image\/jpeg"}],"twitter_card":"summary_large_image","twitter_title":"5-Amino-1MQ 10mg | NNMT Signaling Research","twitter_description":"Research compound studied for NNMT pathways, metabolic signaling, and cellular energy coordination.","twitter_image":"https:\/\/optimalbiolabs.com\/wp-content\/uploads\/2026\/04\/5-Amino-1MQ-10mg.jpg","twitter_misc":{"Tiempo de lectura":"2 minutos"},"schema":{"@context":"https:\/\/schema.org","@graph":[{"@type":"WebPage","@id":"https:\/\/optimalbiolabs.com\/product\/5-amino-1mq-10mg\/","url":"https:\/\/optimalbiolabs.com\/product\/5-amino-1mq-10mg\/","name":"5-Amino-1MQ 10mg | Metabolic Signaling Research Compound","isPartOf":{"@id":"https:\/\/optimalbiolabs.com\/#website"},"primaryImageOfPage":{"@id":"https:\/\/optimalbiolabs.com\/product\/5-amino-1mq-10mg\/#primaryimage"},"image":{"@id":"https:\/\/optimalbiolabs.com\/product\/5-amino-1mq-10mg\/#primaryimage"},"thumbnailUrl":"https:\/\/optimalbiolabs.com\/wp-content\/uploads\/2026\/04\/5-Amino-1MQ-10mg.jpg","datePublished":"2026-04-07T21:19:07+00:00","description":"5-Amino-1MQ 10mg studied for metabolic signaling, NNMT pathway research, and cellular energy coordination in controlled laboratory environments.","breadcrumb":{"@id":"https:\/\/optimalbiolabs.com\/product\/5-amino-1mq-10mg\/#breadcrumb"},"inLanguage":"es","potentialAction":[{"@type":"ReadAction","target":["https:\/\/optimalbiolabs.com\/product\/5-amino-1mq-10mg\/"]}]},{"@type":"ImageObject","inLanguage":"es","@id":"https:\/\/optimalbiolabs.com\/product\/5-amino-1mq-10mg\/#primaryimage","url":"https:\/\/optimalbiolabs.com\/wp-content\/uploads\/2026\/04\/5-Amino-1MQ-10mg.jpg","contentUrl":"https:\/\/optimalbiolabs.com\/wp-content\/uploads\/2026\/04\/5-Amino-1MQ-10mg.jpg","width":2000,"height":1414,"caption":"5-Amino-1MQ 10mg"},{"@type":"BreadcrumbList","@id":"https:\/\/optimalbiolabs.com\/product\/5-amino-1mq-10mg\/#breadcrumb","itemListElement":[{"@type":"ListItem","position":1,"name":"Home","item":"https:\/\/optimalbiolabs.com\/"},{"@type":"ListItem","position":2,"name":"Browse","item":"https:\/\/optimalbiolabs.com\/browse\/"},{"@type":"ListItem","position":3,"name":"5-Amino-1MQ 10mg"}]},{"@type":"WebSite","@id":"https:\/\/optimalbiolabs.com\/#website","url":"https:\/\/optimalbiolabs.com\/","name":"Laboratorios Biol\u00f3gicos \u00d3ptimos LLC","description":"Compuestos de investigaci\u00f3n de primera calidad fabricados en EE. UU. Pureza 99% verificada por terceros. Suministros de laboratorio de alta calidad en los que puede confiar. Empresa orgullosamente estadounidense.","publisher":{"@id":"https:\/\/optimalbiolabs.com\/#organization"},"alternateName":"Optimal Bio Labs","potentialAction":[{"@type":"SearchAction","target":{"@type":"EntryPoint","urlTemplate":"https:\/\/optimalbiolabs.com\/?s={search_term_string}"},"query-input":{"@type":"PropertyValueSpecification","valueRequired":true,"valueName":"search_term_string"}}],"inLanguage":"es"},{"@type":"Organization","@id":"https:\/\/optimalbiolabs.com\/#organization","name":"Laboratorios Biol\u00f3gicos \u00d3ptimos LLC","url":"https:\/\/optimalbiolabs.com\/","logo":{"@type":"ImageObject","inLanguage":"es","@id":"https:\/\/optimalbiolabs.com\/#\/schema\/logo\/image\/","url":"https:\/\/optimalbiolabs.com\/wp-content\/uploads\/2025\/12\/BIO-LABS.png","contentUrl":"https:\/\/optimalbiolabs.com\/wp-content\/uploads\/2025\/12\/BIO-LABS.png","width":720,"height":720,"caption":"Optimal Bio Labs LLC"},"image":{"@id":"https:\/\/optimalbiolabs.com\/#\/schema\/logo\/image\/"}}]}},"jetpack_sharing_enabled":true,"_links":{"self":[{"href":"https:\/\/optimalbiolabs.com\/es\/wp-json\/wp\/v2\/product\/3380","targetHints":{"allow":["GET"]}}],"collection":[{"href":"https:\/\/optimalbiolabs.com\/es\/wp-json\/wp\/v2\/product"}],"about":[{"href":"https:\/\/optimalbiolabs.com\/es\/wp-json\/wp\/v2\/types\/product"}],"wp:featuredmedia":[{"embeddable":true,"href":"https:\/\/optimalbiolabs.com\/es\/wp-json\/wp\/v2\/media\/3471"}],"wp:attachment":[{"href":"https:\/\/optimalbiolabs.com\/es\/wp-json\/wp\/v2\/media?parent=3380"}],"wp:term":[{"taxonomy":"product_brand","embeddable":true,"href":"https:\/\/optimalbiolabs.com\/es\/wp-json\/wp\/v2\/product_brand?post=3380"},{"taxonomy":"product_cat","embeddable":true,"href":"https:\/\/optimalbiolabs.com\/es\/wp-json\/wp\/v2\/product_cat?post=3380"},{"taxonomy":"product_tag","embeddable":true,"href":"https:\/\/optimalbiolabs.com\/es\/wp-json\/wp\/v2\/product_tag?post=3380"}],"curies":[{"name":"wp","href":"https:\/\/api.w.org\/{rel}","templated":true}]}}