{"id":2834,"date":"2026-01-29T14:47:29","date_gmt":"2026-01-29T22:47:29","guid":{"rendered":"https:\/\/optimalbiolabs.com\/?post_type=product&#038;p=2834"},"modified":"2026-03-31T11:27:23","modified_gmt":"2026-03-31T18:27:23","slug":"cagrilintide-10mg","status":"publish","type":"product","link":"https:\/\/optimalbiolabs.com\/es\/product\/cagrilintide-10mg\/","title":{"rendered":"Cagrilintide 10 mg (Solo Investigaci\u00f3n)"},"content":{"rendered":"<p><strong>Descripci\u00f3n general de Cagrilintida<\/strong><\/p>\n<p data-path-to-node=\"2,0\"><b data-path-to-node=\"2,0\" data-index-in-node=\"1\">Cagrilintida 10 mg<\/b> es un medio de investigaci\u00f3n avanzado dise\u00f1ado para rastrear c\u00f3mo se integran el cerebro y el cuerpo <b data-path-to-node=\"2,0\" data-index-in-node=\"101\">se\u00f1alizaci\u00f3n sostenida mediada por amilina.<\/b> Como un &quot;Centro de Comando Metab\u00f3lico Avanzado&quot;, este formato de 10 mg permite a los investigadores mapear <b data-path-to-node=\"2,0\" data-index-in-node=\"225\">v\u00edas expansivas<\/b> que regulan el equilibrio energ\u00e9tico a largo plazo y las se\u00f1ales de saciedad de amplio espectro.<\/p>\n<p data-path-to-node=\"2,1\">En modelos de laboratorio sofisticados, este reservorio m\u00e1s grande se utiliza para observar c\u00f3mo m\u00faltiples analitos metab\u00f3licos trabajan en conjunto para <b data-path-to-node=\"2,1\" data-index-in-node=\"127\">orquestar la estabilidad neuroendocrina.<\/b> Al servir como un &quot;controlador maestro&quot; para la investigaci\u00f3n de la se\u00f1alizaci\u00f3n, la concentraci\u00f3n de 10 mg ayuda a los investigadores a decodificar la <b data-path-to-node=\"2,1\" data-index-in-node=\"279\">din\u00e1mica compleja de los receptores<\/b> a lo largo de extensos plazos experimentales. Esta soluci\u00f3n est\u00e1 destinada estrictamente a <b data-path-to-node=\"2,1\" data-index-in-node=\"384\">investigaci\u00f3n de laboratorio precl\u00ednica<\/b> y proporciona un modelo fundamental para la interacci\u00f3n multihormonal.<\/p>\n<p data-path-to-node=\"2,0\"><strong data-start=\"3562\" data-end=\"3588\">Estructura de la cagrilintida<\/strong><\/p>\n<ul>\n<li data-start=\"3592\" data-end=\"3622\"><strong data-start=\"3592\" data-end=\"3607\">N\u00famero CAS:<\/strong> 1415456-99-3<\/li>\n<li data-start=\"3625\" data-end=\"3666\"><strong data-start=\"3625\" data-end=\"3647\">F\u00f3rmula molecular:<\/strong> C\u2081\u2089\u2084H\u2083\u2081\u2082N\u2085\u2084O\u2085\u2089S\u2082<\/li>\n<li data-start=\"3669\" data-end=\"3706\"><strong data-start=\"3669\" data-end=\"3690\">Peso molecular:<\/strong> ~4409,0 g\/mol<\/li>\n<li data-start=\"3709\" data-end=\"3745\"><strong data-start=\"3709\" data-end=\"3731\">Masa monoisot\u00f3pica:<\/strong> ~4406,25 Da<\/li>\n<li data-start=\"3748\" data-end=\"3809\"><strong data-start=\"3748\" data-end=\"3768\">Compuesto padre:<\/strong> Amilina (polip\u00e9ptido amiloide de los islotes, IAPP)<\/li>\n<\/ul>\n<hr data-start=\"3811\" data-end=\"3814\" \/>\n<h4 data-start=\"3816\" data-end=\"3831\"><strong data-start=\"3819\" data-end=\"3831\">Sin\u00f3nimos<\/strong><\/h4>\n<ul>\n<li data-start=\"3835\" data-end=\"3849\">Cagrilintida<\/li>\n<li data-start=\"3852\" data-end=\"3876\">Cagrilintida (acetato)<\/li>\n<li data-start=\"3879\" data-end=\"3886\">AM833<\/li>\n<li data-start=\"3889\" data-end=\"3900\">NN0174-0833<\/li>\n<\/ul>\n<hr data-start=\"3902\" data-end=\"3905\" \/>\n<h4><strong data-start=\"3910\" data-end=\"3928\">\u00c1reas de Investigaci\u00f3n<\/strong><\/h4>\n<ul>\n<li data-start=\"3930\" data-end=\"4111\">\n<p data-start=\"3932\" data-end=\"4111\"><strong data-start=\"3932\" data-end=\"3969\">Modelos de se\u00f1alizaci\u00f3n del receptor de amilina:<\/strong><br data-start=\"3969\" data-end=\"3972\" \/>Investigaci\u00f3n de la activaci\u00f3n de receptores, la transducci\u00f3n de se\u00f1ales posteriores y la activaci\u00f3n de v\u00edas neuroendocrinas en sistemas de laboratorio controlados.<\/p>\n<\/li>\n<li data-start=\"4113\" data-end=\"4281\">\n<p data-start=\"4115\" data-end=\"4281\"><strong data-start=\"4115\" data-end=\"4166\">Investigaci\u00f3n sobre el balance energ\u00e9tico y el comportamiento alimentario:<\/strong><br data-start=\"4166\" data-end=\"4169\" \/>Estudio de los mecanismos de se\u00f1alizaci\u00f3n centrales y perif\u00e9ricos asociados con la detecci\u00f3n de nutrientes y la regulaci\u00f3n metab\u00f3lica.<\/p>\n<\/li>\n<li data-start=\"4283\" data-end=\"4428\">\n<p data-start=\"4285\" data-end=\"4428\"><strong data-start=\"4285\" data-end=\"4326\">Investigaci\u00f3n sobre la v\u00eda de homeostasis de la glucosa:<\/strong><br data-start=\"4326\" data-end=\"4329\" \/>Evaluaci\u00f3n de la modulaci\u00f3n de biomarcadores y la estabilidad de la se\u00f1alizaci\u00f3n en modelos experimentales de regulaci\u00f3n de la glucosa.<\/p>\n<\/li>\n<li data-start=\"4430\" data-end=\"4608\">\n<p data-start=\"4432\" data-end=\"4608\"><strong data-start=\"4432\" data-end=\"4472\">Marcos de se\u00f1alizaci\u00f3n multihormonal:<\/strong><br data-start=\"4472\" data-end=\"4475\" \/>Examinar la actividad coordinada de las v\u00edas metab\u00f3licas relacionadas con la amilina y los sistemas de se\u00f1alizaci\u00f3n metab\u00f3lica complementarios en la investigaci\u00f3n precl\u00ednica.<\/p>\n<\/li>\n<\/ul>\n<hr data-start=\"4610\" data-end=\"4613\" \/>\n<p><strong data-start=\"4618\" data-end=\"4648\">Resumen condensado de la investigaci\u00f3n<\/strong><\/p>\n<p>Cagrilintida 10 mg se analiza en modelos de laboratorio como un <b data-path-to-node=\"2,0\" data-index-in-node=\"57\">\u2018&#039;Integrador de redes metab\u00f3licas&#039;\u2019<\/b> examinar la influencia de amplio espectro de <b data-path-to-node=\"2,0\" data-index-in-node=\"131\">se\u00f1alizaci\u00f3n mediada por amilina<\/b> sobre la estabilidad neuroendocrina. El enfoque de la investigaci\u00f3n se centra en <b data-path-to-node=\"2,0\" data-index-in-node=\"212\">compromiso sostenido del receptor<\/b> y c\u00f3mo el compuesto facilita la comunicaci\u00f3n a trav\u00e9s de amplios marcos metab\u00f3licos. Estos estudios priorizan la <b data-path-to-node=\"2,0\" data-index-in-node=\"357\">Integraci\u00f3n sist\u00e9mica de biomarcadores del equilibrio energ\u00e9tico<\/b> y patrones de relevo de m\u00faltiples v\u00edas, si bien todos los hallazgos siguen siendo estrictamente precl\u00ednicos y exploratorios.<\/p>\n<p><strong>Nota solo para fines de investigaci\u00f3n:<\/strong> Cagrilintida es <strong>no est\u00e1 aprobado por la FDA<\/strong> para uso terap\u00e9utico; los efectos publicados son principalmente precl\u00ednicos y exploratorios.<\/p>","protected":false},"excerpt":{"rendered":"<p>Contenido: 10 mg de cagrilintida<\/p>\n<p>Formato: Polvo liofilizado<br \/>\nPureza<strong>:<\/strong> <strong>\u2265 99%<\/strong> <strong>Probado en EE. UU.<\/strong>, Pureza Verificada (Probada mediante HPLC)<br \/>\nVerificaci\u00f3n: <strong>Certificados de Autenticidad Verificables<\/strong> (<strong>(Emparejados por Lote)<\/strong><\/p>\n<p><strong><u>Nuevas evidencias de investigaci\u00f3n:<\/u><\/strong><\/p>\n<p data-path-to-node=\"0\"><b data-path-to-node=\"2,0\" data-index-in-node=\"1\">Cagrilintida<\/b> es un analito de investigaci\u00f3n utilizado para mapear el <b data-path-to-node=\"2,0\" data-index-in-node=\"52\">se\u00f1ales de amilina<\/b> que coordinan el balance energ\u00e9tico. A menudo se estudia como un <b data-path-to-node=\"2,0\" data-index-in-node=\"118\">\u2018&#039;copiloto metab\u00f3lico&#039;\u2019<\/b> permite a los investigadores observar c\u00f3mo se gestionan las v\u00edas neuroendocrinas sincronizadas. <b data-path-to-node=\"2,0\" data-index-in-node=\"223\">se\u00f1ales de saciedad<\/b> en modelos de laboratorio. Este formato de 5 mg es el est\u00e1ndar para estudios de alta resoluci\u00f3n sobre <b data-path-to-node=\"2,0\" data-index-in-node=\"322\">sincronizaci\u00f3n de receptores<\/b> y la interacci\u00f3n multihormonal.<\/p>\n<p>Mantener el producto en un lugar fresco y oscuro.<br \/>\nSolo para Uso en Investigaci\u00f3n \/ No Regulado por la FDA<\/p>\n<p><strong>Inventario Verificado por Lotes.<\/strong>. Ver 3<sup>rd<\/sup> Ver COA de 3\u00aa Parte.<\/p>","protected":false},"featured_media":2700,"template":"","meta":{"_acf_changed":false},"product_brand":[],"product_cat":[20],"product_tag":[160,162,156,161],"class_list":{"0":"post-2834","1":"product","2":"type-product","3":"status-publish","4":"has-post-thumbnail","6":"product_cat-research-compounds","7":"product_tag-energy-balance-research","8":"product_tag-hormonal-crosstalk-investigation","9":"product_tag-metabolic-regulation-pathways","10":"product_tag-neuroendocrine-pathway-studies","12":"first","13":"instock","14":"taxable","15":"shipping-taxable","16":"purchasable","17":"product-type-simple"},"acf":[],"yoast_head":"<!-- This site is optimized with the Yoast SEO plugin v27.2 - https:\/\/yoast.com\/product\/yoast-seo-wordpress\/ -->\n<title>Cagrilintide 10mg (Research Only)<\/title>\n<meta name=\"description\" content=\"Explore Cagrilintide: The &#039;Satiety Signal Mapper&#039; for investigating amylin-mediated neuroendocrine signals and metabolic receptor dynamics. RUO Only.\" \/>\n<meta name=\"robots\" content=\"index, follow, max-snippet:-1, max-image-preview:large, max-video-preview:-1\" \/>\n<link rel=\"canonical\" href=\"https:\/\/optimalbiolabs.com\/es\/producto\/cagrilintide-10mg\/\" \/>\n<meta property=\"og:locale\" content=\"es_MX\" \/>\n<meta property=\"og:type\" content=\"article\" \/>\n<meta property=\"og:title\" content=\"Cagrilintide | The Satiety Signal Mapper\" \/>\n<meta property=\"og:description\" content=\"Mapping the future of metabolic research. Explore how Cagrilintide influences amylin-mediated signaling and neuroendocrine receptor dynamics.\" \/>\n<meta property=\"og:url\" content=\"https:\/\/optimalbiolabs.com\/es\/producto\/cagrilintide-10mg\/\" \/>\n<meta property=\"og:site_name\" content=\"Optimal Bio Labs LLC\" \/>\n<meta property=\"article:modified_time\" content=\"2026-03-31T18:27:23+00:00\" \/>\n<meta property=\"og:image\" content=\"https:\/\/optimalbiolabs.com\/wp-content\/uploads\/2026\/01\/4-1.jpg\" \/>\n\t<meta property=\"og:image:width\" content=\"2000\" \/>\n\t<meta property=\"og:image:height\" content=\"1414\" \/>\n\t<meta property=\"og:image:type\" content=\"image\/jpeg\" \/>\n<meta name=\"twitter:card\" content=\"summary_large_image\" \/>\n<meta name=\"twitter:title\" content=\"Cagrilintide: Mapping Metabolic Signals\" \/>\n<meta name=\"twitter:description\" content=\"Researching amylin pathways? Use Cagrilintide as a &quot;Signal Mapper&quot; to explore neuroendocrine communication and energy-balance markers.\" \/>\n<meta name=\"twitter:image\" content=\"https:\/\/optimalbiolabs.com\/wp-content\/uploads\/2026\/01\/4-1.jpg\" \/>\n<meta name=\"twitter:label1\" content=\"Tiempo de lectura\" \/>\n\t<meta name=\"twitter:data1\" content=\"2 minutos\" \/>\n<script type=\"application\/ld+json\" class=\"yoast-schema-graph\">{\"@context\":\"https:\/\/schema.org\",\"@graph\":[{\"@type\":\"WebPage\",\"@id\":\"https:\/\/optimalbiolabs.com\/product\/cagrilintide-10mg\/\",\"url\":\"https:\/\/optimalbiolabs.com\/product\/cagrilintide-10mg\/\",\"name\":\"Cagrilintide 10mg (Research Only)\",\"isPartOf\":{\"@id\":\"https:\/\/optimalbiolabs.com\/#website\"},\"primaryImageOfPage\":{\"@id\":\"https:\/\/optimalbiolabs.com\/product\/cagrilintide-10mg\/#primaryimage\"},\"image\":{\"@id\":\"https:\/\/optimalbiolabs.com\/product\/cagrilintide-10mg\/#primaryimage\"},\"thumbnailUrl\":\"https:\/\/optimalbiolabs.com\/wp-content\/uploads\/2026\/01\/4-1.jpg\",\"datePublished\":\"2026-01-29T22:47:29+00:00\",\"dateModified\":\"2026-03-31T18:27:23+00:00\",\"description\":\"Explore Cagrilintide: The 'Satiety Signal Mapper' for investigating amylin-mediated neuroendocrine signals and metabolic receptor dynamics. RUO Only.\",\"breadcrumb\":{\"@id\":\"https:\/\/optimalbiolabs.com\/product\/cagrilintide-10mg\/#breadcrumb\"},\"inLanguage\":\"es\",\"potentialAction\":[{\"@type\":\"ReadAction\",\"target\":[\"https:\/\/optimalbiolabs.com\/product\/cagrilintide-10mg\/\"]}]},{\"@type\":\"ImageObject\",\"inLanguage\":\"es\",\"@id\":\"https:\/\/optimalbiolabs.com\/product\/cagrilintide-10mg\/#primaryimage\",\"url\":\"https:\/\/optimalbiolabs.com\/wp-content\/uploads\/2026\/01\/4-1.jpg\",\"contentUrl\":\"https:\/\/optimalbiolabs.com\/wp-content\/uploads\/2026\/01\/4-1.jpg\",\"width\":2000,\"height\":1414,\"caption\":\"Cagrilintide 10mg Research Peptide Vial\"},{\"@type\":\"BreadcrumbList\",\"@id\":\"https:\/\/optimalbiolabs.com\/product\/cagrilintide-10mg\/#breadcrumb\",\"itemListElement\":[{\"@type\":\"ListItem\",\"position\":1,\"name\":\"Home\",\"item\":\"https:\/\/optimalbiolabs.com\/\"},{\"@type\":\"ListItem\",\"position\":2,\"name\":\"Browse\",\"item\":\"https:\/\/optimalbiolabs.com\/browse\/\"},{\"@type\":\"ListItem\",\"position\":3,\"name\":\"Cagrilintide 10mg (Research Only)\"}]},{\"@type\":\"WebSite\",\"@id\":\"https:\/\/optimalbiolabs.com\/#website\",\"url\":\"https:\/\/optimalbiolabs.com\/\",\"name\":\"Optimal Bio Labs LLC\",\"description\":\"Premium US-based research compounds. Third-party verified for 99% purity. High-grade laboratory supplies you can trust. Proudly owned and operated in the USA\",\"publisher\":{\"@id\":\"https:\/\/optimalbiolabs.com\/#organization\"},\"alternateName\":\"Optimal Bio Labs\",\"potentialAction\":[{\"@type\":\"SearchAction\",\"target\":{\"@type\":\"EntryPoint\",\"urlTemplate\":\"https:\/\/optimalbiolabs.com\/?s={search_term_string}\"},\"query-input\":{\"@type\":\"PropertyValueSpecification\",\"valueRequired\":true,\"valueName\":\"search_term_string\"}}],\"inLanguage\":\"es\"},{\"@type\":\"Organization\",\"@id\":\"https:\/\/optimalbiolabs.com\/#organization\",\"name\":\"Optimal Bio Labs LLC\",\"url\":\"https:\/\/optimalbiolabs.com\/\",\"logo\":{\"@type\":\"ImageObject\",\"inLanguage\":\"es\",\"@id\":\"https:\/\/optimalbiolabs.com\/#\/schema\/logo\/image\/\",\"url\":\"https:\/\/optimalbiolabs.com\/wp-content\/uploads\/2025\/12\/BIO-LABS.png\",\"contentUrl\":\"https:\/\/optimalbiolabs.com\/wp-content\/uploads\/2025\/12\/BIO-LABS.png\",\"width\":720,\"height\":720,\"caption\":\"Optimal Bio Labs LLC\"},\"image\":{\"@id\":\"https:\/\/optimalbiolabs.com\/#\/schema\/logo\/image\/\"}}]}<\/script>\n<!-- \/ Yoast SEO plugin. -->","yoast_head_json":{"title":"Cagrilintide 10 mg (Solo Investigaci\u00f3n)","description":"Explore Cagrilintide: The 'Satiety Signal Mapper' for investigating amylin-mediated neuroendocrine signals and metabolic receptor dynamics. RUO Only.","robots":{"index":"index","follow":"follow","max-snippet":"max-snippet:-1","max-image-preview":"max-image-preview:large","max-video-preview":"max-video-preview:-1"},"canonical":"https:\/\/optimalbiolabs.com\/es\/producto\/cagrilintide-10mg\/","og_locale":"es_MX","og_type":"article","og_title":"Cagrilintide | The Satiety Signal Mapper","og_description":"Mapping the future of metabolic research. Explore how Cagrilintide influences amylin-mediated signaling and neuroendocrine receptor dynamics.","og_url":"https:\/\/optimalbiolabs.com\/es\/producto\/cagrilintide-10mg\/","og_site_name":"Optimal Bio Labs LLC","article_modified_time":"2026-03-31T18:27:23+00:00","og_image":[{"width":2000,"height":1414,"url":"https:\/\/optimalbiolabs.com\/wp-content\/uploads\/2026\/01\/4-1.jpg","type":"image\/jpeg"}],"twitter_card":"summary_large_image","twitter_title":"Cagrilintide: Mapping Metabolic Signals","twitter_description":"Researching amylin pathways? Use Cagrilintide as a \"Signal Mapper\" to explore neuroendocrine communication and energy-balance markers.","twitter_image":"https:\/\/optimalbiolabs.com\/wp-content\/uploads\/2026\/01\/4-1.jpg","twitter_misc":{"Tiempo de lectura":"2 minutos"},"schema":{"@context":"https:\/\/schema.org","@graph":[{"@type":"WebPage","@id":"https:\/\/optimalbiolabs.com\/product\/cagrilintide-10mg\/","url":"https:\/\/optimalbiolabs.com\/product\/cagrilintide-10mg\/","name":"Cagrilintide 10 mg (Solo Investigaci\u00f3n)","isPartOf":{"@id":"https:\/\/optimalbiolabs.com\/#website"},"primaryImageOfPage":{"@id":"https:\/\/optimalbiolabs.com\/product\/cagrilintide-10mg\/#primaryimage"},"image":{"@id":"https:\/\/optimalbiolabs.com\/product\/cagrilintide-10mg\/#primaryimage"},"thumbnailUrl":"https:\/\/optimalbiolabs.com\/wp-content\/uploads\/2026\/01\/4-1.jpg","datePublished":"2026-01-29T22:47:29+00:00","dateModified":"2026-03-31T18:27:23+00:00","description":"Explore Cagrilintide: The 'Satiety Signal Mapper' for investigating amylin-mediated neuroendocrine signals and metabolic receptor dynamics. RUO Only.","breadcrumb":{"@id":"https:\/\/optimalbiolabs.com\/product\/cagrilintide-10mg\/#breadcrumb"},"inLanguage":"es","potentialAction":[{"@type":"ReadAction","target":["https:\/\/optimalbiolabs.com\/product\/cagrilintide-10mg\/"]}]},{"@type":"ImageObject","inLanguage":"es","@id":"https:\/\/optimalbiolabs.com\/product\/cagrilintide-10mg\/#primaryimage","url":"https:\/\/optimalbiolabs.com\/wp-content\/uploads\/2026\/01\/4-1.jpg","contentUrl":"https:\/\/optimalbiolabs.com\/wp-content\/uploads\/2026\/01\/4-1.jpg","width":2000,"height":1414,"caption":"Cagrilintide 10mg Research Peptide Vial"},{"@type":"BreadcrumbList","@id":"https:\/\/optimalbiolabs.com\/product\/cagrilintide-10mg\/#breadcrumb","itemListElement":[{"@type":"ListItem","position":1,"name":"Home","item":"https:\/\/optimalbiolabs.com\/"},{"@type":"ListItem","position":2,"name":"Browse","item":"https:\/\/optimalbiolabs.com\/browse\/"},{"@type":"ListItem","position":3,"name":"Cagrilintide 10mg (Research Only)"}]},{"@type":"WebSite","@id":"https:\/\/optimalbiolabs.com\/#website","url":"https:\/\/optimalbiolabs.com\/","name":"Laboratorios Biol\u00f3gicos \u00d3ptimos LLC","description":"Compuestos de investigaci\u00f3n de primera calidad fabricados en EE. UU. Pureza 99% verificada por terceros. Suministros de laboratorio de alta calidad en los que puede confiar. Empresa orgullosamente estadounidense.","publisher":{"@id":"https:\/\/optimalbiolabs.com\/#organization"},"alternateName":"Optimal Bio Labs","potentialAction":[{"@type":"SearchAction","target":{"@type":"EntryPoint","urlTemplate":"https:\/\/optimalbiolabs.com\/?s={search_term_string}"},"query-input":{"@type":"PropertyValueSpecification","valueRequired":true,"valueName":"search_term_string"}}],"inLanguage":"es"},{"@type":"Organization","@id":"https:\/\/optimalbiolabs.com\/#organization","name":"Laboratorios Biol\u00f3gicos \u00d3ptimos LLC","url":"https:\/\/optimalbiolabs.com\/","logo":{"@type":"ImageObject","inLanguage":"es","@id":"https:\/\/optimalbiolabs.com\/#\/schema\/logo\/image\/","url":"https:\/\/optimalbiolabs.com\/wp-content\/uploads\/2025\/12\/BIO-LABS.png","contentUrl":"https:\/\/optimalbiolabs.com\/wp-content\/uploads\/2025\/12\/BIO-LABS.png","width":720,"height":720,"caption":"Optimal Bio Labs LLC"},"image":{"@id":"https:\/\/optimalbiolabs.com\/#\/schema\/logo\/image\/"}}]}},"jetpack_sharing_enabled":true,"_links":{"self":[{"href":"https:\/\/optimalbiolabs.com\/es\/wp-json\/wp\/v2\/product\/2834","targetHints":{"allow":["GET"]}}],"collection":[{"href":"https:\/\/optimalbiolabs.com\/es\/wp-json\/wp\/v2\/product"}],"about":[{"href":"https:\/\/optimalbiolabs.com\/es\/wp-json\/wp\/v2\/types\/product"}],"wp:featuredmedia":[{"embeddable":true,"href":"https:\/\/optimalbiolabs.com\/es\/wp-json\/wp\/v2\/media\/2700"}],"wp:attachment":[{"href":"https:\/\/optimalbiolabs.com\/es\/wp-json\/wp\/v2\/media?parent=2834"}],"wp:term":[{"taxonomy":"product_brand","embeddable":true,"href":"https:\/\/optimalbiolabs.com\/es\/wp-json\/wp\/v2\/product_brand?post=2834"},{"taxonomy":"product_cat","embeddable":true,"href":"https:\/\/optimalbiolabs.com\/es\/wp-json\/wp\/v2\/product_cat?post=2834"},{"taxonomy":"product_tag","embeddable":true,"href":"https:\/\/optimalbiolabs.com\/es\/wp-json\/wp\/v2\/product_tag?post=2834"}],"curies":[{"name":"wp","href":"https:\/\/api.w.org\/{rel}","templated":true}]}}