{"id":2830,"date":"2026-01-28T18:29:46","date_gmt":"2026-01-29T02:29:46","guid":{"rendered":"https:\/\/optimalbiolabs.com\/?post_type=product&#038;p=2830"},"modified":"2026-03-31T07:25:14","modified_gmt":"2026-03-31T14:25:14","slug":"bpc-157-10mg","status":"publish","type":"product","link":"https:\/\/optimalbiolabs.com\/es\/product\/bpc-157-10mg\/","title":{"rendered":"BPC-157 10 mg (Solo Investigaci\u00f3n)"},"content":{"rendered":"<p><strong>Descripci\u00f3n general del BPC-157<\/strong><\/p>\n<p data-path-to-node=\"2,0\"><b data-path-to-node=\"2,0\" data-index-in-node=\"1\">BPC-157 10 mg<\/b> es un p\u00e9ptido avanzado de grado de investigaci\u00f3n estudiado en modelos de laboratorio por su funci\u00f3n en <b data-path-to-node=\"2,0\" data-index-in-node=\"97\">se\u00f1alizaci\u00f3n de reparaci\u00f3n sist\u00e9mica y coordinaci\u00f3n arquitect\u00f3nica de amplio espectro.<\/b> Como un &quot;arquitecto estructural&quot; de alta capacidad, este formato de 10 mg permite a los investigadores mapear <b data-path-to-node=\"2,0\" data-index-in-node=\"258\">v\u00edas expansivas<\/b> involucrada en la migraci\u00f3n celular generalizada y la organizaci\u00f3n de la matriz extracelular a gran escala. En sistemas experimentales, se utiliza para analizar c\u00f3mo las c\u00e9lulas integran instrucciones complejas para <b data-path-to-node=\"2,0\" data-index-in-node=\"465\">mantener la estabilidad estructural<\/b> en modelos musculoesquel\u00e9ticos y vasculares.<\/p>\n<p data-path-to-node=\"2,1\">En entornos de laboratorio, el BPC-157 se utiliza para realizar un seguimiento. <b data-path-to-node=\"2,1\" data-index-in-node=\"58\">se\u00f1alizaci\u00f3n angiog\u00e9nica sostenida<\/b> y la estabilidad a largo plazo de las funciones de la barrera epitelial. Esta concentraci\u00f3n ofrece una <b data-path-to-node=\"2,1\" data-index-in-node=\"178\">visi\u00f3n integral<\/b> de c\u00f3mo el &quot;plan de reparaci\u00f3n&quot; del cuerpo coordina las respuestas a los estresores experimentales multifac\u00e9ticos. Estas investigaciones se centran exclusivamente en <b data-path-to-node=\"2,1\" data-index-in-node=\"339\">resiliencia molecular total<\/b> y la integraci\u00f3n de se\u00f1ales multisist\u00e9micas dentro de entornos de investigaci\u00f3n controlados, en lugar de la recuperaci\u00f3n cl\u00ednica o los resultados terap\u00e9uticos.<\/p>\n<p><strong data-start=\"3725\" data-end=\"3746\">Estructura BPC-157<\/strong><\/p>\n<ul>\n<li data-start=\"3750\" data-end=\"3791\"><strong data-start=\"3750\" data-end=\"3777\">N\u00famero CAS (base libre):<\/strong> 137525-51-0<\/li>\n<li data-start=\"3794\" data-end=\"3831\"><strong data-start=\"3794\" data-end=\"3816\">F\u00f3rmula molecular:<\/strong> C\u2086\u2082H\u2089\u2088N\u2081\u2086O\u2082\u2082<\/li>\n<li data-start=\"3834\" data-end=\"3881\"><strong data-start=\"3834\" data-end=\"3865\">Peso molecular (promedio):<\/strong> ~1419,5 g\/mol<\/li>\n<li data-start=\"3884\" data-end=\"3929\"><strong data-start=\"3884\" data-end=\"3914\">Masa monoisot\u00f3pica \/ exacta:<\/strong> 1418,7042 Da<\/li>\n<li data-start=\"3932\" data-end=\"4079\"><strong data-start=\"3932\" data-end=\"3952\">Compuesto padre:<\/strong> Fragmento pept\u00eddico derivado del jugo g\u00e1strico humano<br data-start=\"4002\" data-end=\"4005\" \/><em data-start=\"4007\" data-end=\"4079\">(hist\u00f3ricamente conocido en la literatura como \u201ccompuesto de protecci\u00f3n corporal\u201d)<\/em><\/li>\n<\/ul>\n<hr data-start=\"4081\" data-end=\"4084\" \/>\n<p><strong data-start=\"4089\" data-end=\"4101\">Sin\u00f3nimos<\/strong><\/p>\n<ul>\n<li data-start=\"4105\" data-end=\"4114\">BPC-157<\/li>\n<li data-start=\"4117\" data-end=\"4187\">Protecci\u00f3n corporal \/ Compuesto protector-157 <em data-start=\"4159\" data-end=\"4185\">(designaci\u00f3n hist\u00f3rica)<\/em><\/li>\n<li data-start=\"4190\" data-end=\"4200\">PL-14736<\/li>\n<li data-start=\"4203\" data-end=\"4229\">pentadecap\u00e9ptido g\u00e1strico<\/li>\n<li data-start=\"4232\" data-end=\"4247\">GEPPPGKPADDAGLV<\/li>\n<\/ul>\n<hr data-start=\"4249\" data-end=\"4252\" \/>\n<p><strong data-start=\"4257\" data-end=\"4275\">\u00c1reas de Investigaci\u00f3n<\/strong><\/p>\n<ul>\n<li data-start=\"4277\" data-end=\"4449\">\n<p data-start=\"4279\" data-end=\"4449\"><strong data-start=\"4279\" data-end=\"4328\">Se\u00f1alizaci\u00f3n de la integridad de la mucosa gastrointestinal:<\/strong><br data-start=\"4328\" data-end=\"4331\" \/>Estudios de laboratorio que examinan el mantenimiento de la barrera epitelial y los mecanismos de respuesta celular en modelos inducidos por \u00falceras.<\/p>\n<\/li>\n<li data-start=\"4451\" data-end=\"4656\">\n<p data-start=\"4453\" data-end=\"4656\"><strong data-start=\"4453\" data-end=\"4503\">Se\u00f1alizaci\u00f3n musculoesquel\u00e9tica y del tejido conectivo:<\/strong><br data-start=\"4503\" data-end=\"4506\" \/>Investigaci\u00f3n que eval\u00faa la migraci\u00f3n de fibroblastos, la organizaci\u00f3n del col\u00e1geno y las v\u00edas asociadas a la mineralizaci\u00f3n en modelos de tendones, ligamentos, m\u00fasculos y huesos.<\/p>\n<\/li>\n<li data-start=\"4658\" data-end=\"4831\">\n<p data-start=\"4660\" data-end=\"4831\"><strong data-start=\"4660\" data-end=\"4707\">Modulaci\u00f3n angiog\u00e9nica y se\u00f1alizaci\u00f3n vascular:<\/strong><br data-start=\"4707\" data-end=\"4710\" \/>Investigaci\u00f3n de la regulaci\u00f3n del factor de crecimiento endotelial y la coordinaci\u00f3n de la respuesta vascular en sistemas de lesi\u00f3n precl\u00ednicos.<\/p>\n<\/li>\n<li data-start=\"4658\" data-end=\"4831\">\n<p data-start=\"4660\" data-end=\"4831\"><strong>Se\u00f1alizaci\u00f3n de la respuesta neuronal e investigaci\u00f3n del SNC:<\/strong> Modelos experimentales que eval\u00faan la resiliencia celular y las respuestas de las v\u00edas neuronales tras una lesi\u00f3n del sistema nervioso central.<\/p>\n<\/li>\n<\/ul>","protected":false},"excerpt":{"rendered":"<p>Contenido: 10 mg de BPC-157<\/p>\n<p>Formato: Polvo liofilizado<br \/>\nPureza<strong>:<\/strong> <strong>\u2265 99%<\/strong> <strong>Probado en EE. UU.<\/strong>, Pureza Verificada (Probada mediante HPLC)<br \/>\nVerificaci\u00f3n: <strong>Certificados de Autenticidad Verificables<\/strong> (<strong>(Emparejados por Lote)<\/strong><\/p>\n<p><strong><u>Nuevas evidencias de investigaci\u00f3n:<\/u><\/strong><\/p>\n<p>BPC-157 10 mg se utiliza en modelos precl\u00ednicos como un <b data-path-to-node=\"2,0\" data-index-in-node=\"54\">arquitecto estructural de alta capacidad\u2018<\/b> para mapear la se\u00f1alizaci\u00f3n de respuesta sist\u00e9mica y la modulaci\u00f3n de v\u00edas de amplio espectro. Los sistemas in vitro y de laboratorio investigan su papel en <b data-path-to-node=\"2,0\" data-index-in-node=\"226\">se\u00f1alizaci\u00f3n epitelial integral<\/b> y la coordinaci\u00f3n de respuestas multitissulares. El enfoque de la investigaci\u00f3n se centra en <b data-path-to-node=\"2,0\" data-index-in-node=\"335\">an\u00e1lisis sostenido<\/b> de mecanismos angiog\u00e9nicos y biomarcadores de v\u00edas neuronales dentro de entornos controlados, proporcionando un plan exploratorio para <b data-path-to-node=\"2,0\" data-index-in-node=\"480\">resiliencia celular total<\/b> y la integraci\u00f3n de la se\u00f1alizaci\u00f3n sin referencia a la aplicaci\u00f3n cl\u00ednica.<\/p>\n<p>Solo para Uso en Investigaci\u00f3n \/ No Regulado por la FDA<br \/>\nConservar en un lugar fresco y oscuro.<\/p>\n<p><strong>Inventario Verificado por Lotes.<\/strong>. Ver 3<sup>rd<\/sup> Ver COA de 3\u00aa Parte.<\/p>","protected":false},"featured_media":2699,"template":"","meta":{"_acf_changed":false},"product_brand":[],"product_cat":[20,207],"product_tag":[52,76,77],"class_list":{"0":"post-2830","1":"product","2":"type-product","3":"status-publish","4":"has-post-thumbnail","6":"product_cat-research-compounds","7":"product_cat-x-feed-sales","8":"product_tag-inflammatory-response-study","9":"product_tag-tissue","10":"product_tag-tissue-synthesis","12":"first","13":"instock","14":"taxable","15":"shipping-taxable","16":"purchasable","17":"product-type-simple"},"acf":[],"yoast_head":"<!-- This site is optimized with the Yoast SEO plugin v27.2 - https:\/\/yoast.com\/product\/yoast-seo-wordpress\/ -->\n<title>BPC-157 10mg (Research Only)<\/title>\n<meta name=\"description\" content=\"Explore BPC-157 10mg: An advanced &#039;Structural Architect&#039; for mapping systemic repair signals and broad-spectrum cellular resilience. Research Use Only.\" \/>\n<meta name=\"robots\" content=\"index, follow, max-snippet:-1, max-image-preview:large, max-video-preview:-1\" \/>\n<link rel=\"canonical\" href=\"https:\/\/optimalbiolabs.com\/es\/producto\/bpc-157-10mg\/\" \/>\n<meta property=\"og:locale\" content=\"es_MX\" \/>\n<meta property=\"og:type\" content=\"article\" \/>\n<meta property=\"og:title\" content=\"BPC-157 10mg | Advanced Structural Signaling\" \/>\n<meta property=\"og:description\" content=\"Analyze systemic resilience. BPC-157 10mg provides a comprehensive look at the pathways driving large-scale architectural coordination in the lab.\" \/>\n<meta property=\"og:url\" content=\"https:\/\/optimalbiolabs.com\/es\/producto\/bpc-157-10mg\/\" \/>\n<meta property=\"og:site_name\" content=\"Optimal Bio Labs LLC\" \/>\n<meta property=\"article:modified_time\" content=\"2026-03-31T14:25:14+00:00\" \/>\n<meta property=\"og:image\" content=\"https:\/\/optimalbiolabs.com\/wp-content\/uploads\/2026\/01\/3-1.jpg\" \/>\n\t<meta property=\"og:image:width\" content=\"2000\" \/>\n\t<meta property=\"og:image:height\" content=\"1414\" \/>\n\t<meta property=\"og:image:type\" content=\"image\/jpeg\" \/>\n<meta name=\"twitter:card\" content=\"summary_large_image\" \/>\n<meta name=\"twitter:title\" content=\"BPC-157 10mg: The Science of Systemic Stability\" \/>\n<meta name=\"twitter:description\" content=\"Researching multi-system integrity? Use BPC-157 10mg for broad-spectrum data on sustained angiogenic and structural signaling.\" \/>\n<meta name=\"twitter:image\" content=\"https:\/\/optimalbiolabs.com\/wp-content\/uploads\/2026\/01\/3-1.jpg\" \/>\n<meta name=\"twitter:label1\" content=\"Tiempo de lectura\" \/>\n\t<meta name=\"twitter:data1\" content=\"2 minutos\" \/>\n<script type=\"application\/ld+json\" class=\"yoast-schema-graph\">{\"@context\":\"https:\/\/schema.org\",\"@graph\":[{\"@type\":\"WebPage\",\"@id\":\"https:\/\/optimalbiolabs.com\/product\/bpc-157-10mg\/\",\"url\":\"https:\/\/optimalbiolabs.com\/product\/bpc-157-10mg\/\",\"name\":\"BPC-157 10mg (Research Only)\",\"isPartOf\":{\"@id\":\"https:\/\/optimalbiolabs.com\/#website\"},\"primaryImageOfPage\":{\"@id\":\"https:\/\/optimalbiolabs.com\/product\/bpc-157-10mg\/#primaryimage\"},\"image\":{\"@id\":\"https:\/\/optimalbiolabs.com\/product\/bpc-157-10mg\/#primaryimage\"},\"thumbnailUrl\":\"https:\/\/optimalbiolabs.com\/wp-content\/uploads\/2026\/01\/3-1.jpg\",\"datePublished\":\"2026-01-29T02:29:46+00:00\",\"dateModified\":\"2026-03-31T14:25:14+00:00\",\"description\":\"Explore BPC-157 10mg: An advanced 'Structural Architect' for mapping systemic repair signals and broad-spectrum cellular resilience. Research Use Only.\",\"breadcrumb\":{\"@id\":\"https:\/\/optimalbiolabs.com\/product\/bpc-157-10mg\/#breadcrumb\"},\"inLanguage\":\"es\",\"potentialAction\":[{\"@type\":\"ReadAction\",\"target\":[\"https:\/\/optimalbiolabs.com\/product\/bpc-157-10mg\/\"]}]},{\"@type\":\"ImageObject\",\"inLanguage\":\"es\",\"@id\":\"https:\/\/optimalbiolabs.com\/product\/bpc-157-10mg\/#primaryimage\",\"url\":\"https:\/\/optimalbiolabs.com\/wp-content\/uploads\/2026\/01\/3-1.jpg\",\"contentUrl\":\"https:\/\/optimalbiolabs.com\/wp-content\/uploads\/2026\/01\/3-1.jpg\",\"width\":2000,\"height\":1414,\"caption\":\"BPC-157 10mg Research Peptide Vial\"},{\"@type\":\"BreadcrumbList\",\"@id\":\"https:\/\/optimalbiolabs.com\/product\/bpc-157-10mg\/#breadcrumb\",\"itemListElement\":[{\"@type\":\"ListItem\",\"position\":1,\"name\":\"Home\",\"item\":\"https:\/\/optimalbiolabs.com\/\"},{\"@type\":\"ListItem\",\"position\":2,\"name\":\"Browse\",\"item\":\"https:\/\/optimalbiolabs.com\/browse\/\"},{\"@type\":\"ListItem\",\"position\":3,\"name\":\"BPC-157 10mg (Research Only)\"}]},{\"@type\":\"WebSite\",\"@id\":\"https:\/\/optimalbiolabs.com\/#website\",\"url\":\"https:\/\/optimalbiolabs.com\/\",\"name\":\"Optimal Bio Labs LLC\",\"description\":\"Premium US-based research compounds. Third-party verified for 99% purity. High-grade laboratory supplies you can trust. Proudly owned and operated in the USA\",\"publisher\":{\"@id\":\"https:\/\/optimalbiolabs.com\/#organization\"},\"alternateName\":\"Optimal Bio Labs\",\"potentialAction\":[{\"@type\":\"SearchAction\",\"target\":{\"@type\":\"EntryPoint\",\"urlTemplate\":\"https:\/\/optimalbiolabs.com\/?s={search_term_string}\"},\"query-input\":{\"@type\":\"PropertyValueSpecification\",\"valueRequired\":true,\"valueName\":\"search_term_string\"}}],\"inLanguage\":\"es\"},{\"@type\":\"Organization\",\"@id\":\"https:\/\/optimalbiolabs.com\/#organization\",\"name\":\"Optimal Bio Labs LLC\",\"url\":\"https:\/\/optimalbiolabs.com\/\",\"logo\":{\"@type\":\"ImageObject\",\"inLanguage\":\"es\",\"@id\":\"https:\/\/optimalbiolabs.com\/#\/schema\/logo\/image\/\",\"url\":\"https:\/\/optimalbiolabs.com\/wp-content\/uploads\/2025\/12\/BIO-LABS.png\",\"contentUrl\":\"https:\/\/optimalbiolabs.com\/wp-content\/uploads\/2025\/12\/BIO-LABS.png\",\"width\":720,\"height\":720,\"caption\":\"Optimal Bio Labs LLC\"},\"image\":{\"@id\":\"https:\/\/optimalbiolabs.com\/#\/schema\/logo\/image\/\"}}]}<\/script>\n<!-- \/ Yoast SEO plugin. -->","yoast_head_json":{"title":"BPC-157 10 mg (Solo Investigaci\u00f3n)","description":"Explore BPC-157 10mg: An advanced 'Structural Architect' for mapping systemic repair signals and broad-spectrum cellular resilience. Research Use Only.","robots":{"index":"index","follow":"follow","max-snippet":"max-snippet:-1","max-image-preview":"max-image-preview:large","max-video-preview":"max-video-preview:-1"},"canonical":"https:\/\/optimalbiolabs.com\/es\/producto\/bpc-157-10mg\/","og_locale":"es_MX","og_type":"article","og_title":"BPC-157 10mg | Advanced Structural Signaling","og_description":"Analyze systemic resilience. BPC-157 10mg provides a comprehensive look at the pathways driving large-scale architectural coordination in the lab.","og_url":"https:\/\/optimalbiolabs.com\/es\/producto\/bpc-157-10mg\/","og_site_name":"Optimal Bio Labs LLC","article_modified_time":"2026-03-31T14:25:14+00:00","og_image":[{"width":2000,"height":1414,"url":"https:\/\/optimalbiolabs.com\/wp-content\/uploads\/2026\/01\/3-1.jpg","type":"image\/jpeg"}],"twitter_card":"summary_large_image","twitter_title":"BPC-157 10mg: The Science of Systemic Stability","twitter_description":"Researching multi-system integrity? Use BPC-157 10mg for broad-spectrum data on sustained angiogenic and structural signaling.","twitter_image":"https:\/\/optimalbiolabs.com\/wp-content\/uploads\/2026\/01\/3-1.jpg","twitter_misc":{"Tiempo de lectura":"2 minutos"},"schema":{"@context":"https:\/\/schema.org","@graph":[{"@type":"WebPage","@id":"https:\/\/optimalbiolabs.com\/product\/bpc-157-10mg\/","url":"https:\/\/optimalbiolabs.com\/product\/bpc-157-10mg\/","name":"BPC-157 10 mg (Solo Investigaci\u00f3n)","isPartOf":{"@id":"https:\/\/optimalbiolabs.com\/#website"},"primaryImageOfPage":{"@id":"https:\/\/optimalbiolabs.com\/product\/bpc-157-10mg\/#primaryimage"},"image":{"@id":"https:\/\/optimalbiolabs.com\/product\/bpc-157-10mg\/#primaryimage"},"thumbnailUrl":"https:\/\/optimalbiolabs.com\/wp-content\/uploads\/2026\/01\/3-1.jpg","datePublished":"2026-01-29T02:29:46+00:00","dateModified":"2026-03-31T14:25:14+00:00","description":"Explore BPC-157 10mg: An advanced 'Structural Architect' for mapping systemic repair signals and broad-spectrum cellular resilience. Research Use Only.","breadcrumb":{"@id":"https:\/\/optimalbiolabs.com\/product\/bpc-157-10mg\/#breadcrumb"},"inLanguage":"es","potentialAction":[{"@type":"ReadAction","target":["https:\/\/optimalbiolabs.com\/product\/bpc-157-10mg\/"]}]},{"@type":"ImageObject","inLanguage":"es","@id":"https:\/\/optimalbiolabs.com\/product\/bpc-157-10mg\/#primaryimage","url":"https:\/\/optimalbiolabs.com\/wp-content\/uploads\/2026\/01\/3-1.jpg","contentUrl":"https:\/\/optimalbiolabs.com\/wp-content\/uploads\/2026\/01\/3-1.jpg","width":2000,"height":1414,"caption":"BPC-157 10mg Research Peptide Vial"},{"@type":"BreadcrumbList","@id":"https:\/\/optimalbiolabs.com\/product\/bpc-157-10mg\/#breadcrumb","itemListElement":[{"@type":"ListItem","position":1,"name":"Home","item":"https:\/\/optimalbiolabs.com\/"},{"@type":"ListItem","position":2,"name":"Browse","item":"https:\/\/optimalbiolabs.com\/browse\/"},{"@type":"ListItem","position":3,"name":"BPC-157 10mg (Research Only)"}]},{"@type":"WebSite","@id":"https:\/\/optimalbiolabs.com\/#website","url":"https:\/\/optimalbiolabs.com\/","name":"Laboratorios Biol\u00f3gicos \u00d3ptimos LLC","description":"Compuestos de investigaci\u00f3n de primera calidad fabricados en EE. UU. Pureza 99% verificada por terceros. Suministros de laboratorio de alta calidad en los que puede confiar. Empresa orgullosamente estadounidense.","publisher":{"@id":"https:\/\/optimalbiolabs.com\/#organization"},"alternateName":"Optimal Bio Labs","potentialAction":[{"@type":"SearchAction","target":{"@type":"EntryPoint","urlTemplate":"https:\/\/optimalbiolabs.com\/?s={search_term_string}"},"query-input":{"@type":"PropertyValueSpecification","valueRequired":true,"valueName":"search_term_string"}}],"inLanguage":"es"},{"@type":"Organization","@id":"https:\/\/optimalbiolabs.com\/#organization","name":"Laboratorios Biol\u00f3gicos \u00d3ptimos LLC","url":"https:\/\/optimalbiolabs.com\/","logo":{"@type":"ImageObject","inLanguage":"es","@id":"https:\/\/optimalbiolabs.com\/#\/schema\/logo\/image\/","url":"https:\/\/optimalbiolabs.com\/wp-content\/uploads\/2025\/12\/BIO-LABS.png","contentUrl":"https:\/\/optimalbiolabs.com\/wp-content\/uploads\/2025\/12\/BIO-LABS.png","width":720,"height":720,"caption":"Optimal Bio Labs LLC"},"image":{"@id":"https:\/\/optimalbiolabs.com\/#\/schema\/logo\/image\/"}}]}},"jetpack_sharing_enabled":true,"_links":{"self":[{"href":"https:\/\/optimalbiolabs.com\/es\/wp-json\/wp\/v2\/product\/2830","targetHints":{"allow":["GET"]}}],"collection":[{"href":"https:\/\/optimalbiolabs.com\/es\/wp-json\/wp\/v2\/product"}],"about":[{"href":"https:\/\/optimalbiolabs.com\/es\/wp-json\/wp\/v2\/types\/product"}],"wp:featuredmedia":[{"embeddable":true,"href":"https:\/\/optimalbiolabs.com\/es\/wp-json\/wp\/v2\/media\/2699"}],"wp:attachment":[{"href":"https:\/\/optimalbiolabs.com\/es\/wp-json\/wp\/v2\/media?parent=2830"}],"wp:term":[{"taxonomy":"product_brand","embeddable":true,"href":"https:\/\/optimalbiolabs.com\/es\/wp-json\/wp\/v2\/product_brand?post=2830"},{"taxonomy":"product_cat","embeddable":true,"href":"https:\/\/optimalbiolabs.com\/es\/wp-json\/wp\/v2\/product_cat?post=2830"},{"taxonomy":"product_tag","embeddable":true,"href":"https:\/\/optimalbiolabs.com\/es\/wp-json\/wp\/v2\/product_tag?post=2830"}],"curies":[{"name":"wp","href":"https:\/\/api.w.org\/{rel}","templated":true}]}}