{"id":2826,"date":"2026-01-28T18:03:52","date_gmt":"2026-01-29T02:03:52","guid":{"rendered":"https:\/\/optimalbiolabs.com\/?post_type=product&#038;p=2826"},"modified":"2026-03-25T15:16:31","modified_gmt":"2026-03-25T22:16:31","slug":"reconstitution-solution-10ml","status":"publish","type":"product","link":"https:\/\/optimalbiolabs.com\/es\/product\/reconstitution-solution-10ml\/","title":{"rendered":"Soluci\u00f3n de reconstituci\u00f3n 10 ml (Solo Investigaci\u00f3n)"},"content":{"rendered":"<h3 data-start=\"984\" data-end=\"1019\">Descripci\u00f3n general de la soluci\u00f3n de reconstituci\u00f3n<\/h3>\n<p data-path-to-node=\"2,0\"><b data-path-to-node=\"2,0\" data-index-in-node=\"1\">Agua est\u00e9ril 10 ml<\/b> es un medio de investigaci\u00f3n expansivo y libre de conservantes dise\u00f1ado para aplicaciones de laboratorio de alto volumen donde mantener un <b data-path-to-node=\"2,0\" data-index-in-node=\"142\">perfil qu\u00edmico neutro<\/b> es primordial. Si bien los vol\u00famenes m\u00e1s peque\u00f1os est\u00e1n dise\u00f1ados para ensayos aislados, esto <b data-path-to-node=\"2,0\" data-index-in-node=\"242\">formato de 10 ml<\/b> sirve como un &quot;catalizador puro de alta capacidad&quot; para los investigadores que realizan <b data-path-to-node=\"2,0\" data-index-in-node=\"325\">mapeo multietapa<\/b> de v\u00edas de se\u00f1alizaci\u00f3n sensibles. Es el est\u00e1ndar profesional para <b data-path-to-node=\"2,0\" data-index-in-node=\"414\">secuencias de diluci\u00f3n extendidas<\/b> y procedimientos anal\u00edticos que requieren una base limpia, totalmente libre de aditivos antimicrobianos o interferencias.<\/p>\n<p data-path-to-node=\"2,1\">Dise\u00f1ado exclusivamente para <b data-path-to-node=\"2,1\" data-index-in-node=\"25\">investigaci\u00f3n de laboratorio de amplio espectro<\/b>, esta soluci\u00f3n de 10 ml proporciona un mapa completo para la preparaci\u00f3n de muestras a gran escala y <b data-path-to-node=\"2,1\" data-index-in-node=\"148\">modelado experimental complejo<\/b>. No est\u00e1 formulado para uso cl\u00ednico o terap\u00e9utico y est\u00e1 destinado a ser un diluyente universal de alta pureza para diversos entornos de investigaci\u00f3n.<\/p>\n<hr data-start=\"1378\" data-end=\"1381\" \/>\n<p><strong>Caracter\u00edsticas principales<\/strong><\/p>\n<ul>\n<li data-start=\"1402\" data-end=\"1444\">Soluci\u00f3n est\u00e9ril con <strong data-start=\"1424\" data-end=\"1444\">Sin conservantes<\/strong><\/li>\n<li data-start=\"1447\" data-end=\"1502\">Adecuado para la diluci\u00f3n en laboratorio y la preparaci\u00f3n de muestras.<\/li>\n<li data-start=\"1505\" data-end=\"1598\"><strong data-start=\"1505\" data-end=\"1528\">Nota de compatibilidad:<\/strong> Verifique la compatibilidad con los materiales de investigaci\u00f3n espec\u00edficos antes de mezclar.<\/li>\n<\/ul>\n<hr data-start=\"1600\" data-end=\"1603\" \/>\n<p><strong>Composici\u00f3n<\/strong><\/p>\n<ul>\n<li data-start=\"1623\" data-end=\"1653\">100% agua est\u00e9ril y purificada<\/li>\n<li data-start=\"1656\" data-end=\"1674\">Sin conservantes<\/li>\n<li data-start=\"1677\" data-end=\"1696\">Sin alcohol benc\u00edlico<\/li>\n<li data-start=\"1699\" data-end=\"1716\">Sin electrolitos<\/li>\n<li data-start=\"1719\" data-end=\"1731\">Sin b\u00faferes<\/li>\n<li data-start=\"1734\" data-end=\"1759\">No se admiten agentes antimicrobianos.<\/li>\n<\/ul>\n<hr data-start=\"1761\" data-end=\"1764\" \/>\n<p><strong>Manipulaci\u00f3n y almacenamiento<\/strong><\/p>\n<ul>\n<li data-start=\"1791\" data-end=\"1814\">Utilice t\u00e9cnica as\u00e9ptica<\/li>\n<li data-start=\"1817\" data-end=\"1845\">Proteger de la contaminaci\u00f3n<\/li>\n<li data-start=\"1848\" data-end=\"1879\">Una vez abierto, conservar refrigerado.<\/li>\n<li data-start=\"1882\" data-end=\"1965\">Deseche la soluci\u00f3n si se vuelve turbia, cambia de color o si se observan part\u00edculas.<\/li>\n<li data-start=\"1968\" data-end=\"2013\">No lo utilice si el precinto est\u00e1 roto antes de recibirlo.<\/li>\n<\/ul>\n<hr data-start=\"2015\" data-end=\"2018\" \/>\n<p><strong>Informaci\u00f3n reglamentaria y de uso<\/strong><\/p>\n<p data-path-to-node=\"2,0\"><b data-path-to-node=\"2,0\" data-index-in-node=\"1\">10 ml de agua est\u00e9ril<\/b> se suministra como un <b data-path-to-node=\"2,0\" data-index-in-node=\"37\">diluyente de laboratorio de alta capacidad<\/b> Este producto est\u00e1 destinado exclusivamente para uso en investigaci\u00f3n (RUO). Este extenso medio no est\u00e1 vinculado a ning\u00fan compuesto de investigaci\u00f3n en particular y se proporciona sin instrucciones de preparaci\u00f3n, dosificaci\u00f3n ni administraci\u00f3n.<\/p>\n<p data-path-to-node=\"2,1\"><b data-path-to-node=\"2,1\" data-index-in-node=\"0\">Declaraci\u00f3n de la FDA<\/b><\/p>\n<p data-path-to-node=\"2,1\">Este producto no ha sido evaluado por la Administraci\u00f3n de Alimentos y Medicamentos (FDA) y no est\u00e1 destinado a diagnosticar, tratar, curar ni prevenir ninguna enfermedad.<\/p>\n<p data-path-to-node=\"2,2\"><b data-path-to-node=\"2,2\" data-index-in-node=\"0\">Responsabilidad del comprador<\/b><\/p>\n<p data-path-to-node=\"2,2\">Al adquirir este formato de 10 ml, el comprador afirma que est\u00e1 capacitado para manejarlo. <b data-path-to-node=\"2,2\" data-index-in-node=\"105\">materiales RUO de amplio espectro<\/b> y las utilizar\u00e1n de conformidad con todas las leyes, normas de seguridad y pol\u00edticas de investigaci\u00f3n institucionales aplicables.<\/p>","protected":false},"excerpt":{"rendered":"<p>Contenido: 10 ml de agua est\u00e9ril purificada.<\/p>\n<p>Formato: L\u00edquido<br \/>\nPureza<strong>:<\/strong> <strong>\u2265 99%<\/strong> Pureza<\/p>\n<p><strong data-start=\"553\" data-end=\"569\">Designaci\u00f3n:<\/strong> Soluci\u00f3n est\u00e9ril para reconstituci\u00f3n<\/p>\n<p><strong><u>Nuevas evidencias de investigaci\u00f3n:<\/u><\/strong><\/p>\n<p>El agua est\u00e9ril de alta capacidad se utiliza en modelos de laboratorio precl\u00ednicos como <b data-path-to-node=\"2,0\" data-index-in-node=\"81\">&#039;Catalizador puro&#039; de gran alcance\u2018<\/b> para un mapeo de investigaci\u00f3n integral. Este dep\u00f3sito m\u00e1s grande de 10 ml permite a los investigadores realizar <b data-path-to-node=\"2,0\" data-index-in-node=\"202\">secuencias de diluci\u00f3n multietapa<\/b> y preparar lotes de muestras extensos donde se requiere neutralidad absoluta de los aditivos. El enfoque de la investigaci\u00f3n se centra en facilitar <b data-path-to-node=\"2,0\" data-index-in-node=\"357\">flujos de trabajo anal\u00edticos prolongados<\/b> al tiempo que se garantiza la m\u00e1xima consistencia qu\u00edmica y la ausencia total de interferencias dentro de los complejos sistemas de se\u00f1alizaci\u00f3n molecular.<\/p>\n<p>Mantener el producto en un lugar fresco y oscuro.<br \/>\nSolo para Uso en Investigaci\u00f3n \/ No Regulado por la FDA<\/p>","protected":false},"featured_media":2723,"template":"","meta":{"_acf_changed":false},"product_brand":[],"product_cat":[119],"product_tag":[193,195,194],"class_list":{"0":"post-2826","1":"product","2":"type-product","3":"status-publish","4":"has-post-thumbnail","6":"product_cat-sterile-water","7":"product_tag-laboratory-diluent","8":"product_tag-research-materials","9":"product_tag-sterile-solutions","11":"first","12":"instock","13":"taxable","14":"shipping-taxable","15":"purchasable","16":"product-type-simple"},"acf":[],"yoast_head":"<!-- This site is optimized with the Yoast SEO plugin v27.2 - https:\/\/yoast.com\/product\/yoast-seo-wordpress\/ -->\n<title>Reconstitution Solution 10ml (Research Only)<\/title>\n<meta name=\"description\" content=\"Explore 10ml Sterile Water: A high-capacity &#039;Pure Catalyst&#039; for broad-spectrum research, multi-stage dilution, and neutral lab mapping. Research Use Only.\" \/>\n<meta name=\"robots\" content=\"index, follow, max-snippet:-1, max-image-preview:large, max-video-preview:-1\" \/>\n<link rel=\"canonical\" href=\"https:\/\/optimalbiolabs.com\/es\/producto\/reconstitution-solution-10ml\/\" \/>\n<meta property=\"og:locale\" content=\"es_MX\" \/>\n<meta property=\"og:type\" content=\"article\" \/>\n<meta property=\"og:title\" content=\"10ml Sterile Water | High-Capacity Pure Catalyst\" \/>\n<meta property=\"og:description\" content=\"Scale your sensitive research with our 10ml Sterile Water. Preservative-free and designed for multi-stage mapping without additive interference.\" \/>\n<meta property=\"og:url\" content=\"https:\/\/optimalbiolabs.com\/es\/producto\/reconstitution-solution-10ml\/\" \/>\n<meta property=\"og:site_name\" content=\"Optimal Bio Labs LLC\" \/>\n<meta property=\"article:modified_time\" content=\"2026-03-25T22:16:31+00:00\" \/>\n<meta property=\"og:image\" content=\"https:\/\/optimalbiolabs.com\/wp-content\/uploads\/2026\/01\/56.jpg\" \/>\n\t<meta property=\"og:image:width\" content=\"2000\" \/>\n\t<meta property=\"og:image:height\" content=\"1414\" \/>\n\t<meta property=\"og:image:type\" content=\"image\/jpeg\" \/>\n<meta name=\"twitter:card\" content=\"summary_large_image\" \/>\n<meta name=\"twitter:title\" content=\"10ml Sterile Water: Pure Neutral Standard\" \/>\n<meta name=\"twitter:description\" content=\"Expanding your lab trials? Our 10ml Sterile Water offers high-capacity purity for comprehensive signaling research. Zero additives.\" \/>\n<meta name=\"twitter:image\" content=\"https:\/\/optimalbiolabs.com\/wp-content\/uploads\/2026\/01\/56.jpg\" \/>\n<meta name=\"twitter:label1\" content=\"Tiempo de lectura\" \/>\n\t<meta name=\"twitter:data1\" content=\"2 minutos\" \/>\n<script type=\"application\/ld+json\" class=\"yoast-schema-graph\">{\"@context\":\"https:\/\/schema.org\",\"@graph\":[{\"@type\":\"WebPage\",\"@id\":\"https:\/\/optimalbiolabs.com\/product\/reconstitution-solution-10ml\/\",\"url\":\"https:\/\/optimalbiolabs.com\/product\/reconstitution-solution-10ml\/\",\"name\":\"Reconstitution Solution 10ml (Research Only)\",\"isPartOf\":{\"@id\":\"https:\/\/optimalbiolabs.com\/#website\"},\"primaryImageOfPage\":{\"@id\":\"https:\/\/optimalbiolabs.com\/product\/reconstitution-solution-10ml\/#primaryimage\"},\"image\":{\"@id\":\"https:\/\/optimalbiolabs.com\/product\/reconstitution-solution-10ml\/#primaryimage\"},\"thumbnailUrl\":\"https:\/\/optimalbiolabs.com\/wp-content\/uploads\/2026\/01\/56.jpg\",\"datePublished\":\"2026-01-29T02:03:52+00:00\",\"dateModified\":\"2026-03-25T22:16:31+00:00\",\"description\":\"Explore 10ml Sterile Water: A high-capacity 'Pure Catalyst' for broad-spectrum research, multi-stage dilution, and neutral lab mapping. Research Use Only.\",\"breadcrumb\":{\"@id\":\"https:\/\/optimalbiolabs.com\/product\/reconstitution-solution-10ml\/#breadcrumb\"},\"inLanguage\":\"es\",\"potentialAction\":[{\"@type\":\"ReadAction\",\"target\":[\"https:\/\/optimalbiolabs.com\/product\/reconstitution-solution-10ml\/\"]}]},{\"@type\":\"ImageObject\",\"inLanguage\":\"es\",\"@id\":\"https:\/\/optimalbiolabs.com\/product\/reconstitution-solution-10ml\/#primaryimage\",\"url\":\"https:\/\/optimalbiolabs.com\/wp-content\/uploads\/2026\/01\/56.jpg\",\"contentUrl\":\"https:\/\/optimalbiolabs.com\/wp-content\/uploads\/2026\/01\/56.jpg\",\"width\":2000,\"height\":1414,\"caption\":\"Reconstitution Solution 10ml Research Vial\"},{\"@type\":\"BreadcrumbList\",\"@id\":\"https:\/\/optimalbiolabs.com\/product\/reconstitution-solution-10ml\/#breadcrumb\",\"itemListElement\":[{\"@type\":\"ListItem\",\"position\":1,\"name\":\"Home\",\"item\":\"https:\/\/optimalbiolabs.com\/\"},{\"@type\":\"ListItem\",\"position\":2,\"name\":\"Browse\",\"item\":\"https:\/\/optimalbiolabs.com\/browse\/\"},{\"@type\":\"ListItem\",\"position\":3,\"name\":\"Reconstitution Solution 10ml (Research Only)\"}]},{\"@type\":\"WebSite\",\"@id\":\"https:\/\/optimalbiolabs.com\/#website\",\"url\":\"https:\/\/optimalbiolabs.com\/\",\"name\":\"Optimal Bio Labs LLC\",\"description\":\"Premium US-based research compounds. Third-party verified for 99% purity. High-grade laboratory supplies you can trust. Proudly owned and operated in the USA\",\"publisher\":{\"@id\":\"https:\/\/optimalbiolabs.com\/#organization\"},\"alternateName\":\"Optimal Bio Labs\",\"potentialAction\":[{\"@type\":\"SearchAction\",\"target\":{\"@type\":\"EntryPoint\",\"urlTemplate\":\"https:\/\/optimalbiolabs.com\/?s={search_term_string}\"},\"query-input\":{\"@type\":\"PropertyValueSpecification\",\"valueRequired\":true,\"valueName\":\"search_term_string\"}}],\"inLanguage\":\"es\"},{\"@type\":\"Organization\",\"@id\":\"https:\/\/optimalbiolabs.com\/#organization\",\"name\":\"Optimal Bio Labs LLC\",\"url\":\"https:\/\/optimalbiolabs.com\/\",\"logo\":{\"@type\":\"ImageObject\",\"inLanguage\":\"es\",\"@id\":\"https:\/\/optimalbiolabs.com\/#\/schema\/logo\/image\/\",\"url\":\"https:\/\/optimalbiolabs.com\/wp-content\/uploads\/2025\/12\/BIO-LABS.png\",\"contentUrl\":\"https:\/\/optimalbiolabs.com\/wp-content\/uploads\/2025\/12\/BIO-LABS.png\",\"width\":720,\"height\":720,\"caption\":\"Optimal Bio Labs LLC\"},\"image\":{\"@id\":\"https:\/\/optimalbiolabs.com\/#\/schema\/logo\/image\/\"}}]}<\/script>\n<!-- \/ Yoast SEO plugin. -->","yoast_head_json":{"title":"Soluci\u00f3n de reconstituci\u00f3n 10 ml (Solo Investigaci\u00f3n)","description":"Explore 10ml Sterile Water: A high-capacity 'Pure Catalyst' for broad-spectrum research, multi-stage dilution, and neutral lab mapping. Research Use Only.","robots":{"index":"index","follow":"follow","max-snippet":"max-snippet:-1","max-image-preview":"max-image-preview:large","max-video-preview":"max-video-preview:-1"},"canonical":"https:\/\/optimalbiolabs.com\/es\/producto\/reconstitution-solution-10ml\/","og_locale":"es_MX","og_type":"article","og_title":"10ml Sterile Water | High-Capacity Pure Catalyst","og_description":"Scale your sensitive research with our 10ml Sterile Water. Preservative-free and designed for multi-stage mapping without additive interference.","og_url":"https:\/\/optimalbiolabs.com\/es\/producto\/reconstitution-solution-10ml\/","og_site_name":"Optimal Bio Labs LLC","article_modified_time":"2026-03-25T22:16:31+00:00","og_image":[{"width":2000,"height":1414,"url":"https:\/\/optimalbiolabs.com\/wp-content\/uploads\/2026\/01\/56.jpg","type":"image\/jpeg"}],"twitter_card":"summary_large_image","twitter_title":"10ml Sterile Water: Pure Neutral Standard","twitter_description":"Expanding your lab trials? Our 10ml Sterile Water offers high-capacity purity for comprehensive signaling research. Zero additives.","twitter_image":"https:\/\/optimalbiolabs.com\/wp-content\/uploads\/2026\/01\/56.jpg","twitter_misc":{"Tiempo de lectura":"2 minutos"},"schema":{"@context":"https:\/\/schema.org","@graph":[{"@type":"WebPage","@id":"https:\/\/optimalbiolabs.com\/product\/reconstitution-solution-10ml\/","url":"https:\/\/optimalbiolabs.com\/product\/reconstitution-solution-10ml\/","name":"Soluci\u00f3n de reconstituci\u00f3n 10 ml (Solo Investigaci\u00f3n)","isPartOf":{"@id":"https:\/\/optimalbiolabs.com\/#website"},"primaryImageOfPage":{"@id":"https:\/\/optimalbiolabs.com\/product\/reconstitution-solution-10ml\/#primaryimage"},"image":{"@id":"https:\/\/optimalbiolabs.com\/product\/reconstitution-solution-10ml\/#primaryimage"},"thumbnailUrl":"https:\/\/optimalbiolabs.com\/wp-content\/uploads\/2026\/01\/56.jpg","datePublished":"2026-01-29T02:03:52+00:00","dateModified":"2026-03-25T22:16:31+00:00","description":"Explore 10ml Sterile Water: A high-capacity 'Pure Catalyst' for broad-spectrum research, multi-stage dilution, and neutral lab mapping. Research Use Only.","breadcrumb":{"@id":"https:\/\/optimalbiolabs.com\/product\/reconstitution-solution-10ml\/#breadcrumb"},"inLanguage":"es","potentialAction":[{"@type":"ReadAction","target":["https:\/\/optimalbiolabs.com\/product\/reconstitution-solution-10ml\/"]}]},{"@type":"ImageObject","inLanguage":"es","@id":"https:\/\/optimalbiolabs.com\/product\/reconstitution-solution-10ml\/#primaryimage","url":"https:\/\/optimalbiolabs.com\/wp-content\/uploads\/2026\/01\/56.jpg","contentUrl":"https:\/\/optimalbiolabs.com\/wp-content\/uploads\/2026\/01\/56.jpg","width":2000,"height":1414,"caption":"Reconstitution Solution 10ml Research Vial"},{"@type":"BreadcrumbList","@id":"https:\/\/optimalbiolabs.com\/product\/reconstitution-solution-10ml\/#breadcrumb","itemListElement":[{"@type":"ListItem","position":1,"name":"Home","item":"https:\/\/optimalbiolabs.com\/"},{"@type":"ListItem","position":2,"name":"Browse","item":"https:\/\/optimalbiolabs.com\/browse\/"},{"@type":"ListItem","position":3,"name":"Reconstitution Solution 10ml (Research Only)"}]},{"@type":"WebSite","@id":"https:\/\/optimalbiolabs.com\/#website","url":"https:\/\/optimalbiolabs.com\/","name":"Laboratorios Biol\u00f3gicos \u00d3ptimos LLC","description":"Compuestos de investigaci\u00f3n de primera calidad fabricados en EE. UU. Pureza 99% verificada por terceros. Suministros de laboratorio de alta calidad en los que puede confiar. Empresa orgullosamente estadounidense.","publisher":{"@id":"https:\/\/optimalbiolabs.com\/#organization"},"alternateName":"Optimal Bio Labs","potentialAction":[{"@type":"SearchAction","target":{"@type":"EntryPoint","urlTemplate":"https:\/\/optimalbiolabs.com\/?s={search_term_string}"},"query-input":{"@type":"PropertyValueSpecification","valueRequired":true,"valueName":"search_term_string"}}],"inLanguage":"es"},{"@type":"Organization","@id":"https:\/\/optimalbiolabs.com\/#organization","name":"Laboratorios Biol\u00f3gicos \u00d3ptimos LLC","url":"https:\/\/optimalbiolabs.com\/","logo":{"@type":"ImageObject","inLanguage":"es","@id":"https:\/\/optimalbiolabs.com\/#\/schema\/logo\/image\/","url":"https:\/\/optimalbiolabs.com\/wp-content\/uploads\/2025\/12\/BIO-LABS.png","contentUrl":"https:\/\/optimalbiolabs.com\/wp-content\/uploads\/2025\/12\/BIO-LABS.png","width":720,"height":720,"caption":"Optimal Bio Labs LLC"},"image":{"@id":"https:\/\/optimalbiolabs.com\/#\/schema\/logo\/image\/"}}]}},"jetpack_sharing_enabled":true,"_links":{"self":[{"href":"https:\/\/optimalbiolabs.com\/es\/wp-json\/wp\/v2\/product\/2826","targetHints":{"allow":["GET"]}}],"collection":[{"href":"https:\/\/optimalbiolabs.com\/es\/wp-json\/wp\/v2\/product"}],"about":[{"href":"https:\/\/optimalbiolabs.com\/es\/wp-json\/wp\/v2\/types\/product"}],"wp:featuredmedia":[{"embeddable":true,"href":"https:\/\/optimalbiolabs.com\/es\/wp-json\/wp\/v2\/media\/2723"}],"wp:attachment":[{"href":"https:\/\/optimalbiolabs.com\/es\/wp-json\/wp\/v2\/media?parent=2826"}],"wp:term":[{"taxonomy":"product_brand","embeddable":true,"href":"https:\/\/optimalbiolabs.com\/es\/wp-json\/wp\/v2\/product_brand?post=2826"},{"taxonomy":"product_cat","embeddable":true,"href":"https:\/\/optimalbiolabs.com\/es\/wp-json\/wp\/v2\/product_cat?post=2826"},{"taxonomy":"product_tag","embeddable":true,"href":"https:\/\/optimalbiolabs.com\/es\/wp-json\/wp\/v2\/product_tag?post=2826"}],"curies":[{"name":"wp","href":"https:\/\/api.w.org\/{rel}","templated":true}]}}