{"id":2810,"date":"2026-01-28T15:38:50","date_gmt":"2026-01-28T23:38:50","guid":{"rendered":"https:\/\/optimalbiolabs.com\/?post_type=product&#038;p=2810"},"modified":"2026-04-06T13:39:07","modified_gmt":"2026-04-06T20:39:07","slug":"glp-1-t-40mg","status":"publish","type":"product","link":"https:\/\/optimalbiolabs.com\/es\/product\/glp-1-t-40mg\/","title":{"rendered":"GLP-1 T 40 mg (Solo Investigaci\u00f3n)"},"content":{"rendered":"<p><strong>GLP-1 T (GLP-1 \/ GIP) <\/strong><strong>Descripci\u00f3n general<\/strong><\/p>\n<p data-path-to-node=\"2,0\"><b data-path-to-node=\"2,0\" data-index-in-node=\"1\">Tirzepatide 40mg<\/b> is a limit-state investigational peptide utilized in pre-clinical research to study <b data-path-to-node=\"2,0\" data-index-in-node=\"102\">exhaustive dual-receptor endocrine signaling<\/b> and terminal metabolic synchronization. Laboratory models focus on supra-maximal GLP-1 and GIP receptor-binding behavior, <b data-path-to-node=\"2,0\" data-index-in-node=\"269\">terminal dual-incretin pathway saturation<\/b>, y la din\u00e1mica de respuesta de biomarcadores dentro de redes complejas. <b data-path-to-node=\"2,0\" data-index-in-node=\"374\">40mg<\/b> La herramienta permite a los investigadores rastrear el <b data-path-to-node=\"2,0\" data-index-in-node=\"418\">comprehensive threshold of systemic metabolic harmony<\/b> y agilidad biol\u00f3gica a nivel molecular.<\/p>\n<p data-path-to-node=\"2,1\">Estos sistemas de investigaci\u00f3n est\u00e1n dise\u00f1ados para analizar <b data-path-to-node=\"2,1\" data-index-in-node=\"47\">exhaustive dual-pathway integration, terminal-capacity caloric-balance signaling<\/b>, and signaling behavior under limit-state conditions. Investigators use this definitive-concentration formulation to evaluate <b data-path-to-node=\"2,1\" data-index-in-node=\"254\">absolute receptor-crosstalk efficiency<\/b> y la homeostasis metab\u00f3lica, en lugar de la eficacia cl\u00ednica, los resultados terap\u00e9uticos o el tratamiento de la enfermedad. La investigaci\u00f3n en curso explora la <b data-path-to-node=\"2,1\" data-index-in-node=\"430\">terminal-output signal-specificity<\/b> necesario para una estabilidad metab\u00f3lica sostenida en modelos experimentales.<\/p>\n<p><strong>Estructura del GLP-1 \/ GIP:<\/strong><\/p>\n<p><strong>N\u00famero CAS: <\/strong>2023788-19-2<\/p>\n<p><strong>F\u00f3rmula molecular:<\/strong>\u00a0C\u2082\u2082\u2085H\u2083\u2084\u2088N\u2084\u2088O\u2086\u2088<\/p>\n<p><strong>Peso molecular:<\/strong>\u00a0\u2248 4813,5 g\/mol<\/p>\n<p><strong>Compuesto padre<\/strong>: Agonista dual unimolecular de GIP\/GLP-1<\/p>\n<p><strong>Masa monoisot\u00f3pica: <\/strong>\u2248 4810,52 Da<\/p>\n<p><strong>Sin\u00f3nimos:<\/strong><\/p>\n<ul>\n<li>LY3298176<\/li>\n<li>Tirzeptida<\/li>\n<\/ul>\n<h4 data-path-to-node=\"0\">\u00c1reas de investigaci\u00f3n:<\/h4>\n<ul data-path-to-node=\"1\">\n<li data-start=\"4018\" data-end=\"4219\">\n<p data-start=\"4020\" data-end=\"4219\"><strong data-start=\"4020\" data-end=\"4067\">Investigaci\u00f3n sobre la se\u00f1alizaci\u00f3n endocrina de doble receptor:<\/strong><br data-start=\"4067\" data-end=\"4070\" \/>Investigaci\u00f3n de la activaci\u00f3n coordinada de los receptores GLP-1 y GIP, las cascadas de se\u00f1alizaci\u00f3n posteriores y la integraci\u00f3n de v\u00edas metab\u00f3licas en modelos de investigaci\u00f3n de laboratorio.<\/p>\n<\/li>\n<li data-start=\"4221\" data-end=\"4383\">\n<p data-start=\"4223\" data-end=\"4383\"><strong data-start=\"4223\" data-end=\"4253\">Din\u00e1mica de la v\u00eda de las incretinas:<\/strong><br data-start=\"4253\" data-end=\"4256\" \/>Estudio del comportamiento de uni\u00f3n a receptores, la duraci\u00f3n de la se\u00f1alizaci\u00f3n y los mecanismos de retroalimentaci\u00f3n dentro de los sistemas de se\u00f1alizaci\u00f3n asociados a incretinas.<\/p>\n<\/li>\n<li data-start=\"4385\" data-end=\"4571\">\n<p data-start=\"4387\" data-end=\"4571\"><strong data-start=\"4387\" data-end=\"4418\">Modelos de se\u00f1alizaci\u00f3n metab\u00f3lica:<\/strong><br data-start=\"4418\" data-end=\"4421\" \/>Examinar la modulaci\u00f3n de biomarcadores y la coordinaci\u00f3n de v\u00edas relacionadas con la detecci\u00f3n de nutrientes y la se\u00f1alizaci\u00f3n endocrina en entornos experimentales controlados.<\/p>\n<\/li>\n<li data-start=\"4573\" data-end=\"4745\">\n<p data-start=\"4575\" data-end=\"4745\"><strong data-start=\"4575\" data-end=\"4621\">Interacci\u00f3n hormonal e integraci\u00f3n de receptores:<\/strong><br data-start=\"4621\" data-end=\"4624\" \/>Investigar las interacciones entre m\u00faltiples v\u00edas endocrinas para comprender la coordinaci\u00f3n de se\u00f1ales y la din\u00e1mica regulatoria.<\/p>\n<\/li>\n<\/ul>\n<hr data-path-to-node=\"2\" \/>\n<h4 data-path-to-node=\"3\">Resumen condensado de la investigaci\u00f3n<\/h4>\n<p data-path-to-node=\"4\"><b data-path-to-node=\"2,0\" data-index-in-node=\"1\">Tirzepatide 40mg<\/b> is a terminal-state research analyte utilized for examining <b data-path-to-node=\"2,0\" data-index-in-node=\"78\">exhaustive dual-receptor synchronization and definitive metabolic balance signaling.<\/b> In laboratory settings, this 40mg format allows researchers to observe how <b data-path-to-node=\"2,0\" data-index-in-node=\"238\">limit-state GIP and GLP-1 pathway coordination<\/b> influences biomarker response dynamics and systemic harmony. These exploratory studies focus on mapping the <b data-path-to-node=\"2,0\" data-index-in-node=\"393\">absolute threshold of caloric-balance modulation<\/b> and terminal dual-signal persistence within controlled environments, with no approved therapeutic or diagnostic applications.<\/p>\n<p><strong data-start=\"5581\" data-end=\"5603\">Solo para fines de investigaci\u00f3n.<\/strong> No apto para consumo humano ni veterinario. No aprobado por la FDA para uso terap\u00e9utico o diagn\u00f3stico.<\/p>","protected":false},"excerpt":{"rendered":"<p>Contents: 40mg of Tirzepatide<\/p>\n<p>Formato: Polvo liofilizado<br \/>\nPureza<strong>:<\/strong> <strong>\u2265 99%<\/strong> <strong>Probado en EE. UU.<\/strong>, Pureza Verificada (Probada mediante HPLC)<br \/>\nVerificaci\u00f3n: <strong>Certificados de Autenticidad Verificables<\/strong><\/p>\n<p><strong><u>Nuevas evidencias de investigaci\u00f3n:<\/u><\/strong><\/p>\n<p><b data-path-to-node=\"2,0\" data-index-in-node=\"1\">Tirzepatide 40mg<\/b> se estudia en modelos precl\u00ednicos como un <b data-path-to-node=\"2,0\" data-index-in-node=\"57\">terminal-state dual-receptor signaling analyte<\/b> to examine the exhaustive coordination of GIP and GLP-1 pathways. In controlled environments, this 40mg format allows researchers to observe <b data-path-to-node=\"2,0\" data-index-in-node=\"245\">limit-state receptor-binding dynamics<\/b> and definitive signaling persistence within complex metabolic networks. These investigations focus on mapping <b data-path-to-node=\"2,0\" data-index-in-node=\"393\">integraci\u00f3n integral de doble v\u00eda<\/b> y la modulaci\u00f3n de biomarcadores para comprender la armon\u00eda sist\u00e9mica, sin hacer referencia a los resultados terap\u00e9uticos ni a la eficacia cl\u00ednica.<\/p>\n<p>Mantener el producto en un lugar fresco y oscuro.<br \/>\nSolo para Uso en Investigaci\u00f3n \/ No Regulado por la FDA<\/p>","protected":false},"featured_media":2728,"template":"","meta":{"_acf_changed":false},"product_brand":[],"product_cat":[20],"product_tag":[],"class_list":{"0":"post-2810","1":"product","2":"type-product","3":"status-publish","4":"has-post-thumbnail","6":"product_cat-research-compounds","8":"first","9":"instock","10":"taxable","11":"shipping-taxable","12":"purchasable","13":"product-type-simple"},"acf":[],"yoast_head":"<!-- This site is optimized with the Yoast SEO plugin v27.2 - https:\/\/yoast.com\/product\/yoast-seo-wordpress\/ -->\n<title>GLP-1 T 40mg (Research Only)<\/title>\n<meta name=\"description\" content=\"Explore Tirzepatide 40mg for research into limit-state dual GIP\/GLP-1 signaling. A definitive tool for studying terminal metabolic synchronization. Research Only.\" \/>\n<meta name=\"robots\" content=\"index, follow, max-snippet:-1, max-image-preview:large, max-video-preview:-1\" \/>\n<link rel=\"canonical\" href=\"https:\/\/optimalbiolabs.com\/es\/producto\/glp-1-t-40mg\/\" \/>\n<meta property=\"og:locale\" content=\"es_MX\" \/>\n<meta property=\"og:type\" content=\"article\" \/>\n<meta property=\"og:title\" content=\"Tirzepatide 40mg | Terminal Dual-Pathway Research\" \/>\n<meta property=\"og:description\" content=\"Reach the definitive ceiling of dual-incretin signaling. Explore how Tirzepatide 40mg maps exhaustive GIP\/GLP-1 synchronization and harmony.\" \/>\n<meta property=\"og:url\" content=\"https:\/\/optimalbiolabs.com\/es\/producto\/glp-1-t-40mg\/\" \/>\n<meta property=\"og:site_name\" content=\"Optimal Bio Labs LLC\" \/>\n<meta property=\"article:modified_time\" content=\"2026-04-06T20:39:07+00:00\" \/>\n<meta property=\"og:image\" content=\"https:\/\/optimalbiolabs.com\/wp-content\/uploads\/2026\/01\/48.jpg\" \/>\n\t<meta property=\"og:image:width\" content=\"2000\" \/>\n\t<meta property=\"og:image:height\" content=\"1414\" \/>\n\t<meta property=\"og:image:type\" content=\"image\/jpeg\" \/>\n<meta name=\"twitter:card\" content=\"summary_large_image\" \/>\n<meta name=\"twitter:title\" content=\"Tirzepatide 40mg: Exhaustive Dual-Incretin Signaling\" \/>\n<meta name=\"twitter:description\" content=\"Researching terminal signaling thresholds? Explore Tirzepatide 40mg for absolute GIP\/GLP-1 receptor saturation and total coordination.\" \/>\n<meta name=\"twitter:image\" content=\"https:\/\/optimalbiolabs.com\/wp-content\/uploads\/2026\/01\/48.jpg\" \/>\n<meta name=\"twitter:label1\" content=\"Tiempo de lectura\" \/>\n\t<meta name=\"twitter:data1\" content=\"2 minutos\" \/>\n<script type=\"application\/ld+json\" class=\"yoast-schema-graph\">{\"@context\":\"https:\/\/schema.org\",\"@graph\":[{\"@type\":\"WebPage\",\"@id\":\"https:\/\/optimalbiolabs.com\/product\/glp-1-t-40mg\/\",\"url\":\"https:\/\/optimalbiolabs.com\/product\/glp-1-t-40mg\/\",\"name\":\"GLP-1 T 40mg (Research Only)\",\"isPartOf\":{\"@id\":\"https:\/\/optimalbiolabs.com\/#website\"},\"primaryImageOfPage\":{\"@id\":\"https:\/\/optimalbiolabs.com\/product\/glp-1-t-40mg\/#primaryimage\"},\"image\":{\"@id\":\"https:\/\/optimalbiolabs.com\/product\/glp-1-t-40mg\/#primaryimage\"},\"thumbnailUrl\":\"https:\/\/optimalbiolabs.com\/wp-content\/uploads\/2026\/01\/48.jpg\",\"datePublished\":\"2026-01-28T23:38:50+00:00\",\"dateModified\":\"2026-04-06T20:39:07+00:00\",\"description\":\"Explore Tirzepatide 40mg for research into limit-state dual GIP\/GLP-1 signaling. A definitive tool for studying terminal metabolic synchronization. Research Only.\",\"breadcrumb\":{\"@id\":\"https:\/\/optimalbiolabs.com\/product\/glp-1-t-40mg\/#breadcrumb\"},\"inLanguage\":\"es\",\"potentialAction\":[{\"@type\":\"ReadAction\",\"target\":[\"https:\/\/optimalbiolabs.com\/product\/glp-1-t-40mg\/\"]}]},{\"@type\":\"ImageObject\",\"inLanguage\":\"es\",\"@id\":\"https:\/\/optimalbiolabs.com\/product\/glp-1-t-40mg\/#primaryimage\",\"url\":\"https:\/\/optimalbiolabs.com\/wp-content\/uploads\/2026\/01\/48.jpg\",\"contentUrl\":\"https:\/\/optimalbiolabs.com\/wp-content\/uploads\/2026\/01\/48.jpg\",\"width\":2000,\"height\":1414,\"caption\":\"GLP-1 T 40mg Research Peptide Vial\"},{\"@type\":\"BreadcrumbList\",\"@id\":\"https:\/\/optimalbiolabs.com\/product\/glp-1-t-40mg\/#breadcrumb\",\"itemListElement\":[{\"@type\":\"ListItem\",\"position\":1,\"name\":\"Home\",\"item\":\"https:\/\/optimalbiolabs.com\/\"},{\"@type\":\"ListItem\",\"position\":2,\"name\":\"Browse\",\"item\":\"https:\/\/optimalbiolabs.com\/browse\/\"},{\"@type\":\"ListItem\",\"position\":3,\"name\":\"GLP-1 T 40mg (Research Only)\"}]},{\"@type\":\"WebSite\",\"@id\":\"https:\/\/optimalbiolabs.com\/#website\",\"url\":\"https:\/\/optimalbiolabs.com\/\",\"name\":\"Optimal Bio Labs LLC\",\"description\":\"Premium US-based research compounds. Third-party verified for 99% purity. High-grade laboratory supplies you can trust. Proudly owned and operated in the USA\",\"publisher\":{\"@id\":\"https:\/\/optimalbiolabs.com\/#organization\"},\"alternateName\":\"Optimal Bio Labs\",\"potentialAction\":[{\"@type\":\"SearchAction\",\"target\":{\"@type\":\"EntryPoint\",\"urlTemplate\":\"https:\/\/optimalbiolabs.com\/?s={search_term_string}\"},\"query-input\":{\"@type\":\"PropertyValueSpecification\",\"valueRequired\":true,\"valueName\":\"search_term_string\"}}],\"inLanguage\":\"es\"},{\"@type\":\"Organization\",\"@id\":\"https:\/\/optimalbiolabs.com\/#organization\",\"name\":\"Optimal Bio Labs LLC\",\"url\":\"https:\/\/optimalbiolabs.com\/\",\"logo\":{\"@type\":\"ImageObject\",\"inLanguage\":\"es\",\"@id\":\"https:\/\/optimalbiolabs.com\/#\/schema\/logo\/image\/\",\"url\":\"https:\/\/optimalbiolabs.com\/wp-content\/uploads\/2025\/12\/BIO-LABS.png\",\"contentUrl\":\"https:\/\/optimalbiolabs.com\/wp-content\/uploads\/2025\/12\/BIO-LABS.png\",\"width\":720,\"height\":720,\"caption\":\"Optimal Bio Labs LLC\"},\"image\":{\"@id\":\"https:\/\/optimalbiolabs.com\/#\/schema\/logo\/image\/\"}}]}<\/script>\n<!-- \/ Yoast SEO plugin. -->","yoast_head_json":{"title":"GLP-1 T 40 mg (Solo Investigaci\u00f3n)","description":"Explore Tirzepatide 40mg for research into limit-state dual GIP\/GLP-1 signaling. A definitive tool for studying terminal metabolic synchronization. Research Only.","robots":{"index":"index","follow":"follow","max-snippet":"max-snippet:-1","max-image-preview":"max-image-preview:large","max-video-preview":"max-video-preview:-1"},"canonical":"https:\/\/optimalbiolabs.com\/es\/producto\/glp-1-t-40mg\/","og_locale":"es_MX","og_type":"article","og_title":"Tirzepatide 40mg | Terminal Dual-Pathway Research","og_description":"Reach the definitive ceiling of dual-incretin signaling. Explore how Tirzepatide 40mg maps exhaustive GIP\/GLP-1 synchronization and harmony.","og_url":"https:\/\/optimalbiolabs.com\/es\/producto\/glp-1-t-40mg\/","og_site_name":"Optimal Bio Labs LLC","article_modified_time":"2026-04-06T20:39:07+00:00","og_image":[{"width":2000,"height":1414,"url":"https:\/\/optimalbiolabs.com\/wp-content\/uploads\/2026\/01\/48.jpg","type":"image\/jpeg"}],"twitter_card":"summary_large_image","twitter_title":"Tirzepatide 40mg: Exhaustive Dual-Incretin Signaling","twitter_description":"Researching terminal signaling thresholds? Explore Tirzepatide 40mg for absolute GIP\/GLP-1 receptor saturation and total coordination.","twitter_image":"https:\/\/optimalbiolabs.com\/wp-content\/uploads\/2026\/01\/48.jpg","twitter_misc":{"Tiempo de lectura":"2 minutos"},"schema":{"@context":"https:\/\/schema.org","@graph":[{"@type":"WebPage","@id":"https:\/\/optimalbiolabs.com\/product\/glp-1-t-40mg\/","url":"https:\/\/optimalbiolabs.com\/product\/glp-1-t-40mg\/","name":"GLP-1 T 40 mg (Solo Investigaci\u00f3n)","isPartOf":{"@id":"https:\/\/optimalbiolabs.com\/#website"},"primaryImageOfPage":{"@id":"https:\/\/optimalbiolabs.com\/product\/glp-1-t-40mg\/#primaryimage"},"image":{"@id":"https:\/\/optimalbiolabs.com\/product\/glp-1-t-40mg\/#primaryimage"},"thumbnailUrl":"https:\/\/optimalbiolabs.com\/wp-content\/uploads\/2026\/01\/48.jpg","datePublished":"2026-01-28T23:38:50+00:00","dateModified":"2026-04-06T20:39:07+00:00","description":"Explore Tirzepatide 40mg for research into limit-state dual GIP\/GLP-1 signaling. A definitive tool for studying terminal metabolic synchronization. Research Only.","breadcrumb":{"@id":"https:\/\/optimalbiolabs.com\/product\/glp-1-t-40mg\/#breadcrumb"},"inLanguage":"es","potentialAction":[{"@type":"ReadAction","target":["https:\/\/optimalbiolabs.com\/product\/glp-1-t-40mg\/"]}]},{"@type":"ImageObject","inLanguage":"es","@id":"https:\/\/optimalbiolabs.com\/product\/glp-1-t-40mg\/#primaryimage","url":"https:\/\/optimalbiolabs.com\/wp-content\/uploads\/2026\/01\/48.jpg","contentUrl":"https:\/\/optimalbiolabs.com\/wp-content\/uploads\/2026\/01\/48.jpg","width":2000,"height":1414,"caption":"GLP-1 T 40mg Research Peptide Vial"},{"@type":"BreadcrumbList","@id":"https:\/\/optimalbiolabs.com\/product\/glp-1-t-40mg\/#breadcrumb","itemListElement":[{"@type":"ListItem","position":1,"name":"Home","item":"https:\/\/optimalbiolabs.com\/"},{"@type":"ListItem","position":2,"name":"Browse","item":"https:\/\/optimalbiolabs.com\/browse\/"},{"@type":"ListItem","position":3,"name":"GLP-1 T 40mg (Research Only)"}]},{"@type":"WebSite","@id":"https:\/\/optimalbiolabs.com\/#website","url":"https:\/\/optimalbiolabs.com\/","name":"Laboratorios Biol\u00f3gicos \u00d3ptimos LLC","description":"Compuestos de investigaci\u00f3n de primera calidad fabricados en EE. UU. Pureza 99% verificada por terceros. Suministros de laboratorio de alta calidad en los que puede confiar. Empresa orgullosamente estadounidense.","publisher":{"@id":"https:\/\/optimalbiolabs.com\/#organization"},"alternateName":"Optimal Bio Labs","potentialAction":[{"@type":"SearchAction","target":{"@type":"EntryPoint","urlTemplate":"https:\/\/optimalbiolabs.com\/?s={search_term_string}"},"query-input":{"@type":"PropertyValueSpecification","valueRequired":true,"valueName":"search_term_string"}}],"inLanguage":"es"},{"@type":"Organization","@id":"https:\/\/optimalbiolabs.com\/#organization","name":"Laboratorios Biol\u00f3gicos \u00d3ptimos LLC","url":"https:\/\/optimalbiolabs.com\/","logo":{"@type":"ImageObject","inLanguage":"es","@id":"https:\/\/optimalbiolabs.com\/#\/schema\/logo\/image\/","url":"https:\/\/optimalbiolabs.com\/wp-content\/uploads\/2025\/12\/BIO-LABS.png","contentUrl":"https:\/\/optimalbiolabs.com\/wp-content\/uploads\/2025\/12\/BIO-LABS.png","width":720,"height":720,"caption":"Optimal Bio Labs LLC"},"image":{"@id":"https:\/\/optimalbiolabs.com\/#\/schema\/logo\/image\/"}}]}},"jetpack_sharing_enabled":true,"_links":{"self":[{"href":"https:\/\/optimalbiolabs.com\/es\/wp-json\/wp\/v2\/product\/2810","targetHints":{"allow":["GET"]}}],"collection":[{"href":"https:\/\/optimalbiolabs.com\/es\/wp-json\/wp\/v2\/product"}],"about":[{"href":"https:\/\/optimalbiolabs.com\/es\/wp-json\/wp\/v2\/types\/product"}],"wp:featuredmedia":[{"embeddable":true,"href":"https:\/\/optimalbiolabs.com\/es\/wp-json\/wp\/v2\/media\/2728"}],"wp:attachment":[{"href":"https:\/\/optimalbiolabs.com\/es\/wp-json\/wp\/v2\/media?parent=2810"}],"wp:term":[{"taxonomy":"product_brand","embeddable":true,"href":"https:\/\/optimalbiolabs.com\/es\/wp-json\/wp\/v2\/product_brand?post=2810"},{"taxonomy":"product_cat","embeddable":true,"href":"https:\/\/optimalbiolabs.com\/es\/wp-json\/wp\/v2\/product_cat?post=2810"},{"taxonomy":"product_tag","embeddable":true,"href":"https:\/\/optimalbiolabs.com\/es\/wp-json\/wp\/v2\/product_tag?post=2810"}],"curies":[{"name":"wp","href":"https:\/\/api.w.org\/{rel}","templated":true}]}}