{"id":2793,"date":"2026-01-28T10:17:00","date_gmt":"2026-01-28T18:17:00","guid":{"rendered":"https:\/\/optimalbiolabs.com\/?post_type=product&#038;p=2793"},"modified":"2026-03-20T20:03:25","modified_gmt":"2026-03-21T03:03:25","slug":"glp-1-s-5mg","status":"publish","type":"product","link":"https:\/\/optimalbiolabs.com\/es\/product\/glp-1-s-5mg\/","title":{"rendered":"GLP-1 S 5mg (Solo Investigaci\u00f3n)"},"content":{"rendered":"<p><strong>Descripci\u00f3n general del GLP-1 (semaglutida)<\/strong><\/p>\n<p data-path-to-node=\"2,0\"><b data-path-to-node=\"2,0\" data-index-in-node=\"1\">Semaglutida 5 mg<\/b> es un analito de investigaci\u00f3n utilizado en la investigaci\u00f3n precl\u00ednica para estudiar <b data-path-to-node=\"2,0\" data-index-in-node=\"90\">se\u00f1alizaci\u00f3n fundamental mediada por el receptor GLP-1<\/b> y el equilibrio metab\u00f3lico. Los modelos de laboratorio se centran en el comportamiento de uni\u00f3n al receptor, <b data-path-to-node=\"2,0\" data-index-in-node=\"214\">sincronizaci\u00f3n asociada a incretinas<\/b>, y la din\u00e1mica de respuesta de biomarcadores dentro de redes endocrinas complejas. <b data-path-to-node=\"2,0\" data-index-in-node=\"323\">5 mg<\/b> La herramienta permite a los investigadores realizar un seguimiento del mantenimiento de <b data-path-to-node=\"2,0\" data-index-in-node=\"381\">armon\u00eda metab\u00f3lica sist\u00e9mica<\/b> y agilidad biol\u00f3gica a nivel molecular.<\/p>\n<p data-path-to-node=\"2,1\">Estos sistemas de investigaci\u00f3n est\u00e1n dise\u00f1ados para analizar <b data-path-to-node=\"2,1\" data-index-in-node=\"47\">Coordinaci\u00f3n de v\u00edas, se\u00f1alizaci\u00f3n del equilibrio cal\u00f3rico<\/b>, y el comportamiento de se\u00f1alizaci\u00f3n en condiciones controladas. Los investigadores utilizan esta formulaci\u00f3n de precisi\u00f3n para evaluar <b data-path-to-node=\"2,1\" data-index-in-node=\"205\">duraci\u00f3n de la diafon\u00eda del receptor<\/b> y la homeostasis metab\u00f3lica, en lugar de la eficacia cl\u00ednica, los resultados terap\u00e9uticos o el tratamiento de la enfermedad. La investigaci\u00f3n en curso explora la <b data-path-to-node=\"2,1\" data-index-in-node=\"370\">especificidad de la se\u00f1al<\/b> necesario para la estabilidad metab\u00f3lica a largo plazo en modelos experimentales.<\/p>\n<p><strong>Estructura de la semaglutida:<\/strong><\/p>\n<ul>\n<li><strong>N\u00famero CAS: <\/strong>910463-68-2<\/li>\n<li><strong>F\u00f3rmula molecular:<\/strong>\u00a0C<sub>187<\/sub>H<sub>291<\/sub>N<sub>45<\/sub>O<sub>59<\/sub><\/li>\n<li><strong>Peso molecular:<\/strong>\u00a04114 g\/mol<\/li>\n<li><strong>Compuesto padre<\/strong>P\u00e9ptido humano GLP-1 (7\u201337)<\/li>\n<li><strong>Masa monoisot\u00f3pica: <\/strong>4111.1153770 Da<\/li>\n<\/ul>\n<p><strong>Sin\u00f3nimos:<\/strong><\/p>\n<ul>\n<li>910463-68-2<\/li>\n<\/ul>\n<p><strong>\u00c1reas de investigaci\u00f3n:<\/strong><\/p>\n<ul>\n<li data-start=\"3956\" data-end=\"4139\">\n<p data-start=\"3958\" data-end=\"4139\"><strong data-start=\"3958\" data-end=\"3996\">Investigaci\u00f3n sobre la se\u00f1alizaci\u00f3n del receptor GLP-1:<\/strong><br data-start=\"3996\" data-end=\"3999\" \/>Investigaci\u00f3n de la activaci\u00f3n de receptores, la transducci\u00f3n de se\u00f1ales posteriores y la din\u00e1mica de las v\u00edas asociadas a las incretinas en modelos de investigaci\u00f3n de laboratorio.<\/p>\n<\/li>\n<li data-start=\"4141\" data-end=\"4284\">\n<p data-start=\"4143\" data-end=\"4284\"><strong data-start=\"4143\" data-end=\"4180\">Coordinaci\u00f3n de la se\u00f1alizaci\u00f3n endocrina:<\/strong><br data-start=\"4180\" data-end=\"4183\" \/>Estudiar las interacciones entre las v\u00edas mediadas por GLP-1 y los sistemas de se\u00f1alizaci\u00f3n hormonal complementarios.<\/p>\n<\/li>\n<li data-start=\"4286\" data-end=\"4479\">\n<p data-start=\"4288\" data-end=\"4479\"><strong data-start=\"4288\" data-end=\"4319\">Modelos de se\u00f1alizaci\u00f3n metab\u00f3lica:<\/strong><br data-start=\"4319\" data-end=\"4322\" \/>Examinar la modulaci\u00f3n de biomarcadores y la integraci\u00f3n de v\u00edas relacionadas con la detecci\u00f3n de nutrientes y la se\u00f1alizaci\u00f3n de regulaci\u00f3n energ\u00e9tica en entornos experimentales controlados.<\/p>\n<\/li>\n<li data-start=\"4481\" data-end=\"4643\">\n<p data-start=\"4483\" data-end=\"4643\"><strong data-start=\"4483\" data-end=\"4526\">Din\u00e1mica de los receptores e integraci\u00f3n de se\u00f1ales:<\/strong><br data-start=\"4526\" data-end=\"4529\" \/>Investigaci\u00f3n sobre la sensibilidad de los receptores, la duraci\u00f3n de la se\u00f1alizaci\u00f3n y los mecanismos de retroalimentaci\u00f3n en sistemas de investigaci\u00f3n endocrina.<\/p>\n<\/li>\n<\/ul>\n<hr data-path-to-node=\"2\" \/>\n<h4 data-path-to-node=\"3\">Resumen condensado de la investigaci\u00f3n<\/h4>\n<p data-path-to-node=\"4\"><b data-path-to-node=\"2,0\" data-index-in-node=\"1\">Semaglutida 5 mg<\/b> es un analito de investigaci\u00f3n de precisi\u00f3n utilizado para examinar <b data-path-to-node=\"2,0\" data-index-in-node=\"72\">Sincronizaci\u00f3n del receptor GLP-1 y se\u00f1alizaci\u00f3n del equilibrio metab\u00f3lico.<\/b> En entornos de laboratorio, este formato de 5 mg permite a los investigadores observar c\u00f3mo <b data-path-to-node=\"2,0\" data-index-in-node=\"210\">coordinaci\u00f3n de la v\u00eda de las incretinas<\/b> influye en la din\u00e1mica de respuesta de los biomarcadores y la armon\u00eda sist\u00e9mica. Estos estudios exploratorios se centran en el mapeo. <b data-path-to-node=\"2,0\" data-index-in-node=\"344\">modulaci\u00f3n del balance cal\u00f3rico<\/b> y comportamiento de se\u00f1alizaci\u00f3n en entornos controlados, sin aplicaciones terap\u00e9uticas o diagn\u00f3sticas aprobadas.<\/p>\n<p><strong data-start=\"5547\" data-end=\"5569\">Solo para fines de investigaci\u00f3n.<\/strong> No apto para consumo humano ni veterinario. No aprobado por la FDA para uso terap\u00e9utico o diagn\u00f3stico.<\/p>","protected":false},"excerpt":{"rendered":"<p>Contenido: 5 mg de semaglutida<\/p>\n<p>Formato: Polvo liofilizado<br \/>\nPureza<strong>:<\/strong> <strong>\u2265 99%<\/strong> <strong>Probado en EE. UU.<\/strong>, Pureza Verificada (Probada mediante HPLC)<br \/>\nVerificaci\u00f3n: <strong>Certificados de Autenticidad Verificables<\/strong> (<strong>(Emparejados por Lote)<\/strong><\/p>\n<p><strong><u>Nuevas evidencias de investigaci\u00f3n:<\/u><\/strong><\/p>\n<p data-path-to-node=\"4\">La semaglutida se estudia en <strong data-start=\"1849\" data-end=\"1883\">modelos de laboratorio precl\u00ednicos<\/strong> como un <strong data-start=\"1889\" data-end=\"1925\">analito de se\u00f1alizaci\u00f3n del receptor GLP-1<\/strong>, Se utilizan para examinar el comportamiento de las v\u00edas asociadas a las incretinas, la din\u00e1mica de interacci\u00f3n de los receptores y la modulaci\u00f3n de biomarcadores posteriores en entornos experimentales controlados. Estas investigaciones se centran en los mecanismos de se\u00f1alizaci\u00f3n m\u00e1s que en los resultados terap\u00e9uticos.<\/p>\n<p>Mantener el producto en un lugar fresco y oscuro.<br \/>\nSolo para Uso en Investigaci\u00f3n \/ No Regulado por la FDA<\/p>\n<p><strong>Inventario Verificado por Lotes.<\/strong>. Ver 3<sup>rd<\/sup> Ver COA de 3\u00aa Parte.<\/p>","protected":false},"featured_media":2732,"template":"","meta":{"_acf_changed":false},"product_brand":[],"product_cat":[20],"product_tag":[],"class_list":{"0":"post-2793","1":"product","2":"type-product","3":"status-publish","4":"has-post-thumbnail","6":"product_cat-research-compounds","8":"first","9":"instock","10":"taxable","11":"shipping-taxable","12":"purchasable","13":"product-type-simple"},"acf":[],"yoast_head":"<!-- This site is optimized with the Yoast SEO plugin v27.2 - https:\/\/yoast.com\/product\/yoast-seo-wordpress\/ -->\n<title>GLP-1 S 5mg (Research Only)<\/title>\n<meta name=\"description\" content=\"Explore Semaglutide 5mg for research into GLP-1 synchronization and metabolic balance. Research Use Only.\" \/>\n<meta name=\"robots\" content=\"index, follow, max-snippet:-1, max-image-preview:large, max-video-preview:-1\" \/>\n<link rel=\"canonical\" href=\"https:\/\/optimalbiolabs.com\/es\/producto\/glp-1-s-5mg\/\" \/>\n<meta property=\"og:locale\" content=\"es_MX\" \/>\n<meta property=\"og:type\" content=\"article\" \/>\n<meta property=\"og:title\" content=\"Semaglutide 5mg | Researching GLP-1 Synchronization\" \/>\n<meta property=\"og:description\" content=\"Study the foundations of metabolic balance. Explore how Semaglutide 5mg is used to map incretin coordination and caloric-balance signals.\" \/>\n<meta property=\"og:url\" content=\"https:\/\/optimalbiolabs.com\/es\/producto\/glp-1-s-5mg\/\" \/>\n<meta property=\"og:site_name\" content=\"Optimal Bio Labs LLC\" \/>\n<meta property=\"article:modified_time\" content=\"2026-03-21T03:03:25+00:00\" \/>\n<meta property=\"og:image\" content=\"https:\/\/optimalbiolabs.com\/wp-content\/uploads\/2026\/01\/30.jpg\" \/>\n\t<meta property=\"og:image:width\" content=\"2000\" \/>\n\t<meta property=\"og:image:height\" content=\"1414\" \/>\n\t<meta property=\"og:image:type\" content=\"image\/jpeg\" \/>\n<meta name=\"twitter:card\" content=\"summary_large_image\" \/>\n<meta name=\"twitter:title\" content=\"Semaglutide 5mg: The Science of Metabolic Balance\" \/>\n<meta name=\"twitter:description\" content=\"Researching endocrine pathways? Explore Semaglutide 5mg for data on GLP-1 signaling behavior and systemic metabolic harmony.\" \/>\n<meta name=\"twitter:image\" content=\"https:\/\/optimalbiolabs.com\/wp-content\/uploads\/2026\/01\/30.jpg\" \/>\n<meta name=\"twitter:label1\" content=\"Tiempo de lectura\" \/>\n\t<meta name=\"twitter:data1\" content=\"2 minutos\" \/>\n<script type=\"application\/ld+json\" class=\"yoast-schema-graph\">{\"@context\":\"https:\/\/schema.org\",\"@graph\":[{\"@type\":\"WebPage\",\"@id\":\"https:\/\/optimalbiolabs.com\/product\/glp-1-s-5mg\/\",\"url\":\"https:\/\/optimalbiolabs.com\/product\/glp-1-s-5mg\/\",\"name\":\"GLP-1 S 5mg (Research Only)\",\"isPartOf\":{\"@id\":\"https:\/\/optimalbiolabs.com\/#website\"},\"primaryImageOfPage\":{\"@id\":\"https:\/\/optimalbiolabs.com\/product\/glp-1-s-5mg\/#primaryimage\"},\"image\":{\"@id\":\"https:\/\/optimalbiolabs.com\/product\/glp-1-s-5mg\/#primaryimage\"},\"thumbnailUrl\":\"https:\/\/optimalbiolabs.com\/wp-content\/uploads\/2026\/01\/30.jpg\",\"datePublished\":\"2026-01-28T18:17:00+00:00\",\"dateModified\":\"2026-03-21T03:03:25+00:00\",\"description\":\"Explore Semaglutide 5mg for research into GLP-1 synchronization and metabolic balance. Research Use Only.\",\"breadcrumb\":{\"@id\":\"https:\/\/optimalbiolabs.com\/product\/glp-1-s-5mg\/#breadcrumb\"},\"inLanguage\":\"es\",\"potentialAction\":[{\"@type\":\"ReadAction\",\"target\":[\"https:\/\/optimalbiolabs.com\/product\/glp-1-s-5mg\/\"]}]},{\"@type\":\"ImageObject\",\"inLanguage\":\"es\",\"@id\":\"https:\/\/optimalbiolabs.com\/product\/glp-1-s-5mg\/#primaryimage\",\"url\":\"https:\/\/optimalbiolabs.com\/wp-content\/uploads\/2026\/01\/30.jpg\",\"contentUrl\":\"https:\/\/optimalbiolabs.com\/wp-content\/uploads\/2026\/01\/30.jpg\",\"width\":2000,\"height\":1414,\"caption\":\"GLP-1 S 5mg Research Peptide Vial\"},{\"@type\":\"BreadcrumbList\",\"@id\":\"https:\/\/optimalbiolabs.com\/product\/glp-1-s-5mg\/#breadcrumb\",\"itemListElement\":[{\"@type\":\"ListItem\",\"position\":1,\"name\":\"Home\",\"item\":\"https:\/\/optimalbiolabs.com\/\"},{\"@type\":\"ListItem\",\"position\":2,\"name\":\"Browse\",\"item\":\"https:\/\/optimalbiolabs.com\/browse\/\"},{\"@type\":\"ListItem\",\"position\":3,\"name\":\"GLP-1 S 5mg (Research Only)\"}]},{\"@type\":\"WebSite\",\"@id\":\"https:\/\/optimalbiolabs.com\/#website\",\"url\":\"https:\/\/optimalbiolabs.com\/\",\"name\":\"Optimal Bio Labs LLC\",\"description\":\"Premium US-based research compounds. Third-party verified for 99% purity. High-grade laboratory supplies you can trust. Proudly owned and operated in the USA\",\"publisher\":{\"@id\":\"https:\/\/optimalbiolabs.com\/#organization\"},\"alternateName\":\"Optimal Bio Labs\",\"potentialAction\":[{\"@type\":\"SearchAction\",\"target\":{\"@type\":\"EntryPoint\",\"urlTemplate\":\"https:\/\/optimalbiolabs.com\/?s={search_term_string}\"},\"query-input\":{\"@type\":\"PropertyValueSpecification\",\"valueRequired\":true,\"valueName\":\"search_term_string\"}}],\"inLanguage\":\"es\"},{\"@type\":\"Organization\",\"@id\":\"https:\/\/optimalbiolabs.com\/#organization\",\"name\":\"Optimal Bio Labs LLC\",\"url\":\"https:\/\/optimalbiolabs.com\/\",\"logo\":{\"@type\":\"ImageObject\",\"inLanguage\":\"es\",\"@id\":\"https:\/\/optimalbiolabs.com\/#\/schema\/logo\/image\/\",\"url\":\"https:\/\/optimalbiolabs.com\/wp-content\/uploads\/2025\/12\/BIO-LABS.png\",\"contentUrl\":\"https:\/\/optimalbiolabs.com\/wp-content\/uploads\/2025\/12\/BIO-LABS.png\",\"width\":720,\"height\":720,\"caption\":\"Optimal Bio Labs LLC\"},\"image\":{\"@id\":\"https:\/\/optimalbiolabs.com\/#\/schema\/logo\/image\/\"}}]}<\/script>\n<!-- \/ Yoast SEO plugin. -->","yoast_head_json":{"title":"GLP-1 S 5mg (Solo Investigaci\u00f3n)","description":"Explore Semaglutide 5mg for research into GLP-1 synchronization and metabolic balance. Research Use Only.","robots":{"index":"index","follow":"follow","max-snippet":"max-snippet:-1","max-image-preview":"max-image-preview:large","max-video-preview":"max-video-preview:-1"},"canonical":"https:\/\/optimalbiolabs.com\/es\/producto\/glp-1-s-5mg\/","og_locale":"es_MX","og_type":"article","og_title":"Semaglutide 5mg | Researching GLP-1 Synchronization","og_description":"Study the foundations of metabolic balance. Explore how Semaglutide 5mg is used to map incretin coordination and caloric-balance signals.","og_url":"https:\/\/optimalbiolabs.com\/es\/producto\/glp-1-s-5mg\/","og_site_name":"Optimal Bio Labs LLC","article_modified_time":"2026-03-21T03:03:25+00:00","og_image":[{"width":2000,"height":1414,"url":"https:\/\/optimalbiolabs.com\/wp-content\/uploads\/2026\/01\/30.jpg","type":"image\/jpeg"}],"twitter_card":"summary_large_image","twitter_title":"Semaglutide 5mg: The Science of Metabolic Balance","twitter_description":"Researching endocrine pathways? Explore Semaglutide 5mg for data on GLP-1 signaling behavior and systemic metabolic harmony.","twitter_image":"https:\/\/optimalbiolabs.com\/wp-content\/uploads\/2026\/01\/30.jpg","twitter_misc":{"Tiempo de lectura":"2 minutos"},"schema":{"@context":"https:\/\/schema.org","@graph":[{"@type":"WebPage","@id":"https:\/\/optimalbiolabs.com\/product\/glp-1-s-5mg\/","url":"https:\/\/optimalbiolabs.com\/product\/glp-1-s-5mg\/","name":"GLP-1 S 5mg (Solo Investigaci\u00f3n)","isPartOf":{"@id":"https:\/\/optimalbiolabs.com\/#website"},"primaryImageOfPage":{"@id":"https:\/\/optimalbiolabs.com\/product\/glp-1-s-5mg\/#primaryimage"},"image":{"@id":"https:\/\/optimalbiolabs.com\/product\/glp-1-s-5mg\/#primaryimage"},"thumbnailUrl":"https:\/\/optimalbiolabs.com\/wp-content\/uploads\/2026\/01\/30.jpg","datePublished":"2026-01-28T18:17:00+00:00","dateModified":"2026-03-21T03:03:25+00:00","description":"Explore Semaglutide 5mg for research into GLP-1 synchronization and metabolic balance. Research Use Only.","breadcrumb":{"@id":"https:\/\/optimalbiolabs.com\/product\/glp-1-s-5mg\/#breadcrumb"},"inLanguage":"es","potentialAction":[{"@type":"ReadAction","target":["https:\/\/optimalbiolabs.com\/product\/glp-1-s-5mg\/"]}]},{"@type":"ImageObject","inLanguage":"es","@id":"https:\/\/optimalbiolabs.com\/product\/glp-1-s-5mg\/#primaryimage","url":"https:\/\/optimalbiolabs.com\/wp-content\/uploads\/2026\/01\/30.jpg","contentUrl":"https:\/\/optimalbiolabs.com\/wp-content\/uploads\/2026\/01\/30.jpg","width":2000,"height":1414,"caption":"GLP-1 S 5mg Research Peptide Vial"},{"@type":"BreadcrumbList","@id":"https:\/\/optimalbiolabs.com\/product\/glp-1-s-5mg\/#breadcrumb","itemListElement":[{"@type":"ListItem","position":1,"name":"Home","item":"https:\/\/optimalbiolabs.com\/"},{"@type":"ListItem","position":2,"name":"Browse","item":"https:\/\/optimalbiolabs.com\/browse\/"},{"@type":"ListItem","position":3,"name":"GLP-1 S 5mg (Research Only)"}]},{"@type":"WebSite","@id":"https:\/\/optimalbiolabs.com\/#website","url":"https:\/\/optimalbiolabs.com\/","name":"Laboratorios Biol\u00f3gicos \u00d3ptimos LLC","description":"Compuestos de investigaci\u00f3n de primera calidad fabricados en EE. UU. Pureza 99% verificada por terceros. Suministros de laboratorio de alta calidad en los que puede confiar. Empresa orgullosamente estadounidense.","publisher":{"@id":"https:\/\/optimalbiolabs.com\/#organization"},"alternateName":"Optimal Bio Labs","potentialAction":[{"@type":"SearchAction","target":{"@type":"EntryPoint","urlTemplate":"https:\/\/optimalbiolabs.com\/?s={search_term_string}"},"query-input":{"@type":"PropertyValueSpecification","valueRequired":true,"valueName":"search_term_string"}}],"inLanguage":"es"},{"@type":"Organization","@id":"https:\/\/optimalbiolabs.com\/#organization","name":"Laboratorios Biol\u00f3gicos \u00d3ptimos LLC","url":"https:\/\/optimalbiolabs.com\/","logo":{"@type":"ImageObject","inLanguage":"es","@id":"https:\/\/optimalbiolabs.com\/#\/schema\/logo\/image\/","url":"https:\/\/optimalbiolabs.com\/wp-content\/uploads\/2025\/12\/BIO-LABS.png","contentUrl":"https:\/\/optimalbiolabs.com\/wp-content\/uploads\/2025\/12\/BIO-LABS.png","width":720,"height":720,"caption":"Optimal Bio Labs LLC"},"image":{"@id":"https:\/\/optimalbiolabs.com\/#\/schema\/logo\/image\/"}}]}},"jetpack_sharing_enabled":true,"_links":{"self":[{"href":"https:\/\/optimalbiolabs.com\/es\/wp-json\/wp\/v2\/product\/2793","targetHints":{"allow":["GET"]}}],"collection":[{"href":"https:\/\/optimalbiolabs.com\/es\/wp-json\/wp\/v2\/product"}],"about":[{"href":"https:\/\/optimalbiolabs.com\/es\/wp-json\/wp\/v2\/types\/product"}],"wp:featuredmedia":[{"embeddable":true,"href":"https:\/\/optimalbiolabs.com\/es\/wp-json\/wp\/v2\/media\/2732"}],"wp:attachment":[{"href":"https:\/\/optimalbiolabs.com\/es\/wp-json\/wp\/v2\/media?parent=2793"}],"wp:term":[{"taxonomy":"product_brand","embeddable":true,"href":"https:\/\/optimalbiolabs.com\/es\/wp-json\/wp\/v2\/product_brand?post=2793"},{"taxonomy":"product_cat","embeddable":true,"href":"https:\/\/optimalbiolabs.com\/es\/wp-json\/wp\/v2\/product_cat?post=2793"},{"taxonomy":"product_tag","embeddable":true,"href":"https:\/\/optimalbiolabs.com\/es\/wp-json\/wp\/v2\/product_tag?post=2793"}],"curies":[{"name":"wp","href":"https:\/\/api.w.org\/{rel}","templated":true}]}}