{"id":2791,"date":"2026-01-28T09:58:14","date_gmt":"2026-01-28T17:58:14","guid":{"rendered":"https:\/\/optimalbiolabs.com\/?post_type=product&#038;p=2791"},"modified":"2026-04-04T08:39:24","modified_gmt":"2026-04-04T15:39:24","slug":"glp-1-r-20mg","status":"publish","type":"product","link":"https:\/\/optimalbiolabs.com\/es\/product\/glp-1-r-20mg\/","title":{"rendered":"GLP-1 R 20 mg (Solo Investigaci\u00f3n)"},"content":{"rendered":"<p><strong>Agonista de GLP-1 \/ GIP \/ Glucag\u00f3n<\/strong> <strong>(<\/strong><strong>Descripci\u00f3n general de Retatrutida)<\/strong><\/p>\n<p data-path-to-node=\"2,0\"><b data-path-to-node=\"2,0\" data-index-in-node=\"1\">Retatrutide 20mg<\/b> is an investigational triple-pathway analyte utilized in laboratory models to study the integration of <b data-path-to-node=\"2,0\" data-index-in-node=\"121\">enhanced incretin and glucagon-associated signaling.<\/b> Este formato especializado permite a los investigadores observar c\u00f3mo se coordinan las mol\u00e9culas. <b data-path-to-node=\"2,0\" data-index-in-node=\"253\">intensified tri-receptor synchronization<\/b> and maintain biochemical harmony within complex metabolic networks. Investigators use this tool to track <b data-path-to-node=\"2,0\" data-index-in-node=\"399\">amplified hormonal crosstalk<\/b> y el mantenimiento del vigor sist\u00e9mico a nivel molecular.<\/p>\n<p data-path-to-node=\"2,1\">Los investigadores emplean Retatrutida para analizar c\u00f3mo <b data-path-to-node=\"2,1\" data-index-in-node=\"46\">concentrated multi-receptor signaling<\/b> influye en el momento de la comunicaci\u00f3n metab\u00f3lica y <b data-path-to-node=\"2,1\" data-index-in-node=\"137\">modulaci\u00f3n del balance cal\u00f3rico.<\/b> Al mapear estas cascadas de triple receptor, los investigadores recopilan datos t\u00e9cnicos sobre c\u00f3mo las c\u00e9lulas gestionan <b data-path-to-node=\"2,1\" data-index-in-node=\"264\">homeostasis metab\u00f3lica avanzada<\/b> y mantener la agilidad biol\u00f3gica en un entorno controlado.<\/p>\n<p data-path-to-node=\"2,2\">Los estudios actuales se centran en explorar los mecanismos de <b data-path-to-node=\"2,2\" data-index-in-node=\"53\">especificidad de la se\u00f1al de nivel de saturaci\u00f3n<\/b> and lipid-utilization patterns. This <b data-path-to-node=\"2,2\" data-index-in-node=\"126\">20 mg<\/b> vial provides a robust technical framework for investigating the <b data-path-to-node=\"2,2\" data-index-in-node=\"196\">redes de se\u00f1alizaci\u00f3n resilientes<\/b> that support metabolic stability, offering an intensified look at molecular coordination without focusing on weight loss or therapeutic outcomes.<\/p>\n<p><strong>Estructura de Retatrutida:<\/strong><\/p>\n<ul>\n<li><strong>N\u00famero CAS:<\/strong> <strong>2381089-83-2<\/strong><\/li>\n<li><strong>F\u00f3rmula molecular:<\/strong> <strong>C<\/strong><strong>\u2082\u2082\u2081<\/strong><strong>H<\/strong><strong>\u2083\u2084\u2082<\/strong><strong>N<\/strong><strong>\u2084\u2086<\/strong><strong>O<\/strong><strong>\u2086\u2088<\/strong><\/li>\n<li><strong>Peso molecular (promedio):<\/strong> <strong>4731,34 g\/mol<\/strong><\/li>\n<li><strong>Masa monoisot\u00f3pica (exacta):<\/strong> <strong>4728.4718 Da<\/strong><\/li>\n<\/ul>\n<p><strong>Compuesto padre:<\/strong> <em>N\/A \u2013 p\u00e9ptido quim\u00e9rico de incretina\/glucag\u00f3n dise\u00f1ado; no derivado de una sola mol\u00e9cula progenitora.<\/em><\/p>\n<p><strong>Sin\u00f3nimos:<\/strong><\/p>\n<ul>\n<li><strong>LY3437943<\/strong> (nombre en clave)<\/li>\n<li><strong>Retatrutida (acetato)<\/strong><\/li>\n<li>2381089-83-2<\/li>\n<li>orbe1981169<\/li>\n<li>EX-A7826E<\/li>\n<li>GTPL13769<\/li>\n<\/ul>\n<p><strong>\u00c1reas de investigaci\u00f3n:<\/strong><\/p>\n<ul data-path-to-node=\"1\">\n<li data-start=\"4162\" data-end=\"4358\">\n<p data-start=\"4164\" data-end=\"4358\"><strong data-start=\"4164\" data-end=\"4212\">Investigaci\u00f3n sobre la se\u00f1alizaci\u00f3n endocrina multirreceptora:<\/strong><br data-start=\"4212\" data-end=\"4215\" \/>Investigaci\u00f3n de la activaci\u00f3n coordinada y el comportamiento de se\u00f1alizaci\u00f3n de los receptores asociados a incretinas y glucag\u00f3n en modelos de investigaci\u00f3n de laboratorio.<\/p>\n<\/li>\n<li data-start=\"4360\" data-end=\"4541\">\n<p data-start=\"4362\" data-end=\"4541\"><strong data-start=\"4362\" data-end=\"4402\">Estudios de las v\u00edas de se\u00f1alizaci\u00f3n metab\u00f3lica:<\/strong><br data-start=\"4402\" data-end=\"4405\" \/>Examinar la modulaci\u00f3n de biomarcadores posteriores y la integraci\u00f3n de v\u00edas relacionadas con los sistemas de se\u00f1alizaci\u00f3n de detecci\u00f3n de nutrientes y regulaci\u00f3n de energ\u00eda.<\/p>\n<\/li>\n<li data-start=\"4543\" data-end=\"4729\">\n<p data-start=\"4545\" data-end=\"4729\"><strong data-start=\"4545\" data-end=\"4588\">Interacci\u00f3n hormonal y din\u00e1mica de los receptores:<\/strong><br data-start=\"4588\" data-end=\"4591\" \/>Estudiar las interacciones entre m\u00faltiples v\u00edas de se\u00f1alizaci\u00f3n endocrina para comprender la integraci\u00f3n de se\u00f1ales y los mecanismos de retroalimentaci\u00f3n regulatoria.<\/p>\n<\/li>\n<\/ul>\n<hr data-path-to-node=\"2\" \/>\n<h3 data-path-to-node=\"3\">Resumen condensado de la investigaci\u00f3n<\/h3>\n<p><b data-path-to-node=\"2,0\" data-index-in-node=\"1\">Retatrutide 20mg<\/b> is an intensified triple-pathway research analyte used to explore <b data-path-to-node=\"2,0\" data-index-in-node=\"84\">enhanced tri-receptor synchronization and metabolic signaling depth.<\/b> In laboratory settings, this 20mg format allows researchers to observe how concentrated interactions coordinate <b data-path-to-node=\"2,0\" data-index-in-node=\"265\">amplified hormonal crosstalk<\/b> y mantener la armon\u00eda sist\u00e9mica dentro de entornos complejos. Estos estudios exploratorios se centran en la elaboraci\u00f3n de mapas. <b data-path-to-node=\"2,0\" data-index-in-node=\"396\">advanced caloric-balance modulation<\/b> and how multi-receptor pathways support persistent metabolic stability, providing expanded technical data on signaling behavior without any therapeutic or diagnostic applications.<\/p>\n<p><strong>Nota solo para fines de investigaci\u00f3n:<\/strong> Agonista de GLP-1 \/ GIP \/ Glucag\u00f3n \u2013 R es <strong>no est\u00e1 aprobado por la FDA<\/strong> para uso terap\u00e9utico; los efectos publicados son principalmente precl\u00ednicos y exploratorios.<\/p>","protected":false},"excerpt":{"rendered":"<p>Contents: 20mg of Retatrutide<\/p>\n<p>Formato: Polvo liofilizado<br \/>\nPureza<strong>:<\/strong> <strong>\u2265 99%<\/strong> <strong>Probado en EE. UU.<\/strong>, Pureza Verificada (Probada mediante HPLC)<br \/>\nVerificaci\u00f3n: <strong>Certificados de Autenticidad Verificables<\/strong> (<strong>(Emparejados por Lote)<\/strong><\/p>\n<p><strong><u>Nuevas evidencias de investigaci\u00f3n:<\/u><\/strong><\/p>\n<p><b data-path-to-node=\"2,0\" data-index-in-node=\"1\">Retatrutide 20mg<\/b> se estudia en entornos de investigaci\u00f3n precl\u00ednica para examinar <b data-path-to-node=\"2,0\" data-index-in-node=\"74\">intensified tri-receptor synchronization<\/b> y la actividad coordinada de las v\u00edas asociadas a incretinas y glucag\u00f3n. Los modelos de laboratorio se centran en <b data-path-to-node=\"2,0\" data-index-in-node=\"218\">amplified receptor interaction dynamics<\/b>, signaling depth, and biomarker modulation in controlled experimental environments. Research utilizes retatrutide to analyze <b data-path-to-node=\"2,0\" data-index-in-node=\"387\">advanced pathway coordination<\/b> and signaling behavior, without reference to therapeutic outcomes.<\/p>\n<p>Mantener el producto en un lugar fresco y oscuro.<br \/>\nSolo para Uso en Investigaci\u00f3n \/ No Regulado por la FDA<\/p>\n<p><strong>Inventario Verificado por Lotes.<\/strong>. Ver 3<sup>rd<\/sup> Ver COA de 3\u00aa Parte.<\/p>","protected":false},"featured_media":2696,"template":"","meta":{"_acf_changed":false},"product_brand":[],"product_cat":[20,207],"product_tag":[],"class_list":{"0":"post-2791","1":"product","2":"type-product","3":"status-publish","4":"has-post-thumbnail","6":"product_cat-research-compounds","7":"product_cat-x-feed-sales","9":"first","10":"instock","11":"featured","12":"taxable","13":"shipping-taxable","14":"purchasable","15":"product-type-simple"},"acf":[],"yoast_head":"<!-- This site is optimized with the Yoast SEO plugin v27.2 - https:\/\/yoast.com\/product\/yoast-seo-wordpress\/ -->\n<title>GLP-1 R 20mg (Research Only)<\/title>\n<meta name=\"description\" content=\"Explore Retatrutide 20mg for research into intensified tri-receptor synchronization &amp; metabolic balance. A tool for studying amplified crosstalk. Research Use Only\" \/>\n<meta name=\"robots\" content=\"index, follow, max-snippet:-1, max-image-preview:large, max-video-preview:-1\" \/>\n<link rel=\"canonical\" href=\"https:\/\/optimalbiolabs.com\/es\/producto\/glp-1-r-20mg\/\" \/>\n<meta property=\"og:locale\" content=\"es_MX\" \/>\n<meta property=\"og:type\" content=\"article\" \/>\n<meta property=\"og:title\" content=\"Retatrutide 20mg | Researching Enhanced Tri-Pathway Synergy\" \/>\n<meta property=\"og:description\" content=\"Discover the signals behind amplified hormonal crosstalk. Explore how Retatrutide 20mg is used to study intensified metabolic signaling depth.\" \/>\n<meta property=\"og:url\" content=\"https:\/\/optimalbiolabs.com\/es\/producto\/glp-1-r-20mg\/\" \/>\n<meta property=\"og:site_name\" content=\"Optimal Bio Labs LLC\" \/>\n<meta property=\"article:modified_time\" content=\"2026-04-04T15:39:24+00:00\" \/>\n<meta property=\"og:image\" content=\"https:\/\/optimalbiolabs.com\/wp-content\/uploads\/2026\/01\/26.jpg\" \/>\n\t<meta property=\"og:image:width\" content=\"2000\" \/>\n\t<meta property=\"og:image:height\" content=\"1414\" \/>\n\t<meta property=\"og:image:type\" content=\"image\/jpeg\" \/>\n<meta name=\"twitter:card\" content=\"summary_large_image\" \/>\n<meta name=\"twitter:title\" content=\"Retatrutide 20mg: Enhanced Triple-Agonist Signaling\" \/>\n<meta name=\"twitter:description\" content=\"Researching complex endocrine pathways? Explore Retatrutide 20mg for data on intensified receptor coordination and caloric-balance vigor.\" \/>\n<meta name=\"twitter:image\" content=\"https:\/\/optimalbiolabs.com\/wp-content\/uploads\/2026\/01\/26.jpg\" \/>\n<meta name=\"twitter:label1\" content=\"Tiempo de lectura\" \/>\n\t<meta name=\"twitter:data1\" content=\"2 minutos\" \/>\n<script type=\"application\/ld+json\" class=\"yoast-schema-graph\">{\"@context\":\"https:\/\/schema.org\",\"@graph\":[{\"@type\":\"WebPage\",\"@id\":\"https:\/\/optimalbiolabs.com\/product\/glp-1-r-20mg\/\",\"url\":\"https:\/\/optimalbiolabs.com\/product\/glp-1-r-20mg\/\",\"name\":\"GLP-1 R 20mg (Research Only)\",\"isPartOf\":{\"@id\":\"https:\/\/optimalbiolabs.com\/#website\"},\"primaryImageOfPage\":{\"@id\":\"https:\/\/optimalbiolabs.com\/product\/glp-1-r-20mg\/#primaryimage\"},\"image\":{\"@id\":\"https:\/\/optimalbiolabs.com\/product\/glp-1-r-20mg\/#primaryimage\"},\"thumbnailUrl\":\"https:\/\/optimalbiolabs.com\/wp-content\/uploads\/2026\/01\/26.jpg\",\"datePublished\":\"2026-01-28T17:58:14+00:00\",\"dateModified\":\"2026-04-04T15:39:24+00:00\",\"description\":\"Explore Retatrutide 20mg for research into intensified tri-receptor synchronization & metabolic balance. A tool for studying amplified crosstalk. Research Use Only\",\"breadcrumb\":{\"@id\":\"https:\/\/optimalbiolabs.com\/product\/glp-1-r-20mg\/#breadcrumb\"},\"inLanguage\":\"es\",\"potentialAction\":[{\"@type\":\"ReadAction\",\"target\":[\"https:\/\/optimalbiolabs.com\/product\/glp-1-r-20mg\/\"]}]},{\"@type\":\"ImageObject\",\"inLanguage\":\"es\",\"@id\":\"https:\/\/optimalbiolabs.com\/product\/glp-1-r-20mg\/#primaryimage\",\"url\":\"https:\/\/optimalbiolabs.com\/wp-content\/uploads\/2026\/01\/26.jpg\",\"contentUrl\":\"https:\/\/optimalbiolabs.com\/wp-content\/uploads\/2026\/01\/26.jpg\",\"width\":2000,\"height\":1414,\"caption\":\"GLP-1 R 20mg Research Peptide Vial\"},{\"@type\":\"BreadcrumbList\",\"@id\":\"https:\/\/optimalbiolabs.com\/product\/glp-1-r-20mg\/#breadcrumb\",\"itemListElement\":[{\"@type\":\"ListItem\",\"position\":1,\"name\":\"Home\",\"item\":\"https:\/\/optimalbiolabs.com\/\"},{\"@type\":\"ListItem\",\"position\":2,\"name\":\"Browse\",\"item\":\"https:\/\/optimalbiolabs.com\/browse\/\"},{\"@type\":\"ListItem\",\"position\":3,\"name\":\"GLP-1 R 20mg (Research Only)\"}]},{\"@type\":\"WebSite\",\"@id\":\"https:\/\/optimalbiolabs.com\/#website\",\"url\":\"https:\/\/optimalbiolabs.com\/\",\"name\":\"Optimal Bio Labs LLC\",\"description\":\"Premium US-based research compounds. Third-party verified for 99% purity. High-grade laboratory supplies you can trust. Proudly owned and operated in the USA\",\"publisher\":{\"@id\":\"https:\/\/optimalbiolabs.com\/#organization\"},\"alternateName\":\"Optimal Bio Labs\",\"potentialAction\":[{\"@type\":\"SearchAction\",\"target\":{\"@type\":\"EntryPoint\",\"urlTemplate\":\"https:\/\/optimalbiolabs.com\/?s={search_term_string}\"},\"query-input\":{\"@type\":\"PropertyValueSpecification\",\"valueRequired\":true,\"valueName\":\"search_term_string\"}}],\"inLanguage\":\"es\"},{\"@type\":\"Organization\",\"@id\":\"https:\/\/optimalbiolabs.com\/#organization\",\"name\":\"Optimal Bio Labs LLC\",\"url\":\"https:\/\/optimalbiolabs.com\/\",\"logo\":{\"@type\":\"ImageObject\",\"inLanguage\":\"es\",\"@id\":\"https:\/\/optimalbiolabs.com\/#\/schema\/logo\/image\/\",\"url\":\"https:\/\/optimalbiolabs.com\/wp-content\/uploads\/2025\/12\/BIO-LABS.png\",\"contentUrl\":\"https:\/\/optimalbiolabs.com\/wp-content\/uploads\/2025\/12\/BIO-LABS.png\",\"width\":720,\"height\":720,\"caption\":\"Optimal Bio Labs LLC\"},\"image\":{\"@id\":\"https:\/\/optimalbiolabs.com\/#\/schema\/logo\/image\/\"}}]}<\/script>\n<!-- \/ Yoast SEO plugin. -->","yoast_head_json":{"title":"GLP-1 R 20 mg (Solo Investigaci\u00f3n)","description":"Explore Retatrutide 20mg for research into intensified tri-receptor synchronization & metabolic balance. A tool for studying amplified crosstalk. Research Use Only","robots":{"index":"index","follow":"follow","max-snippet":"max-snippet:-1","max-image-preview":"max-image-preview:large","max-video-preview":"max-video-preview:-1"},"canonical":"https:\/\/optimalbiolabs.com\/es\/producto\/glp-1-r-20mg\/","og_locale":"es_MX","og_type":"article","og_title":"Retatrutide 20mg | Researching Enhanced Tri-Pathway Synergy","og_description":"Discover the signals behind amplified hormonal crosstalk. Explore how Retatrutide 20mg is used to study intensified metabolic signaling depth.","og_url":"https:\/\/optimalbiolabs.com\/es\/producto\/glp-1-r-20mg\/","og_site_name":"Optimal Bio Labs LLC","article_modified_time":"2026-04-04T15:39:24+00:00","og_image":[{"width":2000,"height":1414,"url":"https:\/\/optimalbiolabs.com\/wp-content\/uploads\/2026\/01\/26.jpg","type":"image\/jpeg"}],"twitter_card":"summary_large_image","twitter_title":"Retatrutide 20mg: Enhanced Triple-Agonist Signaling","twitter_description":"Researching complex endocrine pathways? Explore Retatrutide 20mg for data on intensified receptor coordination and caloric-balance vigor.","twitter_image":"https:\/\/optimalbiolabs.com\/wp-content\/uploads\/2026\/01\/26.jpg","twitter_misc":{"Tiempo de lectura":"2 minutos"},"schema":{"@context":"https:\/\/schema.org","@graph":[{"@type":"WebPage","@id":"https:\/\/optimalbiolabs.com\/product\/glp-1-r-20mg\/","url":"https:\/\/optimalbiolabs.com\/product\/glp-1-r-20mg\/","name":"GLP-1 R 20 mg (Solo Investigaci\u00f3n)","isPartOf":{"@id":"https:\/\/optimalbiolabs.com\/#website"},"primaryImageOfPage":{"@id":"https:\/\/optimalbiolabs.com\/product\/glp-1-r-20mg\/#primaryimage"},"image":{"@id":"https:\/\/optimalbiolabs.com\/product\/glp-1-r-20mg\/#primaryimage"},"thumbnailUrl":"https:\/\/optimalbiolabs.com\/wp-content\/uploads\/2026\/01\/26.jpg","datePublished":"2026-01-28T17:58:14+00:00","dateModified":"2026-04-04T15:39:24+00:00","description":"Explore Retatrutide 20mg for research into intensified tri-receptor synchronization & metabolic balance. A tool for studying amplified crosstalk. Research Use Only","breadcrumb":{"@id":"https:\/\/optimalbiolabs.com\/product\/glp-1-r-20mg\/#breadcrumb"},"inLanguage":"es","potentialAction":[{"@type":"ReadAction","target":["https:\/\/optimalbiolabs.com\/product\/glp-1-r-20mg\/"]}]},{"@type":"ImageObject","inLanguage":"es","@id":"https:\/\/optimalbiolabs.com\/product\/glp-1-r-20mg\/#primaryimage","url":"https:\/\/optimalbiolabs.com\/wp-content\/uploads\/2026\/01\/26.jpg","contentUrl":"https:\/\/optimalbiolabs.com\/wp-content\/uploads\/2026\/01\/26.jpg","width":2000,"height":1414,"caption":"GLP-1 R 20mg Research Peptide Vial"},{"@type":"BreadcrumbList","@id":"https:\/\/optimalbiolabs.com\/product\/glp-1-r-20mg\/#breadcrumb","itemListElement":[{"@type":"ListItem","position":1,"name":"Home","item":"https:\/\/optimalbiolabs.com\/"},{"@type":"ListItem","position":2,"name":"Browse","item":"https:\/\/optimalbiolabs.com\/browse\/"},{"@type":"ListItem","position":3,"name":"GLP-1 R 20mg (Research Only)"}]},{"@type":"WebSite","@id":"https:\/\/optimalbiolabs.com\/#website","url":"https:\/\/optimalbiolabs.com\/","name":"Laboratorios Biol\u00f3gicos \u00d3ptimos LLC","description":"Compuestos de investigaci\u00f3n de primera calidad fabricados en EE. UU. Pureza 99% verificada por terceros. Suministros de laboratorio de alta calidad en los que puede confiar. Empresa orgullosamente estadounidense.","publisher":{"@id":"https:\/\/optimalbiolabs.com\/#organization"},"alternateName":"Optimal Bio Labs","potentialAction":[{"@type":"SearchAction","target":{"@type":"EntryPoint","urlTemplate":"https:\/\/optimalbiolabs.com\/?s={search_term_string}"},"query-input":{"@type":"PropertyValueSpecification","valueRequired":true,"valueName":"search_term_string"}}],"inLanguage":"es"},{"@type":"Organization","@id":"https:\/\/optimalbiolabs.com\/#organization","name":"Laboratorios Biol\u00f3gicos \u00d3ptimos LLC","url":"https:\/\/optimalbiolabs.com\/","logo":{"@type":"ImageObject","inLanguage":"es","@id":"https:\/\/optimalbiolabs.com\/#\/schema\/logo\/image\/","url":"https:\/\/optimalbiolabs.com\/wp-content\/uploads\/2025\/12\/BIO-LABS.png","contentUrl":"https:\/\/optimalbiolabs.com\/wp-content\/uploads\/2025\/12\/BIO-LABS.png","width":720,"height":720,"caption":"Optimal Bio Labs LLC"},"image":{"@id":"https:\/\/optimalbiolabs.com\/#\/schema\/logo\/image\/"}}]}},"jetpack_sharing_enabled":true,"_links":{"self":[{"href":"https:\/\/optimalbiolabs.com\/es\/wp-json\/wp\/v2\/product\/2791","targetHints":{"allow":["GET"]}}],"collection":[{"href":"https:\/\/optimalbiolabs.com\/es\/wp-json\/wp\/v2\/product"}],"about":[{"href":"https:\/\/optimalbiolabs.com\/es\/wp-json\/wp\/v2\/types\/product"}],"wp:featuredmedia":[{"embeddable":true,"href":"https:\/\/optimalbiolabs.com\/es\/wp-json\/wp\/v2\/media\/2696"}],"wp:attachment":[{"href":"https:\/\/optimalbiolabs.com\/es\/wp-json\/wp\/v2\/media?parent=2791"}],"wp:term":[{"taxonomy":"product_brand","embeddable":true,"href":"https:\/\/optimalbiolabs.com\/es\/wp-json\/wp\/v2\/product_brand?post=2791"},{"taxonomy":"product_cat","embeddable":true,"href":"https:\/\/optimalbiolabs.com\/es\/wp-json\/wp\/v2\/product_cat?post=2791"},{"taxonomy":"product_tag","embeddable":true,"href":"https:\/\/optimalbiolabs.com\/es\/wp-json\/wp\/v2\/product_tag?post=2791"}],"curies":[{"name":"wp","href":"https:\/\/api.w.org\/{rel}","templated":true}]}}