{"id":2785,"date":"2026-01-28T09:39:25","date_gmt":"2026-01-28T17:39:25","guid":{"rendered":"https:\/\/optimalbiolabs.com\/?post_type=product&#038;p=2785"},"modified":"2026-03-25T10:50:44","modified_gmt":"2026-03-25T17:50:44","slug":"glp-1-cs-10mg","status":"publish","type":"product","link":"https:\/\/optimalbiolabs.com\/es\/product\/glp-1-cs-10mg\/","title":{"rendered":"GLP-1 CS 10 mg (Solo Investigaci\u00f3n)"},"content":{"rendered":"<h3 data-start=\"687\" data-end=\"708\">Descripci\u00f3n general del GLP-1 CS<\/h3>\n<p data-path-to-node=\"2,0\"><b data-path-to-node=\"2,0\" data-index-in-node=\"1\">GLP-1 CS 10 mg<\/b> es una mezcla de investigaci\u00f3n coformulada intensiva dise\u00f1ada para investigar <b data-path-to-node=\"2,0\" data-index-in-node=\"84\">Se\u00f1alizaci\u00f3n metab\u00f3lica de alta capacidad y sincronizaci\u00f3n prolongada de la saciedad.<\/b> Esta herramienta de mayor formato permite a los investigadores observar c\u00f3mo <b data-path-to-node=\"2,0\" data-index-in-node=\"215\">Interacci\u00f3n intensa entre receptores<\/b> Coordina las v\u00edas de equilibrio sist\u00e9mico a trav\u00e9s de redes complejas. Los investigadores utilizan esta concentraci\u00f3n de 10 mg para rastrear el <b data-path-to-node=\"2,0\" data-index-in-node=\"366\">mantenimiento prolongado de la armon\u00eda metab\u00f3lica<\/b> y la persistencia de la se\u00f1al de doble v\u00eda a nivel molecular.<\/p>\n<p data-path-to-node=\"2,1\">Los investigadores emplean esta mezcla de 10 mg para analizar c\u00f3mo <b data-path-to-node=\"2,1\" data-index-in-node=\"50\">se\u00f1alizaci\u00f3n sin\u00e9rgica concentrada<\/b> influye en la profundidad de la comunicaci\u00f3n insulinotr\u00f3pica y <b data-path-to-node=\"2,1\" data-index-in-node=\"142\">Modulaci\u00f3n integral del balance cal\u00f3rico.<\/b> Al mapear estas cascadas de doble receptor de alta densidad, los investigadores recopilan datos t\u00e9cnicos sobre c\u00f3mo las c\u00e9lulas gestionan <b data-path-to-node=\"2,1\" data-index-in-node=\"294\">homeostasis metab\u00f3lica avanzada<\/b> y mantener la agilidad biol\u00f3gica en condiciones de saturaci\u00f3n.<\/p>\n<p data-path-to-node=\"2,2\">Los estudios actuales se centran en explorar los mecanismos de <b data-path-to-node=\"2,2\" data-index-in-node=\"53\">especificidad de la se\u00f1al de nivel de saturaci\u00f3n<\/b> y patrones intensivos de utilizaci\u00f3n de l\u00edpidos. Este vial de 10 mg proporciona un marco t\u00e9cnico ampliado para investigar la <b data-path-to-node=\"2,2\" data-index-in-node=\"209\">redes de se\u00f1alizaci\u00f3n resilientes<\/b> que favorecen la estabilidad metab\u00f3lica a largo plazo, ofreciendo una visi\u00f3n integral de la coordinaci\u00f3n molecular sin centrarse en la p\u00e9rdida de peso ni en los resultados cl\u00ednicos.<\/p>\n<hr data-start=\"1431\" data-end=\"1434\" \/>\n<h3 data-start=\"1974\" data-end=\"2000\">Estructura de la cagrilintida<\/h3>\n<ul>\n<li data-start=\"2004\" data-end=\"2034\"><strong data-start=\"2004\" data-end=\"2019\">N\u00famero CAS:<\/strong> 1415456-99-3<\/li>\n<li data-start=\"2037\" data-end=\"2078\"><strong data-start=\"2037\" data-end=\"2059\">F\u00f3rmula molecular:<\/strong> C\u2081\u2089\u2084H\u2083\u2081\u2082N\u2085\u2084O\u2085\u2089S\u2082<\/li>\n<li data-start=\"2081\" data-end=\"2124\"><strong data-start=\"2081\" data-end=\"2108\">Peso molecular (promedio):<\/strong> ~4409,0 g\/mol<\/li>\n<li data-start=\"2127\" data-end=\"2200\"><strong data-start=\"2127\" data-end=\"2147\">Compuesto padre:<\/strong> An\u00e1logo de la amilina humana (agonistas del receptor de calcitonina).<\/li>\n<\/ul>\n<p><strong data-start=\"2202\" data-end=\"2215\">Sin\u00f3nimos:<\/strong><\/p>\n<ul>\n<li data-start=\"2220\" data-end=\"2227\">AM833<\/li>\n<li data-start=\"2230\" data-end=\"2244\">NNC0174-0833<\/li>\n<li data-start=\"2247\" data-end=\"2255\">EUCTRN<\/li>\n<\/ul>\n<hr data-start=\"2257\" data-end=\"2260\" \/>\n<h3 data-start=\"2262\" data-end=\"2287\">Estructura de la semaglutida<\/h3>\n<ul>\n<li data-start=\"2291\" data-end=\"2320\"><strong data-start=\"2291\" data-end=\"2306\">N\u00famero CAS:<\/strong> 910463-68-2<\/li>\n<li data-start=\"2323\" data-end=\"2362\"><strong data-start=\"2323\" data-end=\"2345\">F\u00f3rmula molecular:<\/strong> C\u2081\u2088\u2087H\u2082\u2089\u2081N\u2084\u2085O\u2085\u2089<\/li>\n<li data-start=\"2365\" data-end=\"2409\"><strong data-start=\"2365\" data-end=\"2395\">Masa monoisot\u00f3pica (exacta):<\/strong> 4111.115 Da<\/li>\n<li data-start=\"2412\" data-end=\"2455\"><strong data-start=\"2412\" data-end=\"2432\">Compuesto padre:<\/strong> An\u00e1logo de GLP-1 (7\u201337)<\/li>\n<\/ul>\n<hr data-start=\"2547\" data-end=\"2550\" \/>\n<h3 data-start=\"2552\" data-end=\"2570\">\u00c1reas de Investigaci\u00f3n<\/h3>\n<ul data-start=\"2572\" data-end=\"2970\">\n<li data-start=\"2572\" data-end=\"2676\">\n<p data-start=\"2574\" data-end=\"2676\"><strong data-start=\"2574\" data-end=\"2616\">Regulaci\u00f3n metab\u00f3lica y equilibrio energ\u00e9tico:<\/strong> Estudio de la se\u00f1alizaci\u00f3n coordinada del receptor de GLP-1 y del receptor de amilina.<\/p>\n<\/li>\n<li data-start=\"2677\" data-end=\"2775\">\n<p data-start=\"2679\" data-end=\"2775\"><strong data-start=\"2679\" data-end=\"2712\">Se\u00f1alizaci\u00f3n de saciedad y apetito:<\/strong> Investigaci\u00f3n de las interacciones de se\u00f1alizaci\u00f3n centrales y perif\u00e9ricas.<\/p>\n<\/li>\n<li data-start=\"2776\" data-end=\"2874\">\n<p data-start=\"2778\" data-end=\"2874\"><strong data-start=\"2778\" data-end=\"2808\">V\u00edas metab\u00f3licas de los l\u00edpidos:<\/strong> Evaluaci\u00f3n de marcadores de utilizaci\u00f3n de l\u00edpidos y flexibilidad metab\u00f3lica.<\/p>\n<\/li>\n<li data-start=\"2875\" data-end=\"2970\">\n<p data-start=\"2877\" data-end=\"2970\"><strong data-start=\"2877\" data-end=\"2908\">Biomarcadores cardiometab\u00f3licos:<\/strong> Observaci\u00f3n de los efectos de se\u00f1alizaci\u00f3n a largo plazo en modelos experimentales.<\/p>\n<\/li>\n<\/ul>\n<hr data-start=\"2972\" data-end=\"2975\" \/>\n<h3 data-start=\"2977\" data-end=\"3007\">Resumen condensado de la investigaci\u00f3n<\/h3>\n<p data-start=\"3009\" data-end=\"3297\"><b data-path-to-node=\"2,0\" data-index-in-node=\"1\">GLP-1 CS 10 mg<\/b> es una mezcla de investigaci\u00f3n de alta capacidad utilizada para examinar <b data-path-to-node=\"2,0\" data-index-in-node=\"69\">Sincronizaci\u00f3n intensiva de la saciedad y estabilidad metab\u00f3lica prolongada.<\/b> En entornos de laboratorio, esta formulaci\u00f3n concentrada permite a los investigadores observar c\u00f3mo <b data-path-to-node=\"2,0\" data-index-in-node=\"226\">Interacciones entre GLP-1 y amilina a nivel de saturaci\u00f3n<\/b> coordinar la modulaci\u00f3n integral del balance cal\u00f3rico y la armon\u00eda sist\u00e9mica. Estos estudios exploratorios se centran en la profundidad de <b data-path-to-node=\"2,0\" data-index-in-node=\"395\">se\u00f1ales de utilizaci\u00f3n de l\u00edpidos<\/b> y c\u00f3mo las v\u00edas de doble agonista sustentan la coordinaci\u00f3n metab\u00f3lica persistente, proporcionando datos t\u00e9cnicos ampliados sobre el comportamiento de la se\u00f1alizaci\u00f3n sin centrarse en la p\u00e9rdida de peso ni en los resultados cl\u00ednicos.<\/p>\n<p data-start=\"3299\" data-end=\"3437\"><strong data-start=\"3299\" data-end=\"3322\">Nota solo para fines de investigaci\u00f3n:<\/strong> GLP-1 CS es <strong data-start=\"3335\" data-end=\"3355\">no est\u00e1 aprobado por la FDA<\/strong> para uso terap\u00e9utico; los efectos publicados son principalmente precl\u00ednicos y exploratorios.<\/p>","protected":false},"excerpt":{"rendered":"<p>Semaglutida (GLP-1) + Cagrilintida (an\u00e1logo de amilina) <strong>\u00a0\u00a0 <\/strong><strong>\u00a0<\/strong><\/p>\n<p>Contenido: 5 mg de semaglutida + 5 mg de cagrilintida<\/p>\n<p>Formato: Polvo liofilizado<br \/>\nPureza<strong>:<\/strong> <strong>\u2265 99%<\/strong> <strong>Probado en EE. UU.<\/strong>, Pureza Verificada (Probada mediante HPLC)<br \/>\nVerificaci\u00f3n: <strong>Certificados de Autenticidad Verificables<\/strong> (<strong>(Emparejados por Lote)<\/strong><\/p>\n<p><strong><u>Nuevas evidencias de investigaci\u00f3n:<\/u><\/strong><\/p>\n<p data-start=\"1619\" data-end=\"1967\">Esta mezcla coformulada integra un an\u00e1logo de amilina con un agonista del receptor GLP-1 para estudiar <strong data-start=\"1711\" data-end=\"1755\">v\u00edas de se\u00f1alizaci\u00f3n metab\u00f3lica sin\u00e9rgicas<\/strong>. La investigaci\u00f3n se centra en la modulaci\u00f3n de la saciedad, los marcadores del metabolismo lip\u00eddico y la din\u00e1mica de la se\u00f1alizaci\u00f3n gluc\u00e9mica, mientras que los estudios en curso contin\u00faan evaluando la interacci\u00f3n de las v\u00edas metab\u00f3licas y la regulaci\u00f3n metab\u00f3lica en modelos precl\u00ednicos.<\/p>\n<p>Mantener el producto en un lugar fresco y oscuro.<br \/>\nSolo para Uso en Investigaci\u00f3n \/ No Regulado por la FDA<\/p>\n<p><strong>Inventario Verificado por Lotes.<\/strong>. Ver 3<sup>rd<\/sup> Ver COA de 3\u00aa Parte.<\/p>","protected":false},"featured_media":2731,"template":"","meta":{"_acf_changed":false},"product_brand":[],"product_cat":[29],"product_tag":[190,187,189,188],"class_list":{"0":"post-2785","1":"product","2":"type-product","3":"status-publish","4":"has-post-thumbnail","6":"product_cat-blends","7":"product_tag-glycemic-signaling-pathways","8":"product_tag-lipid-signaling-research","9":"product_tag-metabolic-regulation-research","10":"product_tag-satiety-signaling-study","12":"first","13":"instock","14":"taxable","15":"shipping-taxable","16":"purchasable","17":"product-type-simple"},"acf":[],"yoast_head":"<!-- This site is optimized with the Yoast SEO plugin v27.2 - https:\/\/yoast.com\/product\/yoast-seo-wordpress\/ -->\n<title>GLP-1 CS 10mg (Research Only)<\/title>\n<meta name=\"description\" content=\"Explore GLP-1 CS 10mg for intensive satiety synchronization and metabolic stability. A precision tool for studying dual-pathway signaling depth.\" \/>\n<meta name=\"robots\" content=\"index, follow, max-snippet:-1, max-image-preview:large, max-video-preview:-1\" \/>\n<link rel=\"canonical\" href=\"https:\/\/optimalbiolabs.com\/es\/producto\/glp-1-cs-10mg\/\" \/>\n<meta property=\"og:locale\" content=\"es_MX\" \/>\n<meta property=\"og:type\" content=\"article\" \/>\n<meta property=\"og:title\" content=\"GLP-1 CS 10mg | Intensive Metabolic Synergy\" \/>\n<meta property=\"og:description\" content=\"Study high-capacity satiety synchronization and dual-pathway signaling. Perfect for research into persistent caloric balance and metabolic harmony.\" \/>\n<meta property=\"og:url\" content=\"https:\/\/optimalbiolabs.com\/es\/producto\/glp-1-cs-10mg\/\" \/>\n<meta property=\"og:site_name\" content=\"Optimal Bio Labs LLC\" \/>\n<meta property=\"article:modified_time\" content=\"2026-03-25T17:50:44+00:00\" \/>\n<meta property=\"og:image\" content=\"https:\/\/optimalbiolabs.com\/wp-content\/uploads\/2026\/01\/51.jpg\" \/>\n\t<meta property=\"og:image:width\" content=\"2000\" \/>\n\t<meta property=\"og:image:height\" content=\"1414\" \/>\n\t<meta property=\"og:image:type\" content=\"image\/jpeg\" \/>\n<meta name=\"twitter:card\" content=\"summary_large_image\" \/>\n<meta name=\"twitter:title\" content=\"GLP-1 CS 10mg: Advanced Metabolic Signaling\" \/>\n<meta name=\"twitter:description\" content=\"Researching dual-agonist pathways? Explore GLP-1 CS 10mg for data on intensive satiety signals, lipid utilization, and signaling depth.\" \/>\n<meta name=\"twitter:image\" content=\"https:\/\/optimalbiolabs.com\/wp-content\/uploads\/2026\/01\/51.jpg\" \/>\n<meta name=\"twitter:label1\" content=\"Tiempo de lectura\" \/>\n\t<meta name=\"twitter:data1\" content=\"2 minutos\" \/>\n<script type=\"application\/ld+json\" class=\"yoast-schema-graph\">{\"@context\":\"https:\/\/schema.org\",\"@graph\":[{\"@type\":\"WebPage\",\"@id\":\"https:\/\/optimalbiolabs.com\/product\/glp-1-cs-10mg\/\",\"url\":\"https:\/\/optimalbiolabs.com\/product\/glp-1-cs-10mg\/\",\"name\":\"GLP-1 CS 10mg (Research Only)\",\"isPartOf\":{\"@id\":\"https:\/\/optimalbiolabs.com\/#website\"},\"primaryImageOfPage\":{\"@id\":\"https:\/\/optimalbiolabs.com\/product\/glp-1-cs-10mg\/#primaryimage\"},\"image\":{\"@id\":\"https:\/\/optimalbiolabs.com\/product\/glp-1-cs-10mg\/#primaryimage\"},\"thumbnailUrl\":\"https:\/\/optimalbiolabs.com\/wp-content\/uploads\/2026\/01\/51.jpg\",\"datePublished\":\"2026-01-28T17:39:25+00:00\",\"dateModified\":\"2026-03-25T17:50:44+00:00\",\"description\":\"Explore GLP-1 CS 10mg for intensive satiety synchronization and metabolic stability. A precision tool for studying dual-pathway signaling depth.\",\"breadcrumb\":{\"@id\":\"https:\/\/optimalbiolabs.com\/product\/glp-1-cs-10mg\/#breadcrumb\"},\"inLanguage\":\"es\",\"potentialAction\":[{\"@type\":\"ReadAction\",\"target\":[\"https:\/\/optimalbiolabs.com\/product\/glp-1-cs-10mg\/\"]}]},{\"@type\":\"ImageObject\",\"inLanguage\":\"es\",\"@id\":\"https:\/\/optimalbiolabs.com\/product\/glp-1-cs-10mg\/#primaryimage\",\"url\":\"https:\/\/optimalbiolabs.com\/wp-content\/uploads\/2026\/01\/51.jpg\",\"contentUrl\":\"https:\/\/optimalbiolabs.com\/wp-content\/uploads\/2026\/01\/51.jpg\",\"width\":2000,\"height\":1414,\"caption\":\"GLP-1 CS 10mg Research Peptide Vial\"},{\"@type\":\"BreadcrumbList\",\"@id\":\"https:\/\/optimalbiolabs.com\/product\/glp-1-cs-10mg\/#breadcrumb\",\"itemListElement\":[{\"@type\":\"ListItem\",\"position\":1,\"name\":\"Home\",\"item\":\"https:\/\/optimalbiolabs.com\/\"},{\"@type\":\"ListItem\",\"position\":2,\"name\":\"Browse\",\"item\":\"https:\/\/optimalbiolabs.com\/browse\/\"},{\"@type\":\"ListItem\",\"position\":3,\"name\":\"GLP-1 CS 10mg (Research Only)\"}]},{\"@type\":\"WebSite\",\"@id\":\"https:\/\/optimalbiolabs.com\/#website\",\"url\":\"https:\/\/optimalbiolabs.com\/\",\"name\":\"Optimal Bio Labs LLC\",\"description\":\"Premium US-based research compounds. Third-party verified for 99% purity. High-grade laboratory supplies you can trust. Proudly owned and operated in the USA\",\"publisher\":{\"@id\":\"https:\/\/optimalbiolabs.com\/#organization\"},\"alternateName\":\"Optimal Bio Labs\",\"potentialAction\":[{\"@type\":\"SearchAction\",\"target\":{\"@type\":\"EntryPoint\",\"urlTemplate\":\"https:\/\/optimalbiolabs.com\/?s={search_term_string}\"},\"query-input\":{\"@type\":\"PropertyValueSpecification\",\"valueRequired\":true,\"valueName\":\"search_term_string\"}}],\"inLanguage\":\"es\"},{\"@type\":\"Organization\",\"@id\":\"https:\/\/optimalbiolabs.com\/#organization\",\"name\":\"Optimal Bio Labs LLC\",\"url\":\"https:\/\/optimalbiolabs.com\/\",\"logo\":{\"@type\":\"ImageObject\",\"inLanguage\":\"es\",\"@id\":\"https:\/\/optimalbiolabs.com\/#\/schema\/logo\/image\/\",\"url\":\"https:\/\/optimalbiolabs.com\/wp-content\/uploads\/2025\/12\/BIO-LABS.png\",\"contentUrl\":\"https:\/\/optimalbiolabs.com\/wp-content\/uploads\/2025\/12\/BIO-LABS.png\",\"width\":720,\"height\":720,\"caption\":\"Optimal Bio Labs LLC\"},\"image\":{\"@id\":\"https:\/\/optimalbiolabs.com\/#\/schema\/logo\/image\/\"}}]}<\/script>\n<!-- \/ Yoast SEO plugin. -->","yoast_head_json":{"title":"GLP-1 CS 10 mg (Solo Investigaci\u00f3n)","description":"Explore GLP-1 CS 10mg for intensive satiety synchronization and metabolic stability. A precision tool for studying dual-pathway signaling depth.","robots":{"index":"index","follow":"follow","max-snippet":"max-snippet:-1","max-image-preview":"max-image-preview:large","max-video-preview":"max-video-preview:-1"},"canonical":"https:\/\/optimalbiolabs.com\/es\/producto\/glp-1-cs-10mg\/","og_locale":"es_MX","og_type":"article","og_title":"GLP-1 CS 10mg | Intensive Metabolic Synergy","og_description":"Study high-capacity satiety synchronization and dual-pathway signaling. Perfect for research into persistent caloric balance and metabolic harmony.","og_url":"https:\/\/optimalbiolabs.com\/es\/producto\/glp-1-cs-10mg\/","og_site_name":"Optimal Bio Labs LLC","article_modified_time":"2026-03-25T17:50:44+00:00","og_image":[{"width":2000,"height":1414,"url":"https:\/\/optimalbiolabs.com\/wp-content\/uploads\/2026\/01\/51.jpg","type":"image\/jpeg"}],"twitter_card":"summary_large_image","twitter_title":"GLP-1 CS 10mg: Advanced Metabolic Signaling","twitter_description":"Researching dual-agonist pathways? Explore GLP-1 CS 10mg for data on intensive satiety signals, lipid utilization, and signaling depth.","twitter_image":"https:\/\/optimalbiolabs.com\/wp-content\/uploads\/2026\/01\/51.jpg","twitter_misc":{"Tiempo de lectura":"2 minutos"},"schema":{"@context":"https:\/\/schema.org","@graph":[{"@type":"WebPage","@id":"https:\/\/optimalbiolabs.com\/product\/glp-1-cs-10mg\/","url":"https:\/\/optimalbiolabs.com\/product\/glp-1-cs-10mg\/","name":"GLP-1 CS 10 mg (Solo Investigaci\u00f3n)","isPartOf":{"@id":"https:\/\/optimalbiolabs.com\/#website"},"primaryImageOfPage":{"@id":"https:\/\/optimalbiolabs.com\/product\/glp-1-cs-10mg\/#primaryimage"},"image":{"@id":"https:\/\/optimalbiolabs.com\/product\/glp-1-cs-10mg\/#primaryimage"},"thumbnailUrl":"https:\/\/optimalbiolabs.com\/wp-content\/uploads\/2026\/01\/51.jpg","datePublished":"2026-01-28T17:39:25+00:00","dateModified":"2026-03-25T17:50:44+00:00","description":"Explore GLP-1 CS 10mg for intensive satiety synchronization and metabolic stability. A precision tool for studying dual-pathway signaling depth.","breadcrumb":{"@id":"https:\/\/optimalbiolabs.com\/product\/glp-1-cs-10mg\/#breadcrumb"},"inLanguage":"es","potentialAction":[{"@type":"ReadAction","target":["https:\/\/optimalbiolabs.com\/product\/glp-1-cs-10mg\/"]}]},{"@type":"ImageObject","inLanguage":"es","@id":"https:\/\/optimalbiolabs.com\/product\/glp-1-cs-10mg\/#primaryimage","url":"https:\/\/optimalbiolabs.com\/wp-content\/uploads\/2026\/01\/51.jpg","contentUrl":"https:\/\/optimalbiolabs.com\/wp-content\/uploads\/2026\/01\/51.jpg","width":2000,"height":1414,"caption":"GLP-1 CS 10mg Research Peptide Vial"},{"@type":"BreadcrumbList","@id":"https:\/\/optimalbiolabs.com\/product\/glp-1-cs-10mg\/#breadcrumb","itemListElement":[{"@type":"ListItem","position":1,"name":"Home","item":"https:\/\/optimalbiolabs.com\/"},{"@type":"ListItem","position":2,"name":"Browse","item":"https:\/\/optimalbiolabs.com\/browse\/"},{"@type":"ListItem","position":3,"name":"GLP-1 CS 10mg (Research Only)"}]},{"@type":"WebSite","@id":"https:\/\/optimalbiolabs.com\/#website","url":"https:\/\/optimalbiolabs.com\/","name":"Laboratorios Biol\u00f3gicos \u00d3ptimos LLC","description":"Compuestos de investigaci\u00f3n de primera calidad fabricados en EE. UU. Pureza 99% verificada por terceros. Suministros de laboratorio de alta calidad en los que puede confiar. Empresa orgullosamente estadounidense.","publisher":{"@id":"https:\/\/optimalbiolabs.com\/#organization"},"alternateName":"Optimal Bio Labs","potentialAction":[{"@type":"SearchAction","target":{"@type":"EntryPoint","urlTemplate":"https:\/\/optimalbiolabs.com\/?s={search_term_string}"},"query-input":{"@type":"PropertyValueSpecification","valueRequired":true,"valueName":"search_term_string"}}],"inLanguage":"es"},{"@type":"Organization","@id":"https:\/\/optimalbiolabs.com\/#organization","name":"Laboratorios Biol\u00f3gicos \u00d3ptimos LLC","url":"https:\/\/optimalbiolabs.com\/","logo":{"@type":"ImageObject","inLanguage":"es","@id":"https:\/\/optimalbiolabs.com\/#\/schema\/logo\/image\/","url":"https:\/\/optimalbiolabs.com\/wp-content\/uploads\/2025\/12\/BIO-LABS.png","contentUrl":"https:\/\/optimalbiolabs.com\/wp-content\/uploads\/2025\/12\/BIO-LABS.png","width":720,"height":720,"caption":"Optimal Bio Labs LLC"},"image":{"@id":"https:\/\/optimalbiolabs.com\/#\/schema\/logo\/image\/"}}]}},"jetpack_sharing_enabled":true,"_links":{"self":[{"href":"https:\/\/optimalbiolabs.com\/es\/wp-json\/wp\/v2\/product\/2785","targetHints":{"allow":["GET"]}}],"collection":[{"href":"https:\/\/optimalbiolabs.com\/es\/wp-json\/wp\/v2\/product"}],"about":[{"href":"https:\/\/optimalbiolabs.com\/es\/wp-json\/wp\/v2\/types\/product"}],"wp:featuredmedia":[{"embeddable":true,"href":"https:\/\/optimalbiolabs.com\/es\/wp-json\/wp\/v2\/media\/2731"}],"wp:attachment":[{"href":"https:\/\/optimalbiolabs.com\/es\/wp-json\/wp\/v2\/media?parent=2785"}],"wp:term":[{"taxonomy":"product_brand","embeddable":true,"href":"https:\/\/optimalbiolabs.com\/es\/wp-json\/wp\/v2\/product_brand?post=2785"},{"taxonomy":"product_cat","embeddable":true,"href":"https:\/\/optimalbiolabs.com\/es\/wp-json\/wp\/v2\/product_cat?post=2785"},{"taxonomy":"product_tag","embeddable":true,"href":"https:\/\/optimalbiolabs.com\/es\/wp-json\/wp\/v2\/product_tag?post=2785"}],"curies":[{"name":"wp","href":"https:\/\/api.w.org\/{rel}","templated":true}]}}