{"id":2769,"date":"2026-01-27T20:38:32","date_gmt":"2026-01-28T04:38:32","guid":{"rendered":"https:\/\/optimalbiolabs.com\/?post_type=product&#038;p=2769"},"modified":"2026-03-20T20:03:24","modified_gmt":"2026-03-21T03:03:24","slug":"nad-100mg","status":"publish","type":"product","link":"https:\/\/optimalbiolabs.com\/es\/product\/nad-100mg\/","title":{"rendered":"NAD+ 100 mg (Solo Investigaci\u00f3n)"},"content":{"rendered":"<h3 data-start=\"1555\" data-end=\"1576\"><strong data-start=\"1559\" data-end=\"1576\">Descripci\u00f3n general de NAD\u207a<\/strong><\/h3>\n<p data-path-to-node=\"2,0\"><b data-path-to-node=\"2,0\" data-index-in-node=\"1\">NAD\u207a 100 mg<\/b> es una coenzima de alta capacidad utilizada en la investigaci\u00f3n de laboratorio para estudiar <b data-path-to-node=\"2,0\" data-index-in-node=\"81\">se\u00f1alizaci\u00f3n de vitalidad sist\u00e9mica y persistencia relacionada con la energ\u00eda.<\/b> Como participante central en las v\u00edas asociadas a la oxidaci\u00f3n-reducci\u00f3n, este formato permite a los investigadores observar c\u00f3mo se coordinan las mol\u00e9culas. <b data-path-to-node=\"2,0\" data-index-in-node=\"265\">flujo metab\u00f3lico<\/b> y la se\u00f1alizaci\u00f3n intracelular durante ciclos de observaci\u00f3n prolongados. Los investigadores emplean este suministro de 100 mg para controlar la estabilidad de <b data-path-to-node=\"2,0\" data-index-in-node=\"405\">v\u00edas mediadas por cofactores<\/b> y la resistencia de la se\u00f1alizaci\u00f3n estructural dentro de un entorno controlado.<\/p>\n<p data-path-to-node=\"2,1\">Los investigadores utilizan NAD\u207a 100 mg para analizar la longevidad de <b data-path-to-node=\"2,1\" data-index-in-node=\"57\">actividad enzim\u00e1tica<\/b> y c\u00f3mo influyen las interacciones moleculares espec\u00edficas. <b data-path-to-node=\"2,1\" data-index-in-node=\"126\">vigor celular<\/b> a nivel bioqu\u00edmico. Al mapear estas cascadas de se\u00f1alizaci\u00f3n de alto volumen, los investigadores recopilan datos cr\u00edticos sobre c\u00f3mo se mantienen los sistemas. <b data-path-to-node=\"2,1\" data-index-in-node=\"271\">coordinaci\u00f3n interna<\/b> y la integridad de la v\u00eda metab\u00f3lica durante estados experimentales prolongados.<\/p>\n<p data-path-to-node=\"2,2\">Los estudios actuales se centran en explorar los mecanismos de <b data-path-to-node=\"2,2\" data-index-in-node=\"53\">regulaci\u00f3n de se\u00f1ales<\/b> y redes de reacciones bioqu\u00edmicas. Este vial de 100 mg proporciona un marco t\u00e9cnico s\u00f3lido para la investigaci\u00f3n. <b data-path-to-node=\"2,2\" data-index-in-node=\"178\">din\u00e1mica de se\u00f1alizaci\u00f3n persistente<\/b>, ofreciendo una visi\u00f3n m\u00e1s profunda de c\u00f3mo el cuerpo gestiona las v\u00edas energ\u00e9ticas celulares sin centrarse en la longevidad cl\u00ednica ni en los resultados terap\u00e9uticos.<\/p>\n<hr data-start=\"2609\" data-end=\"2612\" \/>\n<h3 data-start=\"2614\" data-end=\"2636\"><strong data-start=\"2618\" data-end=\"2636\">Estructura de NAD\u207a<\/strong><\/h3>\n<p data-start=\"2638\" data-end=\"2779\"><strong data-start=\"2638\" data-end=\"2653\">N\u00famero CAS:<\/strong> 53-84-9<br data-start=\"2661\" data-end=\"2664\" \/><strong data-start=\"2664\" data-end=\"2686\">F\u00f3rmula molecular:<\/strong> C\u2082\u2081H\u2082\u2086N\u2087O\u2081\u2084P\u2082<br data-start=\"2700\" data-end=\"2703\" \/><strong data-start=\"2703\" data-end=\"2724\">Peso molecular:<\/strong> 662,4 g\/mol<br data-start=\"2736\" data-end=\"2739\" \/><strong data-start=\"2739\" data-end=\"2761\">Masa monoisot\u00f3pica:<\/strong> 662.10129752 Da<\/p>\n<p data-start=\"2781\" data-end=\"2864\"><strong data-start=\"2781\" data-end=\"2801\">Compuesto padre:<\/strong><br data-start=\"2801\" data-end=\"2804\" \/>Nicotinamida-adenina dinucle\u00f3tido, forma oxidada (CID 5893).<\/p>\n<hr data-start=\"2866\" data-end=\"2869\" \/>\n<h3 data-start=\"2871\" data-end=\"2887\"><strong data-start=\"2875\" data-end=\"2887\">Sin\u00f3nimos<\/strong><\/h3>\n<ul>\n<li data-start=\"2891\" data-end=\"2899\">DPN-ox<\/li>\n<li data-start=\"2902\" data-end=\"2908\">DPN\u207a<\/li>\n<\/ul>\n<hr data-start=\"2910\" data-end=\"2913\" \/>\n<h3 data-start=\"2915\" data-end=\"2937\"><strong data-start=\"2919\" data-end=\"2937\">\u00c1reas de Investigaci\u00f3n<\/strong><\/h3>\n<p data-start=\"2939\" data-end=\"3019\">El NAD\u207a se utiliza en <strong data-start=\"2959\" data-end=\"2991\">modelos de investigaci\u00f3n precl\u00ednica<\/strong> en las siguientes \u00e1reas:<\/p>\n<ul data-start=\"3021\" data-end=\"3830\">\n<li data-start=\"3021\" data-end=\"3181\">\n<p data-start=\"3023\" data-end=\"3181\"><strong data-start=\"3023\" data-end=\"3069\">Investigaci\u00f3n en biolog\u00eda redox y transferencia de electrones<\/strong><br data-start=\"3069\" data-end=\"3072\" \/>Investigaci\u00f3n de reacciones de oxidaci\u00f3n-reducci\u00f3n y v\u00edas de se\u00f1alizaci\u00f3n asociadas al estado redox en sistemas bioqu\u00edmicos.<\/p>\n<\/li>\n<li data-start=\"3183\" data-end=\"3341\">\n<p data-start=\"3185\" data-end=\"3341\"><strong data-start=\"3185\" data-end=\"3233\">Estudios de v\u00edas enzim\u00e1ticas dependientes de cofactores<\/strong><br data-start=\"3233\" data-end=\"3236\" \/>Estudio de las interacciones enzima-cofactor y la coordinaci\u00f3n de reacciones bioqu\u00edmicas en entornos de laboratorio.<\/p>\n<\/li>\n<li data-start=\"3343\" data-end=\"3517\">\n<p data-start=\"3345\" data-end=\"3517\"><strong data-start=\"3345\" data-end=\"3392\">Modelos de se\u00f1alizaci\u00f3n asociados a la energ\u00eda celular<\/strong><br data-start=\"3392\" data-end=\"3395\" \/>Examinar las v\u00edas de se\u00f1alizaci\u00f3n molecular relacionadas con los procesos bioqu\u00edmicos asociados a la energ\u00eda sin un marco fisiol\u00f3gico.<\/p>\n<\/li>\n<li data-start=\"3519\" data-end=\"3681\">\n<p data-start=\"3521\" data-end=\"3681\"><strong data-start=\"3521\" data-end=\"3570\">Se\u00f1alizaci\u00f3n intracelular e integraci\u00f3n de v\u00edas<\/strong><br data-start=\"3570\" data-end=\"3573\" \/>Investigaci\u00f3n sobre la coordinaci\u00f3n de las redes de se\u00f1alizaci\u00f3n mediadas por cofactores en sistemas celulares experimentales.<\/p>\n<\/li>\n<li data-start=\"3683\" data-end=\"3830\">\n<p data-start=\"3685\" data-end=\"3830\"><strong data-start=\"3685\" data-end=\"3727\">Mapeo de redes bioqu\u00edmicas y reacciones qu\u00edmicas<\/strong><br data-start=\"3727\" data-end=\"3730\" \/>Evaluaci\u00f3n del comportamiento de las v\u00edas moleculares y la integraci\u00f3n de la se\u00f1alizaci\u00f3n en modelos precl\u00ednicos controlados.<\/p>\n<\/li>\n<\/ul>\n<hr data-start=\"3832\" data-end=\"3835\" \/>\n<h3 data-start=\"3837\" data-end=\"3871\"><strong data-start=\"3841\" data-end=\"3871\">Resumen condensado de la investigaci\u00f3n<\/strong><\/h3>\n<p data-start=\"3873\" data-end=\"4238\"><b data-path-to-node=\"2,0\" data-index-in-node=\"1\">NAD\u207a 100 mg<\/b> es un analito de investigaci\u00f3n de alta capacidad utilizado para explorar las v\u00edas de <b data-path-to-node=\"2,0\" data-index-in-node=\"80\">Vitalidad sist\u00e9mica y resistencia metab\u00f3lica.<\/b> En entornos de laboratorio, esta coenzima permite a los investigadores observar c\u00f3mo se coordinan las interacciones moleculares. <b data-path-to-node=\"2,0\" data-index-in-node=\"229\">se\u00f1alizaci\u00f3n redox-activa<\/b> y mantener la armon\u00eda de las v\u00edas bioqu\u00edmicas durante ciclos de observaci\u00f3n prolongados. Estos estudios exploratorios se centran en mapear la persistencia de <b data-path-to-node=\"2,0\" data-index-in-node=\"389\">din\u00e1mica de las reacciones intracelulares<\/b> y c\u00f3mo las se\u00f1ales de cofactores apoyan <b data-path-to-node=\"2,0\" data-index-in-node=\"454\">vigor celular<\/b>, proporcionando datos t\u00e9cnicos s\u00f3lidos sobre el comportamiento de la se\u00f1alizaci\u00f3n sin centrarse en los resultados terap\u00e9uticos o de longevidad.<\/p>\n<hr data-start=\"4240\" data-end=\"4243\" \/>\n<h3 data-start=\"4245\" data-end=\"4273\"><strong data-start=\"4249\" data-end=\"4273\">Aviso exclusivo para investigaci\u00f3n<\/strong><\/h3>\n<p data-start=\"4275\" data-end=\"4496\"><strong data-start=\"4275\" data-end=\"4329\">El NAD\u207a est\u00e1 destinado \u00fanicamente para su uso en investigaci\u00f3n de laboratorio. <\/strong>No apto para consumo humano ni veterinario. No aprobado por la FDA para uso terap\u00e9utico o diagn\u00f3stico. Todos los estudios de referencia son <strong data-start=\"4463\" data-end=\"4495\">precl\u00ednico y exploratorio<\/strong>.<\/p>","protected":false},"excerpt":{"rendered":"<p><strong>nicotinamida adenina dinucle\u00f3tido<\/strong><\/p>\n<p>Contenido: 100 mg de NAD+<\/p>\n<p>Formato: Polvo liofilizado<br \/>\nPureza<strong>:<\/strong> <strong>\u2265 99%<\/strong> <strong>Probado en EE. UU.<\/strong>, Pureza Verificada (Probada mediante HPLC)<br \/>\nVerificaci\u00f3n: <strong>Certificados de Autenticidad Verificables<\/strong> (<strong>(Emparejados por Lote)<\/strong><\/p>\n<p><strong><u>Nuevas evidencias de investigaci\u00f3n:<\/u><\/strong><\/p>\n<p><b data-path-to-node=\"2,0\" data-index-in-node=\"1\">NAD\u207a 100 mg<\/b> se estudia en modelos de laboratorio para investigar las v\u00edas de <b data-path-to-node=\"2,0\" data-index-in-node=\"75\">Vitalidad sist\u00e9mica y resistencia metab\u00f3lica.<\/b> Esta coenzima de alta capacidad permite a los investigadores observar c\u00f3mo se coordinan las c\u00e9lulas. <b data-path-to-node=\"2,0\" data-index-in-node=\"197\">se\u00f1alizaci\u00f3n redox-activa<\/b> y mantener la armon\u00eda de las v\u00edas bioqu\u00edmicas durante ciclos prolongados. El enfoque sigue centrado en recopilar datos sobre <b data-path-to-node=\"2,0\" data-index-in-node=\"329\">vigor celular<\/b> y persistencia de la se\u00f1al, proporcionando un marco t\u00e9cnico para comprender c\u00f3mo las v\u00edas internas apoyan <b data-path-to-node=\"2,0\" data-index-in-node=\"448\">flujo metab\u00f3lico<\/b> a nivel molecular.<\/p>\n<p>Mantener el producto en un lugar fresco y oscuro.<br \/>\nSolo para Uso en Investigaci\u00f3n \/ No Regulado por la FDA<\/p>\n<p><strong>Inventario Verificado por Lotes.<\/strong>. Ver 3<sup>rd<\/sup> Ver COA de 3\u00aa Parte.<\/p>","protected":false},"featured_media":2712,"template":"","meta":{"_acf_changed":false},"product_brand":[],"product_cat":[20],"product_tag":[],"class_list":{"0":"post-2769","1":"product","2":"type-product","3":"status-publish","4":"has-post-thumbnail","6":"product_cat-research-compounds","8":"first","9":"instock","10":"taxable","11":"shipping-taxable","12":"purchasable","13":"product-type-simple"},"acf":[],"yoast_head":"<!-- This site is optimized with the Yoast SEO plugin v27.2 - https:\/\/yoast.com\/product\/yoast-seo-wordpress\/ -->\n<title>NAD+ 100mg (Research Only)<\/title>\n<meta name=\"description\" content=\"Explore NAD\u207a 100mg for research into systemic vitality &amp; metabolic endurance. A high-capacity tool for studying cellular vigor &amp; signaling. Research Use Only.\" \/>\n<meta name=\"robots\" content=\"index, follow, max-snippet:-1, max-image-preview:large, max-video-preview:-1\" \/>\n<link rel=\"canonical\" href=\"https:\/\/optimalbiolabs.com\/es\/producto\/nad-100mg\/\" \/>\n<meta property=\"og:locale\" content=\"es_MX\" \/>\n<meta property=\"og:type\" content=\"article\" \/>\n<meta property=\"og:title\" content=\"NAD\u207a 100mg | Researching Systemic Vitality\" \/>\n<meta property=\"og:description\" content=\"Discover how 100mg of NAD\u207a is used to study the signals that maintain cellular vigor and metabolic endurance. Perfect for long-term biochemical research.\" \/>\n<meta property=\"og:url\" content=\"https:\/\/optimalbiolabs.com\/es\/producto\/nad-100mg\/\" \/>\n<meta property=\"og:site_name\" content=\"Optimal Bio Labs LLC\" \/>\n<meta property=\"article:modified_time\" content=\"2026-03-21T03:03:24+00:00\" \/>\n<meta property=\"og:image\" content=\"https:\/\/optimalbiolabs.com\/wp-content\/uploads\/2026\/01\/17-1.jpg\" \/>\n\t<meta property=\"og:image:width\" content=\"2000\" \/>\n\t<meta property=\"og:image:height\" content=\"1414\" \/>\n\t<meta property=\"og:image:type\" content=\"image\/jpeg\" \/>\n<meta name=\"twitter:card\" content=\"summary_large_image\" \/>\n<meta name=\"twitter:title\" content=\"NAD\u207a 100mg: The Science of Cellular Vigor\" \/>\n<meta name=\"twitter:description\" content=\"Researching energy pathways? Explore NAD\u207a 100mg for data on systemic vitality, redox-active signaling, and metabolic endurance. Research Only.\" \/>\n<meta name=\"twitter:image\" content=\"https:\/\/optimalbiolabs.com\/wp-content\/uploads\/2026\/01\/17-1.jpg\" \/>\n<meta name=\"twitter:label1\" content=\"Tiempo de lectura\" \/>\n\t<meta name=\"twitter:data1\" content=\"2 minutos\" \/>\n<script type=\"application\/ld+json\" class=\"yoast-schema-graph\">{\"@context\":\"https:\/\/schema.org\",\"@graph\":[{\"@type\":\"WebPage\",\"@id\":\"https:\/\/optimalbiolabs.com\/product\/nad-100mg\/\",\"url\":\"https:\/\/optimalbiolabs.com\/product\/nad-100mg\/\",\"name\":\"NAD+ 100mg (Research Only)\",\"isPartOf\":{\"@id\":\"https:\/\/optimalbiolabs.com\/#website\"},\"primaryImageOfPage\":{\"@id\":\"https:\/\/optimalbiolabs.com\/product\/nad-100mg\/#primaryimage\"},\"image\":{\"@id\":\"https:\/\/optimalbiolabs.com\/product\/nad-100mg\/#primaryimage\"},\"thumbnailUrl\":\"https:\/\/optimalbiolabs.com\/wp-content\/uploads\/2026\/01\/17-1.jpg\",\"datePublished\":\"2026-01-28T04:38:32+00:00\",\"dateModified\":\"2026-03-21T03:03:24+00:00\",\"description\":\"Explore NAD\u207a 100mg for research into systemic vitality & metabolic endurance. A high-capacity tool for studying cellular vigor & signaling. Research Use Only.\",\"breadcrumb\":{\"@id\":\"https:\/\/optimalbiolabs.com\/product\/nad-100mg\/#breadcrumb\"},\"inLanguage\":\"es\",\"potentialAction\":[{\"@type\":\"ReadAction\",\"target\":[\"https:\/\/optimalbiolabs.com\/product\/nad-100mg\/\"]}]},{\"@type\":\"ImageObject\",\"inLanguage\":\"es\",\"@id\":\"https:\/\/optimalbiolabs.com\/product\/nad-100mg\/#primaryimage\",\"url\":\"https:\/\/optimalbiolabs.com\/wp-content\/uploads\/2026\/01\/17-1.jpg\",\"contentUrl\":\"https:\/\/optimalbiolabs.com\/wp-content\/uploads\/2026\/01\/17-1.jpg\",\"width\":2000,\"height\":1414,\"caption\":\"NAD+ 100mg Research Peptide Vial\"},{\"@type\":\"BreadcrumbList\",\"@id\":\"https:\/\/optimalbiolabs.com\/product\/nad-100mg\/#breadcrumb\",\"itemListElement\":[{\"@type\":\"ListItem\",\"position\":1,\"name\":\"Home\",\"item\":\"https:\/\/optimalbiolabs.com\/\"},{\"@type\":\"ListItem\",\"position\":2,\"name\":\"Browse\",\"item\":\"https:\/\/optimalbiolabs.com\/browse\/\"},{\"@type\":\"ListItem\",\"position\":3,\"name\":\"NAD+ 100mg (Research Only)\"}]},{\"@type\":\"WebSite\",\"@id\":\"https:\/\/optimalbiolabs.com\/#website\",\"url\":\"https:\/\/optimalbiolabs.com\/\",\"name\":\"Optimal Bio Labs LLC\",\"description\":\"Premium US-based research compounds. Third-party verified for 99% purity. High-grade laboratory supplies you can trust. Proudly owned and operated in the USA\",\"publisher\":{\"@id\":\"https:\/\/optimalbiolabs.com\/#organization\"},\"alternateName\":\"Optimal Bio Labs\",\"potentialAction\":[{\"@type\":\"SearchAction\",\"target\":{\"@type\":\"EntryPoint\",\"urlTemplate\":\"https:\/\/optimalbiolabs.com\/?s={search_term_string}\"},\"query-input\":{\"@type\":\"PropertyValueSpecification\",\"valueRequired\":true,\"valueName\":\"search_term_string\"}}],\"inLanguage\":\"es\"},{\"@type\":\"Organization\",\"@id\":\"https:\/\/optimalbiolabs.com\/#organization\",\"name\":\"Optimal Bio Labs LLC\",\"url\":\"https:\/\/optimalbiolabs.com\/\",\"logo\":{\"@type\":\"ImageObject\",\"inLanguage\":\"es\",\"@id\":\"https:\/\/optimalbiolabs.com\/#\/schema\/logo\/image\/\",\"url\":\"https:\/\/optimalbiolabs.com\/wp-content\/uploads\/2025\/12\/BIO-LABS.png\",\"contentUrl\":\"https:\/\/optimalbiolabs.com\/wp-content\/uploads\/2025\/12\/BIO-LABS.png\",\"width\":720,\"height\":720,\"caption\":\"Optimal Bio Labs LLC\"},\"image\":{\"@id\":\"https:\/\/optimalbiolabs.com\/#\/schema\/logo\/image\/\"}}]}<\/script>\n<!-- \/ Yoast SEO plugin. -->","yoast_head_json":{"title":"NAD+ 100 mg (Solo Investigaci\u00f3n)","description":"Explore NAD\u207a 100mg for research into systemic vitality & metabolic endurance. A high-capacity tool for studying cellular vigor & signaling. Research Use Only.","robots":{"index":"index","follow":"follow","max-snippet":"max-snippet:-1","max-image-preview":"max-image-preview:large","max-video-preview":"max-video-preview:-1"},"canonical":"https:\/\/optimalbiolabs.com\/es\/producto\/nad-100mg\/","og_locale":"es_MX","og_type":"article","og_title":"NAD\u207a 100mg | Researching Systemic Vitality","og_description":"Discover how 100mg of NAD\u207a is used to study the signals that maintain cellular vigor and metabolic endurance. Perfect for long-term biochemical research.","og_url":"https:\/\/optimalbiolabs.com\/es\/producto\/nad-100mg\/","og_site_name":"Optimal Bio Labs LLC","article_modified_time":"2026-03-21T03:03:24+00:00","og_image":[{"width":2000,"height":1414,"url":"https:\/\/optimalbiolabs.com\/wp-content\/uploads\/2026\/01\/17-1.jpg","type":"image\/jpeg"}],"twitter_card":"summary_large_image","twitter_title":"NAD\u207a 100mg: The Science of Cellular Vigor","twitter_description":"Researching energy pathways? Explore NAD\u207a 100mg for data on systemic vitality, redox-active signaling, and metabolic endurance. Research Only.","twitter_image":"https:\/\/optimalbiolabs.com\/wp-content\/uploads\/2026\/01\/17-1.jpg","twitter_misc":{"Tiempo de lectura":"2 minutos"},"schema":{"@context":"https:\/\/schema.org","@graph":[{"@type":"WebPage","@id":"https:\/\/optimalbiolabs.com\/product\/nad-100mg\/","url":"https:\/\/optimalbiolabs.com\/product\/nad-100mg\/","name":"NAD+ 100 mg (Solo Investigaci\u00f3n)","isPartOf":{"@id":"https:\/\/optimalbiolabs.com\/#website"},"primaryImageOfPage":{"@id":"https:\/\/optimalbiolabs.com\/product\/nad-100mg\/#primaryimage"},"image":{"@id":"https:\/\/optimalbiolabs.com\/product\/nad-100mg\/#primaryimage"},"thumbnailUrl":"https:\/\/optimalbiolabs.com\/wp-content\/uploads\/2026\/01\/17-1.jpg","datePublished":"2026-01-28T04:38:32+00:00","dateModified":"2026-03-21T03:03:24+00:00","description":"Explore NAD\u207a 100mg for research into systemic vitality & metabolic endurance. A high-capacity tool for studying cellular vigor & signaling. Research Use Only.","breadcrumb":{"@id":"https:\/\/optimalbiolabs.com\/product\/nad-100mg\/#breadcrumb"},"inLanguage":"es","potentialAction":[{"@type":"ReadAction","target":["https:\/\/optimalbiolabs.com\/product\/nad-100mg\/"]}]},{"@type":"ImageObject","inLanguage":"es","@id":"https:\/\/optimalbiolabs.com\/product\/nad-100mg\/#primaryimage","url":"https:\/\/optimalbiolabs.com\/wp-content\/uploads\/2026\/01\/17-1.jpg","contentUrl":"https:\/\/optimalbiolabs.com\/wp-content\/uploads\/2026\/01\/17-1.jpg","width":2000,"height":1414,"caption":"NAD+ 100mg Research Peptide Vial"},{"@type":"BreadcrumbList","@id":"https:\/\/optimalbiolabs.com\/product\/nad-100mg\/#breadcrumb","itemListElement":[{"@type":"ListItem","position":1,"name":"Home","item":"https:\/\/optimalbiolabs.com\/"},{"@type":"ListItem","position":2,"name":"Browse","item":"https:\/\/optimalbiolabs.com\/browse\/"},{"@type":"ListItem","position":3,"name":"NAD+ 100mg (Research Only)"}]},{"@type":"WebSite","@id":"https:\/\/optimalbiolabs.com\/#website","url":"https:\/\/optimalbiolabs.com\/","name":"Laboratorios Biol\u00f3gicos \u00d3ptimos LLC","description":"Compuestos de investigaci\u00f3n de primera calidad fabricados en EE. UU. Pureza 99% verificada por terceros. Suministros de laboratorio de alta calidad en los que puede confiar. Empresa orgullosamente estadounidense.","publisher":{"@id":"https:\/\/optimalbiolabs.com\/#organization"},"alternateName":"Optimal Bio Labs","potentialAction":[{"@type":"SearchAction","target":{"@type":"EntryPoint","urlTemplate":"https:\/\/optimalbiolabs.com\/?s={search_term_string}"},"query-input":{"@type":"PropertyValueSpecification","valueRequired":true,"valueName":"search_term_string"}}],"inLanguage":"es"},{"@type":"Organization","@id":"https:\/\/optimalbiolabs.com\/#organization","name":"Laboratorios Biol\u00f3gicos \u00d3ptimos LLC","url":"https:\/\/optimalbiolabs.com\/","logo":{"@type":"ImageObject","inLanguage":"es","@id":"https:\/\/optimalbiolabs.com\/#\/schema\/logo\/image\/","url":"https:\/\/optimalbiolabs.com\/wp-content\/uploads\/2025\/12\/BIO-LABS.png","contentUrl":"https:\/\/optimalbiolabs.com\/wp-content\/uploads\/2025\/12\/BIO-LABS.png","width":720,"height":720,"caption":"Optimal Bio Labs LLC"},"image":{"@id":"https:\/\/optimalbiolabs.com\/#\/schema\/logo\/image\/"}}]}},"jetpack_sharing_enabled":true,"_links":{"self":[{"href":"https:\/\/optimalbiolabs.com\/es\/wp-json\/wp\/v2\/product\/2769","targetHints":{"allow":["GET"]}}],"collection":[{"href":"https:\/\/optimalbiolabs.com\/es\/wp-json\/wp\/v2\/product"}],"about":[{"href":"https:\/\/optimalbiolabs.com\/es\/wp-json\/wp\/v2\/types\/product"}],"wp:featuredmedia":[{"embeddable":true,"href":"https:\/\/optimalbiolabs.com\/es\/wp-json\/wp\/v2\/media\/2712"}],"wp:attachment":[{"href":"https:\/\/optimalbiolabs.com\/es\/wp-json\/wp\/v2\/media?parent=2769"}],"wp:term":[{"taxonomy":"product_brand","embeddable":true,"href":"https:\/\/optimalbiolabs.com\/es\/wp-json\/wp\/v2\/product_brand?post=2769"},{"taxonomy":"product_cat","embeddable":true,"href":"https:\/\/optimalbiolabs.com\/es\/wp-json\/wp\/v2\/product_cat?post=2769"},{"taxonomy":"product_tag","embeddable":true,"href":"https:\/\/optimalbiolabs.com\/es\/wp-json\/wp\/v2\/product_tag?post=2769"}],"curies":[{"name":"wp","href":"https:\/\/api.w.org\/{rel}","templated":true}]}}