{"id":2765,"date":"2026-01-27T19:56:51","date_gmt":"2026-01-28T03:56:51","guid":{"rendered":"https:\/\/optimalbiolabs.com\/?post_type=product&#038;p=2765"},"modified":"2026-03-20T20:03:24","modified_gmt":"2026-03-21T03:03:24","slug":"tb-500-5mg","status":"publish","type":"product","link":"https:\/\/optimalbiolabs.com\/es\/product\/tb-500-5mg\/","title":{"rendered":"TB 500 (Acetato de TB4) 5 mg (Solo Investigaci\u00f3n)"},"content":{"rendered":"<h3 data-start=\"2180\" data-end=\"2203\"><strong data-start=\"2184\" data-end=\"2203\">Descripci\u00f3n general del TB-500<\/strong><\/h3>\n<p data-path-to-node=\"2,0\"><b data-path-to-node=\"2,0\" data-index-in-node=\"1\">TB-500 5 mg<\/b> es un fragmento de p\u00e9ptido sint\u00e9tico utilizado en modelos de laboratorio para estudiar <b data-path-to-node=\"2,0\" data-index-in-node=\"83\">resiliencia estructural y se\u00f1alizaci\u00f3n m\u00f3vil<\/b>. Este an\u00e1logo, modelado a partir de prote\u00ednas que se encuentran en la naturaleza, se investiga por su papel en la coordinaci\u00f3n. <b data-path-to-node=\"2,0\" data-index-in-node=\"227\">din\u00e1mica de los filamentos de actina<\/b> y manteniendo la integridad del marco celular. Los investigadores utilizan esta herramienta de 5 mg para observar c\u00f3mo las mol\u00e9culas apoyan <b data-path-to-node=\"2,0\" data-index-in-node=\"371\">organizaci\u00f3n del citoesqueleto<\/b> dentro de un entorno controlado.<\/p>\n<p data-path-to-node=\"2,1\">Los investigadores emplean TB-500 para analizar el momento de <b data-path-to-node=\"2,1\" data-index-in-node=\"53\">comunicaci\u00f3n intracelular<\/b> y c\u00f3mo influyen las interacciones p\u00e9ptido-receptor. <b data-path-to-node=\"2,1\" data-index-in-node=\"129\">agilidad biol\u00f3gica<\/b> a nivel molecular. Al mapear estas cascadas de se\u00f1alizaci\u00f3n, los investigadores recopilan datos t\u00e9cnicos sobre c\u00f3mo las c\u00e9lulas se mantienen <b data-path-to-node=\"2,1\" data-index-in-node=\"263\">coordinaci\u00f3n interna<\/b> y persistencia de la v\u00eda.<\/p>\n<p data-path-to-node=\"2,2\">Los estudios actuales se centran en explorar los mecanismos de <b data-path-to-node=\"2,2\" data-index-in-node=\"53\">modulaci\u00f3n de se\u00f1al<\/b> y comportamiento estructural. Este vial de 5 mg proporciona un marco t\u00e9cnico preciso para investigar el <b data-path-to-node=\"2,2\" data-index-in-node=\"171\">redes de se\u00f1alizaci\u00f3n resilientes<\/b> que respalden la integridad del sistema, sin centrarse en la recuperaci\u00f3n cl\u00ednica ni en los resultados terap\u00e9uticos.<\/p>\n<hr data-start=\"3113\" data-end=\"3116\" \/>\n<h3 data-start=\"3118\" data-end=\"3142\"><strong data-start=\"3122\" data-end=\"3142\">Estructura TB-500<\/strong><\/h3>\n<p data-start=\"3144\" data-end=\"3173\"><strong data-start=\"3144\" data-end=\"3159\">N\u00famero CAS:<\/strong> 885340-08-9<\/p>\n<p data-start=\"3175\" data-end=\"3287\"><strong data-start=\"3175\" data-end=\"3197\">F\u00f3rmula molecular:<\/strong> C\u2083\u2088H\u2086\u2085N\u2081\u2081O\u2081\u2084<br data-start=\"3210\" data-end=\"3213\" \/><strong data-start=\"3213\" data-end=\"3234\">Peso molecular:<\/strong> ~889,0 g\/mol<br data-start=\"3247\" data-end=\"3250\" \/><strong data-start=\"3250\" data-end=\"3272\">Masa monoisot\u00f3pica:<\/strong> ~888,4916 Da<\/p>\n<p data-start=\"3289\" data-end=\"3442\"><strong data-start=\"3289\" data-end=\"3309\">Compuesto padre:<\/strong><br data-start=\"3309\" data-end=\"3312\" \/>La timosina \u03b24 (T\u03b24) es una prote\u00edna de uni\u00f3n a la actina que se encuentra de forma natural; TB-500 representa un fragmento sint\u00e9tico utilizado con fines de investigaci\u00f3n.<\/p>\n<hr data-start=\"3444\" data-end=\"3447\" \/>\n<h3 data-start=\"3449\" data-end=\"3465\"><strong data-start=\"3453\" data-end=\"3465\">Sin\u00f3nimos<\/strong><\/h3>\n<ul>\n<li data-start=\"3469\" data-end=\"3490\">Acetato de timosina \u03b24<\/li>\n<li data-start=\"3493\" data-end=\"3521\">Fragmento 17\u201323 de timosina-\u03b24<\/li>\n<li data-start=\"3524\" data-end=\"3536\">Ac-LKKTETQ<\/li>\n<li data-start=\"3539\" data-end=\"3577\">N-acetil-Leu-Lis-Lis-Thr-Glu-Thr-Gln<\/li>\n<\/ul>\n<hr data-start=\"3579\" data-end=\"3582\" \/>\n<h3 data-start=\"3584\" data-end=\"3606\"><strong data-start=\"3588\" data-end=\"3606\">\u00c1reas de Investigaci\u00f3n<\/strong><\/h3>\n<p data-start=\"3608\" data-end=\"3690\">El TB-500 se utiliza en <strong data-start=\"3630\" data-end=\"3662\">modelos de investigaci\u00f3n precl\u00ednica<\/strong> en las siguientes \u00e1reas:<\/p>\n<ul data-start=\"3692\" data-end=\"4457\">\n<li data-start=\"3692\" data-end=\"3833\">\n<p data-start=\"3694\" data-end=\"3833\"><strong data-start=\"3694\" data-end=\"3727\">Actina y din\u00e1mica del citoesqueleto<\/strong><br data-start=\"3727\" data-end=\"3730\" \/>Investigaci\u00f3n sobre la regulaci\u00f3n mediada por p\u00e9ptidos de la uni\u00f3n a la actina y la organizaci\u00f3n estructural intracelular.<\/p>\n<\/li>\n<li data-start=\"3835\" data-end=\"3981\">\n<p data-start=\"3837\" data-end=\"3981\"><strong data-start=\"3837\" data-end=\"3872\">Coordinaci\u00f3n de la se\u00f1alizaci\u00f3n celular<\/strong><br data-start=\"3872\" data-end=\"3875\" \/>Estudiar c\u00f3mo las v\u00edas de se\u00f1alizaci\u00f3n del citoesqueleto interact\u00faan con redes de comunicaci\u00f3n intracelular m\u00e1s amplias.<\/p>\n<\/li>\n<li data-start=\"3983\" data-end=\"4126\">\n<p data-start=\"3985\" data-end=\"4126\"><strong data-start=\"3985\" data-end=\"4024\">Estudios de interacci\u00f3n p\u00e9ptido-prote\u00edna<\/strong><br data-start=\"4024\" data-end=\"4027\" \/>Analizar el comportamiento de uni\u00f3n, la especificidad de la se\u00f1alizaci\u00f3n y la modulaci\u00f3n de las v\u00edas metab\u00f3licas a nivel molecular.<\/p>\n<\/li>\n<li data-start=\"4128\" data-end=\"4259\">\n<p data-start=\"4130\" data-end=\"4259\"><strong data-start=\"4130\" data-end=\"4160\">Mapeo de v\u00edas estructurales<\/strong><br data-start=\"4160\" data-end=\"4163\" \/>Investigar c\u00f3mo los fragmentos de p\u00e9ptidos influyen en la arquitectura del citoesqueleto y la transmisi\u00f3n de se\u00f1ales.<\/p>\n<\/li>\n<li data-start=\"4261\" data-end=\"4457\">\n<p data-start=\"4263\" data-end=\"4457\"><strong data-start=\"4263\" data-end=\"4308\">Modelos de se\u00f1alizaci\u00f3n de respuesta al estr\u00e9s celular<\/strong><br data-start=\"4308\" data-end=\"4311\" \/>Evaluar las adaptaciones de se\u00f1alizaci\u00f3n dentro de las c\u00e9lulas expuestas a factores de estr\u00e9s experimentales controlados, sin interpretaci\u00f3n fisiol\u00f3gica ni terap\u00e9utica.<\/p>\n<\/li>\n<\/ul>\n<hr data-start=\"4459\" data-end=\"4462\" \/>\n<h3 data-start=\"4464\" data-end=\"4498\"><strong data-start=\"4468\" data-end=\"4498\">Resumen condensado de la investigaci\u00f3n<\/strong><\/h3>\n<p data-start=\"4500\" data-end=\"4823\"><b data-path-to-node=\"2,0\" data-index-in-node=\"1\">TB-500<\/b> es un analito de investigaci\u00f3n especializado que se utiliza para explorar las v\u00edas de <b data-path-to-node=\"2,0\" data-index-in-node=\"74\">Movilidad estructural y resiliencia del marco.<\/b> En entornos de laboratorio, este p\u00e9ptido permite a los investigadores observar c\u00f3mo se coordinan las c\u00e9lulas. <b data-path-to-node=\"2,0\" data-index-in-node=\"208\">se\u00f1alizaci\u00f3n asociada a la actina<\/b> y mantener la din\u00e1mica del citoesqueleto dentro de un entorno controlado. Estos estudios exploratorios se centran en mapear la sincronizaci\u00f3n de <b data-path-to-node=\"2,0\" data-index-in-node=\"360\">se\u00f1ales de organizaci\u00f3n celular<\/b> y c\u00f3mo las interacciones moleculares lo respaldan <b data-path-to-node=\"2,0\" data-index-in-node=\"429\">agilidad biol\u00f3gica<\/b>, proporcionando datos t\u00e9cnicos sobre el comportamiento de se\u00f1alizaci\u00f3n sin centrarse en los resultados terap\u00e9uticos o de recuperaci\u00f3n.<\/p>\n<hr data-start=\"4825\" data-end=\"4828\" \/>\n<h3 data-start=\"4830\" data-end=\"4858\"><strong data-start=\"4834\" data-end=\"4858\">Aviso exclusivo para investigaci\u00f3n<\/strong><\/h3>\n<p data-start=\"4860\" data-end=\"5083\"><strong data-start=\"4860\" data-end=\"4916\">El TB-500 est\u00e1 destinado \u00fanicamente para su uso en investigaci\u00f3n de laboratorio. <\/strong>No apto para consumo humano ni veterinario. No aprobado por la FDA para uso terap\u00e9utico o diagn\u00f3stico. Todos los estudios de referencia son <strong data-start=\"5050\" data-end=\"5082\">precl\u00ednico y exploratorio<\/strong>.<\/p>","protected":false},"excerpt":{"rendered":"<p>Acetato de timosina B4<\/p>\n<p>Contenido: 5 mg de acetato de timosina B4<\/p>\n<p>Formato: Polvo liofilizado<br \/>\nPureza<strong>:<\/strong> <strong>\u2265 99%<\/strong> <strong>Probado en EE. UU.<\/strong>, Pureza Verificada (Probada mediante HPLC)<br \/>\nVerificaci\u00f3n: <strong>Certificados de Autenticidad Verificables<\/strong> (<strong>(Emparejados por Lote)<\/strong><\/p>\n<p><strong><u>Nuevas evidencias de investigaci\u00f3n:<\/u><\/strong><\/p>\n<p data-path-to-node=\"0\"><b data-path-to-node=\"2,0\" data-index-in-node=\"1\">TB-500 5 mg<\/b> se estudia en modelos de laboratorio para investigar las v\u00edas de <b data-path-to-node=\"2,0\" data-index-in-node=\"75\">Resiliencia estructural y se\u00f1alizaci\u00f3n m\u00f3vil.<\/b> Este p\u00e9ptido sint\u00e9tico permite a los investigadores observar c\u00f3mo se coordinan las c\u00e9lulas. <b data-path-to-node=\"2,0\" data-index-in-node=\"193\">comportamiento de uni\u00f3n a la actina<\/b> y mantener la integridad del marco dentro de un entorno controlado. El enfoque sigue centrado en recopilar datos sobre <b data-path-to-node=\"2,0\" data-index-in-node=\"328\">organizaci\u00f3n celular<\/b> y la coordinaci\u00f3n de se\u00f1ales, proporcionando un marco t\u00e9cnico para comprender c\u00f3mo las v\u00edas internas apoyan <b data-path-to-node=\"2,0\" data-index-in-node=\"455\">agilidad biol\u00f3gica<\/b> y el equilibrio sist\u00e9mico a nivel molecular.<\/p>\n<p>Conserve los materiales de investigaci\u00f3n en un lugar fresco, oscuro y seco.<br \/>\nSolo para Uso en Investigaci\u00f3n \/ No Regulado por la FDA<\/p>\n<p><strong>Inventario verificado por lotes. <\/strong>Ver COA.<\/p>","protected":false},"featured_media":2744,"template":"","meta":{"_acf_changed":false},"product_brand":[],"product_cat":[20],"product_tag":[],"class_list":{"0":"post-2765","1":"product","2":"type-product","3":"status-publish","4":"has-post-thumbnail","6":"product_cat-research-compounds","8":"first","9":"instock","10":"taxable","11":"shipping-taxable","12":"purchasable","13":"product-type-simple"},"acf":[],"yoast_head":"<!-- This site is optimized with the Yoast SEO plugin v27.2 - https:\/\/yoast.com\/product\/yoast-seo-wordpress\/ -->\n<title>TB 500 (TB4 Acetate) 5mg (Research Only)<\/title>\n<meta name=\"description\" content=\"Explore TB-500 for research into structural mobility &amp; actin signaling. A precision tool for studying biological agility &amp; framework resilience. Research Use Only.\" \/>\n<meta name=\"robots\" content=\"index, follow, max-snippet:-1, max-image-preview:large, max-video-preview:-1\" \/>\n<link rel=\"canonical\" href=\"https:\/\/optimalbiolabs.com\/es\/producto\/tb-500-5mg\/\" \/>\n<meta property=\"og:locale\" content=\"es_MX\" \/>\n<meta property=\"og:type\" content=\"article\" \/>\n<meta property=\"og:title\" content=\"TB-500 | Researching Structural Mobility\" \/>\n<meta property=\"og:description\" content=\"Discover how TB-500 is used to study the signals that maintain cellular framework and biological agility. Perfect for research into actin signaling and molecular resilience.\" \/>\n<meta property=\"og:url\" content=\"https:\/\/optimalbiolabs.com\/es\/producto\/tb-500-5mg\/\" \/>\n<meta property=\"og:site_name\" content=\"Optimal Bio Labs LLC\" \/>\n<meta property=\"article:modified_time\" content=\"2026-03-21T03:03:24+00:00\" \/>\n<meta property=\"og:image\" content=\"https:\/\/optimalbiolabs.com\/wp-content\/uploads\/2026\/01\/39.jpg\" \/>\n\t<meta property=\"og:image:width\" content=\"2000\" \/>\n\t<meta property=\"og:image:height\" content=\"1414\" \/>\n\t<meta property=\"og:image:type\" content=\"image\/jpeg\" \/>\n<meta name=\"twitter:card\" content=\"summary_large_image\" \/>\n<meta name=\"twitter:title\" content=\"TB-500: The Science of Framework Resilience\" \/>\n<meta name=\"twitter:description\" content=\"Researching structural signaling? Explore TB-500 for data on actin-associated pathways, cellular mobility, and systemic coordination. Research Only.\" \/>\n<meta name=\"twitter:image\" content=\"https:\/\/optimalbiolabs.com\/wp-content\/uploads\/2026\/01\/39.jpg\" \/>\n<meta name=\"twitter:label1\" content=\"Tiempo de lectura\" \/>\n\t<meta name=\"twitter:data1\" content=\"2 minutos\" \/>\n<script type=\"application\/ld+json\" class=\"yoast-schema-graph\">{\"@context\":\"https:\/\/schema.org\",\"@graph\":[{\"@type\":\"WebPage\",\"@id\":\"https:\/\/optimalbiolabs.com\/product\/tb-500-5mg\/\",\"url\":\"https:\/\/optimalbiolabs.com\/product\/tb-500-5mg\/\",\"name\":\"TB 500 (TB4 Acetate) 5mg (Research Only)\",\"isPartOf\":{\"@id\":\"https:\/\/optimalbiolabs.com\/#website\"},\"primaryImageOfPage\":{\"@id\":\"https:\/\/optimalbiolabs.com\/product\/tb-500-5mg\/#primaryimage\"},\"image\":{\"@id\":\"https:\/\/optimalbiolabs.com\/product\/tb-500-5mg\/#primaryimage\"},\"thumbnailUrl\":\"https:\/\/optimalbiolabs.com\/wp-content\/uploads\/2026\/01\/39.jpg\",\"datePublished\":\"2026-01-28T03:56:51+00:00\",\"dateModified\":\"2026-03-21T03:03:24+00:00\",\"description\":\"Explore TB-500 for research into structural mobility & actin signaling. A precision tool for studying biological agility & framework resilience. Research Use Only.\",\"breadcrumb\":{\"@id\":\"https:\/\/optimalbiolabs.com\/product\/tb-500-5mg\/#breadcrumb\"},\"inLanguage\":\"es\",\"potentialAction\":[{\"@type\":\"ReadAction\",\"target\":[\"https:\/\/optimalbiolabs.com\/product\/tb-500-5mg\/\"]}]},{\"@type\":\"ImageObject\",\"inLanguage\":\"es\",\"@id\":\"https:\/\/optimalbiolabs.com\/product\/tb-500-5mg\/#primaryimage\",\"url\":\"https:\/\/optimalbiolabs.com\/wp-content\/uploads\/2026\/01\/39.jpg\",\"contentUrl\":\"https:\/\/optimalbiolabs.com\/wp-content\/uploads\/2026\/01\/39.jpg\",\"width\":2000,\"height\":1414,\"caption\":\"TB-500 (TB4) 5mg Research Peptide Vial\"},{\"@type\":\"BreadcrumbList\",\"@id\":\"https:\/\/optimalbiolabs.com\/product\/tb-500-5mg\/#breadcrumb\",\"itemListElement\":[{\"@type\":\"ListItem\",\"position\":1,\"name\":\"Home\",\"item\":\"https:\/\/optimalbiolabs.com\/\"},{\"@type\":\"ListItem\",\"position\":2,\"name\":\"Browse\",\"item\":\"https:\/\/optimalbiolabs.com\/browse\/\"},{\"@type\":\"ListItem\",\"position\":3,\"name\":\"TB 500 (TB4 Acetate) 5mg (Research Only)\"}]},{\"@type\":\"WebSite\",\"@id\":\"https:\/\/optimalbiolabs.com\/#website\",\"url\":\"https:\/\/optimalbiolabs.com\/\",\"name\":\"Optimal Bio Labs LLC\",\"description\":\"Premium US-based research compounds. Third-party verified for 99% purity. High-grade laboratory supplies you can trust. Proudly owned and operated in the USA\",\"publisher\":{\"@id\":\"https:\/\/optimalbiolabs.com\/#organization\"},\"alternateName\":\"Optimal Bio Labs\",\"potentialAction\":[{\"@type\":\"SearchAction\",\"target\":{\"@type\":\"EntryPoint\",\"urlTemplate\":\"https:\/\/optimalbiolabs.com\/?s={search_term_string}\"},\"query-input\":{\"@type\":\"PropertyValueSpecification\",\"valueRequired\":true,\"valueName\":\"search_term_string\"}}],\"inLanguage\":\"es\"},{\"@type\":\"Organization\",\"@id\":\"https:\/\/optimalbiolabs.com\/#organization\",\"name\":\"Optimal Bio Labs LLC\",\"url\":\"https:\/\/optimalbiolabs.com\/\",\"logo\":{\"@type\":\"ImageObject\",\"inLanguage\":\"es\",\"@id\":\"https:\/\/optimalbiolabs.com\/#\/schema\/logo\/image\/\",\"url\":\"https:\/\/optimalbiolabs.com\/wp-content\/uploads\/2025\/12\/BIO-LABS.png\",\"contentUrl\":\"https:\/\/optimalbiolabs.com\/wp-content\/uploads\/2025\/12\/BIO-LABS.png\",\"width\":720,\"height\":720,\"caption\":\"Optimal Bio Labs LLC\"},\"image\":{\"@id\":\"https:\/\/optimalbiolabs.com\/#\/schema\/logo\/image\/\"}}]}<\/script>\n<!-- \/ Yoast SEO plugin. -->","yoast_head_json":{"title":"TB 500 (Acetato de TB4) 5 mg (Solo Investigaci\u00f3n)","description":"Explore TB-500 for research into structural mobility & actin signaling. A precision tool for studying biological agility & framework resilience. Research Use Only.","robots":{"index":"index","follow":"follow","max-snippet":"max-snippet:-1","max-image-preview":"max-image-preview:large","max-video-preview":"max-video-preview:-1"},"canonical":"https:\/\/optimalbiolabs.com\/es\/producto\/tb-500-5mg\/","og_locale":"es_MX","og_type":"article","og_title":"TB-500 | Researching Structural Mobility","og_description":"Discover how TB-500 is used to study the signals that maintain cellular framework and biological agility. Perfect for research into actin signaling and molecular resilience.","og_url":"https:\/\/optimalbiolabs.com\/es\/producto\/tb-500-5mg\/","og_site_name":"Optimal Bio Labs LLC","article_modified_time":"2026-03-21T03:03:24+00:00","og_image":[{"width":2000,"height":1414,"url":"https:\/\/optimalbiolabs.com\/wp-content\/uploads\/2026\/01\/39.jpg","type":"image\/jpeg"}],"twitter_card":"summary_large_image","twitter_title":"TB-500: The Science of Framework Resilience","twitter_description":"Researching structural signaling? Explore TB-500 for data on actin-associated pathways, cellular mobility, and systemic coordination. Research Only.","twitter_image":"https:\/\/optimalbiolabs.com\/wp-content\/uploads\/2026\/01\/39.jpg","twitter_misc":{"Tiempo de lectura":"2 minutos"},"schema":{"@context":"https:\/\/schema.org","@graph":[{"@type":"WebPage","@id":"https:\/\/optimalbiolabs.com\/product\/tb-500-5mg\/","url":"https:\/\/optimalbiolabs.com\/product\/tb-500-5mg\/","name":"TB 500 (Acetato de TB4) 5 mg (Solo Investigaci\u00f3n)","isPartOf":{"@id":"https:\/\/optimalbiolabs.com\/#website"},"primaryImageOfPage":{"@id":"https:\/\/optimalbiolabs.com\/product\/tb-500-5mg\/#primaryimage"},"image":{"@id":"https:\/\/optimalbiolabs.com\/product\/tb-500-5mg\/#primaryimage"},"thumbnailUrl":"https:\/\/optimalbiolabs.com\/wp-content\/uploads\/2026\/01\/39.jpg","datePublished":"2026-01-28T03:56:51+00:00","dateModified":"2026-03-21T03:03:24+00:00","description":"Explore TB-500 for research into structural mobility & actin signaling. A precision tool for studying biological agility & framework resilience. Research Use Only.","breadcrumb":{"@id":"https:\/\/optimalbiolabs.com\/product\/tb-500-5mg\/#breadcrumb"},"inLanguage":"es","potentialAction":[{"@type":"ReadAction","target":["https:\/\/optimalbiolabs.com\/product\/tb-500-5mg\/"]}]},{"@type":"ImageObject","inLanguage":"es","@id":"https:\/\/optimalbiolabs.com\/product\/tb-500-5mg\/#primaryimage","url":"https:\/\/optimalbiolabs.com\/wp-content\/uploads\/2026\/01\/39.jpg","contentUrl":"https:\/\/optimalbiolabs.com\/wp-content\/uploads\/2026\/01\/39.jpg","width":2000,"height":1414,"caption":"TB-500 (TB4) 5mg Research Peptide Vial"},{"@type":"BreadcrumbList","@id":"https:\/\/optimalbiolabs.com\/product\/tb-500-5mg\/#breadcrumb","itemListElement":[{"@type":"ListItem","position":1,"name":"Home","item":"https:\/\/optimalbiolabs.com\/"},{"@type":"ListItem","position":2,"name":"Browse","item":"https:\/\/optimalbiolabs.com\/browse\/"},{"@type":"ListItem","position":3,"name":"TB 500 (TB4 Acetate) 5mg (Research Only)"}]},{"@type":"WebSite","@id":"https:\/\/optimalbiolabs.com\/#website","url":"https:\/\/optimalbiolabs.com\/","name":"Laboratorios Biol\u00f3gicos \u00d3ptimos LLC","description":"Compuestos de investigaci\u00f3n de primera calidad fabricados en EE. UU. Pureza 99% verificada por terceros. Suministros de laboratorio de alta calidad en los que puede confiar. Empresa orgullosamente estadounidense.","publisher":{"@id":"https:\/\/optimalbiolabs.com\/#organization"},"alternateName":"Optimal Bio Labs","potentialAction":[{"@type":"SearchAction","target":{"@type":"EntryPoint","urlTemplate":"https:\/\/optimalbiolabs.com\/?s={search_term_string}"},"query-input":{"@type":"PropertyValueSpecification","valueRequired":true,"valueName":"search_term_string"}}],"inLanguage":"es"},{"@type":"Organization","@id":"https:\/\/optimalbiolabs.com\/#organization","name":"Laboratorios Biol\u00f3gicos \u00d3ptimos LLC","url":"https:\/\/optimalbiolabs.com\/","logo":{"@type":"ImageObject","inLanguage":"es","@id":"https:\/\/optimalbiolabs.com\/#\/schema\/logo\/image\/","url":"https:\/\/optimalbiolabs.com\/wp-content\/uploads\/2025\/12\/BIO-LABS.png","contentUrl":"https:\/\/optimalbiolabs.com\/wp-content\/uploads\/2025\/12\/BIO-LABS.png","width":720,"height":720,"caption":"Optimal Bio Labs LLC"},"image":{"@id":"https:\/\/optimalbiolabs.com\/#\/schema\/logo\/image\/"}}]}},"jetpack_sharing_enabled":true,"_links":{"self":[{"href":"https:\/\/optimalbiolabs.com\/es\/wp-json\/wp\/v2\/product\/2765","targetHints":{"allow":["GET"]}}],"collection":[{"href":"https:\/\/optimalbiolabs.com\/es\/wp-json\/wp\/v2\/product"}],"about":[{"href":"https:\/\/optimalbiolabs.com\/es\/wp-json\/wp\/v2\/types\/product"}],"wp:featuredmedia":[{"embeddable":true,"href":"https:\/\/optimalbiolabs.com\/es\/wp-json\/wp\/v2\/media\/2744"}],"wp:attachment":[{"href":"https:\/\/optimalbiolabs.com\/es\/wp-json\/wp\/v2\/media?parent=2765"}],"wp:term":[{"taxonomy":"product_brand","embeddable":true,"href":"https:\/\/optimalbiolabs.com\/es\/wp-json\/wp\/v2\/product_brand?post=2765"},{"taxonomy":"product_cat","embeddable":true,"href":"https:\/\/optimalbiolabs.com\/es\/wp-json\/wp\/v2\/product_cat?post=2765"},{"taxonomy":"product_tag","embeddable":true,"href":"https:\/\/optimalbiolabs.com\/es\/wp-json\/wp\/v2\/product_tag?post=2765"}],"curies":[{"name":"wp","href":"https:\/\/api.w.org\/{rel}","templated":true}]}}