{"id":1030,"date":"2025-11-20T20:19:22","date_gmt":"2025-11-20T20:19:22","guid":{"rendered":"https:\/\/optimalbiolabs.com\/?post_type=product&#038;p=1030"},"modified":"2026-04-07T12:24:05","modified_gmt":"2026-04-07T19:24:05","slug":"stress-mood-regulation-research-collection","status":"publish","type":"product","link":"https:\/\/optimalbiolabs.com\/es\/product\/stress-mood-regulation-research-collection\/","title":{"rendered":"\"Regulaci\u00f3n del Estado de \u00c1nimo\" implies emotional effect"},"content":{"rendered":"<p data-path-to-node=\"2\"><b>Resumen de la colecci\u00f3n de investigaciones sobre el estr\u00e9s y la regulaci\u00f3n del estado de \u00e1nimo<\/b><\/p>\n<p data-start=\"1743\" data-end=\"2108\">Esta colecci\u00f3n de investigaci\u00f3n combina Selank, Semax y acetato de oxitocina para respaldar la investigaci\u00f3n de laboratorio sobre sistemas de se\u00f1alizaci\u00f3n neuroqu\u00edmicos y fisiol\u00f3gicos complejos. Los investigadores utilizan esta colecci\u00f3n para examinar la modulaci\u00f3n GABA\u00e9rgica, la se\u00f1alizaci\u00f3n relacionada con el fragmento de ACTH y la actividad del receptor de oxitocina asociada con modelos de respuesta al estr\u00e9s y cognici\u00f3n social.<\/p>\n<p data-start=\"2115\" data-end=\"2356\">Al integrar estos p\u00e9ptidos en un \u00fanico marco experimental, la colecci\u00f3n permite el estudio estructurado de las v\u00edas neuroprotectoras, las interacciones de se\u00f1alizaci\u00f3n inmunitaria y los marcadores del procesamiento cognitivo dentro de entornos de investigaci\u00f3n controlados.<\/p>\n<p data-path-to-node=\"3\"><b>\u00bfPor qu\u00e9 estos tres juntos?<\/b> \u201cSinergia: combina la regulaci\u00f3n del estado de \u00e1nimo + la claridad cognitiva + la resiliencia socioafectiva para analizar m\u00faltiples facetas de los indicadores de estr\u00e9s y ansiedad en una sola recopilaci\u00f3n.\u201d<\/p>\n<ul data-path-to-node=\"4\">\n<li>\n<p data-path-to-node=\"4,0,0\"><b>Selank:<\/b> Se estudiaron sus efectos GABA\u00e9rgicos e inmunomoduladores relacionados con la calma, la concentraci\u00f3n y un estado de \u00e1nimo equilibrado.<\/p>\n<\/li>\n<li>\n<p data-path-to-node=\"4,1,0\"><b>Semax:<\/b> Se explor\u00f3 la atenci\u00f3n, la memoria y el rendimiento neurocognitivo en condiciones de investigaci\u00f3n.<\/p>\n<\/li>\n<li>\n<p data-path-to-node=\"4,2,0\"><b>Oxitocina:<\/b> Se investigaron los par\u00e1metros de cognici\u00f3n social y la modulaci\u00f3n de la percepci\u00f3n del estr\u00e9s.<\/p>\n<\/li>\n<\/ul>\n<p data-path-to-node=\"5\"><b>Esta colecci\u00f3n ha sido seleccionada cuidadosamente para ayudar a los investigadores a examinar v\u00edas complementarias que la literatura asocia con:<\/b><\/p>\n<ul data-path-to-node=\"6\">\n<li>\n<p data-path-to-node=\"6,0,0\"><strong data-start=\"2995\" data-end=\"3024\">Se\u00f1alizaci\u00f3n de respuesta al estr\u00e9s<\/strong> \u2014 examinar las v\u00edas GABA\u00e9rgicas y vinculadas a neurop\u00e9ptidos asociadas con modelos de estr\u00e9s adaptativo.<\/p>\n<\/li>\n<li>\n<p data-path-to-node=\"6,1,0\"><b>Atenci\u00f3n, aprendizaje y memoria (modelos de d\u00e9ficit de atenci\u00f3n)<\/b> \u2014 Evaluar la concentraci\u00f3n, la memoria de trabajo y las m\u00e9tricas de aprendizaje.<\/p>\n<\/li>\n<li>\n<p data-path-to-node=\"6,2,0\"><strong data-start=\"3122\" data-end=\"3168\">Procesamiento cognitivo y se\u00f1alizaci\u00f3n ejecutiva<\/strong> \u2014 estudiar los indicadores de estado de alerta, procesamiento de la informaci\u00f3n y control atencional.<\/p>\n<\/li>\n<li>\n<p data-path-to-node=\"6,3,0\"><b>Apoyo inmunol\u00f3gico y efecto antiinflamatorio<\/b> \u2014 explorar el equilibrio inmunomodulador y los marcadores de inflamaci\u00f3n.<\/p>\n<\/li>\n<li><strong data-start=\"3249\" data-end=\"3291\">Cognici\u00f3n social y se\u00f1alizaci\u00f3n afectiva<\/strong> \u2014 Investigar las v\u00edas mediadas por la oxitocina relacionadas con el comportamiento social y la percepci\u00f3n del estr\u00e9s.<\/li>\n<\/ul>\n<h3 data-path-to-node=\"1\">Selank<\/h3>\n<p data-path-to-node=\"2\">En entornos de laboratorio, se investiga la posible influencia de Selank en modelos de ansiedad y v\u00edas de se\u00f1alizaci\u00f3n cognitiva, espec\u00edficamente en lo que respecta a la memoria y el aprendizaje. Como an\u00e1logo sint\u00e9tico del p\u00e9ptido natural tuftsina, los investigadores estudian su acci\u00f3n como modulador de la neurotransmisi\u00f3n GABA\u00e9rgica, distinta de los mecanismos de las benzodiazepinas, para evaluar las propiedades y los marcadores de respuesta al estr\u00e9s sin la presencia de indicadores sedantes. La investigaci\u00f3n precl\u00ednica explora sus posibles beneficios neuroprotectores y su influencia en la se\u00f1alizaci\u00f3n del sistema inmunitario, y actualmente se realizan estudios para examinar sus efectos en modelos de agresi\u00f3n conductual y adaptaci\u00f3n al estr\u00e9s en entornos controlados.<\/p>\n<hr data-path-to-node=\"4\" \/>\n<h3 data-path-to-node=\"5\">Semax<\/h3>\n<p data-path-to-node=\"6\">Semax es un p\u00e9ptido derivado de un fragmento de la hormona adrenocorticotr\u00f3pica (ACTH) que se estudia en modelos de investigaci\u00f3n por su potencial para favorecer la resiliencia neuronal y el rendimiento cognitivo. En la evaluaci\u00f3n precl\u00ednica, se investigan sus efectos neuroprotectores y su relaci\u00f3n con las v\u00edas de aprendizaje y retenci\u00f3n de la memoria. La investigaci\u00f3n actual en laboratorio tambi\u00e9n explora el papel del p\u00e9ptido en modelos de atenci\u00f3n y sistemas de respuesta fisiol\u00f3gica al estr\u00e9s. Adem\u00e1s, se investiga su posible aplicaci\u00f3n en modelos de estr\u00e9s neurol\u00f3gico, incluyendo mecanismos de soporte circulatorio y expresi\u00f3n de factores neurotr\u00f3ficos.<\/p>\n<hr data-path-to-node=\"8\" \/>\n<h3 data-path-to-node=\"9\">Acetato de oxitocina<\/h3>\n<p data-path-to-node=\"10\">El acetato de oxitocina es la sal sint\u00e9tica de un neurop\u00e9ptido de nueve amino\u00e1cidos, investigado por su funci\u00f3n como agonista del receptor de oxitocina (OXTR) en modelos de cognici\u00f3n social y vinculaci\u00f3n. Si bien la investigaci\u00f3n suele centrarse en sus efectos perif\u00e9ricos en la se\u00f1alizaci\u00f3n de la lactancia, el inter\u00e9s cient\u00edfico tambi\u00e9n apunta a su influencia central en el condicionamiento del miedo y la adaptaci\u00f3n al estr\u00e9s en modelos animales. Adem\u00e1s, los investigadores utilizan el acetato de oxitocina para estudiar la homeostasis metab\u00f3lica y la regulaci\u00f3n cardiovascular. Se eval\u00faa frecuentemente como mol\u00e9cula para la investigaci\u00f3n sobre el afrontamiento del estr\u00e9s, y diversos estudios documentan sus potenciales propiedades antiinflamatorias y antioxidantes en distintos modelos de trauma y adversidad.<\/p>\n<p><strong>Nota solo para fines de investigaci\u00f3n:<\/strong> Estos compuestos son<strong> no est\u00e1 aprobado por la FDA<\/strong> para uso terap\u00e9utico; los efectos publicados son principalmente precl\u00ednicos y exploratorios.<\/p>","protected":false},"excerpt":{"rendered":"<p><strong>Contenido: 5 viales<\/strong><\/p>\n<ul>\n<li><strong>Selank<\/strong> \u2014 10 mg \u2014 1 vial liofilizado<\/li>\n<li><strong>Semax<\/strong> \u2014 5 mg cada uno \u2014 2 viales liofilizados <em>(total 10 mg)<\/em><\/li>\n<li><strong>Oxitocina <\/strong>\u2014 5 mg cada uno \u2014 2 viales liofilizados <em>(total 10 mg)<\/em><\/li>\n<\/ul>\n<p><b>Nota de investigaci\u00f3n:<\/b> La oxitocina no debe mezclarse en la misma soluci\u00f3n con otros compuestos debido a la incompatibilidad de pH.<\/p>\n<p>Formato: Polvo liofilizado<br \/>\nPureza<strong>:<\/strong> <strong>\u2265 99%<\/strong> <strong>Probado en EE. UU.<\/strong>, Pureza Verificada (Probada mediante HPLC)<br \/>\nVerificaci\u00f3n: <strong>Certificados de Autenticidad Verificables<\/strong> (<strong>(Emparejados por Lote)<\/strong><\/p>\n<p>&nbsp;<\/p>\n<p><strong><u>Nuevas evidencias de investigaci\u00f3n:<\/u><\/strong><\/p>\n<p>Investigaciones recientes exploran c\u00f3mo estos p\u00e9ptidos interact\u00faan con las v\u00edas de se\u00f1alizaci\u00f3n neuroqu\u00edmica implicadas en la modulaci\u00f3n de la respuesta al estr\u00e9s, el procesamiento afectivo y la estabilidad de la se\u00f1alizaci\u00f3n cognitiva. Estudios de laboratorio en curso examinan las asociaciones con el equilibrio de la se\u00f1alizaci\u00f3n inmunitaria, el tono inflamatorio, los marcadores de cognici\u00f3n social y las v\u00edas adaptativas de respuesta al estr\u00e9s en modelos experimentales controlados.<\/p>\n<p>Mantener el producto en un lugar fresco y oscuro.<br \/>\nSolo para Uso en Investigaci\u00f3n \/ No Regulado por la FDA<\/p>\n<p><strong>Inventario Verificado por Lotes.<\/strong>. Consulte los productos individuales para obtener m\u00e1s informaci\u00f3n.<sup>rd<\/sup> Certificados de acci\u00f3n de partido<\/p>","protected":false},"featured_media":1797,"template":"","meta":{"_acf_changed":false},"product_brand":[],"product_cat":[30],"product_tag":[158,129,52,123,159],"class_list":{"0":"post-1030","1":"product","2":"type-product","3":"status-publish","4":"has-post-thumbnail","6":"product_cat-collections","7":"product_tag-cortisol-signaling-pathways","8":"product_tag-focus-attention-signaling","9":"product_tag-inflammatory-response-study","10":"product_tag-mood-regulation","11":"product_tag-stress-response-signaling","13":"first","14":"instock","15":"sale","16":"taxable","17":"shipping-taxable","18":"purchasable","19":"product-type-yith_bundle"},"acf":[],"yoast_head":"<!-- This site is optimized with the Yoast SEO plugin v27.2 - https:\/\/yoast.com\/product\/yoast-seo-wordpress\/ -->\n<title>Stress &amp; Mood Regulation Research Collection<\/title>\n<meta name=\"description\" content=\"Study stress-response and cognitive processing with the Stress &amp; Mood Collection. A collection featuring Selank, Semax, and Oxytocin for research.\" \/>\n<meta name=\"robots\" content=\"index, follow, max-snippet:-1, max-image-preview:large, max-video-preview:-1\" \/>\n<link rel=\"canonical\" href=\"https:\/\/optimalbiolabs.com\/es\/producto\/stress-mood-regulation-research-collection\/\" \/>\n<meta property=\"og:locale\" content=\"es_MX\" \/>\n<meta property=\"og:type\" content=\"article\" \/>\n<meta property=\"og:title\" content=\"The Science of Calm: Stress &amp; Mood Research Collection\" \/>\n<meta property=\"og:description\" content=\"Investigate GABAergic modulation and social-affective signaling. A 3-peptide collection (Selank\/Semax\/Oxytocin) for cognitive and immune research.\" \/>\n<meta property=\"og:url\" content=\"https:\/\/optimalbiolabs.com\/es\/producto\/stress-mood-regulation-research-collection\/\" \/>\n<meta property=\"og:site_name\" content=\"Optimal Bio Labs LLC\" \/>\n<meta property=\"article:modified_time\" content=\"2026-04-07T19:24:05+00:00\" \/>\n<meta property=\"og:image\" content=\"https:\/\/optimalbiolabs.com\/wp-content\/uploads\/2025\/12\/Stress-Mood-Regulation-Research-Collection.png.webp\" \/>\n\t<meta property=\"og:image:width\" content=\"2000\" \/>\n\t<meta property=\"og:image:height\" content=\"1414\" \/>\n\t<meta property=\"og:image:type\" content=\"image\/webp\" \/>\n<meta name=\"twitter:card\" content=\"summary_large_image\" \/>\n<meta name=\"twitter:title\" content=\"The Science of Calm: Stress &amp; Mood Research Collection\" \/>\n<meta name=\"twitter:description\" content=\"Explore the neurochemical pathways of resilience. Study how Selank, Semax, and Oxytocin interact to influence focus, social cognition, and stress-response.\" \/>\n<meta name=\"twitter:image\" content=\"https:\/\/optimalbiolabs.com\/wp-content\/uploads\/2025\/12\/Stress-Mood-Regulation-Research-Collection.png.webp\" \/>\n<meta name=\"twitter:label1\" content=\"Tiempo de lectura\" \/>\n\t<meta name=\"twitter:data1\" content=\"3 minutos\" \/>\n<script type=\"application\/ld+json\" class=\"yoast-schema-graph\">{\"@context\":\"https:\/\/schema.org\",\"@graph\":[{\"@type\":\"WebPage\",\"@id\":\"https:\/\/optimalbiolabs.com\/product\/stress-mood-regulation-research-collection\/\",\"url\":\"https:\/\/optimalbiolabs.com\/product\/stress-mood-regulation-research-collection\/\",\"name\":\"Stress & Mood Regulation Research Collection\",\"isPartOf\":{\"@id\":\"https:\/\/optimalbiolabs.com\/#website\"},\"primaryImageOfPage\":{\"@id\":\"https:\/\/optimalbiolabs.com\/product\/stress-mood-regulation-research-collection\/#primaryimage\"},\"image\":{\"@id\":\"https:\/\/optimalbiolabs.com\/product\/stress-mood-regulation-research-collection\/#primaryimage\"},\"thumbnailUrl\":\"https:\/\/optimalbiolabs.com\/wp-content\/uploads\/2025\/12\/Stress-Mood-Regulation-Research-Collection.png.webp\",\"datePublished\":\"2025-11-20T20:19:22+00:00\",\"dateModified\":\"2026-04-07T19:24:05+00:00\",\"description\":\"Study stress-response and cognitive processing with the Stress & Mood Collection. A collection featuring Selank, Semax, and Oxytocin for research.\",\"breadcrumb\":{\"@id\":\"https:\/\/optimalbiolabs.com\/product\/stress-mood-regulation-research-collection\/#breadcrumb\"},\"inLanguage\":\"es\",\"potentialAction\":[{\"@type\":\"ReadAction\",\"target\":[\"https:\/\/optimalbiolabs.com\/product\/stress-mood-regulation-research-collection\/\"]}]},{\"@type\":\"ImageObject\",\"inLanguage\":\"es\",\"@id\":\"https:\/\/optimalbiolabs.com\/product\/stress-mood-regulation-research-collection\/#primaryimage\",\"url\":\"https:\/\/optimalbiolabs.com\/wp-content\/uploads\/2025\/12\/Stress-Mood-Regulation-Research-Collection.png.webp\",\"contentUrl\":\"https:\/\/optimalbiolabs.com\/wp-content\/uploads\/2025\/12\/Stress-Mood-Regulation-Research-Collection.png.webp\",\"width\":2000,\"height\":1414,\"caption\":\"Research Semax 10mg, Research Selank 10mg. Oxytocin 10mg research, Selank Semax Research Peptide\"},{\"@type\":\"BreadcrumbList\",\"@id\":\"https:\/\/optimalbiolabs.com\/product\/stress-mood-regulation-research-collection\/#breadcrumb\",\"itemListElement\":[{\"@type\":\"ListItem\",\"position\":1,\"name\":\"Home\",\"item\":\"https:\/\/optimalbiolabs.com\/\"},{\"@type\":\"ListItem\",\"position\":2,\"name\":\"Browse\",\"item\":\"https:\/\/optimalbiolabs.com\/browse\/\"},{\"@type\":\"ListItem\",\"position\":3,\"name\":\"Stress &#038; Mood Regulation Research Collection\"}]},{\"@type\":\"WebSite\",\"@id\":\"https:\/\/optimalbiolabs.com\/#website\",\"url\":\"https:\/\/optimalbiolabs.com\/\",\"name\":\"Optimal Bio Labs LLC\",\"description\":\"Premium US-based research compounds. Third-party verified for 99% purity. High-grade laboratory supplies you can trust. Proudly owned and operated in the USA\",\"publisher\":{\"@id\":\"https:\/\/optimalbiolabs.com\/#organization\"},\"alternateName\":\"Optimal Bio Labs\",\"potentialAction\":[{\"@type\":\"SearchAction\",\"target\":{\"@type\":\"EntryPoint\",\"urlTemplate\":\"https:\/\/optimalbiolabs.com\/?s={search_term_string}\"},\"query-input\":{\"@type\":\"PropertyValueSpecification\",\"valueRequired\":true,\"valueName\":\"search_term_string\"}}],\"inLanguage\":\"es\"},{\"@type\":\"Organization\",\"@id\":\"https:\/\/optimalbiolabs.com\/#organization\",\"name\":\"Optimal Bio Labs LLC\",\"url\":\"https:\/\/optimalbiolabs.com\/\",\"logo\":{\"@type\":\"ImageObject\",\"inLanguage\":\"es\",\"@id\":\"https:\/\/optimalbiolabs.com\/#\/schema\/logo\/image\/\",\"url\":\"https:\/\/optimalbiolabs.com\/wp-content\/uploads\/2025\/12\/BIO-LABS.png\",\"contentUrl\":\"https:\/\/optimalbiolabs.com\/wp-content\/uploads\/2025\/12\/BIO-LABS.png\",\"width\":720,\"height\":720,\"caption\":\"Optimal Bio Labs LLC\"},\"image\":{\"@id\":\"https:\/\/optimalbiolabs.com\/#\/schema\/logo\/image\/\"}}]}<\/script>\n<!-- \/ Yoast SEO plugin. -->","yoast_head_json":{"title":"Stress & Mood Regulation Research Collection","description":"Study stress-response and cognitive processing with the Stress & Mood Collection. A collection featuring Selank, Semax, and Oxytocin for research.","robots":{"index":"index","follow":"follow","max-snippet":"max-snippet:-1","max-image-preview":"max-image-preview:large","max-video-preview":"max-video-preview:-1"},"canonical":"https:\/\/optimalbiolabs.com\/es\/producto\/stress-mood-regulation-research-collection\/","og_locale":"es_MX","og_type":"article","og_title":"The Science of Calm: Stress & Mood Research Collection","og_description":"Investigate GABAergic modulation and social-affective signaling. A 3-peptide collection (Selank\/Semax\/Oxytocin) for cognitive and immune research.","og_url":"https:\/\/optimalbiolabs.com\/es\/producto\/stress-mood-regulation-research-collection\/","og_site_name":"Optimal Bio Labs LLC","article_modified_time":"2026-04-07T19:24:05+00:00","og_image":[{"width":2000,"height":1414,"url":"https:\/\/optimalbiolabs.com\/wp-content\/uploads\/2025\/12\/Stress-Mood-Regulation-Research-Collection.png.webp","type":"image\/webp"}],"twitter_card":"summary_large_image","twitter_title":"The Science of Calm: Stress & Mood Research Collection","twitter_description":"Explore the neurochemical pathways of resilience. Study how Selank, Semax, and Oxytocin interact to influence focus, social cognition, and stress-response.","twitter_image":"https:\/\/optimalbiolabs.com\/wp-content\/uploads\/2025\/12\/Stress-Mood-Regulation-Research-Collection.png.webp","twitter_misc":{"Tiempo de lectura":"3 minutos"},"schema":{"@context":"https:\/\/schema.org","@graph":[{"@type":"WebPage","@id":"https:\/\/optimalbiolabs.com\/product\/stress-mood-regulation-research-collection\/","url":"https:\/\/optimalbiolabs.com\/product\/stress-mood-regulation-research-collection\/","name":"Stress & Mood Regulation Research Collection","isPartOf":{"@id":"https:\/\/optimalbiolabs.com\/#website"},"primaryImageOfPage":{"@id":"https:\/\/optimalbiolabs.com\/product\/stress-mood-regulation-research-collection\/#primaryimage"},"image":{"@id":"https:\/\/optimalbiolabs.com\/product\/stress-mood-regulation-research-collection\/#primaryimage"},"thumbnailUrl":"https:\/\/optimalbiolabs.com\/wp-content\/uploads\/2025\/12\/Stress-Mood-Regulation-Research-Collection.png.webp","datePublished":"2025-11-20T20:19:22+00:00","dateModified":"2026-04-07T19:24:05+00:00","description":"Study stress-response and cognitive processing with the Stress & Mood Collection. A collection featuring Selank, Semax, and Oxytocin for research.","breadcrumb":{"@id":"https:\/\/optimalbiolabs.com\/product\/stress-mood-regulation-research-collection\/#breadcrumb"},"inLanguage":"es","potentialAction":[{"@type":"ReadAction","target":["https:\/\/optimalbiolabs.com\/product\/stress-mood-regulation-research-collection\/"]}]},{"@type":"ImageObject","inLanguage":"es","@id":"https:\/\/optimalbiolabs.com\/product\/stress-mood-regulation-research-collection\/#primaryimage","url":"https:\/\/optimalbiolabs.com\/wp-content\/uploads\/2025\/12\/Stress-Mood-Regulation-Research-Collection.png.webp","contentUrl":"https:\/\/optimalbiolabs.com\/wp-content\/uploads\/2025\/12\/Stress-Mood-Regulation-Research-Collection.png.webp","width":2000,"height":1414,"caption":"Research Semax 10mg, Research Selank 10mg. Oxytocin 10mg research, Selank Semax Research Peptide"},{"@type":"BreadcrumbList","@id":"https:\/\/optimalbiolabs.com\/product\/stress-mood-regulation-research-collection\/#breadcrumb","itemListElement":[{"@type":"ListItem","position":1,"name":"Home","item":"https:\/\/optimalbiolabs.com\/"},{"@type":"ListItem","position":2,"name":"Browse","item":"https:\/\/optimalbiolabs.com\/browse\/"},{"@type":"ListItem","position":3,"name":"Stress &#038; Mood Regulation Research Collection"}]},{"@type":"WebSite","@id":"https:\/\/optimalbiolabs.com\/#website","url":"https:\/\/optimalbiolabs.com\/","name":"Laboratorios Biol\u00f3gicos \u00d3ptimos LLC","description":"Compuestos de investigaci\u00f3n de primera calidad fabricados en EE. UU. Pureza 99% verificada por terceros. Suministros de laboratorio de alta calidad en los que puede confiar. Empresa orgullosamente estadounidense.","publisher":{"@id":"https:\/\/optimalbiolabs.com\/#organization"},"alternateName":"Optimal Bio Labs","potentialAction":[{"@type":"SearchAction","target":{"@type":"EntryPoint","urlTemplate":"https:\/\/optimalbiolabs.com\/?s={search_term_string}"},"query-input":{"@type":"PropertyValueSpecification","valueRequired":true,"valueName":"search_term_string"}}],"inLanguage":"es"},{"@type":"Organization","@id":"https:\/\/optimalbiolabs.com\/#organization","name":"Laboratorios Biol\u00f3gicos \u00d3ptimos LLC","url":"https:\/\/optimalbiolabs.com\/","logo":{"@type":"ImageObject","inLanguage":"es","@id":"https:\/\/optimalbiolabs.com\/#\/schema\/logo\/image\/","url":"https:\/\/optimalbiolabs.com\/wp-content\/uploads\/2025\/12\/BIO-LABS.png","contentUrl":"https:\/\/optimalbiolabs.com\/wp-content\/uploads\/2025\/12\/BIO-LABS.png","width":720,"height":720,"caption":"Optimal Bio Labs LLC"},"image":{"@id":"https:\/\/optimalbiolabs.com\/#\/schema\/logo\/image\/"}}]}},"jetpack_sharing_enabled":true,"_links":{"self":[{"href":"https:\/\/optimalbiolabs.com\/es\/wp-json\/wp\/v2\/product\/1030","targetHints":{"allow":["GET"]}}],"collection":[{"href":"https:\/\/optimalbiolabs.com\/es\/wp-json\/wp\/v2\/product"}],"about":[{"href":"https:\/\/optimalbiolabs.com\/es\/wp-json\/wp\/v2\/types\/product"}],"wp:featuredmedia":[{"embeddable":true,"href":"https:\/\/optimalbiolabs.com\/es\/wp-json\/wp\/v2\/media\/1797"}],"wp:attachment":[{"href":"https:\/\/optimalbiolabs.com\/es\/wp-json\/wp\/v2\/media?parent=1030"}],"wp:term":[{"taxonomy":"product_brand","embeddable":true,"href":"https:\/\/optimalbiolabs.com\/es\/wp-json\/wp\/v2\/product_brand?post=1030"},{"taxonomy":"product_cat","embeddable":true,"href":"https:\/\/optimalbiolabs.com\/es\/wp-json\/wp\/v2\/product_cat?post=1030"},{"taxonomy":"product_tag","embeddable":true,"href":"https:\/\/optimalbiolabs.com\/es\/wp-json\/wp\/v2\/product_tag?post=1030"}],"curies":[{"name":"wp","href":"https:\/\/api.w.org\/{rel}","templated":true}]}}