{"id":779,"date":"2025-11-10T12:40:19","date_gmt":"2025-11-10T12:40:19","guid":{"rendered":"https:\/\/optimalbiolabs.com\/?page_id=779"},"modified":"2026-01-12T21:07:22","modified_gmt":"2026-01-12T21:07:22","slug":"featured","status":"publish","type":"page","link":"https:\/\/optimalbiolabs.com\/es\/featured\/","title":{"rendered":"Featured"},"content":{"rendered":"<div data-elementor-type=\"wp-page\" data-elementor-id=\"779\" class=\"elementor elementor-779\" wpc-filter-elementor-widget=\"1\" data-elementor-post-type=\"page\">\n\t\t\t\t<div class=\"elementor-element elementor-element-4a65798 e-con-full e-flex e-con e-parent\" data-id=\"4a65798\" data-element_type=\"container\" data-e-type=\"container\" data-settings=\"{&quot;background_background&quot;:&quot;classic&quot;}\">\n\t\t<div class=\"elementor-element elementor-element-7b98451 e-flex e-con-boxed e-con e-child\" data-id=\"7b98451\" data-element_type=\"container\" data-e-type=\"container\">\n\t\t\t\t\t<div class=\"e-con-inner\">\n\t\t<div class=\"elementor-element elementor-element-cc314df e-con-full e-flex e-con e-child\" data-id=\"cc314df\" data-element_type=\"container\" data-e-type=\"container\">\n\t\t\t\t<div class=\"elementor-element elementor-element-b2a91e0 elementor-widget elementor-widget-heading\" data-id=\"b2a91e0\" data-element_type=\"widget\" data-e-type=\"widget\" data-widget_type=\"heading.default\">\n\t\t\t\t\t<h2 class=\"elementor-heading-title elementor-size-default\">Featured Products<\/h2>\t\t\t\t<\/div>\n\t\t\t\t<div class=\"elementor-element elementor-element-b7118f9 elementor-product-loop-item--align-left elementor-grid-4 elementor-grid-tablet-3 elementor-grid-mobile-2 elementor-products-grid elementor-wc-products elementor-show-pagination-border-yes elementor-widget elementor-widget-woocommerce-products\" data-id=\"b7118f9\" data-element_type=\"widget\" data-e-type=\"widget\" data-widget_type=\"woocommerce-products.default\">\n\t\t\t\t<div class=\"elementor-widget-container\">\n\t\t\t\t\t<div class=\"woocommerce columns-4\"><div class=\"woocommerce-notices-wrapper\"><\/div><p class=\"woocommerce-result-count\" role=\"alert\" aria-relevant=\"all\" >\n\tMostrando todos los resultados de 6<\/p>\n<form class=\"woocommerce-ordering\" method=\"get\" action=\"\">\n\t\t<select\n\t\tname=\"orderby\"\n\t\tclass=\"orderby\"\n\t\t\t\t\taria-label=\"Pedido de la tienda\" data-no-translation-aria-label=\"\"\n\t\t\t>\n\t\t\t\t\t<option value=\"menu_order\"  selected='selected' data-no-translation=\"\" data-trp-gettext=\"\">Ordenaci\u00f3n predeterminada<\/option>\n\t\t\t\t\t<option value=\"popularity\" data-no-translation=\"\" data-trp-gettext=\"\" >Ordenar por popularidad<\/option>\n\t\t\t\t\t<option value=\"date\" data-no-translation=\"\" data-trp-gettext=\"\" >Ordenar por fecha de publicaci\u00f3n<\/option>\n\t\t\t\t\t<option value=\"price\" data-no-translation=\"\" data-trp-gettext=\"\" >Ordenar por precio: de menor a mayor<\/option>\n\t\t\t\t\t<option value=\"price-desc\" data-no-translation=\"\" data-trp-gettext=\"\" >Ordenar por precio: de mayor a menor<\/option>\n\t\t\t<\/select>\n\t<input type=\"hidden\" name=\"paged\" value=\"1\" \/>\n\t<input type=\"hidden\" name=\"trp-form-language\" value=\"es\"\/><\/form>\n<ul class=\"products elementor-grid columns-4\">\n<li class=\"product type-product post-2786 status-publish first instock product_cat-research-compounds has-post-thumbnail featured taxable shipping-taxable purchasable product-type-simple\">\n\t<a href=\"https:\/\/optimalbiolabs.com\/es\/product\/glp-1-r-10mg\/\" class=\"woocommerce-LoopProduct-link woocommerce-loop-product__link\"><img fetchpriority=\"high\" decoding=\"async\" width=\"300\" height=\"300\" src=\"https:\/\/optimalbiolabs.com\/wp-content\/uploads\/2026\/01\/25-300x300.jpg\" class=\"attachment-woocommerce_thumbnail size-woocommerce_thumbnail\" alt=\"GLP-1 R 10mg Research Peptide Vial\" srcset=\"https:\/\/optimalbiolabs.com\/wp-content\/uploads\/2026\/01\/25-300x300.jpg 300w, https:\/\/optimalbiolabs.com\/wp-content\/uploads\/2026\/01\/25-150x150.jpg 150w, https:\/\/optimalbiolabs.com\/wp-content\/uploads\/2026\/01\/25-100x100.jpg 100w\" sizes=\"(max-width: 300px) 100vw, 300px\" \/><h2 class=\"woocommerce-loop-product__title\">GLP-1 R 10 mg (Solo Investigaci\u00f3n)<\/h2>\n\t<span class=\"price\"><span class=\"woocommerce-Price-amount amount\"><bdi><span class=\"woocommerce-Price-currencySymbol\">&#36;<\/span>115.00<\/bdi><\/span><\/span>\n<\/a><div class=\"woocommerce-loop-product__buttons\"><a href=\"\/es\/wp-json\/wp\/v2\/pages\/779?add-to-cart=2786\" aria-describedby=\"woocommerce_loop_add_to_cart_link_describedby_2786\" data-quantity=\"1\" class=\"button product_type_simple add_to_cart_button ajax_add_to_cart\" data-product_id=\"2786\" data-product_sku=\"GR 10\" aria-label=\"A\u00f1adir al carrito: \u201cGLP-1 R 10mg (Research Only)\u201d\" rel=\"nofollow\" data-success_message=\"\u201cGLP-1 R 10mg (Research Only)\u201d se ha a\u00f1adido a su carrito.\" role=\"button\" data-no-translation=\"\" data-trp-gettext=\"\" data-no-translation-aria-label=\"\" data-no-translation-data-success_message=\"\">A\u00f1adir a la cesta<\/a><\/div>\t<span id=\"woocommerce_loop_add_to_cart_link_describedby_2786\" class=\"screen-reader-text\">\n\t\t\t<\/span>\n<\/li>\n<li class=\"product type-product post-2791 status-publish instock product_cat-research-compounds product_cat-x-feed-sales has-post-thumbnail featured taxable shipping-taxable purchasable product-type-simple\">\n\t<a href=\"https:\/\/optimalbiolabs.com\/es\/product\/glp-1-r-20mg\/\" class=\"woocommerce-LoopProduct-link woocommerce-loop-product__link\"><img decoding=\"async\" width=\"300\" height=\"300\" src=\"https:\/\/optimalbiolabs.com\/wp-content\/uploads\/2026\/01\/26-300x300.jpg\" class=\"attachment-woocommerce_thumbnail size-woocommerce_thumbnail\" alt=\"GLP-1 R 20mg Research Peptide Vial\" srcset=\"https:\/\/optimalbiolabs.com\/wp-content\/uploads\/2026\/01\/26-300x300.jpg 300w, https:\/\/optimalbiolabs.com\/wp-content\/uploads\/2026\/01\/26-150x150.jpg 150w, https:\/\/optimalbiolabs.com\/wp-content\/uploads\/2026\/01\/26-100x100.jpg 100w\" sizes=\"(max-width: 300px) 100vw, 300px\" \/><h2 class=\"woocommerce-loop-product__title\">GLP-1 R 20 mg (Solo Investigaci\u00f3n)<\/h2>\n\t<span class=\"price\"><span class=\"woocommerce-Price-amount amount\"><bdi><span class=\"woocommerce-Price-currencySymbol\">&#36;<\/span>155.00<\/bdi><\/span><\/span>\n<\/a><div class=\"woocommerce-loop-product__buttons\"><a href=\"\/es\/wp-json\/wp\/v2\/pages\/779?add-to-cart=2791\" aria-describedby=\"woocommerce_loop_add_to_cart_link_describedby_2791\" data-quantity=\"1\" class=\"button product_type_simple add_to_cart_button ajax_add_to_cart\" data-product_id=\"2791\" data-product_sku=\"GR 20\" aria-label=\"A\u00f1adir al carrito: \u201cGLP-1 R 20mg (Research Only)\u201d\" rel=\"nofollow\" data-success_message=\"\u201cGLP-1 R 20mg (Research Only)\u201d se ha a\u00f1adido a su carrito.\" role=\"button\" data-no-translation=\"\" data-trp-gettext=\"\" data-no-translation-aria-label=\"\" data-no-translation-data-success_message=\"\">A\u00f1adir a la cesta<\/a><\/div>\t<span id=\"woocommerce_loop_add_to_cart_link_describedby_2791\" class=\"screen-reader-text\">\n\t\t\t<\/span>\n<\/li>\n<li class=\"product type-product post-2792 status-publish instock product_cat-research-compounds has-post-thumbnail featured taxable shipping-taxable purchasable product-type-simple\">\n\t<a href=\"https:\/\/optimalbiolabs.com\/es\/product\/glp-1-r-30mg\/\" class=\"woocommerce-LoopProduct-link woocommerce-loop-product__link\"><img decoding=\"async\" width=\"300\" height=\"300\" src=\"https:\/\/optimalbiolabs.com\/wp-content\/uploads\/2026\/01\/27-300x300.jpg\" class=\"attachment-woocommerce_thumbnail size-woocommerce_thumbnail\" alt=\"GLP-1 R 30mg Research Peptide Vial\" srcset=\"https:\/\/optimalbiolabs.com\/wp-content\/uploads\/2026\/01\/27-300x300.jpg 300w, https:\/\/optimalbiolabs.com\/wp-content\/uploads\/2026\/01\/27-150x150.jpg 150w, https:\/\/optimalbiolabs.com\/wp-content\/uploads\/2026\/01\/27-100x100.jpg 100w\" sizes=\"(max-width: 300px) 100vw, 300px\" \/><h2 class=\"woocommerce-loop-product__title\">GLP-1 R 30 mg (Solo Investigaci\u00f3n)<\/h2>\n\t<span class=\"price\"><span class=\"woocommerce-Price-amount amount\"><bdi><span class=\"woocommerce-Price-currencySymbol\">&#36;<\/span>195.00<\/bdi><\/span><\/span>\n<\/a><div class=\"woocommerce-loop-product__buttons\"><a href=\"\/es\/wp-json\/wp\/v2\/pages\/779?add-to-cart=2792\" aria-describedby=\"woocommerce_loop_add_to_cart_link_describedby_2792\" data-quantity=\"1\" class=\"button product_type_simple add_to_cart_button ajax_add_to_cart\" data-product_id=\"2792\" data-product_sku=\"GR 30\" aria-label=\"A\u00f1adir al carrito: \u201cGLP-1 R 30mg (Research Only)\u201d\" rel=\"nofollow\" data-success_message=\"\u201cGLP-1 R 30mg (Research Only)\u201d se ha a\u00f1adido a su carrito.\" role=\"button\" data-no-translation=\"\" data-trp-gettext=\"\" data-no-translation-aria-label=\"\" data-no-translation-data-success_message=\"\">A\u00f1adir a la cesta<\/a><\/div>\t<span id=\"woocommerce_loop_add_to_cart_link_describedby_2792\" class=\"screen-reader-text\">\n\t\t\t<\/span>\n<\/li>\n<li class=\"product type-product post-2800 status-publish last instock product_cat-research-compounds has-post-thumbnail featured taxable shipping-taxable purchasable product-type-simple\">\n\t<a href=\"https:\/\/optimalbiolabs.com\/es\/product\/glp-1-s-30mg\/\" class=\"woocommerce-LoopProduct-link woocommerce-loop-product__link\"><img loading=\"lazy\" decoding=\"async\" width=\"300\" height=\"300\" src=\"https:\/\/optimalbiolabs.com\/wp-content\/uploads\/2026\/01\/33-300x300.jpg\" class=\"attachment-woocommerce_thumbnail size-woocommerce_thumbnail\" alt=\"GLP-1 S 30mg Research Peptide Vial\" srcset=\"https:\/\/optimalbiolabs.com\/wp-content\/uploads\/2026\/01\/33-300x300.jpg 300w, https:\/\/optimalbiolabs.com\/wp-content\/uploads\/2026\/01\/33-150x150.jpg 150w, https:\/\/optimalbiolabs.com\/wp-content\/uploads\/2026\/01\/33-100x100.jpg 100w\" sizes=\"(max-width: 300px) 100vw, 300px\" \/><h2 class=\"woocommerce-loop-product__title\">GLP-1 S 30 mg (Solo Investigaci\u00f3n)<\/h2>\n\t<span class=\"price\"><span class=\"woocommerce-Price-amount amount\"><bdi><span class=\"woocommerce-Price-currencySymbol\">&#36;<\/span>135.00<\/bdi><\/span><\/span>\n<\/a><div class=\"woocommerce-loop-product__buttons\"><a href=\"\/es\/wp-json\/wp\/v2\/pages\/779?add-to-cart=2800\" aria-describedby=\"woocommerce_loop_add_to_cart_link_describedby_2800\" data-quantity=\"1\" class=\"button product_type_simple add_to_cart_button ajax_add_to_cart\" data-product_id=\"2800\" data-product_sku=\"GS 30\" aria-label=\"A\u00f1adir al carrito: \u201cGLP-1 S 30mg (Research Only)\u201d\" rel=\"nofollow\" data-success_message=\"\u201cGLP-1 S 30mg (Research Only)\u201d se ha a\u00f1adido a su carrito.\" role=\"button\" data-no-translation=\"\" data-trp-gettext=\"\" data-no-translation-aria-label=\"\" data-no-translation-data-success_message=\"\">A\u00f1adir a la cesta<\/a><\/div>\t<span id=\"woocommerce_loop_add_to_cart_link_describedby_2800\" class=\"screen-reader-text\">\n\t\t\t<\/span>\n<\/li>\n<li class=\"product type-product post-2808 status-publish first instock product_cat-research-compounds product_cat-x-feed-sales has-post-thumbnail featured taxable shipping-taxable purchasable product-type-simple\">\n\t<a href=\"https:\/\/optimalbiolabs.com\/es\/product\/glp-1-t-20mg\/\" class=\"woocommerce-LoopProduct-link woocommerce-loop-product__link\"><img loading=\"lazy\" decoding=\"async\" width=\"300\" height=\"300\" src=\"https:\/\/optimalbiolabs.com\/wp-content\/uploads\/2026\/01\/46-300x300.jpg\" class=\"attachment-woocommerce_thumbnail size-woocommerce_thumbnail\" alt=\"GLP-1 T 20mg Research Peptide Vial\" srcset=\"https:\/\/optimalbiolabs.com\/wp-content\/uploads\/2026\/01\/46-300x300.jpg 300w, https:\/\/optimalbiolabs.com\/wp-content\/uploads\/2026\/01\/46-150x150.jpg 150w, https:\/\/optimalbiolabs.com\/wp-content\/uploads\/2026\/01\/46-100x100.jpg 100w\" sizes=\"(max-width: 300px) 100vw, 300px\" \/><h2 class=\"woocommerce-loop-product__title\">GLP-1 T 20 mg (Solo Investigaci\u00f3n)<\/h2>\n\t<span class=\"price\"><span class=\"woocommerce-Price-amount amount\"><bdi><span class=\"woocommerce-Price-currencySymbol\">&#36;<\/span>125.00<\/bdi><\/span><\/span>\n<\/a><div class=\"woocommerce-loop-product__buttons\"><a href=\"\/es\/wp-json\/wp\/v2\/pages\/779?add-to-cart=2808\" aria-describedby=\"woocommerce_loop_add_to_cart_link_describedby_2808\" data-quantity=\"1\" class=\"button product_type_simple add_to_cart_button ajax_add_to_cart\" data-product_id=\"2808\" data-product_sku=\"GT 20\" aria-label=\"A\u00f1adir al carrito: \u201cGLP-1 T 20mg (Research Only)\u201d\" rel=\"nofollow\" data-success_message=\"\u201cGLP-1 T 20mg (Research Only)\u201d se ha a\u00f1adido a su carrito.\" role=\"button\" data-no-translation=\"\" data-trp-gettext=\"\" data-no-translation-aria-label=\"\" data-no-translation-data-success_message=\"\">A\u00f1adir a la cesta<\/a><\/div>\t<span id=\"woocommerce_loop_add_to_cart_link_describedby_2808\" class=\"screen-reader-text\">\n\t\t\t<\/span>\n<\/li>\n<li class=\"product type-product post-2809 status-publish instock product_cat-research-compounds has-post-thumbnail featured taxable shipping-taxable purchasable product-type-simple\">\n\t<a href=\"https:\/\/optimalbiolabs.com\/es\/product\/glp-1-t-30mg\/\" class=\"woocommerce-LoopProduct-link woocommerce-loop-product__link\"><img loading=\"lazy\" decoding=\"async\" width=\"300\" height=\"300\" src=\"https:\/\/optimalbiolabs.com\/wp-content\/uploads\/2026\/01\/47-300x300.jpg\" class=\"attachment-woocommerce_thumbnail size-woocommerce_thumbnail\" alt=\"GLP-1 T 30mg Research Peptide Vial\" srcset=\"https:\/\/optimalbiolabs.com\/wp-content\/uploads\/2026\/01\/47-300x300.jpg 300w, https:\/\/optimalbiolabs.com\/wp-content\/uploads\/2026\/01\/47-150x150.jpg 150w, https:\/\/optimalbiolabs.com\/wp-content\/uploads\/2026\/01\/47-100x100.jpg 100w\" sizes=\"(max-width: 300px) 100vw, 300px\" \/><h2 class=\"woocommerce-loop-product__title\">GLP-1 T 30 mg (Solo Investigaci\u00f3n)<\/h2>\n\t<span class=\"price\"><span class=\"woocommerce-Price-amount amount\"><bdi><span class=\"woocommerce-Price-currencySymbol\">&#36;<\/span>155.00<\/bdi><\/span><\/span>\n<\/a><div class=\"woocommerce-loop-product__buttons\"><a href=\"\/es\/wp-json\/wp\/v2\/pages\/779?add-to-cart=2809\" aria-describedby=\"woocommerce_loop_add_to_cart_link_describedby_2809\" data-quantity=\"1\" class=\"button product_type_simple add_to_cart_button ajax_add_to_cart\" data-product_id=\"2809\" data-product_sku=\"GT 30\" aria-label=\"A\u00f1adir al carrito: \u201cGLP-1 T 30mg (Research Only)\u201d\" rel=\"nofollow\" data-success_message=\"\u201cGLP-1 T 30mg (Research Only)\u201d se ha a\u00f1adido a su carrito.\" role=\"button\" data-no-translation=\"\" data-trp-gettext=\"\" data-no-translation-aria-label=\"\" data-no-translation-data-success_message=\"\">A\u00f1adir a la cesta<\/a><\/div>\t<span id=\"woocommerce_loop_add_to_cart_link_describedby_2809\" class=\"screen-reader-text\">\n\t\t\t<\/span>\n<\/li>\n<\/ul>\n<\/div>\t\t\t\t<\/div>\n\t\t\t\t<\/div>\n\t\t\t\t<\/div>\n\t\t\t\t\t<\/div>\n\t\t\t\t<\/div>\n\t\t\t\t<\/div>\n\t\t\t\t<\/div>","protected":false},"excerpt":{"rendered":"<p>Featured Products<\/p>","protected":false},"author":1,"featured_media":0,"parent":0,"menu_order":0,"comment_status":"closed","ping_status":"closed","template":"","meta":{"_acf_changed":false,"footnotes":""},"class_list":["post-779","page","type-page","status-publish","hentry"],"acf":[],"yoast_head":"<!-- This site is optimized with the Yoast SEO plugin v27.2 - https:\/\/yoast.com\/product\/yoast-seo-wordpress\/ -->\n<title>Highlighted Research Compounds | Optimal Bio Labs<\/title>\n<meta name=\"description\" content=\"Browse our featured collection of third-party verified research compounds. US-based, purity tested, and ready for laboratory study.\" \/>\n<meta name=\"robots\" content=\"index, follow, max-snippet:-1, max-image-preview:large, max-video-preview:-1\" \/>\n<link rel=\"canonical\" href=\"https:\/\/optimalbiolabs.com\/es\/featured\/\" \/>\n<meta property=\"og:locale\" content=\"es_MX\" \/>\n<meta property=\"og:type\" content=\"article\" \/>\n<meta property=\"og:title\" content=\"Highlighted Research Compounds | Optimal Bio Labs\" \/>\n<meta property=\"og:description\" content=\"A selection of research-use-only compounds highlighted for visibility and convenient access within our research compound catalog.\" \/>\n<meta property=\"og:url\" content=\"https:\/\/optimalbiolabs.com\/es\/featured\/\" \/>\n<meta property=\"og:site_name\" content=\"Optimal Bio Labs LLC\" \/>\n<meta property=\"article:modified_time\" content=\"2026-01-12T21:07:22+00:00\" \/>\n<meta property=\"og:image\" content=\"https:\/\/optimalbiolabs.com\/wp-content\/uploads\/2026\/01\/16.png\" \/>\n\t<meta property=\"og:image:width\" content=\"1200\" \/>\n\t<meta property=\"og:image:height\" content=\"630\" \/>\n\t<meta property=\"og:image:type\" content=\"image\/png\" \/>\n<meta name=\"twitter:card\" content=\"summary_large_image\" \/>\n<meta name=\"twitter:title\" content=\"Highlighted Research Compounds | Optimal Bio Labs\" \/>\n<meta name=\"twitter:description\" content=\"A selection of research-use-only compounds highlighted for visibility and convenient access within our research compound catalog.\" \/>\n<meta name=\"twitter:image\" content=\"https:\/\/optimalbiolabs.com\/wp-content\/uploads\/2026\/01\/16.png\" \/>\n<meta name=\"twitter:label1\" content=\"Tiempo de lectura\" \/>\n\t<meta name=\"twitter:data1\" content=\"1 minuto\" \/>\n<script type=\"application\/ld+json\" class=\"yoast-schema-graph\">{\"@context\":\"https:\/\/schema.org\",\"@graph\":[{\"@type\":\"WebPage\",\"@id\":\"https:\/\/optimalbiolabs.com\/featured\/\",\"url\":\"https:\/\/optimalbiolabs.com\/featured\/\",\"name\":\"Highlighted Research Compounds | Optimal Bio Labs\",\"isPartOf\":{\"@id\":\"https:\/\/optimalbiolabs.com\/#website\"},\"datePublished\":\"2025-11-10T12:40:19+00:00\",\"dateModified\":\"2026-01-12T21:07:22+00:00\",\"description\":\"Browse our featured collection of third-party verified research compounds. US-based, purity tested, and ready for laboratory study.\",\"breadcrumb\":{\"@id\":\"https:\/\/optimalbiolabs.com\/featured\/#breadcrumb\"},\"inLanguage\":\"es\",\"potentialAction\":[{\"@type\":\"ReadAction\",\"target\":[\"https:\/\/optimalbiolabs.com\/featured\/\"]}]},{\"@type\":\"BreadcrumbList\",\"@id\":\"https:\/\/optimalbiolabs.com\/featured\/#breadcrumb\",\"itemListElement\":[{\"@type\":\"ListItem\",\"position\":1,\"name\":\"Home\",\"item\":\"https:\/\/optimalbiolabs.com\/\"},{\"@type\":\"ListItem\",\"position\":2,\"name\":\"Featured\"}]},{\"@type\":\"WebSite\",\"@id\":\"https:\/\/optimalbiolabs.com\/#website\",\"url\":\"https:\/\/optimalbiolabs.com\/\",\"name\":\"Optimal Bio Labs LLC\",\"description\":\"Premium US-based research compounds. Third-party verified for 99% purity. High-grade laboratory supplies you can trust. Proudly owned and operated in the USA\",\"publisher\":{\"@id\":\"https:\/\/optimalbiolabs.com\/#organization\"},\"alternateName\":\"Optimal Bio Labs\",\"potentialAction\":[{\"@type\":\"SearchAction\",\"target\":{\"@type\":\"EntryPoint\",\"urlTemplate\":\"https:\/\/optimalbiolabs.com\/?s={search_term_string}\"},\"query-input\":{\"@type\":\"PropertyValueSpecification\",\"valueRequired\":true,\"valueName\":\"search_term_string\"}}],\"inLanguage\":\"es\"},{\"@type\":\"Organization\",\"@id\":\"https:\/\/optimalbiolabs.com\/#organization\",\"name\":\"Optimal Bio Labs LLC\",\"url\":\"https:\/\/optimalbiolabs.com\/\",\"logo\":{\"@type\":\"ImageObject\",\"inLanguage\":\"es\",\"@id\":\"https:\/\/optimalbiolabs.com\/#\/schema\/logo\/image\/\",\"url\":\"https:\/\/optimalbiolabs.com\/wp-content\/uploads\/2025\/12\/BIO-LABS.png\",\"contentUrl\":\"https:\/\/optimalbiolabs.com\/wp-content\/uploads\/2025\/12\/BIO-LABS.png\",\"width\":720,\"height\":720,\"caption\":\"Optimal Bio Labs LLC\"},\"image\":{\"@id\":\"https:\/\/optimalbiolabs.com\/#\/schema\/logo\/image\/\"}}]}<\/script>\n<!-- \/ Yoast SEO plugin. -->","yoast_head_json":{"title":"Highlighted Research Compounds | Optimal Bio Labs","description":"Browse our featured collection of third-party verified research compounds. US-based, purity tested, and ready for laboratory study.","robots":{"index":"index","follow":"follow","max-snippet":"max-snippet:-1","max-image-preview":"max-image-preview:large","max-video-preview":"max-video-preview:-1"},"canonical":"https:\/\/optimalbiolabs.com\/es\/featured\/","og_locale":"es_MX","og_type":"article","og_title":"Highlighted Research Compounds | Optimal Bio Labs","og_description":"A selection of research-use-only compounds highlighted for visibility and convenient access within our research compound catalog.","og_url":"https:\/\/optimalbiolabs.com\/es\/featured\/","og_site_name":"Optimal Bio Labs LLC","article_modified_time":"2026-01-12T21:07:22+00:00","og_image":[{"width":1200,"height":630,"url":"https:\/\/optimalbiolabs.com\/wp-content\/uploads\/2026\/01\/16.png","type":"image\/png"}],"twitter_card":"summary_large_image","twitter_title":"Highlighted Research Compounds | Optimal Bio Labs","twitter_description":"A selection of research-use-only compounds highlighted for visibility and convenient access within our research compound catalog.","twitter_image":"https:\/\/optimalbiolabs.com\/wp-content\/uploads\/2026\/01\/16.png","twitter_misc":{"Tiempo de lectura":"1 minuto"},"schema":{"@context":"https:\/\/schema.org","@graph":[{"@type":"WebPage","@id":"https:\/\/optimalbiolabs.com\/featured\/","url":"https:\/\/optimalbiolabs.com\/featured\/","name":"Highlighted Research Compounds | Optimal Bio Labs","isPartOf":{"@id":"https:\/\/optimalbiolabs.com\/#website"},"datePublished":"2025-11-10T12:40:19+00:00","dateModified":"2026-01-12T21:07:22+00:00","description":"Browse our featured collection of third-party verified research compounds. US-based, purity tested, and ready for laboratory study.","breadcrumb":{"@id":"https:\/\/optimalbiolabs.com\/featured\/#breadcrumb"},"inLanguage":"es","potentialAction":[{"@type":"ReadAction","target":["https:\/\/optimalbiolabs.com\/featured\/"]}]},{"@type":"BreadcrumbList","@id":"https:\/\/optimalbiolabs.com\/featured\/#breadcrumb","itemListElement":[{"@type":"ListItem","position":1,"name":"Home","item":"https:\/\/optimalbiolabs.com\/"},{"@type":"ListItem","position":2,"name":"Featured"}]},{"@type":"WebSite","@id":"https:\/\/optimalbiolabs.com\/#website","url":"https:\/\/optimalbiolabs.com\/","name":"Laboratorios Biol\u00f3gicos \u00d3ptimos LLC","description":"Compuestos de investigaci\u00f3n de primera calidad fabricados en EE. UU. Pureza 99% verificada por terceros. Suministros de laboratorio de alta calidad en los que puede confiar. Empresa orgullosamente estadounidense.","publisher":{"@id":"https:\/\/optimalbiolabs.com\/#organization"},"alternateName":"Optimal Bio Labs","potentialAction":[{"@type":"SearchAction","target":{"@type":"EntryPoint","urlTemplate":"https:\/\/optimalbiolabs.com\/?s={search_term_string}"},"query-input":{"@type":"PropertyValueSpecification","valueRequired":true,"valueName":"search_term_string"}}],"inLanguage":"es"},{"@type":"Organization","@id":"https:\/\/optimalbiolabs.com\/#organization","name":"Laboratorios Biol\u00f3gicos \u00d3ptimos LLC","url":"https:\/\/optimalbiolabs.com\/","logo":{"@type":"ImageObject","inLanguage":"es","@id":"https:\/\/optimalbiolabs.com\/#\/schema\/logo\/image\/","url":"https:\/\/optimalbiolabs.com\/wp-content\/uploads\/2025\/12\/BIO-LABS.png","contentUrl":"https:\/\/optimalbiolabs.com\/wp-content\/uploads\/2025\/12\/BIO-LABS.png","width":720,"height":720,"caption":"Optimal Bio Labs LLC"},"image":{"@id":"https:\/\/optimalbiolabs.com\/#\/schema\/logo\/image\/"}}]}},"_hostinger_reach_plugin_has_subscription_block":false,"_hostinger_reach_plugin_is_elementor":false,"jetpack_sharing_enabled":true,"_links":{"self":[{"href":"https:\/\/optimalbiolabs.com\/es\/wp-json\/wp\/v2\/pages\/779","targetHints":{"allow":["GET"]}}],"collection":[{"href":"https:\/\/optimalbiolabs.com\/es\/wp-json\/wp\/v2\/pages"}],"about":[{"href":"https:\/\/optimalbiolabs.com\/es\/wp-json\/wp\/v2\/types\/page"}],"author":[{"embeddable":true,"href":"https:\/\/optimalbiolabs.com\/es\/wp-json\/wp\/v2\/users\/1"}],"replies":[{"embeddable":true,"href":"https:\/\/optimalbiolabs.com\/es\/wp-json\/wp\/v2\/comments?post=779"}],"version-history":[{"count":4,"href":"https:\/\/optimalbiolabs.com\/es\/wp-json\/wp\/v2\/pages\/779\/revisions"}],"predecessor-version":[{"id":784,"href":"https:\/\/optimalbiolabs.com\/es\/wp-json\/wp\/v2\/pages\/779\/revisions\/784"}],"wp:attachment":[{"href":"https:\/\/optimalbiolabs.com\/es\/wp-json\/wp\/v2\/media?parent=779"}],"curies":[{"name":"wp","href":"https:\/\/api.w.org\/{rel}","templated":true}]}}