{"id":41,"date":"2025-10-30T19:02:08","date_gmt":"2025-10-30T19:02:08","guid":{"rendered":"https:\/\/optimalbiolabs.com\/?page_id=41"},"modified":"2026-04-03T14:00:01","modified_gmt":"2026-04-03T21:00:01","slug":"contact-us","status":"publish","type":"page","link":"https:\/\/optimalbiolabs.com\/es\/contact-us\/","title":{"rendered":"Cont\u00e1ctanos"},"content":{"rendered":"\t\t<div data-elementor-type=\"wp-page\" data-elementor-id=\"41\" class=\"elementor elementor-41\" wpc-filter-elementor-widget=\"1\" data-elementor-post-type=\"page\">\n\t\t\t\t<div class=\"elementor-element elementor-element-b80ddf7 e-con-full e-flex e-con e-parent\" data-id=\"b80ddf7\" data-element_type=\"container\" data-e-type=\"container\" data-settings=\"{&quot;background_background&quot;:&quot;classic&quot;}\">\n\t\t<div class=\"elementor-element elementor-element-063927f e-flex e-con-boxed e-con e-child\" data-id=\"063927f\" data-element_type=\"container\" data-e-type=\"container\">\n\t\t\t\t\t<div class=\"e-con-inner\">\n\t\t<div class=\"elementor-element elementor-element-9d0f364 e-con-full e-flex e-con e-child\" data-id=\"9d0f364\" data-element_type=\"container\" data-e-type=\"container\">\n\t\t\t\t<div class=\"elementor-element elementor-element-9443cb9 elementor-widget elementor-widget-text-editor\" data-id=\"9443cb9\" data-element_type=\"widget\" data-e-type=\"widget\" data-widget_type=\"text-editor.default\">\n\t\t\t\t\t\t\t\t\t<p>Contact Us\u00a0<\/p>\t\t\t\t\t\t\t\t<\/div>\n\t\t\t\t<div class=\"elementor-element elementor-element-e8063ae elementor-widget elementor-widget-heading\" data-id=\"e8063ae\" data-element_type=\"widget\" data-e-type=\"widget\" data-widget_type=\"heading.default\">\n\t\t\t\t\t<h2 class=\"elementor-heading-title elementor-size-default\">Optimal Bio Labs<\/h2>\t\t\t\t<\/div>\n\t\t\t\t<div class=\"elementor-element elementor-element-9fd141d elementor-widget elementor-widget-text-editor\" data-id=\"9fd141d\" data-element_type=\"widget\" data-e-type=\"widget\" data-widget_type=\"text-editor.default\">\n\t\t\t\t\t\t\t\t\t<p>Pure. Precise. Tested.<\/p>\t\t\t\t\t\t\t\t<\/div>\n\t\t\t\t<\/div>\n\t\t<div class=\"elementor-element elementor-element-095632a e-con-full e-flex e-con e-child\" data-id=\"095632a\" data-element_type=\"container\" data-e-type=\"container\" data-settings=\"{&quot;background_background&quot;:&quot;classic&quot;}\">\n\t\t\t\t<div class=\"elementor-element elementor-element-e67d1e4 elementor-widget elementor-widget-text-editor\" data-id=\"e67d1e4\" data-element_type=\"widget\" data-e-type=\"widget\" data-widget_type=\"text-editor.default\">\n\t\t\t\t\t\t\t\t\t<p>Please fill out the form below to speak with one of our representatives<\/p>\t\t\t\t\t\t\t\t<\/div>\n\t\t\t\t<div class=\"elementor-element elementor-element-d335920 elementor-widget-divider--view-line elementor-widget elementor-widget-divider\" data-id=\"d335920\" data-element_type=\"widget\" data-e-type=\"widget\" data-widget_type=\"divider.default\">\n\t\t\t\t\t\t\t<div class=\"elementor-divider\">\n\t\t\t<span class=\"elementor-divider-separator\">\n\t\t\t\t\t\t<\/span>\n\t\t<\/div>\n\t\t\t\t\t\t<\/div>\n\t\t\t\t<div class=\"elementor-element elementor-element-723050b elementor-button-align-start elementor-widget elementor-widget-form\" data-id=\"723050b\" data-element_type=\"widget\" data-e-type=\"widget\" data-settings=\"{&quot;button_width&quot;:&quot;20&quot;,&quot;step_next_label&quot;:&quot;Next&quot;,&quot;step_previous_label&quot;:&quot;Previous&quot;,&quot;step_type&quot;:&quot;number_text&quot;,&quot;step_icon_shape&quot;:&quot;circle&quot;}\" data-widget_type=\"form.default\">\n\t\t\t\t\t\t\t<form class=\"elementor-form\" method=\"post\" name=\"News Letters\" aria-label=\"News Letters\">\n\t\t\t<input type=\"hidden\" name=\"post_id\" value=\"41\"\/>\n\t\t\t<input type=\"hidden\" name=\"form_id\" value=\"723050b\"\/>\n\t\t\t<input type=\"hidden\" name=\"referer_title\" value=\"Optimal Bio Labs LLC\" \/>\n\n\t\t\t\n\t\t\t<div class=\"elementor-form-fields-wrapper elementor-labels-\">\n\t\t\t\t\t\t\t\t<div class=\"elementor-field-type-text elementor-field-group elementor-column elementor-field-group-name elementor-col-50 elementor-field-required\">\n\t\t\t\t\t\t\t\t\t\t\t\t<label for=\"form-field-name\" class=\"elementor-field-label elementor-screen-only\">\n\t\t\t\t\t\t\t\tFirst Name\t\t\t\t\t\t\t<\/label>\n\t\t\t\t\t\t\t\t\t\t\t\t\t\t<input size=\"1\" type=\"text\" name=\"form_fields[name]\" id=\"form-field-name\" class=\"elementor-field elementor-size-md  elementor-field-textual\" placeholder=\"First Name\" required=\"required\">\n\t\t\t\t\t\t\t\t\t\t\t<\/div>\n\t\t\t\t\t\t\t\t<div class=\"elementor-field-type-text elementor-field-group elementor-column elementor-field-group-field_611b3b6 elementor-col-50 elementor-field-required\">\n\t\t\t\t\t\t\t\t\t\t\t\t<label for=\"form-field-field_611b3b6\" class=\"elementor-field-label elementor-screen-only\">\n\t\t\t\t\t\t\t\tLast Name\t\t\t\t\t\t\t<\/label>\n\t\t\t\t\t\t\t\t\t\t\t\t\t\t<input size=\"1\" type=\"text\" name=\"form_fields[field_611b3b6]\" id=\"form-field-field_611b3b6\" class=\"elementor-field elementor-size-md  elementor-field-textual\" placeholder=\"Last Name\" required=\"required\">\n\t\t\t\t\t\t\t\t\t\t\t<\/div>\n\t\t\t\t\t\t\t\t<div class=\"elementor-field-type-email elementor-field-group elementor-column elementor-field-group-field_9fddad4 elementor-col-50 elementor-field-required\">\n\t\t\t\t\t\t\t\t\t\t\t\t<label for=\"form-field-field_9fddad4\" class=\"elementor-field-label elementor-screen-only\">\n\t\t\t\t\t\t\t\tEmail\t\t\t\t\t\t\t<\/label>\n\t\t\t\t\t\t\t\t\t\t\t\t\t\t<input size=\"1\" type=\"email\" name=\"form_fields[field_9fddad4]\" id=\"form-field-field_9fddad4\" class=\"elementor-field elementor-size-md  elementor-field-textual\" placeholder=\"Email\" required=\"required\">\n\t\t\t\t\t\t\t\t\t\t\t<\/div>\n\t\t\t\t\t\t\t\t<div class=\"elementor-field-type-tel elementor-field-group elementor-column elementor-field-group-field_4ce2260 elementor-col-50 elementor-field-required\">\n\t\t\t\t\t\t\t\t\t\t\t\t<label for=\"form-field-field_4ce2260\" class=\"elementor-field-label elementor-screen-only\">\n\t\t\t\t\t\t\t\tPhone Number\t\t\t\t\t\t\t<\/label>\n\t\t\t\t\t\t\t\t<input size=\"1\" type=\"tel\" name=\"form_fields[field_4ce2260]\" id=\"form-field-field_4ce2260\" class=\"elementor-field elementor-size-md  elementor-field-textual\" placeholder=\"Phone Number\" required=\"required\" pattern=\"[0-9()#&amp;+*-=.]+\" title=\"Only numbers and phone characters (#, -, *, etc) are accepted.\">\n\n\t\t\t\t\t\t<\/div>\n\t\t\t\t\t\t\t\t<div class=\"elementor-field-type-textarea elementor-field-group elementor-column elementor-field-group-field_8e85e8f elementor-col-100 elementor-field-required\">\n\t\t\t\t\t\t\t\t\t\t\t\t<label for=\"form-field-field_8e85e8f\" class=\"elementor-field-label elementor-screen-only\">\n\t\t\t\t\t\t\t\tMessage\t\t\t\t\t\t\t<\/label>\n\t\t\t\t\t\t<textarea class=\"elementor-field-textual elementor-field  elementor-size-md\" name=\"form_fields[field_8e85e8f]\" id=\"form-field-field_8e85e8f\" rows=\"4\" placeholder=\"Message\" required=\"required\"><\/textarea>\t\t\t\t<\/div>\n\t\t\t\t\t\t\t\t<div class=\"elementor-field-type-checkbox elementor-field-group elementor-column elementor-field-group-field_66f98fe elementor-col-100\">\n\t\t\t\t\t<div class=\"elementor-field-subgroup  \"><span class=\"elementor-field-option\"><input type=\"checkbox\" value=\"These products are intended for research use only. Inquiries related to improper use, as outlined in our Terms of Use, may not receive a response and could lead to restrictions on future purchases.\" id=\"form-field-field_66f98fe-0\" name=\"form_fields[field_66f98fe]\"> <label for=\"form-field-field_66f98fe-0\">These products are intended for research use only. Inquiries related to improper use, as outlined in our Terms of Use, may not receive a response and could lead to restrictions on future purchases.<\/label><\/span><\/div>\t\t\t\t<\/div>\n\t\t\t\t\t\t\t\t<div class=\"elementor-field-group elementor-column elementor-field-type-submit elementor-col-20 e-form__buttons\">\n\t\t\t\t\t<button class=\"elementor-button elementor-size-sm\" type=\"submit\">\n\t\t\t\t\t\t<span class=\"elementor-button-content-wrapper\">\n\t\t\t\t\t\t\t\t\t\t\t\t\t\t\t\t\t\t\t\t\t\t<span class=\"elementor-button-text\">Submit<\/span>\n\t\t\t\t\t\t\t\t\t\t\t\t\t<\/span>\n\t\t\t\t\t<\/button>\n\t\t\t\t<\/div>\n\t\t\t<\/div>\n\t\t<\/form>\n\t\t\t\t\t\t<\/div>\n\t\t\t\t<\/div>\n\t\t\t\t\t<\/div>\n\t\t\t\t<\/div>\n\t\t\t\t<\/div>\n\t\t\t\t<\/div>\n\t\t","protected":false},"excerpt":{"rendered":"<p>Contact Us\u00a0 Optimal Bio Labs Pure. Precise. Tested. Please fill out the form below to speak with one of our representatives<\/p>","protected":false},"author":1,"featured_media":0,"parent":0,"menu_order":0,"comment_status":"closed","ping_status":"closed","template":"","meta":{"_acf_changed":false,"footnotes":""},"class_list":["post-41","page","type-page","status-publish","hentry"],"acf":[],"yoast_head":"<!-- This site is optimized with the Yoast SEO plugin v27.2 - https:\/\/yoast.com\/product\/yoast-seo-wordpress\/ -->\n<title>Contact Us Support &amp; Inquiries for Research Professionals<\/title>\n<meta name=\"description\" content=\"Get expert assistance with your laboratory orders and technical inquiries. Contact Optimal Bio Labs for support regarding our research-grade compounds.\" \/>\n<meta name=\"robots\" content=\"index, follow, max-snippet:-1, max-image-preview:large, max-video-preview:-1\" \/>\n<link rel=\"canonical\" href=\"https:\/\/optimalbiolabs.com\/es\/contact-us\/\" \/>\n<meta property=\"og:locale\" content=\"es_MX\" \/>\n<meta property=\"og:type\" content=\"article\" \/>\n<meta property=\"og:title\" content=\"Contact Optimal Bio Labs\" \/>\n<meta property=\"og:description\" content=\"Contact Optimal Bio Labs for general inquiries, support questions, or information related to our website and research-use-only offerings\" \/>\n<meta property=\"og:url\" content=\"https:\/\/optimalbiolabs.com\/es\/contact-us\/\" \/>\n<meta property=\"og:site_name\" content=\"Optimal Bio Labs LLC\" \/>\n<meta property=\"article:modified_time\" content=\"2026-04-03T21:00:01+00:00\" \/>\n<meta property=\"og:image\" content=\"https:\/\/optimalbiolabs.com\/wp-content\/uploads\/2026\/01\/15.png\" \/>\n\t<meta property=\"og:image:width\" content=\"1200\" \/>\n\t<meta property=\"og:image:height\" content=\"630\" \/>\n\t<meta property=\"og:image:type\" content=\"image\/png\" \/>\n<meta name=\"twitter:card\" content=\"summary_large_image\" \/>\n<meta name=\"twitter:title\" content=\"Contact Optimal Bio Labs\" \/>\n<meta name=\"twitter:description\" content=\"Contact Optimal Bio Labs for general inquiries, support questions, or information related to our website and research-use-only offerings\" \/>\n<meta name=\"twitter:image\" content=\"https:\/\/optimalbiolabs.com\/wp-content\/uploads\/2026\/01\/15.png\" \/>\n<meta name=\"twitter:label1\" content=\"Tiempo de lectura\" \/>\n\t<meta name=\"twitter:data1\" content=\"1 minuto\" \/>\n<script type=\"application\/ld+json\" class=\"yoast-schema-graph\">{\"@context\":\"https:\/\/schema.org\",\"@graph\":[{\"@type\":\"WebPage\",\"@id\":\"https:\/\/optimalbiolabs.com\/contact-us\/\",\"url\":\"https:\/\/optimalbiolabs.com\/contact-us\/\",\"name\":\"Contact Us Support & Inquiries for Research Professionals\",\"isPartOf\":{\"@id\":\"https:\/\/optimalbiolabs.com\/#website\"},\"datePublished\":\"2025-10-30T19:02:08+00:00\",\"dateModified\":\"2026-04-03T21:00:01+00:00\",\"description\":\"Get expert assistance with your laboratory orders and technical inquiries. Contact Optimal Bio Labs for support regarding our research-grade compounds.\",\"breadcrumb\":{\"@id\":\"https:\/\/optimalbiolabs.com\/contact-us\/#breadcrumb\"},\"inLanguage\":\"es\",\"potentialAction\":[{\"@type\":\"ReadAction\",\"target\":[\"https:\/\/optimalbiolabs.com\/contact-us\/\"]}]},{\"@type\":\"BreadcrumbList\",\"@id\":\"https:\/\/optimalbiolabs.com\/contact-us\/#breadcrumb\",\"itemListElement\":[{\"@type\":\"ListItem\",\"position\":1,\"name\":\"Home\",\"item\":\"https:\/\/optimalbiolabs.com\/\"},{\"@type\":\"ListItem\",\"position\":2,\"name\":\"Contact Us\"}]},{\"@type\":\"WebSite\",\"@id\":\"https:\/\/optimalbiolabs.com\/#website\",\"url\":\"https:\/\/optimalbiolabs.com\/\",\"name\":\"Optimal Bio Labs LLC\",\"description\":\"Premium US-based research compounds. Third-party verified for 99% purity. High-grade laboratory supplies you can trust. Proudly owned and operated in the USA\",\"publisher\":{\"@id\":\"https:\/\/optimalbiolabs.com\/#organization\"},\"alternateName\":\"Optimal Bio Labs\",\"potentialAction\":[{\"@type\":\"SearchAction\",\"target\":{\"@type\":\"EntryPoint\",\"urlTemplate\":\"https:\/\/optimalbiolabs.com\/?s={search_term_string}\"},\"query-input\":{\"@type\":\"PropertyValueSpecification\",\"valueRequired\":true,\"valueName\":\"search_term_string\"}}],\"inLanguage\":\"es\"},{\"@type\":\"Organization\",\"@id\":\"https:\/\/optimalbiolabs.com\/#organization\",\"name\":\"Optimal Bio Labs LLC\",\"url\":\"https:\/\/optimalbiolabs.com\/\",\"logo\":{\"@type\":\"ImageObject\",\"inLanguage\":\"es\",\"@id\":\"https:\/\/optimalbiolabs.com\/#\/schema\/logo\/image\/\",\"url\":\"https:\/\/optimalbiolabs.com\/wp-content\/uploads\/2025\/12\/BIO-LABS.png\",\"contentUrl\":\"https:\/\/optimalbiolabs.com\/wp-content\/uploads\/2025\/12\/BIO-LABS.png\",\"width\":720,\"height\":720,\"caption\":\"Optimal Bio Labs LLC\"},\"image\":{\"@id\":\"https:\/\/optimalbiolabs.com\/#\/schema\/logo\/image\/\"}}]}<\/script>\n<!-- \/ Yoast SEO plugin. -->","yoast_head_json":{"title":"Contact Us Support & Inquiries for Research Professionals","description":"Get expert assistance with your laboratory orders and technical inquiries. Contact Optimal Bio Labs for support regarding our research-grade compounds.","robots":{"index":"index","follow":"follow","max-snippet":"max-snippet:-1","max-image-preview":"max-image-preview:large","max-video-preview":"max-video-preview:-1"},"canonical":"https:\/\/optimalbiolabs.com\/es\/contact-us\/","og_locale":"es_MX","og_type":"article","og_title":"Contact Optimal Bio Labs","og_description":"Contact Optimal Bio Labs for general inquiries, support questions, or information related to our website and research-use-only offerings","og_url":"https:\/\/optimalbiolabs.com\/es\/contact-us\/","og_site_name":"Optimal Bio Labs LLC","article_modified_time":"2026-04-03T21:00:01+00:00","og_image":[{"width":1200,"height":630,"url":"https:\/\/optimalbiolabs.com\/wp-content\/uploads\/2026\/01\/15.png","type":"image\/png"}],"twitter_card":"summary_large_image","twitter_title":"Contact Optimal Bio Labs","twitter_description":"Contact Optimal Bio Labs for general inquiries, support questions, or information related to our website and research-use-only offerings","twitter_image":"https:\/\/optimalbiolabs.com\/wp-content\/uploads\/2026\/01\/15.png","twitter_misc":{"Tiempo de lectura":"1 minuto"},"schema":{"@context":"https:\/\/schema.org","@graph":[{"@type":"WebPage","@id":"https:\/\/optimalbiolabs.com\/contact-us\/","url":"https:\/\/optimalbiolabs.com\/contact-us\/","name":"Contact Us Support & Inquiries for Research Professionals","isPartOf":{"@id":"https:\/\/optimalbiolabs.com\/#website"},"datePublished":"2025-10-30T19:02:08+00:00","dateModified":"2026-04-03T21:00:01+00:00","description":"Get expert assistance with your laboratory orders and technical inquiries. Contact Optimal Bio Labs for support regarding our research-grade compounds.","breadcrumb":{"@id":"https:\/\/optimalbiolabs.com\/contact-us\/#breadcrumb"},"inLanguage":"es","potentialAction":[{"@type":"ReadAction","target":["https:\/\/optimalbiolabs.com\/contact-us\/"]}]},{"@type":"BreadcrumbList","@id":"https:\/\/optimalbiolabs.com\/contact-us\/#breadcrumb","itemListElement":[{"@type":"ListItem","position":1,"name":"Home","item":"https:\/\/optimalbiolabs.com\/"},{"@type":"ListItem","position":2,"name":"Contact Us"}]},{"@type":"WebSite","@id":"https:\/\/optimalbiolabs.com\/#website","url":"https:\/\/optimalbiolabs.com\/","name":"Laboratorios Biol\u00f3gicos \u00d3ptimos LLC","description":"Compuestos de investigaci\u00f3n de primera calidad fabricados en EE. UU. Pureza 99% verificada por terceros. Suministros de laboratorio de alta calidad en los que puede confiar. Empresa orgullosamente estadounidense.","publisher":{"@id":"https:\/\/optimalbiolabs.com\/#organization"},"alternateName":"Optimal Bio Labs","potentialAction":[{"@type":"SearchAction","target":{"@type":"EntryPoint","urlTemplate":"https:\/\/optimalbiolabs.com\/?s={search_term_string}"},"query-input":{"@type":"PropertyValueSpecification","valueRequired":true,"valueName":"search_term_string"}}],"inLanguage":"es"},{"@type":"Organization","@id":"https:\/\/optimalbiolabs.com\/#organization","name":"Laboratorios Biol\u00f3gicos \u00d3ptimos LLC","url":"https:\/\/optimalbiolabs.com\/","logo":{"@type":"ImageObject","inLanguage":"es","@id":"https:\/\/optimalbiolabs.com\/#\/schema\/logo\/image\/","url":"https:\/\/optimalbiolabs.com\/wp-content\/uploads\/2025\/12\/BIO-LABS.png","contentUrl":"https:\/\/optimalbiolabs.com\/wp-content\/uploads\/2025\/12\/BIO-LABS.png","width":720,"height":720,"caption":"Optimal Bio Labs LLC"},"image":{"@id":"https:\/\/optimalbiolabs.com\/#\/schema\/logo\/image\/"}}]}},"_hostinger_reach_plugin_has_subscription_block":false,"_hostinger_reach_plugin_is_elementor":false,"jetpack_sharing_enabled":true,"_links":{"self":[{"href":"https:\/\/optimalbiolabs.com\/es\/wp-json\/wp\/v2\/pages\/41","targetHints":{"allow":["GET"]}}],"collection":[{"href":"https:\/\/optimalbiolabs.com\/es\/wp-json\/wp\/v2\/pages"}],"about":[{"href":"https:\/\/optimalbiolabs.com\/es\/wp-json\/wp\/v2\/types\/page"}],"author":[{"embeddable":true,"href":"https:\/\/optimalbiolabs.com\/es\/wp-json\/wp\/v2\/users\/1"}],"replies":[{"embeddable":true,"href":"https:\/\/optimalbiolabs.com\/es\/wp-json\/wp\/v2\/comments?post=41"}],"version-history":[{"count":36,"href":"https:\/\/optimalbiolabs.com\/es\/wp-json\/wp\/v2\/pages\/41\/revisions"}],"predecessor-version":[{"id":3435,"href":"https:\/\/optimalbiolabs.com\/es\/wp-json\/wp\/v2\/pages\/41\/revisions\/3435"}],"wp:attachment":[{"href":"https:\/\/optimalbiolabs.com\/es\/wp-json\/wp\/v2\/media?parent=41"}],"curies":[{"name":"wp","href":"https:\/\/api.w.org\/{rel}","templated":true}]}}