{"id":2837,"date":"2026-01-29T16:43:28","date_gmt":"2026-01-30T00:43:28","guid":{"rendered":"https:\/\/optimalbiolabs.com\/?page_id=2837"},"modified":"2026-03-20T21:58:08","modified_gmt":"2026-03-21T04:58:08","slug":"sterile-water","status":"publish","type":"page","link":"https:\/\/optimalbiolabs.com\/es\/sterile-water\/","title":{"rendered":"Agua est\u00e9ril"},"content":{"rendered":"\t\t<div data-elementor-type=\"wp-page\" data-elementor-id=\"2837\" class=\"elementor elementor-2837\" wpc-filter-elementor-widget=\"1\" data-elementor-post-type=\"page\">\n\t\t\t\t<div class=\"elementor-element elementor-element-295485a e-flex e-con-boxed e-con e-parent\" data-id=\"295485a\" data-element_type=\"container\" data-e-type=\"container\">\n\t\t\t\t\t<div class=\"e-con-inner\">\n\t\t\t\t<div class=\"elementor-element elementor-element-99873f5 elementor-widget elementor-widget-heading\" data-id=\"99873f5\" data-element_type=\"widget\" data-e-type=\"widget\" data-widget_type=\"heading.default\">\n\t\t\t\t\t<h2 class=\"elementor-heading-title elementor-size-default\">Spring Sale: Use Code \u2014 Save 15%\u201330%                                                                                   <br>                       $100+: SPRING15 | $200+: SPRING20 | $300+: SPRING30<\/h2>\t\t\t\t<\/div>\n\t\t<div class=\"elementor-element elementor-element-07494c5 e-con-full e-flex e-con e-child\" data-id=\"07494c5\" data-element_type=\"container\" data-e-type=\"container\">\n\t\t\t\t<div class=\"elementor-element elementor-element-14dc646 elementor-widget elementor-widget-heading\" data-id=\"14dc646\" data-element_type=\"widget\" data-e-type=\"widget\" data-widget_type=\"heading.default\">\n\t\t\t\t\t<h2 class=\"elementor-heading-title elementor-size-default\">Sterile Water<\/h2>\t\t\t\t<\/div>\n\t\t\t\t<\/div>\n\t\t\t\t<div class=\"elementor-element elementor-element-8e9de1f elementor-product-loop-item--align-left elementor-grid-4 elementor-grid-tablet-3 elementor-grid-mobile-2 elementor-products-grid elementor-wc-products elementor-show-pagination-border-yes elementor-widget elementor-widget-woocommerce-products\" data-id=\"8e9de1f\" data-element_type=\"widget\" data-e-type=\"widget\" data-widget_type=\"woocommerce-products.default\">\n\t\t\t\t<div class=\"elementor-widget-container\">\n\t\t\t\t\t<div class=\"woocommerce columns-4 \"><div class=\"woocommerce-notices-wrapper\"><\/div><p class=\"woocommerce-result-count\" role=\"alert\" aria-relevant=\"all\" >\n\tMostrando todos los resultados de 5<\/p>\n<form class=\"woocommerce-ordering\" method=\"get\">\n\t\t<select\n\t\tname=\"orderby\"\n\t\tclass=\"orderby\"\n\t\t\t\t\taria-label=\"Pedido de la tienda\"\n\t\t\t>\n\t\t\t\t\t<option value=\"menu_order\"  selected='selected'>Ordenaci\u00f3n predeterminada<\/option>\n\t\t\t\t\t<option value=\"popularity\" >Ordenar por popularidad<\/option>\n\t\t\t\t\t<option value=\"date\" >Ordenar por fecha de publicaci\u00f3n<\/option>\n\t\t\t\t\t<option value=\"price\" >Ordenar por precio: de menor a mayor<\/option>\n\t\t\t\t\t<option value=\"price-desc\" >Ordenar por precio: de mayor a menor<\/option>\n\t\t\t<\/select>\n\t<input type=\"hidden\" name=\"paged\" value=\"1\" \/>\n\t<\/form>\n<ul class=\"products elementor-grid columns-4\">\n<li class=\"product type-product post-2822 status-publish first instock product_cat-sterile-water product_tag-laboratory-diluent product_tag-research-materials product_tag-sterile-solutions has-post-thumbnail featured taxable shipping-taxable purchasable product-type-simple\">\n\t<a href=\"https:\/\/optimalbiolabs.com\/es\/product\/bacteriostatic-water-10ml\/\" class=\"woocommerce-LoopProduct-link woocommerce-loop-product__link\"><img fetchpriority=\"high\" decoding=\"async\" width=\"300\" height=\"300\" src=\"https:\/\/optimalbiolabs.com\/wp-content\/uploads\/2026\/01\/57-300x300.jpg\" class=\"attachment-woocommerce_thumbnail size-woocommerce_thumbnail\" alt=\"Bacteriostatic Water 10ml Research Vial\" srcset=\"https:\/\/optimalbiolabs.com\/wp-content\/uploads\/2026\/01\/57-300x300.jpg 300w, https:\/\/optimalbiolabs.com\/wp-content\/uploads\/2026\/01\/57-150x150.jpg 150w, https:\/\/optimalbiolabs.com\/wp-content\/uploads\/2026\/01\/57-100x100.jpg 100w\" sizes=\"(max-width: 300px) 100vw, 300px\" \/><h2 class=\"woocommerce-loop-product__title\">Bacteriostatic Water 10ml 0.9% Benzyl Alcohol (Research Only)<\/h2>\n\t<span class=\"price\"><span class=\"woocommerce-Price-amount amount\"><bdi><span class=\"woocommerce-Price-currencySymbol\">&#36;<\/span>11.00<\/bdi><\/span><\/span>\n<\/a><div class=\"woocommerce-loop-product__buttons\"><a href=\"\/es\/wp-json\/wp\/v2\/pages\/2837?add-to-cart=2822\" aria-describedby=\"woocommerce_loop_add_to_cart_link_describedby_2822\" data-quantity=\"1\" class=\"button product_type_simple add_to_cart_button ajax_add_to_cart\" data-product_id=\"2822\" data-product_sku=\"BWBA-10\" aria-label=\"A\u00f1adir al carrito: \u201cBacteriostatic Water 10ml 0.9% Benzyl Alcohol (Research Only)\u201d\" rel=\"nofollow\" data-success_message=\"\u201cBacteriostatic Water 10ml 0.9% Benzyl Alcohol (Research Only)\u201d se ha a\u00f1adido a su carrito.\" role=\"button\">A\u00f1adir a la cesta<\/a><\/div>\t<span id=\"woocommerce_loop_add_to_cart_link_describedby_2822\" class=\"screen-reader-text\">\n\t\t\t<\/span>\n<\/li>\n<li class=\"product type-product post-2819 status-publish instock product_cat-sterile-water product_tag-laboratory-diluent product_tag-research-materials product_tag-sterile-solutions has-post-thumbnail featured taxable shipping-taxable purchasable product-type-simple\">\n\t<a href=\"https:\/\/optimalbiolabs.com\/es\/product\/bacteriostatic-water-3ml\/\" class=\"woocommerce-LoopProduct-link woocommerce-loop-product__link\"><img decoding=\"async\" width=\"300\" height=\"300\" src=\"https:\/\/optimalbiolabs.com\/wp-content\/uploads\/2026\/01\/58-300x300.jpg\" class=\"attachment-woocommerce_thumbnail size-woocommerce_thumbnail\" alt=\"Bacteriostatic Water 3ml Research Vial\" srcset=\"https:\/\/optimalbiolabs.com\/wp-content\/uploads\/2026\/01\/58-300x300.jpg 300w, https:\/\/optimalbiolabs.com\/wp-content\/uploads\/2026\/01\/58-150x150.jpg 150w, https:\/\/optimalbiolabs.com\/wp-content\/uploads\/2026\/01\/58-100x100.jpg 100w\" sizes=\"(max-width: 300px) 100vw, 300px\" \/><h2 class=\"woocommerce-loop-product__title\">Bacteriostatic Water 3ml 0.9% Benzyl Alcohol (Research Only)<\/h2>\n\t<span class=\"price\"><span class=\"woocommerce-Price-amount amount\"><bdi><span class=\"woocommerce-Price-currencySymbol\">&#36;<\/span>7.00<\/bdi><\/span><\/span>\n<\/a><div class=\"woocommerce-loop-product__buttons\"><a href=\"\/es\/wp-json\/wp\/v2\/pages\/2837?add-to-cart=2819\" aria-describedby=\"woocommerce_loop_add_to_cart_link_describedby_2819\" data-quantity=\"1\" class=\"button product_type_simple add_to_cart_button ajax_add_to_cart\" data-product_id=\"2819\" data-product_sku=\"BWBA-3\" aria-label=\"A\u00f1adir al carrito: \u201cBacteriostatic Water 3ml 0.9% Benzyl Alcohol (Research Only)\u201d\" rel=\"nofollow\" data-success_message=\"\u201cBacteriostatic Water 3ml 0.9% Benzyl Alcohol (Research Only)\u201d se ha a\u00f1adido a su carrito.\" role=\"button\">A\u00f1adir a la cesta<\/a><\/div>\t<span id=\"woocommerce_loop_add_to_cart_link_describedby_2819\" class=\"screen-reader-text\">\n\t\t\t<\/span>\n<\/li>\n<li class=\"product type-product post-988 status-publish instock product_cat-sterile-water product_cat-x-feed-sales product_tag-hospira product_tag-laboratory-diluent product_tag-research-materials product_tag-sterile-solutions has-post-thumbnail featured taxable shipping-taxable purchasable product-type-simple\">\n\t<a href=\"https:\/\/optimalbiolabs.com\/es\/product\/hospira-bacteriostatic-water-9-benzyl-alcohol\/\" class=\"woocommerce-LoopProduct-link woocommerce-loop-product__link\"><img decoding=\"async\" width=\"300\" height=\"300\" src=\"https:\/\/optimalbiolabs.com\/wp-content\/uploads\/2025\/11\/1-1-300x300.jpg\" class=\"attachment-woocommerce_thumbnail size-woocommerce_thumbnail\" alt=\"Hospira Bacteriostatic Water 30ml\" srcset=\"https:\/\/optimalbiolabs.com\/wp-content\/uploads\/2025\/11\/1-1-300x300.jpg 300w, https:\/\/optimalbiolabs.com\/wp-content\/uploads\/2025\/11\/1-1-150x150.jpg 150w, https:\/\/optimalbiolabs.com\/wp-content\/uploads\/2025\/11\/1-1-100x100.jpg 100w\" sizes=\"(max-width: 300px) 100vw, 300px\" \/><h2 class=\"woocommerce-loop-product__title\">HOSPIRA Bacteriostatic Water .9% Benzyl Alcohol (Research Only)<\/h2>\n\t<span class=\"price\"><span class=\"woocommerce-Price-amount amount\"><bdi><span class=\"woocommerce-Price-currencySymbol\">&#36;<\/span>23.00<\/bdi><\/span><\/span>\n<\/a><div class=\"woocommerce-loop-product__buttons\"><a href=\"\/es\/wp-json\/wp\/v2\/pages\/2837?add-to-cart=988\" aria-describedby=\"woocommerce_loop_add_to_cart_link_describedby_988\" data-quantity=\"1\" class=\"button product_type_simple add_to_cart_button ajax_add_to_cart\" data-product_id=\"988\" data-product_sku=\"HOS30\" aria-label=\"A\u00f1adir al carrito: \u201cHOSPIRA Bacteriostatic Water .9% Benzyl Alcohol (Research Only)\u201d\" rel=\"nofollow\" data-success_message=\"\u201cHOSPIRA Bacteriostatic Water .9% Benzyl Alcohol (Research Only)\u201d se ha a\u00f1adido a su carrito.\" role=\"button\">A\u00f1adir a la cesta<\/a><\/div>\t<span id=\"woocommerce_loop_add_to_cart_link_describedby_988\" class=\"screen-reader-text\">\n\t\t\t<\/span>\n<\/li>\n<li class=\"product type-product post-2826 status-publish last instock product_cat-sterile-water product_tag-laboratory-diluent product_tag-research-materials product_tag-sterile-solutions has-post-thumbnail taxable shipping-taxable purchasable product-type-simple\">\n\t<a href=\"https:\/\/optimalbiolabs.com\/es\/product\/reconstitution-solution-10ml\/\" class=\"woocommerce-LoopProduct-link woocommerce-loop-product__link\"><img loading=\"lazy\" decoding=\"async\" width=\"300\" height=\"300\" src=\"https:\/\/optimalbiolabs.com\/wp-content\/uploads\/2026\/01\/56-300x300.jpg\" class=\"attachment-woocommerce_thumbnail size-woocommerce_thumbnail\" alt=\"Reconstitution Solution 10ml Research Vial\" srcset=\"https:\/\/optimalbiolabs.com\/wp-content\/uploads\/2026\/01\/56-300x300.jpg 300w, https:\/\/optimalbiolabs.com\/wp-content\/uploads\/2026\/01\/56-150x150.jpg 150w, https:\/\/optimalbiolabs.com\/wp-content\/uploads\/2026\/01\/56-100x100.jpg 100w\" sizes=\"(max-width: 300px) 100vw, 300px\" \/><h2 class=\"woocommerce-loop-product__title\">Reconstitution Solution 10ml (Research Only)<\/h2>\n\t<span class=\"price\"><span class=\"woocommerce-Price-amount amount\"><bdi><span class=\"woocommerce-Price-currencySymbol\">&#36;<\/span>8.00<\/bdi><\/span><\/span>\n<\/a><div class=\"woocommerce-loop-product__buttons\"><a href=\"\/es\/wp-json\/wp\/v2\/pages\/2837?add-to-cart=2826\" aria-describedby=\"woocommerce_loop_add_to_cart_link_describedby_2826\" data-quantity=\"1\" class=\"button product_type_simple add_to_cart_button ajax_add_to_cart\" data-product_id=\"2826\" data-product_sku=\"RECON-10\" aria-label=\"A\u00f1adir al carrito: \u201cReconstitution Solution 10ml (Research Only)\u201d\" rel=\"nofollow\" data-success_message=\"\u201cReconstitution Solution 10ml (Research Only)\u201d se ha a\u00f1adido a su carrito.\" role=\"button\">A\u00f1adir a la cesta<\/a><\/div>\t<span id=\"woocommerce_loop_add_to_cart_link_describedby_2826\" class=\"screen-reader-text\">\n\t\t\t<\/span>\n<\/li>\n<li class=\"product type-product post-2823 status-publish first instock product_cat-sterile-water product_tag-laboratory-diluent product_tag-research-materials product_tag-sterile-solutions has-post-thumbnail featured taxable shipping-taxable purchasable product-type-simple\">\n\t<a href=\"https:\/\/optimalbiolabs.com\/es\/product\/reconstitution-solution-3ml\/\" class=\"woocommerce-LoopProduct-link woocommerce-loop-product__link\"><img loading=\"lazy\" decoding=\"async\" width=\"300\" height=\"300\" src=\"https:\/\/optimalbiolabs.com\/wp-content\/uploads\/2026\/01\/55-300x300.jpg\" class=\"attachment-woocommerce_thumbnail size-woocommerce_thumbnail\" alt=\"Reconstitution Solution 3ml Research Vial\" srcset=\"https:\/\/optimalbiolabs.com\/wp-content\/uploads\/2026\/01\/55-300x300.jpg 300w, https:\/\/optimalbiolabs.com\/wp-content\/uploads\/2026\/01\/55-150x150.jpg 150w, https:\/\/optimalbiolabs.com\/wp-content\/uploads\/2026\/01\/55-100x100.jpg 100w\" sizes=\"(max-width: 300px) 100vw, 300px\" \/><h2 class=\"woocommerce-loop-product__title\">Reconstitution Solution 3ml (Research Only)<\/h2>\n\t<span class=\"price\"><span class=\"woocommerce-Price-amount amount\"><bdi><span class=\"woocommerce-Price-currencySymbol\">&#36;<\/span>5.00<\/bdi><\/span><\/span>\n<\/a><div class=\"woocommerce-loop-product__buttons\"><a href=\"\/es\/wp-json\/wp\/v2\/pages\/2837?add-to-cart=2823\" aria-describedby=\"woocommerce_loop_add_to_cart_link_describedby_2823\" data-quantity=\"1\" class=\"button product_type_simple add_to_cart_button ajax_add_to_cart\" data-product_id=\"2823\" data-product_sku=\"RECON-3\" aria-label=\"A\u00f1adir al carrito: \u201cReconstitution Solution 3ml (Research Only)\u201d\" rel=\"nofollow\" data-success_message=\"\u201cReconstitution Solution 3ml (Research Only)\u201d se ha a\u00f1adido a su carrito.\" role=\"button\">A\u00f1adir a la cesta<\/a><\/div>\t<span id=\"woocommerce_loop_add_to_cart_link_describedby_2823\" class=\"screen-reader-text\">\n\t\t\t<\/span>\n<\/li>\n<\/ul>\n<\/div>\t\t\t\t<\/div>\n\t\t\t\t<\/div>\n\t\t\t\t\t<\/div>\n\t\t\t\t<\/div>\n\t\t<div class=\"elementor-element elementor-element-a73d184 e-flex e-con-boxed e-con e-parent\" data-id=\"a73d184\" data-element_type=\"container\" data-e-type=\"container\">\n\t\t\t\t\t<div class=\"e-con-inner\">\n\t\t<div class=\"elementor-element elementor-element-b3698bf e-con-full e-flex elementor-invisible e-con e-child\" data-id=\"b3698bf\" data-element_type=\"container\" data-e-type=\"container\" data-settings=\"{&quot;background_background&quot;:&quot;classic&quot;,&quot;animation&quot;:&quot;fadeInDown&quot;,&quot;sticky&quot;:&quot;top&quot;,&quot;sticky_on&quot;:[&quot;desktop&quot;,&quot;tablet&quot;,&quot;mobile&quot;],&quot;sticky_offset&quot;:0,&quot;sticky_effects_offset&quot;:0,&quot;sticky_anchor_link_offset&quot;:0}\">\n\t\t\t\t<div class=\"elementor-element elementor-element-83a63f6 elementor-widget elementor-widget-heading\" data-id=\"83a63f6\" data-element_type=\"widget\" data-e-type=\"widget\" data-widget_type=\"heading.default\">\n\t\t\t\t\t<h2 class=\"elementor-heading-title elementor-size-default\">Join Our Research Referral Ambassador Program \u2014 Earn Up to 40% Off<\/h2>\t\t\t\t<\/div>\n\t\t\t\t<div class=\"elementor-element elementor-element-fc4d779 elementor-widget elementor-widget-button\" data-id=\"fc4d779\" data-element_type=\"widget\" data-e-type=\"widget\" data-widget_type=\"button.default\">\n\t\t\t\t\t\t\t\t\t\t<a class=\"elementor-button elementor-button-link elementor-size-sm\" href=\"https:\/\/optimalbiolabs.com\/ambassador\/\">\n\t\t\t\t\t\t<span class=\"elementor-button-content-wrapper\">\n\t\t\t\t\t\t\t\t\t<span class=\"elementor-button-text\">How it works<\/span>\n\t\t\t\t\t<\/span>\n\t\t\t\t\t<\/a>\n\t\t\t\t\t\t\t\t<\/div>\n\t\t\t\t<\/div>\n\t\t\t\t\t<\/div>\n\t\t\t\t<\/div>\n\t\t\t\t<\/div>\n\t\t","protected":false},"excerpt":{"rendered":"<p>Spring Sale: Use Code \u2014 Save 15%\u201330% $100+: SPRING15 | $200+: SPRING20 | $300+: SPRING30 Sterile Water Join Our Research Referral Ambassador Program \u2014 Earn Up to 40% Off How it works<\/p>","protected":false},"author":2,"featured_media":0,"parent":0,"menu_order":0,"comment_status":"closed","ping_status":"closed","template":"elementor_header_footer","meta":{"_acf_changed":false,"footnotes":""},"class_list":["post-2837","page","type-page","status-publish","hentry"],"acf":[],"yoast_head":"<!-- This site is optimized with the Yoast SEO plugin v27.2 - https:\/\/yoast.com\/product\/yoast-seo-wordpress\/ -->\n<title>Sterile Water - Optimal Bio Labs LLC<\/title>\n<meta name=\"description\" content=\"Sterile and bacteriostatic water for research reconstitution. High-quality diluents designed for laboratory use and precise preparation of compounds.\" \/>\n<meta name=\"robots\" content=\"index, follow, max-snippet:-1, max-image-preview:large, max-video-preview:-1\" \/>\n<link rel=\"canonical\" href=\"https:\/\/optimalbiolabs.com\/es\/sterile-water\/\" \/>\n<meta property=\"og:locale\" content=\"es_MX\" \/>\n<meta property=\"og:type\" content=\"article\" \/>\n<meta property=\"og:title\" content=\"Sterile Water - Optimal Bio Labs LLC\" \/>\n<meta property=\"og:description\" content=\"Sterile and bacteriostatic water for research reconstitution. High-quality diluents designed for laboratory use and precise preparation of compounds.\" \/>\n<meta property=\"og:url\" content=\"https:\/\/optimalbiolabs.com\/es\/sterile-water\/\" \/>\n<meta property=\"og:site_name\" content=\"Optimal Bio Labs LLC\" \/>\n<meta property=\"article:modified_time\" content=\"2026-03-21T04:58:08+00:00\" \/>\n<meta property=\"og:image\" content=\"https:\/\/optimalbiolabs.com\/wp-content\/uploads\/2026\/03\/OBL-Logos-41-2700x900-1200-x-675-px.jpg\" \/>\n\t<meta property=\"og:image:width\" content=\"1200\" \/>\n\t<meta property=\"og:image:height\" content=\"675\" \/>\n\t<meta property=\"og:image:type\" content=\"image\/jpeg\" \/>\n<meta name=\"twitter:card\" content=\"summary_large_image\" \/>\n<meta name=\"twitter:label1\" content=\"Tiempo de lectura\" \/>\n\t<meta name=\"twitter:data1\" content=\"2 minutos\" \/>\n<script type=\"application\/ld+json\" class=\"yoast-schema-graph\">{\"@context\":\"https:\/\/schema.org\",\"@graph\":[{\"@type\":\"WebPage\",\"@id\":\"https:\/\/optimalbiolabs.com\/sterile-water\/\",\"url\":\"https:\/\/optimalbiolabs.com\/sterile-water\/\",\"name\":\"Sterile Water - Optimal Bio Labs LLC\",\"isPartOf\":{\"@id\":\"https:\/\/optimalbiolabs.com\/#website\"},\"datePublished\":\"2026-01-30T00:43:28+00:00\",\"dateModified\":\"2026-03-21T04:58:08+00:00\",\"description\":\"Sterile and bacteriostatic water for research reconstitution. High-quality diluents designed for laboratory use and precise preparation of compounds.\",\"breadcrumb\":{\"@id\":\"https:\/\/optimalbiolabs.com\/sterile-water\/#breadcrumb\"},\"inLanguage\":\"es\",\"potentialAction\":[{\"@type\":\"ReadAction\",\"target\":[\"https:\/\/optimalbiolabs.com\/sterile-water\/\"]}]},{\"@type\":\"BreadcrumbList\",\"@id\":\"https:\/\/optimalbiolabs.com\/sterile-water\/#breadcrumb\",\"itemListElement\":[{\"@type\":\"ListItem\",\"position\":1,\"name\":\"Home\",\"item\":\"https:\/\/optimalbiolabs.com\/\"},{\"@type\":\"ListItem\",\"position\":2,\"name\":\"Sterile Water\"}]},{\"@type\":\"WebSite\",\"@id\":\"https:\/\/optimalbiolabs.com\/#website\",\"url\":\"https:\/\/optimalbiolabs.com\/\",\"name\":\"Optimal Bio Labs LLC\",\"description\":\"Premium US-based research compounds. Third-party verified for 99% purity. High-grade laboratory supplies you can trust. Proudly owned and operated in the USA\",\"publisher\":{\"@id\":\"https:\/\/optimalbiolabs.com\/#organization\"},\"alternateName\":\"Optimal Bio Labs\",\"potentialAction\":[{\"@type\":\"SearchAction\",\"target\":{\"@type\":\"EntryPoint\",\"urlTemplate\":\"https:\/\/optimalbiolabs.com\/?s={search_term_string}\"},\"query-input\":{\"@type\":\"PropertyValueSpecification\",\"valueRequired\":true,\"valueName\":\"search_term_string\"}}],\"inLanguage\":\"es\"},{\"@type\":\"Organization\",\"@id\":\"https:\/\/optimalbiolabs.com\/#organization\",\"name\":\"Optimal Bio Labs LLC\",\"url\":\"https:\/\/optimalbiolabs.com\/\",\"logo\":{\"@type\":\"ImageObject\",\"inLanguage\":\"es\",\"@id\":\"https:\/\/optimalbiolabs.com\/#\/schema\/logo\/image\/\",\"url\":\"https:\/\/optimalbiolabs.com\/wp-content\/uploads\/2025\/12\/BIO-LABS.png\",\"contentUrl\":\"https:\/\/optimalbiolabs.com\/wp-content\/uploads\/2025\/12\/BIO-LABS.png\",\"width\":720,\"height\":720,\"caption\":\"Optimal Bio Labs LLC\"},\"image\":{\"@id\":\"https:\/\/optimalbiolabs.com\/#\/schema\/logo\/image\/\"}}]}<\/script>\n<!-- \/ Yoast SEO plugin. -->","yoast_head_json":{"title":"Sterile Water - Optimal Bio Labs LLC","description":"Sterile and bacteriostatic water for research reconstitution. High-quality diluents designed for laboratory use and precise preparation of compounds.","robots":{"index":"index","follow":"follow","max-snippet":"max-snippet:-1","max-image-preview":"max-image-preview:large","max-video-preview":"max-video-preview:-1"},"canonical":"https:\/\/optimalbiolabs.com\/es\/sterile-water\/","og_locale":"es_MX","og_type":"article","og_title":"Sterile Water - Optimal Bio Labs LLC","og_description":"Sterile and bacteriostatic water for research reconstitution. High-quality diluents designed for laboratory use and precise preparation of compounds.","og_url":"https:\/\/optimalbiolabs.com\/es\/sterile-water\/","og_site_name":"Optimal Bio Labs LLC","article_modified_time":"2026-03-21T04:58:08+00:00","og_image":[{"width":1200,"height":675,"url":"https:\/\/optimalbiolabs.com\/wp-content\/uploads\/2026\/03\/OBL-Logos-41-2700x900-1200-x-675-px.jpg","type":"image\/jpeg"}],"twitter_card":"summary_large_image","twitter_misc":{"Tiempo de lectura":"2 minutos"},"schema":{"@context":"https:\/\/schema.org","@graph":[{"@type":"WebPage","@id":"https:\/\/optimalbiolabs.com\/sterile-water\/","url":"https:\/\/optimalbiolabs.com\/sterile-water\/","name":"Sterile Water - Optimal Bio Labs LLC","isPartOf":{"@id":"https:\/\/optimalbiolabs.com\/#website"},"datePublished":"2026-01-30T00:43:28+00:00","dateModified":"2026-03-21T04:58:08+00:00","description":"Sterile and bacteriostatic water for research reconstitution. High-quality diluents designed for laboratory use and precise preparation of compounds.","breadcrumb":{"@id":"https:\/\/optimalbiolabs.com\/sterile-water\/#breadcrumb"},"inLanguage":"es","potentialAction":[{"@type":"ReadAction","target":["https:\/\/optimalbiolabs.com\/sterile-water\/"]}]},{"@type":"BreadcrumbList","@id":"https:\/\/optimalbiolabs.com\/sterile-water\/#breadcrumb","itemListElement":[{"@type":"ListItem","position":1,"name":"Home","item":"https:\/\/optimalbiolabs.com\/"},{"@type":"ListItem","position":2,"name":"Sterile Water"}]},{"@type":"WebSite","@id":"https:\/\/optimalbiolabs.com\/#website","url":"https:\/\/optimalbiolabs.com\/","name":"Laboratorios Biol\u00f3gicos \u00d3ptimos LLC","description":"Compuestos de investigaci\u00f3n de primera calidad fabricados en EE. UU. Pureza 99% verificada por terceros. Suministros de laboratorio de alta calidad en los que puede confiar. Empresa orgullosamente estadounidense.","publisher":{"@id":"https:\/\/optimalbiolabs.com\/#organization"},"alternateName":"Optimal Bio Labs","potentialAction":[{"@type":"SearchAction","target":{"@type":"EntryPoint","urlTemplate":"https:\/\/optimalbiolabs.com\/?s={search_term_string}"},"query-input":{"@type":"PropertyValueSpecification","valueRequired":true,"valueName":"search_term_string"}}],"inLanguage":"es"},{"@type":"Organization","@id":"https:\/\/optimalbiolabs.com\/#organization","name":"Laboratorios Biol\u00f3gicos \u00d3ptimos LLC","url":"https:\/\/optimalbiolabs.com\/","logo":{"@type":"ImageObject","inLanguage":"es","@id":"https:\/\/optimalbiolabs.com\/#\/schema\/logo\/image\/","url":"https:\/\/optimalbiolabs.com\/wp-content\/uploads\/2025\/12\/BIO-LABS.png","contentUrl":"https:\/\/optimalbiolabs.com\/wp-content\/uploads\/2025\/12\/BIO-LABS.png","width":720,"height":720,"caption":"Optimal Bio Labs LLC"},"image":{"@id":"https:\/\/optimalbiolabs.com\/#\/schema\/logo\/image\/"}}]}},"_hostinger_reach_plugin_has_subscription_block":false,"_hostinger_reach_plugin_is_elementor":false,"jetpack_sharing_enabled":true,"_links":{"self":[{"href":"https:\/\/optimalbiolabs.com\/es\/wp-json\/wp\/v2\/pages\/2837","targetHints":{"allow":["GET"]}}],"collection":[{"href":"https:\/\/optimalbiolabs.com\/es\/wp-json\/wp\/v2\/pages"}],"about":[{"href":"https:\/\/optimalbiolabs.com\/es\/wp-json\/wp\/v2\/types\/page"}],"author":[{"embeddable":true,"href":"https:\/\/optimalbiolabs.com\/es\/wp-json\/wp\/v2\/users\/2"}],"replies":[{"embeddable":true,"href":"https:\/\/optimalbiolabs.com\/es\/wp-json\/wp\/v2\/comments?post=2837"}],"version-history":[{"count":32,"href":"https:\/\/optimalbiolabs.com\/es\/wp-json\/wp\/v2\/pages\/2837\/revisions"}],"predecessor-version":[{"id":3283,"href":"https:\/\/optimalbiolabs.com\/es\/wp-json\/wp\/v2\/pages\/2837\/revisions\/3283"}],"wp:attachment":[{"href":"https:\/\/optimalbiolabs.com\/es\/wp-json\/wp\/v2\/media?parent=2837"}],"curies":[{"name":"wp","href":"https:\/\/api.w.org\/{rel}","templated":true}]}}